{"id":71192,"date":"2026-03-27T11:03:13","date_gmt":"2026-03-27T11:03:13","guid":{"rendered":"https:\/\/bewehrungen.ch\/?post_type=product&#038;p=71192"},"modified":"2026-03-27T11:03:13","modified_gmt":"2026-03-27T11:03:13","slug":"raccordi-termoisolanti-per-solette-a-sbalzo-acinoxplus","status":"publish","type":"product","link":"https:\/\/bewehrungen.ch\/it\/product\/raccordi-termoisolanti-per-solette-a-sbalzo-acinoxplus\/","title":{"rendered":"Raccordi termoisolanti per solette a sbalzo ACINOXplus\u00ae"},"featured_media":60783,"menu_order":10,"template":"","product_category":[5886],"class_list":["post-71192","product","type-product","status-publish","has-post-thumbnail","","product_category-tecnica-darmatura"],"acf":[],"yoast_head":"<!-- This site is optimized with the Yoast SEO plugin v27.3 - https:\/\/yoast.com\/product\/yoast-seo-wordpress\/ -->\n<title>Raccordi termoisolanti per solette a sbalzo ACINOXplus\u00ae - Bewehrungen<\/title>\n<meta name=\"robots\" content=\"index, follow, max-snippet:-1, max-image-preview:large, max-video-preview:-1\" \/>\n<link rel=\"canonical\" href=\"https:\/\/bewehrungen.ch\/it\/product\/raccordi-termoisolanti-per-solette-a-sbalzo-acinoxplus\/\" \/>\n<meta property=\"og:locale\" content=\"it_IT\" \/>\n<meta property=\"og:type\" content=\"article\" \/>\n<meta property=\"og:title\" content=\"Raccordi termoisolanti per solette a sbalzo ACINOXplus\u00ae - Bewehrungen\" \/>\n<meta property=\"og:url\" content=\"https:\/\/bewehrungen.ch\/it\/product\/raccordi-termoisolanti-per-solette-a-sbalzo-acinoxplus\/\" \/>\n<meta property=\"og:site_name\" content=\"Bewehrungen\" \/>\n<meta property=\"og:image\" content=\"https:\/\/bewehrungen.ch\/wp-content\/uploads\/2025\/08\/ACINOXplus-1.jpg\" \/>\n\t<meta property=\"og:image:width\" content=\"1920\" \/>\n\t<meta property=\"og:image:height\" content=\"1304\" \/>\n\t<meta property=\"og:image:type\" content=\"image\/jpeg\" \/>\n<meta name=\"twitter:card\" content=\"summary_large_image\" \/>\n<script type=\"application\/ld+json\" class=\"yoast-schema-graph\">{\"@context\":\"https:\\\/\\\/schema.org\",\"@graph\":[{\"@type\":\"WebPage\",\"@id\":\"https:\\\/\\\/bewehrungen.ch\\\/it\\\/product\\\/raccordi-termoisolanti-per-solette-a-sbalzo-acinoxplus\\\/\",\"url\":\"https:\\\/\\\/bewehrungen.ch\\\/it\\\/product\\\/raccordi-termoisolanti-per-solette-a-sbalzo-acinoxplus\\\/\",\"name\":\"Raccordi termoisolanti per solette a sbalzo ACINOXplus\u00ae - Bewehrungen\",\"isPartOf\":{\"@id\":\"https:\\\/\\\/bewehrungen.ch\\\/it\\\/#website\"},\"primaryImageOfPage\":{\"@id\":\"https:\\\/\\\/bewehrungen.ch\\\/it\\\/product\\\/raccordi-termoisolanti-per-solette-a-sbalzo-acinoxplus\\\/#primaryimage\"},\"image\":{\"@id\":\"https:\\\/\\\/bewehrungen.ch\\\/it\\\/product\\\/raccordi-termoisolanti-per-solette-a-sbalzo-acinoxplus\\\/#primaryimage\"},\"thumbnailUrl\":\"https:\\\/\\\/bewehrungen.ch\\\/wp-content\\\/uploads\\\/2025\\\/08\\\/ACINOXplus-1.jpg\",\"datePublished\":\"2026-03-27T11:03:13+00:00\",\"breadcrumb\":{\"@id\":\"https:\\\/\\\/bewehrungen.ch\\\/it\\\/product\\\/raccordi-termoisolanti-per-solette-a-sbalzo-acinoxplus\\\/#breadcrumb\"},\"inLanguage\":\"it-IT\",\"potentialAction\":[{\"@type\":\"ReadAction\",\"target\":[\"https:\\\/\\\/bewehrungen.ch\\\/it\\\/product\\\/raccordi-termoisolanti-per-solette-a-sbalzo-acinoxplus\\\/\"]}]},{\"@type\":\"ImageObject\",\"inLanguage\":\"it-IT\",\"@id\":\"https:\\\/\\\/bewehrungen.ch\\\/it\\\/product\\\/raccordi-termoisolanti-per-solette-a-sbalzo-acinoxplus\\\/#primaryimage\",\"url\":\"https:\\\/\\\/bewehrungen.ch\\\/wp-content\\\/uploads\\\/2025\\\/08\\\/ACINOXplus-1.jpg\",\"contentUrl\":\"https:\\\/\\\/bewehrungen.ch\\\/wp-content\\\/uploads\\\/2025\\\/08\\\/ACINOXplus-1.jpg\",\"width\":1920,\"height\":1304},{\"@type\":\"BreadcrumbList\",\"@id\":\"https:\\\/\\\/bewehrungen.ch\\\/it\\\/product\\\/raccordi-termoisolanti-per-solette-a-sbalzo-acinoxplus\\\/#breadcrumb\",\"itemListElement\":[{\"@type\":\"ListItem\",\"position\":1,\"name\":\"Home\",\"item\":\"https:\\\/\\\/bewehrungen.ch\\\/it\\\/\"},{\"@type\":\"ListItem\",\"position\":2,\"name\":\"Products\",\"item\":\"https:\\\/\\\/bewehrungen.ch\\\/it\\\/products\\\/\"},{\"@type\":\"ListItem\",\"position\":3,\"name\":\"Raccordi termoisolanti per solette a sbalzo ACINOXplus\u00ae\"}]},{\"@type\":\"WebSite\",\"@id\":\"https:\\\/\\\/bewehrungen.ch\\\/it\\\/#website\",\"url\":\"https:\\\/\\\/bewehrungen.ch\\\/it\\\/\",\"name\":\"Bewehrungen\",\"description\":\"Just another WordPress site\",\"publisher\":{\"@id\":\"https:\\\/\\\/bewehrungen.ch\\\/it\\\/#organization\"},\"potentialAction\":[{\"@type\":\"SearchAction\",\"target\":{\"@type\":\"EntryPoint\",\"urlTemplate\":\"https:\\\/\\\/bewehrungen.ch\\\/it\\\/?s={search_term_string}\"},\"query-input\":{\"@type\":\"PropertyValueSpecification\",\"valueRequired\":true,\"valueName\":\"search_term_string\"}}],\"inLanguage\":\"it-IT\"},{\"@type\":\"Organization\",\"@id\":\"https:\\\/\\\/bewehrungen.ch\\\/it\\\/#organization\",\"name\":\"Bewehrungen\",\"url\":\"https:\\\/\\\/bewehrungen.ch\\\/it\\\/\",\"logo\":{\"@type\":\"ImageObject\",\"inLanguage\":\"it-IT\",\"@id\":\"https:\\\/\\\/bewehrungen.ch\\\/it\\\/#\\\/schema\\\/logo\\\/image\\\/\",\"url\":\"https:\\\/\\\/bewehrungen.ch\\\/wp-content\\\/uploads\\\/2025\\\/12\\\/DE_DebrunnerBewetec_RGB.png\",\"contentUrl\":\"https:\\\/\\\/bewehrungen.ch\\\/wp-content\\\/uploads\\\/2025\\\/12\\\/DE_DebrunnerBewetec_RGB.png\",\"width\":2389,\"height\":542,\"caption\":\"Bewehrungen\"},\"image\":{\"@id\":\"https:\\\/\\\/bewehrungen.ch\\\/it\\\/#\\\/schema\\\/logo\\\/image\\\/\"}}]}<\/script>\n<!-- \/ Yoast SEO plugin. -->","yoast_head_json":{"title":"Raccordi termoisolanti per solette a sbalzo ACINOXplus\u00ae - Bewehrungen","robots":{"index":"index","follow":"follow","max-snippet":"max-snippet:-1","max-image-preview":"max-image-preview:large","max-video-preview":"max-video-preview:-1"},"canonical":"https:\/\/bewehrungen.ch\/it\/product\/raccordi-termoisolanti-per-solette-a-sbalzo-acinoxplus\/","og_locale":"it_IT","og_type":"article","og_title":"Raccordi termoisolanti per solette a sbalzo ACINOXplus\u00ae - Bewehrungen","og_url":"https:\/\/bewehrungen.ch\/it\/product\/raccordi-termoisolanti-per-solette-a-sbalzo-acinoxplus\/","og_site_name":"Bewehrungen","og_image":[{"width":1920,"height":1304,"url":"https:\/\/bewehrungen.ch\/wp-content\/uploads\/2025\/08\/ACINOXplus-1.jpg","type":"image\/jpeg"}],"twitter_card":"summary_large_image","schema":{"@context":"https:\/\/schema.org","@graph":[{"@type":"WebPage","@id":"https:\/\/bewehrungen.ch\/it\/product\/raccordi-termoisolanti-per-solette-a-sbalzo-acinoxplus\/","url":"https:\/\/bewehrungen.ch\/it\/product\/raccordi-termoisolanti-per-solette-a-sbalzo-acinoxplus\/","name":"Raccordi termoisolanti per solette a sbalzo ACINOXplus\u00ae - Bewehrungen","isPartOf":{"@id":"https:\/\/bewehrungen.ch\/it\/#website"},"primaryImageOfPage":{"@id":"https:\/\/bewehrungen.ch\/it\/product\/raccordi-termoisolanti-per-solette-a-sbalzo-acinoxplus\/#primaryimage"},"image":{"@id":"https:\/\/bewehrungen.ch\/it\/product\/raccordi-termoisolanti-per-solette-a-sbalzo-acinoxplus\/#primaryimage"},"thumbnailUrl":"https:\/\/bewehrungen.ch\/wp-content\/uploads\/2025\/08\/ACINOXplus-1.jpg","datePublished":"2026-03-27T11:03:13+00:00","breadcrumb":{"@id":"https:\/\/bewehrungen.ch\/it\/product\/raccordi-termoisolanti-per-solette-a-sbalzo-acinoxplus\/#breadcrumb"},"inLanguage":"it-IT","potentialAction":[{"@type":"ReadAction","target":["https:\/\/bewehrungen.ch\/it\/product\/raccordi-termoisolanti-per-solette-a-sbalzo-acinoxplus\/"]}]},{"@type":"ImageObject","inLanguage":"it-IT","@id":"https:\/\/bewehrungen.ch\/it\/product\/raccordi-termoisolanti-per-solette-a-sbalzo-acinoxplus\/#primaryimage","url":"https:\/\/bewehrungen.ch\/wp-content\/uploads\/2025\/08\/ACINOXplus-1.jpg","contentUrl":"https:\/\/bewehrungen.ch\/wp-content\/uploads\/2025\/08\/ACINOXplus-1.jpg","width":1920,"height":1304},{"@type":"BreadcrumbList","@id":"https:\/\/bewehrungen.ch\/it\/product\/raccordi-termoisolanti-per-solette-a-sbalzo-acinoxplus\/#breadcrumb","itemListElement":[{"@type":"ListItem","position":1,"name":"Home","item":"https:\/\/bewehrungen.ch\/it\/"},{"@type":"ListItem","position":2,"name":"Products","item":"https:\/\/bewehrungen.ch\/it\/products\/"},{"@type":"ListItem","position":3,"name":"Raccordi termoisolanti per solette a sbalzo ACINOXplus\u00ae"}]},{"@type":"WebSite","@id":"https:\/\/bewehrungen.ch\/it\/#website","url":"https:\/\/bewehrungen.ch\/it\/","name":"Bewehrungen","description":"Just another WordPress site","publisher":{"@id":"https:\/\/bewehrungen.ch\/it\/#organization"},"potentialAction":[{"@type":"SearchAction","target":{"@type":"EntryPoint","urlTemplate":"https:\/\/bewehrungen.ch\/it\/?s={search_term_string}"},"query-input":{"@type":"PropertyValueSpecification","valueRequired":true,"valueName":"search_term_string"}}],"inLanguage":"it-IT"},{"@type":"Organization","@id":"https:\/\/bewehrungen.ch\/it\/#organization","name":"Bewehrungen","url":"https:\/\/bewehrungen.ch\/it\/","logo":{"@type":"ImageObject","inLanguage":"it-IT","@id":"https:\/\/bewehrungen.ch\/it\/#\/schema\/logo\/image\/","url":"https:\/\/bewehrungen.ch\/wp-content\/uploads\/2025\/12\/DE_DebrunnerBewetec_RGB.png","contentUrl":"https:\/\/bewehrungen.ch\/wp-content\/uploads\/2025\/12\/DE_DebrunnerBewetec_RGB.png","width":2389,"height":542,"caption":"Bewehrungen"},"image":{"@id":"https:\/\/bewehrungen.ch\/it\/#\/schema\/logo\/image\/"}}]}},"deac_custom_fields":{"page_color_variation":"default","description":[{"title":"Produzione e progettazione certificate ISO in Svizzera","text":"<p>Massima qualit\u00e0 e tempi di consegna brevi grazie alla nostra produzione in Svizzera. Anche realizzazioni speciali sono disponibili in tempi brevi. Il nostro team di ingegneri vi supporta con un servizio di dimensionamento gratuito e una consulenza competente.<\/p>\n"},{"title":"Elevata resistenza alla corrosione","text":"<p>Tutta la struttura \u00e8 in acciaio inossidabile del tipo duplex, e questo garantisce una elevata durata. La resistenza alla corrosione viene controllata regolarmente tramite monitoraggi interni ed esterni.<\/p>\n"},{"title":"Massima rigidit\u00e0","text":"<p>Il sistema brevettato con piastre di taglio ancorate nel calcestruzzo, offre una delle pi\u00f9 elevate rigidit\u00e0 alla flessione disponibili sul mercato. ACINOXplus riduce notevolmente le vibrazioni, in particolare nei grandi balconi a sbalzo. Ci\u00f2 \u00e8 stato dimostrato da prove direttamente eseguite sul campo.<\/p>\n"},{"title":"Massima sicurezza in caso di incendio","text":"<p>Resistenza al fuoco REI 120 confermata da prove antincendio standard e registrazione VKF per tutta la gamma standard con lana di roccia dura.<\/p>\n"},{"title":"Geometria variabile","text":"<p>ACINOXplus \u00e8 sinonimo di massima flessibilit\u00e0 nella progettazione. La libera scelta della lunghezza degli elementi, i diversi spessori e materiali isolanti, nonch\u00e9 il raddoppio gratuito dell&#8217;altezza dell&#8217;isolazione, consentono soluzioni su misura per il cantiere.<\/p>\n"},{"title":"Istruzioni di montaggio ACINOXplus tipo UX+","text":"<p><strong><a href=\"https:\/\/www.youtube.com\/watch?v=qOxjrxIFPtA\" target=\"_blank\" rel=\"noopener\">> ACINOXplus UX+<\/a><\/strong><\/p>\n"},{"title":"Ampio assortimento standard e realizzazioni speciali","text":"<div class=\"js-collapse__target hidden md:block\">\n<div class=\"border-l md:border-0 border-primary pl-4 md:pl-0 mt-4 \">\n<ul>\n<li>Raccordi per balconi<\/li>\n<li>Elementi per la differenza di quota<\/li>\n<li>Raccordi per pareti<\/li>\n<li>Raccordi per pilastri<\/li>\n<li>Raccordi per mensole<\/li>\n<li>Raccordi avvitabili<\/li>\n<li>Raccordo a strutture esistenti<\/li>\n<li>Raccordi per costruzioni di carpenteria metallica<\/li>\n<\/ul>\n<\/div>\n<\/div>\n"},{"title":"Assortimento ampliato per applicazioni speciali","text":"<p><strong><a href=\"https:\/\/bewehrungstechnik.ch\/acinoxplus-spezial-anwendungen\/\">> ACINOXplus\u00ae Applicazioni speciali<\/a><\/strong><\/p>\n"}],"product":{"brand":"ACINOXplus\u00ae","name":"Raccordi termoisolanti per solette a sbalzo"},"highlight_box":{"title":"Costruire senza ponti termici","subtitle":"La soluzione ideale per ogni situazione di collegamento. ACINOXplus: massima sicurezza e durata, non solo per i balconi.","text":"<ul>\n<li>Produzione e progettazione certificate ISO in Svizzera<\/li>\n<li>Elevata resistenza alla corrosione<\/li>\n<li>Sistema di piastre a taglio per la massima rigidit\u00e0<\/li>\n<li>Resistenza al fuoco REI 120<\/li>\n<li>Geometria variabile degli elementi e realizzazioni speciali<\/li>\n<\/ul>\n","media_type":"video","image":false,"video_list":[{"video_poster":71193,"youtube_link":"https:\/\/www.youtube.com\/watch?v=c-90wkY6vSU","_video_poster_meta":["https:\/\/bewehrungen.ch\/wp-content\/uploads\/2025\/10\/ACINOXplus-7.jpg",1920,1304,false]},{"video_poster":71194,"youtube_link":"https:\/\/www.youtube.com\/watch?v=nOyABnBNA6g","_video_poster_meta":["https:\/\/bewehrungen.ch\/wp-content\/uploads\/2025\/10\/KKV-1-7.png",1280,720,false]},{"video_poster":71195,"youtube_link":"https:\/\/www.youtube.com\/watch?v=UXmLeu4Z5Ws","_video_poster_meta":["https:\/\/bewehrungen.ch\/wp-content\/uploads\/2025\/10\/QQV-1-7.png",1280,720,false]},{"video_poster":71196,"youtube_link":"https:\/\/www.youtube.com\/watch?v=qOxjrxIFPtA","_video_poster_meta":["https:\/\/bewehrungen.ch\/wp-content\/uploads\/2025\/10\/UX-7.png",1280,720,false]}]},"downloads":[66556,66509,66464,66547,66456,66441,66499,66519,66517,66518,66514,66447,66414]},"deac_featured_media":{"medium":"<img width=\"300\" height=\"204\" src=\"https:\/\/bewehrungen.ch\/wp-content\/uploads\/2025\/08\/ACINOXplus-1-300x204.jpg\" class=\"%s\" alt=\"\" decoding=\"async\" loading=\"lazy\" srcset=\"https:\/\/bewehrungen.ch\/wp-content\/uploads\/2025\/08\/ACINOXplus-1-300x204.jpg 300w, https:\/\/bewehrungen.ch\/wp-content\/uploads\/2025\/08\/ACINOXplus-1-1024x695.jpg 1024w, https:\/\/bewehrungen.ch\/wp-content\/uploads\/2025\/08\/ACINOXplus-1-768x522.jpg 768w, https:\/\/bewehrungen.ch\/wp-content\/uploads\/2025\/08\/ACINOXplus-1-1536x1043.jpg 1536w, https:\/\/bewehrungen.ch\/wp-content\/uploads\/2025\/08\/ACINOXplus-1-436x296.jpg 436w, https:\/\/bewehrungen.ch\/wp-content\/uploads\/2025\/08\/ACINOXplus-1-550x374.jpg 550w, https:\/\/bewehrungen.ch\/wp-content\/uploads\/2025\/08\/ACINOXplus-1.jpg 1920w\" sizes=\"auto, (max-width: 300px) 100vw, 300px\" \/>","medium_large":"<img width=\"768\" height=\"522\" src=\"https:\/\/bewehrungen.ch\/wp-content\/uploads\/2025\/08\/ACINOXplus-1-768x522.jpg\" class=\"%s\" alt=\"\" decoding=\"async\" loading=\"lazy\" srcset=\"https:\/\/bewehrungen.ch\/wp-content\/uploads\/2025\/08\/ACINOXplus-1-768x522.jpg 768w, https:\/\/bewehrungen.ch\/wp-content\/uploads\/2025\/08\/ACINOXplus-1-300x204.jpg 300w, https:\/\/bewehrungen.ch\/wp-content\/uploads\/2025\/08\/ACINOXplus-1-1024x695.jpg 1024w, https:\/\/bewehrungen.ch\/wp-content\/uploads\/2025\/08\/ACINOXplus-1-1536x1043.jpg 1536w, https:\/\/bewehrungen.ch\/wp-content\/uploads\/2025\/08\/ACINOXplus-1-436x296.jpg 436w, https:\/\/bewehrungen.ch\/wp-content\/uploads\/2025\/08\/ACINOXplus-1-550x374.jpg 550w, https:\/\/bewehrungen.ch\/wp-content\/uploads\/2025\/08\/ACINOXplus-1.jpg 1920w\" sizes=\"auto, (max-width: 768px) 100vw, 768px\" \/>","large":"<img width=\"1024\" height=\"695\" src=\"https:\/\/bewehrungen.ch\/wp-content\/uploads\/2025\/08\/ACINOXplus-1-1024x695.jpg\" class=\"%s\" alt=\"\" decoding=\"async\" loading=\"lazy\" srcset=\"https:\/\/bewehrungen.ch\/wp-content\/uploads\/2025\/08\/ACINOXplus-1-1024x695.jpg 1024w, https:\/\/bewehrungen.ch\/wp-content\/uploads\/2025\/08\/ACINOXplus-1-300x204.jpg 300w, https:\/\/bewehrungen.ch\/wp-content\/uploads\/2025\/08\/ACINOXplus-1-768x522.jpg 768w, https:\/\/bewehrungen.ch\/wp-content\/uploads\/2025\/08\/ACINOXplus-1-1536x1043.jpg 1536w, https:\/\/bewehrungen.ch\/wp-content\/uploads\/2025\/08\/ACINOXplus-1-436x296.jpg 436w, https:\/\/bewehrungen.ch\/wp-content\/uploads\/2025\/08\/ACINOXplus-1-550x374.jpg 550w, https:\/\/bewehrungen.ch\/wp-content\/uploads\/2025\/08\/ACINOXplus-1.jpg 1920w\" sizes=\"auto, (max-width: 1024px) 100vw, 1024px\" \/>","full":"<img width=\"1920\" height=\"1304\" src=\"https:\/\/bewehrungen.ch\/wp-content\/uploads\/2025\/08\/ACINOXplus-1.jpg\" class=\"%s\" alt=\"\" decoding=\"async\" loading=\"lazy\" srcset=\"https:\/\/bewehrungen.ch\/wp-content\/uploads\/2025\/08\/ACINOXplus-1.jpg 1920w, https:\/\/bewehrungen.ch\/wp-content\/uploads\/2025\/08\/ACINOXplus-1-300x204.jpg 300w, https:\/\/bewehrungen.ch\/wp-content\/uploads\/2025\/08\/ACINOXplus-1-1024x695.jpg 1024w, https:\/\/bewehrungen.ch\/wp-content\/uploads\/2025\/08\/ACINOXplus-1-768x522.jpg 768w, https:\/\/bewehrungen.ch\/wp-content\/uploads\/2025\/08\/ACINOXplus-1-1536x1043.jpg 1536w, https:\/\/bewehrungen.ch\/wp-content\/uploads\/2025\/08\/ACINOXplus-1-436x296.jpg 436w, https:\/\/bewehrungen.ch\/wp-content\/uploads\/2025\/08\/ACINOXplus-1-550x374.jpg 550w\" sizes=\"auto, (max-width: 1920px) 100vw, 1920px\" \/>"},"_links":{"self":[{"href":"https:\/\/bewehrungen.ch\/it\/wp-json\/wp\/v2\/product\/71192","targetHints":{"allow":["GET"]}}],"collection":[{"href":"https:\/\/bewehrungen.ch\/it\/wp-json\/wp\/v2\/product"}],"about":[{"href":"https:\/\/bewehrungen.ch\/it\/wp-json\/wp\/v2\/types\/product"}],"wp:featuredmedia":[{"embeddable":true,"href":"https:\/\/bewehrungen.ch\/it\/wp-json\/wp\/v2\/media\/60783"}],"wp:attachment":[{"href":"https:\/\/bewehrungen.ch\/it\/wp-json\/wp\/v2\/media?parent=71192"}],"wp:term":[{"taxonomy":"product_category","embeddable":true,"href":"https:\/\/bewehrungen.ch\/it\/wp-json\/wp\/v2\/product_category?post=71192"}],"curies":[{"name":"wp","href":"https:\/\/api.w.org\/{rel}","templated":true}]}}