{"id":71181,"date":"2026-03-27T10:47:34","date_gmt":"2026-03-27T10:47:34","guid":{"rendered":"https:\/\/bewehrungen.ch\/?post_type=product&#038;p=71181"},"modified":"2026-03-27T10:47:34","modified_gmt":"2026-03-27T10:47:34","slug":"acciaio-per-cemento-armato-ad-alta-resistenza-top700","status":"publish","type":"product","link":"https:\/\/bewehrungen.ch\/it\/product\/acciaio-per-cemento-armato-ad-alta-resistenza-top700\/","title":{"rendered":"Acciaio per cemento armato ad alta resistenza Top700"},"featured_media":65311,"menu_order":100,"template":"","product_category":[5884],"class_list":["post-71181","product","type-product","status-publish","has-post-thumbnail","","product_category-acciai-per-cemento-armato"],"acf":[],"yoast_head":"<!-- This site is optimized with the Yoast SEO plugin v27.3 - https:\/\/yoast.com\/product\/yoast-seo-wordpress\/ -->\n<title>Acciaio per cemento armato ad alta resistenza Top700 - Bewehrungen<\/title>\n<meta name=\"robots\" content=\"index, follow, max-snippet:-1, max-image-preview:large, max-video-preview:-1\" \/>\n<link rel=\"canonical\" href=\"https:\/\/bewehrungen.ch\/it\/product\/acciaio-per-cemento-armato-ad-alta-resistenza-top700\/\" \/>\n<meta property=\"og:locale\" content=\"it_IT\" \/>\n<meta property=\"og:type\" content=\"article\" \/>\n<meta property=\"og:title\" content=\"Acciaio per cemento armato ad alta resistenza Top700 - Bewehrungen\" \/>\n<meta property=\"og:url\" content=\"https:\/\/bewehrungen.ch\/it\/product\/acciaio-per-cemento-armato-ad-alta-resistenza-top700\/\" \/>\n<meta property=\"og:site_name\" content=\"Bewehrungen\" \/>\n<meta property=\"og:image\" content=\"https:\/\/bewehrungen.ch\/wp-content\/uploads\/2021\/05\/Top700-Foto-Stab-1.jpg\" \/>\n\t<meta property=\"og:image:width\" content=\"988\" \/>\n\t<meta property=\"og:image:height\" content=\"805\" \/>\n\t<meta property=\"og:image:type\" content=\"image\/jpeg\" \/>\n<meta name=\"twitter:card\" content=\"summary_large_image\" \/>\n<script type=\"application\/ld+json\" class=\"yoast-schema-graph\">{\"@context\":\"https:\\\/\\\/schema.org\",\"@graph\":[{\"@type\":\"WebPage\",\"@id\":\"https:\\\/\\\/bewehrungen.ch\\\/it\\\/product\\\/acciaio-per-cemento-armato-ad-alta-resistenza-top700\\\/\",\"url\":\"https:\\\/\\\/bewehrungen.ch\\\/it\\\/product\\\/acciaio-per-cemento-armato-ad-alta-resistenza-top700\\\/\",\"name\":\"Acciaio per cemento armato ad alta resistenza Top700 - Bewehrungen\",\"isPartOf\":{\"@id\":\"https:\\\/\\\/bewehrungen.ch\\\/it\\\/#website\"},\"primaryImageOfPage\":{\"@id\":\"https:\\\/\\\/bewehrungen.ch\\\/it\\\/product\\\/acciaio-per-cemento-armato-ad-alta-resistenza-top700\\\/#primaryimage\"},\"image\":{\"@id\":\"https:\\\/\\\/bewehrungen.ch\\\/it\\\/product\\\/acciaio-per-cemento-armato-ad-alta-resistenza-top700\\\/#primaryimage\"},\"thumbnailUrl\":\"https:\\\/\\\/bewehrungen.ch\\\/wp-content\\\/uploads\\\/2021\\\/05\\\/Top700-Foto-Stab-1.jpg\",\"datePublished\":\"2026-03-27T10:47:34+00:00\",\"breadcrumb\":{\"@id\":\"https:\\\/\\\/bewehrungen.ch\\\/it\\\/product\\\/acciaio-per-cemento-armato-ad-alta-resistenza-top700\\\/#breadcrumb\"},\"inLanguage\":\"it-IT\",\"potentialAction\":[{\"@type\":\"ReadAction\",\"target\":[\"https:\\\/\\\/bewehrungen.ch\\\/it\\\/product\\\/acciaio-per-cemento-armato-ad-alta-resistenza-top700\\\/\"]}]},{\"@type\":\"ImageObject\",\"inLanguage\":\"it-IT\",\"@id\":\"https:\\\/\\\/bewehrungen.ch\\\/it\\\/product\\\/acciaio-per-cemento-armato-ad-alta-resistenza-top700\\\/#primaryimage\",\"url\":\"https:\\\/\\\/bewehrungen.ch\\\/wp-content\\\/uploads\\\/2021\\\/05\\\/Top700-Foto-Stab-1.jpg\",\"contentUrl\":\"https:\\\/\\\/bewehrungen.ch\\\/wp-content\\\/uploads\\\/2021\\\/05\\\/Top700-Foto-Stab-1.jpg\",\"width\":988,\"height\":805},{\"@type\":\"BreadcrumbList\",\"@id\":\"https:\\\/\\\/bewehrungen.ch\\\/it\\\/product\\\/acciaio-per-cemento-armato-ad-alta-resistenza-top700\\\/#breadcrumb\",\"itemListElement\":[{\"@type\":\"ListItem\",\"position\":1,\"name\":\"Home\",\"item\":\"https:\\\/\\\/bewehrungen.ch\\\/it\\\/\"},{\"@type\":\"ListItem\",\"position\":2,\"name\":\"Products\",\"item\":\"https:\\\/\\\/bewehrungen.ch\\\/it\\\/products\\\/\"},{\"@type\":\"ListItem\",\"position\":3,\"name\":\"Acciaio per cemento armato ad alta resistenza Top700\"}]},{\"@type\":\"WebSite\",\"@id\":\"https:\\\/\\\/bewehrungen.ch\\\/it\\\/#website\",\"url\":\"https:\\\/\\\/bewehrungen.ch\\\/it\\\/\",\"name\":\"Bewehrungen\",\"description\":\"Just another WordPress site\",\"publisher\":{\"@id\":\"https:\\\/\\\/bewehrungen.ch\\\/it\\\/#organization\"},\"potentialAction\":[{\"@type\":\"SearchAction\",\"target\":{\"@type\":\"EntryPoint\",\"urlTemplate\":\"https:\\\/\\\/bewehrungen.ch\\\/it\\\/?s={search_term_string}\"},\"query-input\":{\"@type\":\"PropertyValueSpecification\",\"valueRequired\":true,\"valueName\":\"search_term_string\"}}],\"inLanguage\":\"it-IT\"},{\"@type\":\"Organization\",\"@id\":\"https:\\\/\\\/bewehrungen.ch\\\/it\\\/#organization\",\"name\":\"Bewehrungen\",\"url\":\"https:\\\/\\\/bewehrungen.ch\\\/it\\\/\",\"logo\":{\"@type\":\"ImageObject\",\"inLanguage\":\"it-IT\",\"@id\":\"https:\\\/\\\/bewehrungen.ch\\\/it\\\/#\\\/schema\\\/logo\\\/image\\\/\",\"url\":\"https:\\\/\\\/bewehrungen.ch\\\/wp-content\\\/uploads\\\/2025\\\/12\\\/DE_DebrunnerBewetec_RGB.png\",\"contentUrl\":\"https:\\\/\\\/bewehrungen.ch\\\/wp-content\\\/uploads\\\/2025\\\/12\\\/DE_DebrunnerBewetec_RGB.png\",\"width\":2389,\"height\":542,\"caption\":\"Bewehrungen\"},\"image\":{\"@id\":\"https:\\\/\\\/bewehrungen.ch\\\/it\\\/#\\\/schema\\\/logo\\\/image\\\/\"}}]}<\/script>\n<!-- \/ Yoast SEO plugin. -->","yoast_head_json":{"title":"Acciaio per cemento armato ad alta resistenza Top700 - Bewehrungen","robots":{"index":"index","follow":"follow","max-snippet":"max-snippet:-1","max-image-preview":"max-image-preview:large","max-video-preview":"max-video-preview:-1"},"canonical":"https:\/\/bewehrungen.ch\/it\/product\/acciaio-per-cemento-armato-ad-alta-resistenza-top700\/","og_locale":"it_IT","og_type":"article","og_title":"Acciaio per cemento armato ad alta resistenza Top700 - Bewehrungen","og_url":"https:\/\/bewehrungen.ch\/it\/product\/acciaio-per-cemento-armato-ad-alta-resistenza-top700\/","og_site_name":"Bewehrungen","og_image":[{"width":988,"height":805,"url":"https:\/\/bewehrungen.ch\/wp-content\/uploads\/2021\/05\/Top700-Foto-Stab-1.jpg","type":"image\/jpeg"}],"twitter_card":"summary_large_image","schema":{"@context":"https:\/\/schema.org","@graph":[{"@type":"WebPage","@id":"https:\/\/bewehrungen.ch\/it\/product\/acciaio-per-cemento-armato-ad-alta-resistenza-top700\/","url":"https:\/\/bewehrungen.ch\/it\/product\/acciaio-per-cemento-armato-ad-alta-resistenza-top700\/","name":"Acciaio per cemento armato ad alta resistenza Top700 - Bewehrungen","isPartOf":{"@id":"https:\/\/bewehrungen.ch\/it\/#website"},"primaryImageOfPage":{"@id":"https:\/\/bewehrungen.ch\/it\/product\/acciaio-per-cemento-armato-ad-alta-resistenza-top700\/#primaryimage"},"image":{"@id":"https:\/\/bewehrungen.ch\/it\/product\/acciaio-per-cemento-armato-ad-alta-resistenza-top700\/#primaryimage"},"thumbnailUrl":"https:\/\/bewehrungen.ch\/wp-content\/uploads\/2021\/05\/Top700-Foto-Stab-1.jpg","datePublished":"2026-03-27T10:47:34+00:00","breadcrumb":{"@id":"https:\/\/bewehrungen.ch\/it\/product\/acciaio-per-cemento-armato-ad-alta-resistenza-top700\/#breadcrumb"},"inLanguage":"it-IT","potentialAction":[{"@type":"ReadAction","target":["https:\/\/bewehrungen.ch\/it\/product\/acciaio-per-cemento-armato-ad-alta-resistenza-top700\/"]}]},{"@type":"ImageObject","inLanguage":"it-IT","@id":"https:\/\/bewehrungen.ch\/it\/product\/acciaio-per-cemento-armato-ad-alta-resistenza-top700\/#primaryimage","url":"https:\/\/bewehrungen.ch\/wp-content\/uploads\/2021\/05\/Top700-Foto-Stab-1.jpg","contentUrl":"https:\/\/bewehrungen.ch\/wp-content\/uploads\/2021\/05\/Top700-Foto-Stab-1.jpg","width":988,"height":805},{"@type":"BreadcrumbList","@id":"https:\/\/bewehrungen.ch\/it\/product\/acciaio-per-cemento-armato-ad-alta-resistenza-top700\/#breadcrumb","itemListElement":[{"@type":"ListItem","position":1,"name":"Home","item":"https:\/\/bewehrungen.ch\/it\/"},{"@type":"ListItem","position":2,"name":"Products","item":"https:\/\/bewehrungen.ch\/it\/products\/"},{"@type":"ListItem","position":3,"name":"Acciaio per cemento armato ad alta resistenza Top700"}]},{"@type":"WebSite","@id":"https:\/\/bewehrungen.ch\/it\/#website","url":"https:\/\/bewehrungen.ch\/it\/","name":"Bewehrungen","description":"Just another WordPress site","publisher":{"@id":"https:\/\/bewehrungen.ch\/it\/#organization"},"potentialAction":[{"@type":"SearchAction","target":{"@type":"EntryPoint","urlTemplate":"https:\/\/bewehrungen.ch\/it\/?s={search_term_string}"},"query-input":{"@type":"PropertyValueSpecification","valueRequired":true,"valueName":"search_term_string"}}],"inLanguage":"it-IT"},{"@type":"Organization","@id":"https:\/\/bewehrungen.ch\/it\/#organization","name":"Bewehrungen","url":"https:\/\/bewehrungen.ch\/it\/","logo":{"@type":"ImageObject","inLanguage":"it-IT","@id":"https:\/\/bewehrungen.ch\/it\/#\/schema\/logo\/image\/","url":"https:\/\/bewehrungen.ch\/wp-content\/uploads\/2025\/12\/DE_DebrunnerBewetec_RGB.png","contentUrl":"https:\/\/bewehrungen.ch\/wp-content\/uploads\/2025\/12\/DE_DebrunnerBewetec_RGB.png","width":2389,"height":542,"caption":"Bewehrungen"},"image":{"@id":"https:\/\/bewehrungen.ch\/it\/#\/schema\/logo\/image\/"}}]}},"deac_custom_fields":{"page_color_variation":"default","description":[{"title":"Elementi strutturali con armatura non pre-tesa e alto contenuto di acciaio","text":"<p>Top700 \u00e8 un acciaio per cemento armato ad alta resistenza con un limite di snervamento fsk di almeno 700 N\/mm2. Rispetto all&#8217;acciaio per cemento armato convenzionale B500B, con Top700 \u00e8 possibile ottenere un limite di snervamento superiore del 40% a parit\u00e0 di caratteristiche di duttilit\u00e0. \u00c8 possibile ridurre la sezione trasversale dell&#8217;acciaio necessaria e quindi la quantit\u00e0 di acciaio, i componenti possono essere progettati in modo pi\u00f9 snello e in cantiere \u00e8 pi\u00f9 facile gettare e compattare il calcestruzzo.<\/p>\n"},{"title":"Applicazioni","text":"<div class=\"js-collapse__target hidden md:block\">\n<div class=\"border-l md:border-0 border-primary pl-4 md:pl-0 mt-4 \">\nL&#8217;uso di Top700 \u00e8 consigliato nelle seguenti applicazioni:<\/p>\n<ul>\n<li>Elementi strutturali indeboliti e sottoposti a sollecitazioni elevate con elevato contenuto di armatura (pilastri, travi, tiranti, pali)<\/li>\n<li>Elementi costruttivi in cui il contenuto di armatura deve\/deve essere ridotto<br \/>\nElementi costruttivi estetici e sottili che devono essere sottoposti a sollecitazioni elevate<\/li>\n<li>Come armatura fissa aggiuntiva in caso di precompressione parziale per evitare problemi di spazio. L&#8217;utilizzo di una quantit\u00e0 minore di acciaio, ma con una resistenza maggiore, migliora lo spazio disponibile durante la vibrazione del calcestruzzo.<\/li>\n<\/ul>\n<\/div>\n<\/div>\n"},{"title":"Normativa","text":"<p>Top700 si trova nel registro degli acciai per cemento armato conformi alla norma SIA 262: 2013.<\/p>\n"},{"title":"BARTEC\u00ae TOP","text":"<p>I collegamenti a vite BARTEC\u00ae possono essere forniti anche con l&#8217;acciaio ad alta resistenza Top700. Tutti i collegamenti sono stati testati con successo dall&#8217;EMPA e sono certificati.<\/p>\n"}],"product":{"brand":"Top700","name":"Acciaio per cemento armato ad alta resistenza"},"highlight_box":{"title":"Per esigenze particolari","subtitle":"Maggiore flessibilit\u00e0 grazie alla maggiore resistenza dell'acciaio","text":"<ul>\n<li>Acciaio per cemento armato ad alta resistenza della classe di duttilit\u00e0 B<\/li>\n<li>Limite di snervamento fsk = 700 N\/mm2<\/li>\n<li>Per elementi costruttivi con un elevato contenuto di acciaio<\/li>\n<li>Consente costruzioni pi\u00f9 snelle e quindi pi\u00f9 spazio utile<\/li>\n<li>Riduce la mole di lavoro e i tempi di costruzione in cantiere, in particolare nella prefabbricazione<\/li>\n<\/ul>\n","media_type":"image","image":{"medium":"<img width=\"300\" height=\"244\" src=\"https:\/\/bewehrungen.ch\/wp-content\/uploads\/2021\/05\/Top700-Foto-Stab-1-300x244.jpg\" class=\"%s\" alt=\"\" decoding=\"async\" loading=\"lazy\" srcset=\"https:\/\/bewehrungen.ch\/wp-content\/uploads\/2021\/05\/Top700-Foto-Stab-1-300x244.jpg 300w, https:\/\/bewehrungen.ch\/wp-content\/uploads\/2021\/05\/Top700-Foto-Stab-1-768x626.jpg 768w, https:\/\/bewehrungen.ch\/wp-content\/uploads\/2021\/05\/Top700-Foto-Stab-1-436x355.jpg 436w, https:\/\/bewehrungen.ch\/wp-content\/uploads\/2021\/05\/Top700-Foto-Stab-1-550x448.jpg 550w, https:\/\/bewehrungen.ch\/wp-content\/uploads\/2021\/05\/Top700-Foto-Stab-1.jpg 988w\" sizes=\"auto, (max-width: 300px) 100vw, 300px\" \/>","medium_large":"<img width=\"768\" height=\"626\" src=\"https:\/\/bewehrungen.ch\/wp-content\/uploads\/2021\/05\/Top700-Foto-Stab-1-768x626.jpg\" class=\"%s\" alt=\"\" decoding=\"async\" loading=\"lazy\" srcset=\"https:\/\/bewehrungen.ch\/wp-content\/uploads\/2021\/05\/Top700-Foto-Stab-1-768x626.jpg 768w, https:\/\/bewehrungen.ch\/wp-content\/uploads\/2021\/05\/Top700-Foto-Stab-1-300x244.jpg 300w, https:\/\/bewehrungen.ch\/wp-content\/uploads\/2021\/05\/Top700-Foto-Stab-1-436x355.jpg 436w, https:\/\/bewehrungen.ch\/wp-content\/uploads\/2021\/05\/Top700-Foto-Stab-1-550x448.jpg 550w, https:\/\/bewehrungen.ch\/wp-content\/uploads\/2021\/05\/Top700-Foto-Stab-1.jpg 988w\" sizes=\"auto, (max-width: 768px) 100vw, 768px\" \/>","large":"<img width=\"988\" height=\"805\" src=\"https:\/\/bewehrungen.ch\/wp-content\/uploads\/2021\/05\/Top700-Foto-Stab-1.jpg\" class=\"%s\" alt=\"\" decoding=\"async\" loading=\"lazy\" srcset=\"https:\/\/bewehrungen.ch\/wp-content\/uploads\/2021\/05\/Top700-Foto-Stab-1.jpg 988w, https:\/\/bewehrungen.ch\/wp-content\/uploads\/2021\/05\/Top700-Foto-Stab-1-300x244.jpg 300w, https:\/\/bewehrungen.ch\/wp-content\/uploads\/2021\/05\/Top700-Foto-Stab-1-768x626.jpg 768w, https:\/\/bewehrungen.ch\/wp-content\/uploads\/2021\/05\/Top700-Foto-Stab-1-436x355.jpg 436w, https:\/\/bewehrungen.ch\/wp-content\/uploads\/2021\/05\/Top700-Foto-Stab-1-550x448.jpg 550w\" sizes=\"auto, (max-width: 988px) 100vw, 988px\" \/>","full":"<img width=\"988\" height=\"805\" src=\"https:\/\/bewehrungen.ch\/wp-content\/uploads\/2021\/05\/Top700-Foto-Stab-1.jpg\" class=\"%s\" alt=\"\" decoding=\"async\" loading=\"lazy\" srcset=\"https:\/\/bewehrungen.ch\/wp-content\/uploads\/2021\/05\/Top700-Foto-Stab-1.jpg 988w, https:\/\/bewehrungen.ch\/wp-content\/uploads\/2021\/05\/Top700-Foto-Stab-1-300x244.jpg 300w, https:\/\/bewehrungen.ch\/wp-content\/uploads\/2021\/05\/Top700-Foto-Stab-1-768x626.jpg 768w, https:\/\/bewehrungen.ch\/wp-content\/uploads\/2021\/05\/Top700-Foto-Stab-1-436x355.jpg 436w, https:\/\/bewehrungen.ch\/wp-content\/uploads\/2021\/05\/Top700-Foto-Stab-1-550x448.jpg 550w\" sizes=\"auto, (max-width: 988px) 100vw, 988px\" \/>"},"video_list":false},"downloads":[66559,66539,66526,66501,66560,66484,66500,66442,66479,66477,66465,66535]},"deac_featured_media":{"medium":"<img width=\"300\" height=\"244\" src=\"https:\/\/bewehrungen.ch\/wp-content\/uploads\/2021\/05\/Top700-Foto-Stab-1-300x244.jpg\" class=\"%s\" alt=\"\" decoding=\"async\" loading=\"lazy\" srcset=\"https:\/\/bewehrungen.ch\/wp-content\/uploads\/2021\/05\/Top700-Foto-Stab-1-300x244.jpg 300w, https:\/\/bewehrungen.ch\/wp-content\/uploads\/2021\/05\/Top700-Foto-Stab-1-768x626.jpg 768w, https:\/\/bewehrungen.ch\/wp-content\/uploads\/2021\/05\/Top700-Foto-Stab-1-436x355.jpg 436w, https:\/\/bewehrungen.ch\/wp-content\/uploads\/2021\/05\/Top700-Foto-Stab-1-550x448.jpg 550w, https:\/\/bewehrungen.ch\/wp-content\/uploads\/2021\/05\/Top700-Foto-Stab-1.jpg 988w\" sizes=\"auto, (max-width: 300px) 100vw, 300px\" \/>","medium_large":"<img width=\"768\" height=\"626\" src=\"https:\/\/bewehrungen.ch\/wp-content\/uploads\/2021\/05\/Top700-Foto-Stab-1-768x626.jpg\" class=\"%s\" alt=\"\" decoding=\"async\" loading=\"lazy\" srcset=\"https:\/\/bewehrungen.ch\/wp-content\/uploads\/2021\/05\/Top700-Foto-Stab-1-768x626.jpg 768w, https:\/\/bewehrungen.ch\/wp-content\/uploads\/2021\/05\/Top700-Foto-Stab-1-300x244.jpg 300w, https:\/\/bewehrungen.ch\/wp-content\/uploads\/2021\/05\/Top700-Foto-Stab-1-436x355.jpg 436w, https:\/\/bewehrungen.ch\/wp-content\/uploads\/2021\/05\/Top700-Foto-Stab-1-550x448.jpg 550w, https:\/\/bewehrungen.ch\/wp-content\/uploads\/2021\/05\/Top700-Foto-Stab-1.jpg 988w\" sizes=\"auto, (max-width: 768px) 100vw, 768px\" \/>","large":"<img width=\"988\" height=\"805\" src=\"https:\/\/bewehrungen.ch\/wp-content\/uploads\/2021\/05\/Top700-Foto-Stab-1.jpg\" class=\"%s\" alt=\"\" decoding=\"async\" loading=\"lazy\" srcset=\"https:\/\/bewehrungen.ch\/wp-content\/uploads\/2021\/05\/Top700-Foto-Stab-1.jpg 988w, https:\/\/bewehrungen.ch\/wp-content\/uploads\/2021\/05\/Top700-Foto-Stab-1-300x244.jpg 300w, https:\/\/bewehrungen.ch\/wp-content\/uploads\/2021\/05\/Top700-Foto-Stab-1-768x626.jpg 768w, https:\/\/bewehrungen.ch\/wp-content\/uploads\/2021\/05\/Top700-Foto-Stab-1-436x355.jpg 436w, https:\/\/bewehrungen.ch\/wp-content\/uploads\/2021\/05\/Top700-Foto-Stab-1-550x448.jpg 550w\" sizes=\"auto, (max-width: 988px) 100vw, 988px\" \/>","full":"<img width=\"988\" height=\"805\" src=\"https:\/\/bewehrungen.ch\/wp-content\/uploads\/2021\/05\/Top700-Foto-Stab-1.jpg\" class=\"%s\" alt=\"\" decoding=\"async\" loading=\"lazy\" srcset=\"https:\/\/bewehrungen.ch\/wp-content\/uploads\/2021\/05\/Top700-Foto-Stab-1.jpg 988w, https:\/\/bewehrungen.ch\/wp-content\/uploads\/2021\/05\/Top700-Foto-Stab-1-300x244.jpg 300w, https:\/\/bewehrungen.ch\/wp-content\/uploads\/2021\/05\/Top700-Foto-Stab-1-768x626.jpg 768w, https:\/\/bewehrungen.ch\/wp-content\/uploads\/2021\/05\/Top700-Foto-Stab-1-436x355.jpg 436w, https:\/\/bewehrungen.ch\/wp-content\/uploads\/2021\/05\/Top700-Foto-Stab-1-550x448.jpg 550w\" sizes=\"auto, (max-width: 988px) 100vw, 988px\" \/>"},"_links":{"self":[{"href":"https:\/\/bewehrungen.ch\/it\/wp-json\/wp\/v2\/product\/71181","targetHints":{"allow":["GET"]}}],"collection":[{"href":"https:\/\/bewehrungen.ch\/it\/wp-json\/wp\/v2\/product"}],"about":[{"href":"https:\/\/bewehrungen.ch\/it\/wp-json\/wp\/v2\/types\/product"}],"wp:featuredmedia":[{"embeddable":true,"href":"https:\/\/bewehrungen.ch\/it\/wp-json\/wp\/v2\/media\/65311"}],"wp:attachment":[{"href":"https:\/\/bewehrungen.ch\/it\/wp-json\/wp\/v2\/media?parent=71181"}],"wp:term":[{"taxonomy":"product_category","embeddable":true,"href":"https:\/\/bewehrungen.ch\/it\/wp-json\/wp\/v2\/product_category?post=71181"}],"curies":[{"name":"wp","href":"https:\/\/api.w.org\/{rel}","templated":true}]}}