{"id":71180,"date":"2026-03-27T10:38:02","date_gmt":"2026-03-27T10:38:02","guid":{"rendered":"https:\/\/bewehrungen.ch\/?post_type=product&#038;p=71180"},"modified":"2026-03-27T10:38:02","modified_gmt":"2026-03-27T10:38:02","slug":"acciaio-darmatura-inossidabile-top12","status":"publish","type":"product","link":"https:\/\/bewehrungen.ch\/it\/product\/acciaio-darmatura-inossidabile-top12\/","title":{"rendered":"Acciaio d&#8217;armatura inossidabile Top12"},"featured_media":65313,"menu_order":110,"template":"","product_category":[5884],"class_list":["post-71180","product","type-product","status-publish","has-post-thumbnail","","product_category-acciai-per-cemento-armato"],"acf":[],"yoast_head":"<!-- This site is optimized with the Yoast SEO plugin v27.3 - https:\/\/yoast.com\/product\/yoast-seo-wordpress\/ -->\n<title>Acciaio d&#039;armatura inossidabile Top12 - Bewehrungen<\/title>\n<meta name=\"robots\" content=\"index, follow, max-snippet:-1, max-image-preview:large, max-video-preview:-1\" \/>\n<link rel=\"canonical\" href=\"https:\/\/bewehrungen.ch\/it\/product\/acciaio-darmatura-inossidabile-top12\/\" \/>\n<meta property=\"og:locale\" content=\"it_IT\" \/>\n<meta property=\"og:type\" content=\"article\" \/>\n<meta property=\"og:title\" content=\"Acciaio d&#039;armatura inossidabile Top12 - Bewehrungen\" \/>\n<meta property=\"og:url\" content=\"https:\/\/bewehrungen.ch\/it\/product\/acciaio-darmatura-inossidabile-top12\/\" \/>\n<meta property=\"og:site_name\" content=\"Bewehrungen\" \/>\n<meta property=\"og:image\" content=\"https:\/\/bewehrungen.ch\/wp-content\/uploads\/2021\/05\/Top12-Stab-e1623836982512.jpg\" \/>\n\t<meta property=\"og:image:width\" content=\"591\" \/>\n\t<meta property=\"og:image:height\" content=\"356\" \/>\n\t<meta property=\"og:image:type\" content=\"image\/jpeg\" \/>\n<meta name=\"twitter:card\" content=\"summary_large_image\" \/>\n<script type=\"application\/ld+json\" class=\"yoast-schema-graph\">{\"@context\":\"https:\\\/\\\/schema.org\",\"@graph\":[{\"@type\":\"WebPage\",\"@id\":\"https:\\\/\\\/bewehrungen.ch\\\/it\\\/product\\\/acciaio-darmatura-inossidabile-top12\\\/\",\"url\":\"https:\\\/\\\/bewehrungen.ch\\\/it\\\/product\\\/acciaio-darmatura-inossidabile-top12\\\/\",\"name\":\"Acciaio d'armatura inossidabile Top12 - Bewehrungen\",\"isPartOf\":{\"@id\":\"https:\\\/\\\/bewehrungen.ch\\\/it\\\/#website\"},\"primaryImageOfPage\":{\"@id\":\"https:\\\/\\\/bewehrungen.ch\\\/it\\\/product\\\/acciaio-darmatura-inossidabile-top12\\\/#primaryimage\"},\"image\":{\"@id\":\"https:\\\/\\\/bewehrungen.ch\\\/it\\\/product\\\/acciaio-darmatura-inossidabile-top12\\\/#primaryimage\"},\"thumbnailUrl\":\"https:\\\/\\\/bewehrungen.ch\\\/wp-content\\\/uploads\\\/2021\\\/05\\\/Top12-Stab-e1623836982512.jpg\",\"datePublished\":\"2026-03-27T10:38:02+00:00\",\"breadcrumb\":{\"@id\":\"https:\\\/\\\/bewehrungen.ch\\\/it\\\/product\\\/acciaio-darmatura-inossidabile-top12\\\/#breadcrumb\"},\"inLanguage\":\"it-IT\",\"potentialAction\":[{\"@type\":\"ReadAction\",\"target\":[\"https:\\\/\\\/bewehrungen.ch\\\/it\\\/product\\\/acciaio-darmatura-inossidabile-top12\\\/\"]}]},{\"@type\":\"ImageObject\",\"inLanguage\":\"it-IT\",\"@id\":\"https:\\\/\\\/bewehrungen.ch\\\/it\\\/product\\\/acciaio-darmatura-inossidabile-top12\\\/#primaryimage\",\"url\":\"https:\\\/\\\/bewehrungen.ch\\\/wp-content\\\/uploads\\\/2021\\\/05\\\/Top12-Stab-e1623836982512.jpg\",\"contentUrl\":\"https:\\\/\\\/bewehrungen.ch\\\/wp-content\\\/uploads\\\/2021\\\/05\\\/Top12-Stab-e1623836982512.jpg\",\"width\":591,\"height\":356},{\"@type\":\"BreadcrumbList\",\"@id\":\"https:\\\/\\\/bewehrungen.ch\\\/it\\\/product\\\/acciaio-darmatura-inossidabile-top12\\\/#breadcrumb\",\"itemListElement\":[{\"@type\":\"ListItem\",\"position\":1,\"name\":\"Home\",\"item\":\"https:\\\/\\\/bewehrungen.ch\\\/it\\\/\"},{\"@type\":\"ListItem\",\"position\":2,\"name\":\"Products\",\"item\":\"https:\\\/\\\/bewehrungen.ch\\\/it\\\/products\\\/\"},{\"@type\":\"ListItem\",\"position\":3,\"name\":\"Acciaio d&#8217;armatura inossidabile Top12\"}]},{\"@type\":\"WebSite\",\"@id\":\"https:\\\/\\\/bewehrungen.ch\\\/it\\\/#website\",\"url\":\"https:\\\/\\\/bewehrungen.ch\\\/it\\\/\",\"name\":\"Bewehrungen\",\"description\":\"Just another WordPress site\",\"publisher\":{\"@id\":\"https:\\\/\\\/bewehrungen.ch\\\/it\\\/#organization\"},\"potentialAction\":[{\"@type\":\"SearchAction\",\"target\":{\"@type\":\"EntryPoint\",\"urlTemplate\":\"https:\\\/\\\/bewehrungen.ch\\\/it\\\/?s={search_term_string}\"},\"query-input\":{\"@type\":\"PropertyValueSpecification\",\"valueRequired\":true,\"valueName\":\"search_term_string\"}}],\"inLanguage\":\"it-IT\"},{\"@type\":\"Organization\",\"@id\":\"https:\\\/\\\/bewehrungen.ch\\\/it\\\/#organization\",\"name\":\"Bewehrungen\",\"url\":\"https:\\\/\\\/bewehrungen.ch\\\/it\\\/\",\"logo\":{\"@type\":\"ImageObject\",\"inLanguage\":\"it-IT\",\"@id\":\"https:\\\/\\\/bewehrungen.ch\\\/it\\\/#\\\/schema\\\/logo\\\/image\\\/\",\"url\":\"https:\\\/\\\/bewehrungen.ch\\\/wp-content\\\/uploads\\\/2025\\\/12\\\/DE_DebrunnerBewetec_RGB.png\",\"contentUrl\":\"https:\\\/\\\/bewehrungen.ch\\\/wp-content\\\/uploads\\\/2025\\\/12\\\/DE_DebrunnerBewetec_RGB.png\",\"width\":2389,\"height\":542,\"caption\":\"Bewehrungen\"},\"image\":{\"@id\":\"https:\\\/\\\/bewehrungen.ch\\\/it\\\/#\\\/schema\\\/logo\\\/image\\\/\"}}]}<\/script>\n<!-- \/ Yoast SEO plugin. -->","yoast_head_json":{"title":"Acciaio d'armatura inossidabile Top12 - Bewehrungen","robots":{"index":"index","follow":"follow","max-snippet":"max-snippet:-1","max-image-preview":"max-image-preview:large","max-video-preview":"max-video-preview:-1"},"canonical":"https:\/\/bewehrungen.ch\/it\/product\/acciaio-darmatura-inossidabile-top12\/","og_locale":"it_IT","og_type":"article","og_title":"Acciaio d'armatura inossidabile Top12 - Bewehrungen","og_url":"https:\/\/bewehrungen.ch\/it\/product\/acciaio-darmatura-inossidabile-top12\/","og_site_name":"Bewehrungen","og_image":[{"width":591,"height":356,"url":"https:\/\/bewehrungen.ch\/wp-content\/uploads\/2021\/05\/Top12-Stab-e1623836982512.jpg","type":"image\/jpeg"}],"twitter_card":"summary_large_image","schema":{"@context":"https:\/\/schema.org","@graph":[{"@type":"WebPage","@id":"https:\/\/bewehrungen.ch\/it\/product\/acciaio-darmatura-inossidabile-top12\/","url":"https:\/\/bewehrungen.ch\/it\/product\/acciaio-darmatura-inossidabile-top12\/","name":"Acciaio d'armatura inossidabile Top12 - Bewehrungen","isPartOf":{"@id":"https:\/\/bewehrungen.ch\/it\/#website"},"primaryImageOfPage":{"@id":"https:\/\/bewehrungen.ch\/it\/product\/acciaio-darmatura-inossidabile-top12\/#primaryimage"},"image":{"@id":"https:\/\/bewehrungen.ch\/it\/product\/acciaio-darmatura-inossidabile-top12\/#primaryimage"},"thumbnailUrl":"https:\/\/bewehrungen.ch\/wp-content\/uploads\/2021\/05\/Top12-Stab-e1623836982512.jpg","datePublished":"2026-03-27T10:38:02+00:00","breadcrumb":{"@id":"https:\/\/bewehrungen.ch\/it\/product\/acciaio-darmatura-inossidabile-top12\/#breadcrumb"},"inLanguage":"it-IT","potentialAction":[{"@type":"ReadAction","target":["https:\/\/bewehrungen.ch\/it\/product\/acciaio-darmatura-inossidabile-top12\/"]}]},{"@type":"ImageObject","inLanguage":"it-IT","@id":"https:\/\/bewehrungen.ch\/it\/product\/acciaio-darmatura-inossidabile-top12\/#primaryimage","url":"https:\/\/bewehrungen.ch\/wp-content\/uploads\/2021\/05\/Top12-Stab-e1623836982512.jpg","contentUrl":"https:\/\/bewehrungen.ch\/wp-content\/uploads\/2021\/05\/Top12-Stab-e1623836982512.jpg","width":591,"height":356},{"@type":"BreadcrumbList","@id":"https:\/\/bewehrungen.ch\/it\/product\/acciaio-darmatura-inossidabile-top12\/#breadcrumb","itemListElement":[{"@type":"ListItem","position":1,"name":"Home","item":"https:\/\/bewehrungen.ch\/it\/"},{"@type":"ListItem","position":2,"name":"Products","item":"https:\/\/bewehrungen.ch\/it\/products\/"},{"@type":"ListItem","position":3,"name":"Acciaio d&#8217;armatura inossidabile Top12"}]},{"@type":"WebSite","@id":"https:\/\/bewehrungen.ch\/it\/#website","url":"https:\/\/bewehrungen.ch\/it\/","name":"Bewehrungen","description":"Just another WordPress site","publisher":{"@id":"https:\/\/bewehrungen.ch\/it\/#organization"},"potentialAction":[{"@type":"SearchAction","target":{"@type":"EntryPoint","urlTemplate":"https:\/\/bewehrungen.ch\/it\/?s={search_term_string}"},"query-input":{"@type":"PropertyValueSpecification","valueRequired":true,"valueName":"search_term_string"}}],"inLanguage":"it-IT"},{"@type":"Organization","@id":"https:\/\/bewehrungen.ch\/it\/#organization","name":"Bewehrungen","url":"https:\/\/bewehrungen.ch\/it\/","logo":{"@type":"ImageObject","inLanguage":"it-IT","@id":"https:\/\/bewehrungen.ch\/it\/#\/schema\/logo\/image\/","url":"https:\/\/bewehrungen.ch\/wp-content\/uploads\/2025\/12\/DE_DebrunnerBewetec_RGB.png","contentUrl":"https:\/\/bewehrungen.ch\/wp-content\/uploads\/2025\/12\/DE_DebrunnerBewetec_RGB.png","width":2389,"height":542,"caption":"Bewehrungen"},"image":{"@id":"https:\/\/bewehrungen.ch\/it\/#\/schema\/logo\/image\/"}}]}},"deac_custom_fields":{"page_color_variation":"default","description":[{"title":"Impiego per le opere e i manufatti del genio civile","text":"<p>L&#8217;acciaio per cemento armato Top12 con elevata resistenza alla corrosione si \u00e8 affermato gi\u00e0 da molti anni. Il Top12 presenta un&#8217;elevata resistenza al cloruro. Per questo motivo viene utilizzato nel genio civile, soprattutto nelle zone soggette a spruzzi d&#8217;acqua e in quelle dove ristagna. In questi ambiti garantisce una durata delle opere e dei manufatti compresa tra 80 e 100 anni.<\/p>\n"},{"title":"Impiego nell'edilizia","text":"<p>Allo stesso tempo, l&#8217;acciaio per cemento armato Top12 \u00e8 idoneo all&#8217;uso in calcestruzzo carbonatato, motivo per cui viene sempre pi\u00f9 utilizzato anche nell&#8217;edilizia, ad esempio in elementi costruttivi sottili, in cui non \u00e8 possibile rispettare il copriferro standard o in progetti con particolari requisiti estetici, ad esempio per una superficie in cemento faccia a vista. Ulteriori possibilit\u00e0 di impiego si offrono nei parcheggi multipiano, nel settore della raccolta delle acque reflue e di scarico, nelle ristrutturazioni o nei calcestruzzi porosi come il calcestruzzo leggero.<\/p>\n"},{"title":"Elevati valori di resistenza e ottime propriet\u00e0 di duttilit\u00e0","text":"<p>Gli elevati valori di resistenza combinati con ottime propriet\u00e0 di duttilit\u00e0 contraddistinguono il Top12. Il Top12 soddisfa o supera tutti i requisiti della norma SIA 262 per l&#8217;acciaio per cemento armato B500B ed \u00e8 l&#8217;unico acciaio inossidabile elencato nel registro corrispondente secondo la norma SIA 262:2013.<\/p>\n"},{"title":"L'INOX-Center di Regensdorf \u00e8 iscritto nel registro SIA come centro di lavorazione degli acciai inossidabili","text":"<p>In qualit\u00e0 di primo certificato e iscritto nel registro SIA, dei centri di lavorazione degli acciai inossidabili per armature, Debrunner Acifer Bewehrungen AG soddisfa tutti i requisiti della norma SIA 262:3013. Nel nostro centro di lavorazione degli acciai inossidabili di Regensdorf lavoriamo il Top12 con la massima qualit\u00e0, garantendo tempi di fornitura brevi.<\/p>\n"}],"product":{"brand":"Top12","name":"Acciaio d'armatura inossidabile"},"highlight_box":{"title":"Costi del ciclo di vita minimi in ambienti corrosivi in calcestruzzo","subtitle":"Resistente al cloruro e ideale per l'uso nel calcestruzzo carbonatato","text":"<ul>\n<li>Materiale altamente legato di qualit\u00e0 1.4003<\/li>\n<li>Resistente al cloruro<\/li>\n<li>Adatto all&#8217;uso in calcestruzzo carbonatato<\/li>\n<li>Non richiede particolari manipolazioni e pu\u00f2 essere lavorato in modo convenzionale<\/li>\n<li>Registrazione SIA degli acciai per cemento armato conformi alle norme<\/li>\n<\/ul>\n","media_type":"image","image":{"medium":"<img width=\"300\" height=\"200\" src=\"https:\/\/bewehrungen.ch\/wp-content\/uploads\/2021\/05\/Top12-auf-Coil-1-300x200.jpg\" class=\"%s\" alt=\"\" decoding=\"async\" loading=\"lazy\" srcset=\"https:\/\/bewehrungen.ch\/wp-content\/uploads\/2021\/05\/Top12-auf-Coil-1-300x200.jpg 300w, https:\/\/bewehrungen.ch\/wp-content\/uploads\/2021\/05\/Top12-auf-Coil-1-1024x682.jpg 1024w, https:\/\/bewehrungen.ch\/wp-content\/uploads\/2021\/05\/Top12-auf-Coil-1-768x512.jpg 768w, https:\/\/bewehrungen.ch\/wp-content\/uploads\/2021\/05\/Top12-auf-Coil-1-436x291.jpg 436w, https:\/\/bewehrungen.ch\/wp-content\/uploads\/2021\/05\/Top12-auf-Coil-1-550x367.jpg 550w, https:\/\/bewehrungen.ch\/wp-content\/uploads\/2021\/05\/Top12-auf-Coil-1.jpg 1250w\" sizes=\"auto, (max-width: 300px) 100vw, 300px\" \/>","medium_large":"<img width=\"768\" height=\"512\" src=\"https:\/\/bewehrungen.ch\/wp-content\/uploads\/2021\/05\/Top12-auf-Coil-1-768x512.jpg\" class=\"%s\" alt=\"\" decoding=\"async\" loading=\"lazy\" srcset=\"https:\/\/bewehrungen.ch\/wp-content\/uploads\/2021\/05\/Top12-auf-Coil-1-768x512.jpg 768w, https:\/\/bewehrungen.ch\/wp-content\/uploads\/2021\/05\/Top12-auf-Coil-1-300x200.jpg 300w, https:\/\/bewehrungen.ch\/wp-content\/uploads\/2021\/05\/Top12-auf-Coil-1-1024x682.jpg 1024w, https:\/\/bewehrungen.ch\/wp-content\/uploads\/2021\/05\/Top12-auf-Coil-1-436x291.jpg 436w, https:\/\/bewehrungen.ch\/wp-content\/uploads\/2021\/05\/Top12-auf-Coil-1-550x367.jpg 550w, https:\/\/bewehrungen.ch\/wp-content\/uploads\/2021\/05\/Top12-auf-Coil-1.jpg 1250w\" sizes=\"auto, (max-width: 768px) 100vw, 768px\" \/>","large":"<img width=\"1024\" height=\"682\" src=\"https:\/\/bewehrungen.ch\/wp-content\/uploads\/2021\/05\/Top12-auf-Coil-1-1024x682.jpg\" class=\"%s\" alt=\"\" decoding=\"async\" loading=\"lazy\" srcset=\"https:\/\/bewehrungen.ch\/wp-content\/uploads\/2021\/05\/Top12-auf-Coil-1-1024x682.jpg 1024w, https:\/\/bewehrungen.ch\/wp-content\/uploads\/2021\/05\/Top12-auf-Coil-1-300x200.jpg 300w, https:\/\/bewehrungen.ch\/wp-content\/uploads\/2021\/05\/Top12-auf-Coil-1-768x512.jpg 768w, https:\/\/bewehrungen.ch\/wp-content\/uploads\/2021\/05\/Top12-auf-Coil-1-436x291.jpg 436w, https:\/\/bewehrungen.ch\/wp-content\/uploads\/2021\/05\/Top12-auf-Coil-1-550x367.jpg 550w, https:\/\/bewehrungen.ch\/wp-content\/uploads\/2021\/05\/Top12-auf-Coil-1.jpg 1250w\" sizes=\"auto, (max-width: 1024px) 100vw, 1024px\" \/>","full":"<img width=\"1250\" height=\"833\" src=\"https:\/\/bewehrungen.ch\/wp-content\/uploads\/2021\/05\/Top12-auf-Coil-1.jpg\" class=\"%s\" alt=\"\" decoding=\"async\" loading=\"lazy\" srcset=\"https:\/\/bewehrungen.ch\/wp-content\/uploads\/2021\/05\/Top12-auf-Coil-1.jpg 1250w, https:\/\/bewehrungen.ch\/wp-content\/uploads\/2021\/05\/Top12-auf-Coil-1-300x200.jpg 300w, https:\/\/bewehrungen.ch\/wp-content\/uploads\/2021\/05\/Top12-auf-Coil-1-1024x682.jpg 1024w, https:\/\/bewehrungen.ch\/wp-content\/uploads\/2021\/05\/Top12-auf-Coil-1-768x512.jpg 768w, https:\/\/bewehrungen.ch\/wp-content\/uploads\/2021\/05\/Top12-auf-Coil-1-436x291.jpg 436w, https:\/\/bewehrungen.ch\/wp-content\/uploads\/2021\/05\/Top12-auf-Coil-1-550x367.jpg 550w\" sizes=\"auto, (max-width: 1250px) 100vw, 1250px\" \/>"},"video_list":false},"downloads":[66565,66538,66564,66490,66502,66563,66562,66481,66525,66500,66442,66478,66476,66465,66535]},"deac_featured_media":{"medium":"<img width=\"300\" height=\"181\" src=\"https:\/\/bewehrungen.ch\/wp-content\/uploads\/2021\/05\/Top12-Stab-e1623836982512-300x181.jpg\" class=\"%s\" alt=\"\" decoding=\"async\" loading=\"lazy\" srcset=\"https:\/\/bewehrungen.ch\/wp-content\/uploads\/2021\/05\/Top12-Stab-e1623836982512-300x181.jpg 300w, https:\/\/bewehrungen.ch\/wp-content\/uploads\/2021\/05\/Top12-Stab-e1623836982512-436x263.jpg 436w, https:\/\/bewehrungen.ch\/wp-content\/uploads\/2021\/05\/Top12-Stab-e1623836982512-550x331.jpg 550w, https:\/\/bewehrungen.ch\/wp-content\/uploads\/2021\/05\/Top12-Stab-e1623836982512.jpg 591w\" sizes=\"auto, (max-width: 300px) 100vw, 300px\" \/>","medium_large":"<img width=\"591\" height=\"356\" src=\"https:\/\/bewehrungen.ch\/wp-content\/uploads\/2021\/05\/Top12-Stab-e1623836982512.jpg\" class=\"%s\" alt=\"\" decoding=\"async\" loading=\"lazy\" srcset=\"https:\/\/bewehrungen.ch\/wp-content\/uploads\/2021\/05\/Top12-Stab-e1623836982512.jpg 591w, https:\/\/bewehrungen.ch\/wp-content\/uploads\/2021\/05\/Top12-Stab-e1623836982512-300x181.jpg 300w, https:\/\/bewehrungen.ch\/wp-content\/uploads\/2021\/05\/Top12-Stab-e1623836982512-436x263.jpg 436w, https:\/\/bewehrungen.ch\/wp-content\/uploads\/2021\/05\/Top12-Stab-e1623836982512-550x331.jpg 550w\" sizes=\"auto, (max-width: 591px) 100vw, 591px\" \/>","large":"<img width=\"591\" height=\"356\" src=\"https:\/\/bewehrungen.ch\/wp-content\/uploads\/2021\/05\/Top12-Stab-e1623836982512.jpg\" class=\"%s\" alt=\"\" decoding=\"async\" loading=\"lazy\" srcset=\"https:\/\/bewehrungen.ch\/wp-content\/uploads\/2021\/05\/Top12-Stab-e1623836982512.jpg 591w, https:\/\/bewehrungen.ch\/wp-content\/uploads\/2021\/05\/Top12-Stab-e1623836982512-300x181.jpg 300w, https:\/\/bewehrungen.ch\/wp-content\/uploads\/2021\/05\/Top12-Stab-e1623836982512-436x263.jpg 436w, https:\/\/bewehrungen.ch\/wp-content\/uploads\/2021\/05\/Top12-Stab-e1623836982512-550x331.jpg 550w\" sizes=\"auto, (max-width: 591px) 100vw, 591px\" \/>","full":"<img width=\"591\" height=\"356\" src=\"https:\/\/bewehrungen.ch\/wp-content\/uploads\/2021\/05\/Top12-Stab-e1623836982512.jpg\" class=\"%s\" alt=\"\" decoding=\"async\" loading=\"lazy\" srcset=\"https:\/\/bewehrungen.ch\/wp-content\/uploads\/2021\/05\/Top12-Stab-e1623836982512.jpg 591w, https:\/\/bewehrungen.ch\/wp-content\/uploads\/2021\/05\/Top12-Stab-e1623836982512-300x181.jpg 300w, https:\/\/bewehrungen.ch\/wp-content\/uploads\/2021\/05\/Top12-Stab-e1623836982512-436x263.jpg 436w, https:\/\/bewehrungen.ch\/wp-content\/uploads\/2021\/05\/Top12-Stab-e1623836982512-550x331.jpg 550w\" sizes=\"auto, (max-width: 591px) 100vw, 591px\" \/>"},"_links":{"self":[{"href":"https:\/\/bewehrungen.ch\/it\/wp-json\/wp\/v2\/product\/71180","targetHints":{"allow":["GET"]}}],"collection":[{"href":"https:\/\/bewehrungen.ch\/it\/wp-json\/wp\/v2\/product"}],"about":[{"href":"https:\/\/bewehrungen.ch\/it\/wp-json\/wp\/v2\/types\/product"}],"wp:featuredmedia":[{"embeddable":true,"href":"https:\/\/bewehrungen.ch\/it\/wp-json\/wp\/v2\/media\/65313"}],"wp:attachment":[{"href":"https:\/\/bewehrungen.ch\/it\/wp-json\/wp\/v2\/media?parent=71180"}],"wp:term":[{"taxonomy":"product_category","embeddable":true,"href":"https:\/\/bewehrungen.ch\/it\/wp-json\/wp\/v2\/product_category?post=71180"}],"curies":[{"name":"wp","href":"https:\/\/api.w.org\/{rel}","templated":true}]}}