{"id":71178,"date":"2026-03-27T10:00:32","date_gmt":"2026-03-27T10:00:32","guid":{"rendered":"https:\/\/bewehrungen.ch\/?post_type=product&#038;p=71178"},"modified":"2026-03-27T13:11:25","modified_gmt":"2026-03-27T13:11:25","slug":"acciai-per-cemento-armato-inossidabili-acigrip-362-acigrip-462","status":"publish","type":"product","link":"https:\/\/bewehrungen.ch\/it\/product\/acciai-per-cemento-armato-inossidabili-acigrip-362-acigrip-462\/","title":{"rendered":"Acciai per cemento armato inossidabili ACIGRIP\u00ae 362 \/ ACIGRIP\u00ae 462"},"featured_media":60765,"menu_order":120,"template":"","product_category":[5884],"class_list":["post-71178","product","type-product","status-publish","has-post-thumbnail","","product_category-acciai-per-cemento-armato"],"acf":[],"yoast_head":"<!-- This site is optimized with the Yoast SEO plugin v27.3 - https:\/\/yoast.com\/product\/yoast-seo-wordpress\/ -->\n<title>Acciai per cemento armato inossidabili ACIGRIP\u00ae 362 \/ ACIGRIP\u00ae 462 - Bewehrungen<\/title>\n<meta name=\"robots\" content=\"index, follow, max-snippet:-1, max-image-preview:large, max-video-preview:-1\" \/>\n<link rel=\"canonical\" href=\"https:\/\/bewehrungen.ch\/it\/product\/acciai-per-cemento-armato-inossidabili-acigrip-362-acigrip-462\/\" \/>\n<meta property=\"og:locale\" content=\"it_IT\" \/>\n<meta property=\"og:type\" content=\"article\" \/>\n<meta property=\"og:title\" content=\"Acciai per cemento armato inossidabili ACIGRIP\u00ae 362 \/ ACIGRIP\u00ae 462 - Bewehrungen\" \/>\n<meta property=\"og:url\" content=\"https:\/\/bewehrungen.ch\/it\/product\/acciai-per-cemento-armato-inossidabili-acigrip-362-acigrip-462\/\" \/>\n<meta property=\"og:site_name\" content=\"Bewehrungen\" \/>\n<meta property=\"article:modified_time\" content=\"2026-03-27T13:11:25+00:00\" \/>\n<meta property=\"og:image\" content=\"https:\/\/bewehrungen.ch\/wp-content\/uploads\/2025\/08\/NIRO-1-1.jpg\" \/>\n\t<meta property=\"og:image:width\" content=\"554\" \/>\n\t<meta property=\"og:image:height\" content=\"349\" \/>\n\t<meta property=\"og:image:type\" content=\"image\/jpeg\" \/>\n<meta name=\"twitter:card\" content=\"summary_large_image\" \/>\n<script type=\"application\/ld+json\" class=\"yoast-schema-graph\">{\"@context\":\"https:\\\/\\\/schema.org\",\"@graph\":[{\"@type\":\"WebPage\",\"@id\":\"https:\\\/\\\/bewehrungen.ch\\\/it\\\/product\\\/acciai-per-cemento-armato-inossidabili-acigrip-362-acigrip-462\\\/\",\"url\":\"https:\\\/\\\/bewehrungen.ch\\\/it\\\/product\\\/acciai-per-cemento-armato-inossidabili-acigrip-362-acigrip-462\\\/\",\"name\":\"Acciai per cemento armato inossidabili ACIGRIP\u00ae 362 \\\/ ACIGRIP\u00ae 462 - Bewehrungen\",\"isPartOf\":{\"@id\":\"https:\\\/\\\/bewehrungen.ch\\\/it\\\/#website\"},\"primaryImageOfPage\":{\"@id\":\"https:\\\/\\\/bewehrungen.ch\\\/it\\\/product\\\/acciai-per-cemento-armato-inossidabili-acigrip-362-acigrip-462\\\/#primaryimage\"},\"image\":{\"@id\":\"https:\\\/\\\/bewehrungen.ch\\\/it\\\/product\\\/acciai-per-cemento-armato-inossidabili-acigrip-362-acigrip-462\\\/#primaryimage\"},\"thumbnailUrl\":\"https:\\\/\\\/bewehrungen.ch\\\/wp-content\\\/uploads\\\/2025\\\/08\\\/NIRO-1-1.jpg\",\"datePublished\":\"2026-03-27T10:00:32+00:00\",\"dateModified\":\"2026-03-27T13:11:25+00:00\",\"breadcrumb\":{\"@id\":\"https:\\\/\\\/bewehrungen.ch\\\/it\\\/product\\\/acciai-per-cemento-armato-inossidabili-acigrip-362-acigrip-462\\\/#breadcrumb\"},\"inLanguage\":\"it-IT\",\"potentialAction\":[{\"@type\":\"ReadAction\",\"target\":[\"https:\\\/\\\/bewehrungen.ch\\\/it\\\/product\\\/acciai-per-cemento-armato-inossidabili-acigrip-362-acigrip-462\\\/\"]}]},{\"@type\":\"ImageObject\",\"inLanguage\":\"it-IT\",\"@id\":\"https:\\\/\\\/bewehrungen.ch\\\/it\\\/product\\\/acciai-per-cemento-armato-inossidabili-acigrip-362-acigrip-462\\\/#primaryimage\",\"url\":\"https:\\\/\\\/bewehrungen.ch\\\/wp-content\\\/uploads\\\/2025\\\/08\\\/NIRO-1-1.jpg\",\"contentUrl\":\"https:\\\/\\\/bewehrungen.ch\\\/wp-content\\\/uploads\\\/2025\\\/08\\\/NIRO-1-1.jpg\",\"width\":554,\"height\":349},{\"@type\":\"BreadcrumbList\",\"@id\":\"https:\\\/\\\/bewehrungen.ch\\\/it\\\/product\\\/acciai-per-cemento-armato-inossidabili-acigrip-362-acigrip-462\\\/#breadcrumb\",\"itemListElement\":[{\"@type\":\"ListItem\",\"position\":1,\"name\":\"Home\",\"item\":\"https:\\\/\\\/bewehrungen.ch\\\/it\\\/\"},{\"@type\":\"ListItem\",\"position\":2,\"name\":\"Products\",\"item\":\"https:\\\/\\\/bewehrungen.ch\\\/it\\\/products\\\/\"},{\"@type\":\"ListItem\",\"position\":3,\"name\":\"Acciai per cemento armato inossidabili ACIGRIP\u00ae 362 \\\/ ACIGRIP\u00ae 462\"}]},{\"@type\":\"WebSite\",\"@id\":\"https:\\\/\\\/bewehrungen.ch\\\/it\\\/#website\",\"url\":\"https:\\\/\\\/bewehrungen.ch\\\/it\\\/\",\"name\":\"Bewehrungen\",\"description\":\"Just another WordPress site\",\"publisher\":{\"@id\":\"https:\\\/\\\/bewehrungen.ch\\\/it\\\/#organization\"},\"potentialAction\":[{\"@type\":\"SearchAction\",\"target\":{\"@type\":\"EntryPoint\",\"urlTemplate\":\"https:\\\/\\\/bewehrungen.ch\\\/it\\\/?s={search_term_string}\"},\"query-input\":{\"@type\":\"PropertyValueSpecification\",\"valueRequired\":true,\"valueName\":\"search_term_string\"}}],\"inLanguage\":\"it-IT\"},{\"@type\":\"Organization\",\"@id\":\"https:\\\/\\\/bewehrungen.ch\\\/it\\\/#organization\",\"name\":\"Bewehrungen\",\"url\":\"https:\\\/\\\/bewehrungen.ch\\\/it\\\/\",\"logo\":{\"@type\":\"ImageObject\",\"inLanguage\":\"it-IT\",\"@id\":\"https:\\\/\\\/bewehrungen.ch\\\/it\\\/#\\\/schema\\\/logo\\\/image\\\/\",\"url\":\"https:\\\/\\\/bewehrungen.ch\\\/wp-content\\\/uploads\\\/2025\\\/12\\\/DE_DebrunnerBewetec_RGB.png\",\"contentUrl\":\"https:\\\/\\\/bewehrungen.ch\\\/wp-content\\\/uploads\\\/2025\\\/12\\\/DE_DebrunnerBewetec_RGB.png\",\"width\":2389,\"height\":542,\"caption\":\"Bewehrungen\"},\"image\":{\"@id\":\"https:\\\/\\\/bewehrungen.ch\\\/it\\\/#\\\/schema\\\/logo\\\/image\\\/\"}}]}<\/script>\n<!-- \/ Yoast SEO plugin. -->","yoast_head_json":{"title":"Acciai per cemento armato inossidabili ACIGRIP\u00ae 362 \/ ACIGRIP\u00ae 462 - Bewehrungen","robots":{"index":"index","follow":"follow","max-snippet":"max-snippet:-1","max-image-preview":"max-image-preview:large","max-video-preview":"max-video-preview:-1"},"canonical":"https:\/\/bewehrungen.ch\/it\/product\/acciai-per-cemento-armato-inossidabili-acigrip-362-acigrip-462\/","og_locale":"it_IT","og_type":"article","og_title":"Acciai per cemento armato inossidabili ACIGRIP\u00ae 362 \/ ACIGRIP\u00ae 462 - Bewehrungen","og_url":"https:\/\/bewehrungen.ch\/it\/product\/acciai-per-cemento-armato-inossidabili-acigrip-362-acigrip-462\/","og_site_name":"Bewehrungen","article_modified_time":"2026-03-27T13:11:25+00:00","og_image":[{"width":554,"height":349,"url":"https:\/\/bewehrungen.ch\/wp-content\/uploads\/2025\/08\/NIRO-1-1.jpg","type":"image\/jpeg"}],"twitter_card":"summary_large_image","schema":{"@context":"https:\/\/schema.org","@graph":[{"@type":"WebPage","@id":"https:\/\/bewehrungen.ch\/it\/product\/acciai-per-cemento-armato-inossidabili-acigrip-362-acigrip-462\/","url":"https:\/\/bewehrungen.ch\/it\/product\/acciai-per-cemento-armato-inossidabili-acigrip-362-acigrip-462\/","name":"Acciai per cemento armato inossidabili ACIGRIP\u00ae 362 \/ ACIGRIP\u00ae 462 - Bewehrungen","isPartOf":{"@id":"https:\/\/bewehrungen.ch\/it\/#website"},"primaryImageOfPage":{"@id":"https:\/\/bewehrungen.ch\/it\/product\/acciai-per-cemento-armato-inossidabili-acigrip-362-acigrip-462\/#primaryimage"},"image":{"@id":"https:\/\/bewehrungen.ch\/it\/product\/acciai-per-cemento-armato-inossidabili-acigrip-362-acigrip-462\/#primaryimage"},"thumbnailUrl":"https:\/\/bewehrungen.ch\/wp-content\/uploads\/2025\/08\/NIRO-1-1.jpg","datePublished":"2026-03-27T10:00:32+00:00","dateModified":"2026-03-27T13:11:25+00:00","breadcrumb":{"@id":"https:\/\/bewehrungen.ch\/it\/product\/acciai-per-cemento-armato-inossidabili-acigrip-362-acigrip-462\/#breadcrumb"},"inLanguage":"it-IT","potentialAction":[{"@type":"ReadAction","target":["https:\/\/bewehrungen.ch\/it\/product\/acciai-per-cemento-armato-inossidabili-acigrip-362-acigrip-462\/"]}]},{"@type":"ImageObject","inLanguage":"it-IT","@id":"https:\/\/bewehrungen.ch\/it\/product\/acciai-per-cemento-armato-inossidabili-acigrip-362-acigrip-462\/#primaryimage","url":"https:\/\/bewehrungen.ch\/wp-content\/uploads\/2025\/08\/NIRO-1-1.jpg","contentUrl":"https:\/\/bewehrungen.ch\/wp-content\/uploads\/2025\/08\/NIRO-1-1.jpg","width":554,"height":349},{"@type":"BreadcrumbList","@id":"https:\/\/bewehrungen.ch\/it\/product\/acciai-per-cemento-armato-inossidabili-acigrip-362-acigrip-462\/#breadcrumb","itemListElement":[{"@type":"ListItem","position":1,"name":"Home","item":"https:\/\/bewehrungen.ch\/it\/"},{"@type":"ListItem","position":2,"name":"Products","item":"https:\/\/bewehrungen.ch\/it\/products\/"},{"@type":"ListItem","position":3,"name":"Acciai per cemento armato inossidabili ACIGRIP\u00ae 362 \/ ACIGRIP\u00ae 462"}]},{"@type":"WebSite","@id":"https:\/\/bewehrungen.ch\/it\/#website","url":"https:\/\/bewehrungen.ch\/it\/","name":"Bewehrungen","description":"Just another WordPress site","publisher":{"@id":"https:\/\/bewehrungen.ch\/it\/#organization"},"potentialAction":[{"@type":"SearchAction","target":{"@type":"EntryPoint","urlTemplate":"https:\/\/bewehrungen.ch\/it\/?s={search_term_string}"},"query-input":{"@type":"PropertyValueSpecification","valueRequired":true,"valueName":"search_term_string"}}],"inLanguage":"it-IT"},{"@type":"Organization","@id":"https:\/\/bewehrungen.ch\/it\/#organization","name":"Bewehrungen","url":"https:\/\/bewehrungen.ch\/it\/","logo":{"@type":"ImageObject","inLanguage":"it-IT","@id":"https:\/\/bewehrungen.ch\/it\/#\/schema\/logo\/image\/","url":"https:\/\/bewehrungen.ch\/wp-content\/uploads\/2025\/12\/DE_DebrunnerBewetec_RGB.png","contentUrl":"https:\/\/bewehrungen.ch\/wp-content\/uploads\/2025\/12\/DE_DebrunnerBewetec_RGB.png","width":2389,"height":542,"caption":"Bewehrungen"},"image":{"@id":"https:\/\/bewehrungen.ch\/it\/#\/schema\/logo\/image\/"}}]}},"deac_custom_fields":{"page_color_variation":"default","description":[{"title":"Protezione affidabile e duratura contro la corrosione in ambienti altamente corrosivi","text":"<p>La corrosione dell&#8217;acciaio di armatura \u00e8 oggi una delle cause pi\u00f9 frequenti di danni al calcestruzzo. \u00c8 favorita dalla carbonatazione del calcestruzzo e dall&#8217;apporto di cloruri. Entrambi questi fenomeni si verificano, in particolare in condizioni ambientali difficili. Per combattere in modo efficace e duraturo la corrosione degli acciai di armatura sono necessari elementi che non arrugginiscano.<\/p>\n"},{"title":"Applicazioni con copertura dell'armatura ridotta","text":"<p>Con gli acciai per armatura inossidabili ACIGRIP 362 (n. W. 1.4362 \u2013 KWK 3) e ACIGRIP 462 (n. W. 1.4462 \u2013 KWK 4), abbiamo nella nostra gamma prodotti che consentono di contrastare i danni al calcestruzzo e garantire quindi una protezione alla corrosione duratura. In questo modo, gli acciai per cemento armato inossidabili possono essere utilizzati anche per elmenti costruttivi con un copriferro ridotto e fortemente esposti agli agenti atmosferici.<\/p>\n"},{"title":"Adatto anche per collegamenti con solette a sbalzo e tiranti di trazione","text":"<p>Gli acciai ACIGRIP 362 e 462 possono essere utilizzati anche al di fuori del calcestruzzo: i possibili campi di applicazione includono, tra l&#8217;altro, i raccordi a taglio termico per solette a sbalzo o i tiranti. Proprio in questo settore \u00e8 richiesta un&#8217;elevata resistenza alla corrosione. Se l&#8217;acciaio invece \u00e8 protetto in modo permanente dal calcestruzzo e non vi \u00e8 una combinazione fra l&#8217;esposizione ai cloruri e lo scarso copriferro, l&#8217;acciaio per armatura Top12 offre un&#8217;alternativa economica e di sufficiente qualit\u00e0.<\/p>\n"},{"title":"INOX-Center Regensdorf come elaboratore NIRO iscritto nel registro SIA","text":"<p>Come prima azienda certificata nella lavorazione degli acciai inossidabili e iscritta di conseguenza nel corrispondente registro SIA, Debrunner Acifer Bewehrungen AG soddisfa tutti i requisiti della norma SIA 262:2013. Nel nostro centro di lavorazione INOX di Regensdorf lavoriamo acciai inossidabili di altissima qualit\u00e0.<\/p>\n"}],"product":{"brand":"ACIGRIP\u00ae 362 \/ ACIGRIP\u00ae 462","name":"Acciai per cemento armato inossidabili"},"highlight_box":{"title":"Protezione permanente dalla corrosione, anche all'esterno del calcestruzzo","subtitle":"Gli acciai per cemento armato resistenti alla corrosione garantiscono una lunga durata delle opere","text":"<ul>\n<li>Protezione affidabile e duratura contro la corrosione in ambienti altamente corrosivi<\/li>\n<li>Utilizzabili anche con un copriferro ridotto<\/li>\n<li>Pu\u00f2 essere impiegato anche all&#8217;esterno del calcestruzzo<\/li>\n<li>Adatto per raccordi a taglio termico per solette a sbalzo e tiranti<\/li>\n<\/ul>\n","media_type":"video","image":false,"video_list":[{"video_poster":71179,"youtube_link":"https:\/\/www.youtube.com\/watch?v=XQLTW2NJOYA","_video_poster_meta":["https:\/\/bewehrungen.ch\/wp-content\/uploads\/2025\/10\/NIRO-1-7.jpg",554,349,false]}]},"downloads":[66566,66557,66486,66483,66473,66482,66500,66442,66492,66476,66514,66465,66535]},"deac_featured_media":{"medium":"<img width=\"300\" height=\"189\" src=\"https:\/\/bewehrungen.ch\/wp-content\/uploads\/2025\/08\/NIRO-1-1-300x189.jpg\" class=\"%s\" alt=\"\" decoding=\"async\" loading=\"lazy\" srcset=\"https:\/\/bewehrungen.ch\/wp-content\/uploads\/2025\/08\/NIRO-1-1-300x189.jpg 300w, https:\/\/bewehrungen.ch\/wp-content\/uploads\/2025\/08\/NIRO-1-1-436x275.jpg 436w, https:\/\/bewehrungen.ch\/wp-content\/uploads\/2025\/08\/NIRO-1-1-550x346.jpg 550w, https:\/\/bewehrungen.ch\/wp-content\/uploads\/2025\/08\/NIRO-1-1.jpg 554w\" sizes=\"auto, (max-width: 300px) 100vw, 300px\" \/>","medium_large":"<img width=\"554\" height=\"349\" src=\"https:\/\/bewehrungen.ch\/wp-content\/uploads\/2025\/08\/NIRO-1-1.jpg\" class=\"%s\" alt=\"\" decoding=\"async\" loading=\"lazy\" srcset=\"https:\/\/bewehrungen.ch\/wp-content\/uploads\/2025\/08\/NIRO-1-1.jpg 554w, https:\/\/bewehrungen.ch\/wp-content\/uploads\/2025\/08\/NIRO-1-1-300x189.jpg 300w, https:\/\/bewehrungen.ch\/wp-content\/uploads\/2025\/08\/NIRO-1-1-436x275.jpg 436w, https:\/\/bewehrungen.ch\/wp-content\/uploads\/2025\/08\/NIRO-1-1-550x346.jpg 550w\" sizes=\"auto, (max-width: 554px) 100vw, 554px\" \/>","large":"<img width=\"554\" height=\"349\" src=\"https:\/\/bewehrungen.ch\/wp-content\/uploads\/2025\/08\/NIRO-1-1.jpg\" class=\"%s\" alt=\"\" decoding=\"async\" loading=\"lazy\" srcset=\"https:\/\/bewehrungen.ch\/wp-content\/uploads\/2025\/08\/NIRO-1-1.jpg 554w, https:\/\/bewehrungen.ch\/wp-content\/uploads\/2025\/08\/NIRO-1-1-300x189.jpg 300w, https:\/\/bewehrungen.ch\/wp-content\/uploads\/2025\/08\/NIRO-1-1-436x275.jpg 436w, https:\/\/bewehrungen.ch\/wp-content\/uploads\/2025\/08\/NIRO-1-1-550x346.jpg 550w\" sizes=\"auto, (max-width: 554px) 100vw, 554px\" \/>","full":"<img width=\"554\" height=\"349\" src=\"https:\/\/bewehrungen.ch\/wp-content\/uploads\/2025\/08\/NIRO-1-1.jpg\" class=\"%s\" alt=\"\" decoding=\"async\" loading=\"lazy\" srcset=\"https:\/\/bewehrungen.ch\/wp-content\/uploads\/2025\/08\/NIRO-1-1.jpg 554w, https:\/\/bewehrungen.ch\/wp-content\/uploads\/2025\/08\/NIRO-1-1-300x189.jpg 300w, https:\/\/bewehrungen.ch\/wp-content\/uploads\/2025\/08\/NIRO-1-1-436x275.jpg 436w, https:\/\/bewehrungen.ch\/wp-content\/uploads\/2025\/08\/NIRO-1-1-550x346.jpg 550w\" sizes=\"auto, (max-width: 554px) 100vw, 554px\" \/>"},"_links":{"self":[{"href":"https:\/\/bewehrungen.ch\/it\/wp-json\/wp\/v2\/product\/71178","targetHints":{"allow":["GET"]}}],"collection":[{"href":"https:\/\/bewehrungen.ch\/it\/wp-json\/wp\/v2\/product"}],"about":[{"href":"https:\/\/bewehrungen.ch\/it\/wp-json\/wp\/v2\/types\/product"}],"wp:featuredmedia":[{"embeddable":true,"href":"https:\/\/bewehrungen.ch\/it\/wp-json\/wp\/v2\/media\/60765"}],"wp:attachment":[{"href":"https:\/\/bewehrungen.ch\/it\/wp-json\/wp\/v2\/media?parent=71178"}],"wp:term":[{"taxonomy":"product_category","embeddable":true,"href":"https:\/\/bewehrungen.ch\/it\/wp-json\/wp\/v2\/product_category?post=71178"}],"curies":[{"name":"wp","href":"https:\/\/api.w.org\/{rel}","templated":true}]}}