{"id":71177,"date":"2026-03-27T10:32:55","date_gmt":"2026-03-27T10:32:55","guid":{"rendered":"https:\/\/bewehrungen.ch\/?post_type=product&#038;p=71177"},"modified":"2026-03-27T10:32:55","modified_gmt":"2026-03-27T10:32:55","slug":"acciaio-per-cemento-armato-zincato-prezinc-500","status":"publish","type":"product","link":"https:\/\/bewehrungen.ch\/it\/product\/acciaio-per-cemento-armato-zincato-prezinc-500\/","title":{"rendered":"Acciaio per cemento armato zincato PREZINC 500\u00ae"},"featured_media":1945,"menu_order":130,"template":"","product_category":[5884],"class_list":["post-71177","product","type-product","status-publish","has-post-thumbnail","","product_category-acciai-per-cemento-armato"],"acf":[],"yoast_head":"<!-- This site is optimized with the Yoast SEO plugin v27.3 - https:\/\/yoast.com\/product\/yoast-seo-wordpress\/ -->\n<title>Acciaio per cemento armato zincato PREZINC 500\u00ae - Bewehrungen<\/title>\n<meta name=\"robots\" content=\"index, follow, max-snippet:-1, max-image-preview:large, max-video-preview:-1\" \/>\n<link rel=\"canonical\" href=\"https:\/\/bewehrungen.ch\/it\/product\/acciaio-per-cemento-armato-zincato-prezinc-500\/\" \/>\n<meta property=\"og:locale\" content=\"it_IT\" \/>\n<meta property=\"og:type\" content=\"article\" \/>\n<meta property=\"og:title\" content=\"Acciaio per cemento armato zincato PREZINC 500\u00ae - Bewehrungen\" \/>\n<meta property=\"og:url\" content=\"https:\/\/bewehrungen.ch\/it\/product\/acciaio-per-cemento-armato-zincato-prezinc-500\/\" \/>\n<meta property=\"og:site_name\" content=\"Bewehrungen\" \/>\n<meta property=\"og:image\" content=\"https:\/\/bewehrungen.ch\/wp-content\/uploads\/2021\/05\/PREZINC500.jpg\" \/>\n\t<meta property=\"og:image:width\" content=\"1920\" \/>\n\t<meta property=\"og:image:height\" content=\"1551\" \/>\n\t<meta property=\"og:image:type\" content=\"image\/jpeg\" \/>\n<meta name=\"twitter:card\" content=\"summary_large_image\" \/>\n<script type=\"application\/ld+json\" class=\"yoast-schema-graph\">{\"@context\":\"https:\\\/\\\/schema.org\",\"@graph\":[{\"@type\":\"WebPage\",\"@id\":\"https:\\\/\\\/bewehrungen.ch\\\/it\\\/product\\\/acciaio-per-cemento-armato-zincato-prezinc-500\\\/\",\"url\":\"https:\\\/\\\/bewehrungen.ch\\\/it\\\/product\\\/acciaio-per-cemento-armato-zincato-prezinc-500\\\/\",\"name\":\"Acciaio per cemento armato zincato PREZINC 500\u00ae - Bewehrungen\",\"isPartOf\":{\"@id\":\"https:\\\/\\\/bewehrungen.ch\\\/it\\\/#website\"},\"primaryImageOfPage\":{\"@id\":\"https:\\\/\\\/bewehrungen.ch\\\/it\\\/product\\\/acciaio-per-cemento-armato-zincato-prezinc-500\\\/#primaryimage\"},\"image\":{\"@id\":\"https:\\\/\\\/bewehrungen.ch\\\/it\\\/product\\\/acciaio-per-cemento-armato-zincato-prezinc-500\\\/#primaryimage\"},\"thumbnailUrl\":\"https:\\\/\\\/bewehrungen.ch\\\/wp-content\\\/uploads\\\/2021\\\/05\\\/PREZINC500.jpg\",\"datePublished\":\"2026-03-27T10:32:55+00:00\",\"breadcrumb\":{\"@id\":\"https:\\\/\\\/bewehrungen.ch\\\/it\\\/product\\\/acciaio-per-cemento-armato-zincato-prezinc-500\\\/#breadcrumb\"},\"inLanguage\":\"it-IT\",\"potentialAction\":[{\"@type\":\"ReadAction\",\"target\":[\"https:\\\/\\\/bewehrungen.ch\\\/it\\\/product\\\/acciaio-per-cemento-armato-zincato-prezinc-500\\\/\"]}]},{\"@type\":\"ImageObject\",\"inLanguage\":\"it-IT\",\"@id\":\"https:\\\/\\\/bewehrungen.ch\\\/it\\\/product\\\/acciaio-per-cemento-armato-zincato-prezinc-500\\\/#primaryimage\",\"url\":\"https:\\\/\\\/bewehrungen.ch\\\/wp-content\\\/uploads\\\/2021\\\/05\\\/PREZINC500.jpg\",\"contentUrl\":\"https:\\\/\\\/bewehrungen.ch\\\/wp-content\\\/uploads\\\/2021\\\/05\\\/PREZINC500.jpg\",\"width\":1920,\"height\":1551,\"caption\":\"Imacon Color Scanner\"},{\"@type\":\"BreadcrumbList\",\"@id\":\"https:\\\/\\\/bewehrungen.ch\\\/it\\\/product\\\/acciaio-per-cemento-armato-zincato-prezinc-500\\\/#breadcrumb\",\"itemListElement\":[{\"@type\":\"ListItem\",\"position\":1,\"name\":\"Home\",\"item\":\"https:\\\/\\\/bewehrungen.ch\\\/it\\\/\"},{\"@type\":\"ListItem\",\"position\":2,\"name\":\"Products\",\"item\":\"https:\\\/\\\/bewehrungen.ch\\\/it\\\/products\\\/\"},{\"@type\":\"ListItem\",\"position\":3,\"name\":\"Acciaio per cemento armato zincato PREZINC 500\u00ae\"}]},{\"@type\":\"WebSite\",\"@id\":\"https:\\\/\\\/bewehrungen.ch\\\/it\\\/#website\",\"url\":\"https:\\\/\\\/bewehrungen.ch\\\/it\\\/\",\"name\":\"Bewehrungen\",\"description\":\"Just another WordPress site\",\"publisher\":{\"@id\":\"https:\\\/\\\/bewehrungen.ch\\\/it\\\/#organization\"},\"potentialAction\":[{\"@type\":\"SearchAction\",\"target\":{\"@type\":\"EntryPoint\",\"urlTemplate\":\"https:\\\/\\\/bewehrungen.ch\\\/it\\\/?s={search_term_string}\"},\"query-input\":{\"@type\":\"PropertyValueSpecification\",\"valueRequired\":true,\"valueName\":\"search_term_string\"}}],\"inLanguage\":\"it-IT\"},{\"@type\":\"Organization\",\"@id\":\"https:\\\/\\\/bewehrungen.ch\\\/it\\\/#organization\",\"name\":\"Bewehrungen\",\"url\":\"https:\\\/\\\/bewehrungen.ch\\\/it\\\/\",\"logo\":{\"@type\":\"ImageObject\",\"inLanguage\":\"it-IT\",\"@id\":\"https:\\\/\\\/bewehrungen.ch\\\/it\\\/#\\\/schema\\\/logo\\\/image\\\/\",\"url\":\"https:\\\/\\\/bewehrungen.ch\\\/wp-content\\\/uploads\\\/2025\\\/12\\\/DE_DebrunnerBewetec_RGB.png\",\"contentUrl\":\"https:\\\/\\\/bewehrungen.ch\\\/wp-content\\\/uploads\\\/2025\\\/12\\\/DE_DebrunnerBewetec_RGB.png\",\"width\":2389,\"height\":542,\"caption\":\"Bewehrungen\"},\"image\":{\"@id\":\"https:\\\/\\\/bewehrungen.ch\\\/it\\\/#\\\/schema\\\/logo\\\/image\\\/\"}}]}<\/script>\n<!-- \/ Yoast SEO plugin. -->","yoast_head_json":{"title":"Acciaio per cemento armato zincato PREZINC 500\u00ae - Bewehrungen","robots":{"index":"index","follow":"follow","max-snippet":"max-snippet:-1","max-image-preview":"max-image-preview:large","max-video-preview":"max-video-preview:-1"},"canonical":"https:\/\/bewehrungen.ch\/it\/product\/acciaio-per-cemento-armato-zincato-prezinc-500\/","og_locale":"it_IT","og_type":"article","og_title":"Acciaio per cemento armato zincato PREZINC 500\u00ae - Bewehrungen","og_url":"https:\/\/bewehrungen.ch\/it\/product\/acciaio-per-cemento-armato-zincato-prezinc-500\/","og_site_name":"Bewehrungen","og_image":[{"width":1920,"height":1551,"url":"https:\/\/bewehrungen.ch\/wp-content\/uploads\/2021\/05\/PREZINC500.jpg","type":"image\/jpeg"}],"twitter_card":"summary_large_image","schema":{"@context":"https:\/\/schema.org","@graph":[{"@type":"WebPage","@id":"https:\/\/bewehrungen.ch\/it\/product\/acciaio-per-cemento-armato-zincato-prezinc-500\/","url":"https:\/\/bewehrungen.ch\/it\/product\/acciaio-per-cemento-armato-zincato-prezinc-500\/","name":"Acciaio per cemento armato zincato PREZINC 500\u00ae - Bewehrungen","isPartOf":{"@id":"https:\/\/bewehrungen.ch\/it\/#website"},"primaryImageOfPage":{"@id":"https:\/\/bewehrungen.ch\/it\/product\/acciaio-per-cemento-armato-zincato-prezinc-500\/#primaryimage"},"image":{"@id":"https:\/\/bewehrungen.ch\/it\/product\/acciaio-per-cemento-armato-zincato-prezinc-500\/#primaryimage"},"thumbnailUrl":"https:\/\/bewehrungen.ch\/wp-content\/uploads\/2021\/05\/PREZINC500.jpg","datePublished":"2026-03-27T10:32:55+00:00","breadcrumb":{"@id":"https:\/\/bewehrungen.ch\/it\/product\/acciaio-per-cemento-armato-zincato-prezinc-500\/#breadcrumb"},"inLanguage":"it-IT","potentialAction":[{"@type":"ReadAction","target":["https:\/\/bewehrungen.ch\/it\/product\/acciaio-per-cemento-armato-zincato-prezinc-500\/"]}]},{"@type":"ImageObject","inLanguage":"it-IT","@id":"https:\/\/bewehrungen.ch\/it\/product\/acciaio-per-cemento-armato-zincato-prezinc-500\/#primaryimage","url":"https:\/\/bewehrungen.ch\/wp-content\/uploads\/2021\/05\/PREZINC500.jpg","contentUrl":"https:\/\/bewehrungen.ch\/wp-content\/uploads\/2021\/05\/PREZINC500.jpg","width":1920,"height":1551,"caption":"Imacon Color Scanner"},{"@type":"BreadcrumbList","@id":"https:\/\/bewehrungen.ch\/it\/product\/acciaio-per-cemento-armato-zincato-prezinc-500\/#breadcrumb","itemListElement":[{"@type":"ListItem","position":1,"name":"Home","item":"https:\/\/bewehrungen.ch\/it\/"},{"@type":"ListItem","position":2,"name":"Products","item":"https:\/\/bewehrungen.ch\/it\/products\/"},{"@type":"ListItem","position":3,"name":"Acciaio per cemento armato zincato PREZINC 500\u00ae"}]},{"@type":"WebSite","@id":"https:\/\/bewehrungen.ch\/it\/#website","url":"https:\/\/bewehrungen.ch\/it\/","name":"Bewehrungen","description":"Just another WordPress site","publisher":{"@id":"https:\/\/bewehrungen.ch\/it\/#organization"},"potentialAction":[{"@type":"SearchAction","target":{"@type":"EntryPoint","urlTemplate":"https:\/\/bewehrungen.ch\/it\/?s={search_term_string}"},"query-input":{"@type":"PropertyValueSpecification","valueRequired":true,"valueName":"search_term_string"}}],"inLanguage":"it-IT"},{"@type":"Organization","@id":"https:\/\/bewehrungen.ch\/it\/#organization","name":"Bewehrungen","url":"https:\/\/bewehrungen.ch\/it\/","logo":{"@type":"ImageObject","inLanguage":"it-IT","@id":"https:\/\/bewehrungen.ch\/it\/#\/schema\/logo\/image\/","url":"https:\/\/bewehrungen.ch\/wp-content\/uploads\/2025\/12\/DE_DebrunnerBewetec_RGB.png","contentUrl":"https:\/\/bewehrungen.ch\/wp-content\/uploads\/2025\/12\/DE_DebrunnerBewetec_RGB.png","width":2389,"height":542,"caption":"Bewehrungen"},"image":{"@id":"https:\/\/bewehrungen.ch\/it\/#\/schema\/logo\/image\/"}}]}},"deac_custom_fields":{"product":{"brand":"PREZINC 500\u00ae","name":"Acciaio per cemento armato zincato"},"highlight_box":{"title":"Protezione anticorrosione economica","subtitle":"Lo speciale processo Delot impedisce lo sfaldamento dello strato di zinco","text":"<ul>\n<li>Buona protezione dalla corrosione<\/li>\n<li>Sistema economico<\/li>\n<li>Lavoro sicuro, nessun pericolo di sfaldamento<\/li>\n<li>Adatto per elementi slanciati<\/li>\n<li>Idoneo al calcestruzzo soggetto a carbonatazione<\/li>\n<\/ul>\n","media_type":"image","image":{"medium":"<img width=\"300\" height=\"242\" src=\"https:\/\/bewehrungen.ch\/wp-content\/uploads\/2021\/05\/PREZINC500-1-300x242.jpg\" class=\"%s\" alt=\"\" decoding=\"async\" loading=\"lazy\" srcset=\"https:\/\/bewehrungen.ch\/wp-content\/uploads\/2021\/05\/PREZINC500-1-300x242.jpg 300w, https:\/\/bewehrungen.ch\/wp-content\/uploads\/2021\/05\/PREZINC500-1-1024x827.jpg 1024w, https:\/\/bewehrungen.ch\/wp-content\/uploads\/2021\/05\/PREZINC500-1-768x620.jpg 768w, https:\/\/bewehrungen.ch\/wp-content\/uploads\/2021\/05\/PREZINC500-1-1536x1241.jpg 1536w, https:\/\/bewehrungen.ch\/wp-content\/uploads\/2021\/05\/PREZINC500-1-436x352.jpg 436w, https:\/\/bewehrungen.ch\/wp-content\/uploads\/2021\/05\/PREZINC500-1-550x444.jpg 550w, https:\/\/bewehrungen.ch\/wp-content\/uploads\/2021\/05\/PREZINC500-1.jpg 1920w\" sizes=\"auto, (max-width: 300px) 100vw, 300px\" \/>","medium_large":"<img width=\"768\" height=\"620\" src=\"https:\/\/bewehrungen.ch\/wp-content\/uploads\/2021\/05\/PREZINC500-1-768x620.jpg\" class=\"%s\" alt=\"\" decoding=\"async\" loading=\"lazy\" srcset=\"https:\/\/bewehrungen.ch\/wp-content\/uploads\/2021\/05\/PREZINC500-1-768x620.jpg 768w, https:\/\/bewehrungen.ch\/wp-content\/uploads\/2021\/05\/PREZINC500-1-300x242.jpg 300w, https:\/\/bewehrungen.ch\/wp-content\/uploads\/2021\/05\/PREZINC500-1-1024x827.jpg 1024w, https:\/\/bewehrungen.ch\/wp-content\/uploads\/2021\/05\/PREZINC500-1-1536x1241.jpg 1536w, https:\/\/bewehrungen.ch\/wp-content\/uploads\/2021\/05\/PREZINC500-1-436x352.jpg 436w, https:\/\/bewehrungen.ch\/wp-content\/uploads\/2021\/05\/PREZINC500-1-550x444.jpg 550w, https:\/\/bewehrungen.ch\/wp-content\/uploads\/2021\/05\/PREZINC500-1.jpg 1920w\" sizes=\"auto, (max-width: 768px) 100vw, 768px\" \/>","large":"<img width=\"1024\" height=\"827\" src=\"https:\/\/bewehrungen.ch\/wp-content\/uploads\/2021\/05\/PREZINC500-1-1024x827.jpg\" class=\"%s\" alt=\"\" decoding=\"async\" loading=\"lazy\" srcset=\"https:\/\/bewehrungen.ch\/wp-content\/uploads\/2021\/05\/PREZINC500-1-1024x827.jpg 1024w, https:\/\/bewehrungen.ch\/wp-content\/uploads\/2021\/05\/PREZINC500-1-300x242.jpg 300w, https:\/\/bewehrungen.ch\/wp-content\/uploads\/2021\/05\/PREZINC500-1-768x620.jpg 768w, https:\/\/bewehrungen.ch\/wp-content\/uploads\/2021\/05\/PREZINC500-1-1536x1241.jpg 1536w, https:\/\/bewehrungen.ch\/wp-content\/uploads\/2021\/05\/PREZINC500-1-436x352.jpg 436w, https:\/\/bewehrungen.ch\/wp-content\/uploads\/2021\/05\/PREZINC500-1-550x444.jpg 550w, https:\/\/bewehrungen.ch\/wp-content\/uploads\/2021\/05\/PREZINC500-1.jpg 1920w\" sizes=\"auto, (max-width: 1024px) 100vw, 1024px\" \/>","full":"<img width=\"1920\" height=\"1551\" src=\"https:\/\/bewehrungen.ch\/wp-content\/uploads\/2021\/05\/PREZINC500-1.jpg\" class=\"%s\" alt=\"\" decoding=\"async\" loading=\"lazy\" srcset=\"https:\/\/bewehrungen.ch\/wp-content\/uploads\/2021\/05\/PREZINC500-1.jpg 1920w, https:\/\/bewehrungen.ch\/wp-content\/uploads\/2021\/05\/PREZINC500-1-300x242.jpg 300w, https:\/\/bewehrungen.ch\/wp-content\/uploads\/2021\/05\/PREZINC500-1-1024x827.jpg 1024w, https:\/\/bewehrungen.ch\/wp-content\/uploads\/2021\/05\/PREZINC500-1-768x620.jpg 768w, https:\/\/bewehrungen.ch\/wp-content\/uploads\/2021\/05\/PREZINC500-1-1536x1241.jpg 1536w, https:\/\/bewehrungen.ch\/wp-content\/uploads\/2021\/05\/PREZINC500-1-436x352.jpg 436w, https:\/\/bewehrungen.ch\/wp-content\/uploads\/2021\/05\/PREZINC500-1-550x444.jpg 550w\" sizes=\"auto, (max-width: 1920px) 100vw, 1920px\" \/>"},"video_list":false},"description":[{"title":"Protezione anticorrosione economica","text":"<p>Elevata protezione dalla corrosione, facile da usare ed economico. L&#8217;acciaio per cemento armato zincato PREZINC 500\u00ae B500 presenta numerosi vantaggi. \u00c8 prodotto con uno speciale processo di zincatura che crea uno strato di lega ferro-zinco molto sottile e resistente. Grazie a questo, PREZINC 500\u00ae \u00e8 facile da lavorare e non richiede una manipolazione speciale in cantiere.<\/p>\n"},{"title":"Facile da maneggiare ","text":"<p>Lavorare con l&#8217;acciaio per cemento armato zincato \u00e8 inoltre sicuro. Non c&#8217;\u00e8 alcun rischio che lo strato di zinco si scheggi, n\u00e9 durante la lavorazione sui piegatoi n\u00e9 durante la posa in cantiere.<\/p>\n"},{"title":"Ideale per elementi costruttivi slanciati","text":"<p>PREZINC 500\u00ae \u00e8 particolarmente adatto per elementi costruttivi sottili, come parapetti o per parti con coprferro ridotto, nell&#8217;edilizia. Il prodotto offre protezione dalla corrosione anche durante le fasi di costruzione. L&#8217;acciaio per cemento armato zincato PREZINC 500\u00ae \u00e8 conforme alla norma SIA 262 B500A. Non esiste una norma specifica per le armature zincate.<\/p>\n"},{"title":"Protezione catodica per acciaio per cemento armato ","text":"<p>L&#8217;acciaio per cemento armato zincato PREZINC 500\u00ae \u00e8 protetto dalla corrosione grazie allo strato di zinco. Questo lo rende doppiamente resistente. Da un lato impedisce il contatto diretto tra l&#8217;acciaio per cemento armato e gli agenti aggressivi. Dall&#8217;altro lato, l&#8217;acciaio sottostante lo strato di zincatura \u00e8 protetto catodicamente, poich\u00e9 il potenziale di corrosione dello zinco, \u00e8 pi\u00f9 negativo di quello dell&#8217;acciaio normale. L&#8217;utilizzo dell&#8217;acciaio per cemento armato zincato PREZINC 500\u00ae B500 offre quindi una protezione anticorrosione economica per tutti i componenti in cemento armato.<\/p>\n"}],"downloads":[66567,66537,66569,66480,66500,66442,66465,66535],"page_color_variation":"default"},"deac_featured_media":{"medium":"<img width=\"300\" height=\"242\" src=\"https:\/\/bewehrungen.ch\/wp-content\/uploads\/2021\/05\/PREZINC500-300x242.jpg\" class=\"%s\" alt=\"Verzinkter Bewehrungsstahl PREZINC500\" decoding=\"async\" loading=\"lazy\" srcset=\"https:\/\/bewehrungen.ch\/wp-content\/uploads\/2021\/05\/PREZINC500-300x242.jpg 300w, https:\/\/bewehrungen.ch\/wp-content\/uploads\/2021\/05\/PREZINC500-1024x827.jpg 1024w, https:\/\/bewehrungen.ch\/wp-content\/uploads\/2021\/05\/PREZINC500-768x620.jpg 768w, https:\/\/bewehrungen.ch\/wp-content\/uploads\/2021\/05\/PREZINC500-1536x1241.jpg 1536w, https:\/\/bewehrungen.ch\/wp-content\/uploads\/2021\/05\/PREZINC500-436x352.jpg 436w, https:\/\/bewehrungen.ch\/wp-content\/uploads\/2021\/05\/PREZINC500-550x444.jpg 550w, https:\/\/bewehrungen.ch\/wp-content\/uploads\/2021\/05\/PREZINC500.jpg 1920w\" sizes=\"auto, (max-width: 300px) 100vw, 300px\" \/>","medium_large":"<img width=\"768\" height=\"620\" src=\"https:\/\/bewehrungen.ch\/wp-content\/uploads\/2021\/05\/PREZINC500-768x620.jpg\" class=\"%s\" alt=\"Verzinkter Bewehrungsstahl PREZINC500\" decoding=\"async\" loading=\"lazy\" srcset=\"https:\/\/bewehrungen.ch\/wp-content\/uploads\/2021\/05\/PREZINC500-768x620.jpg 768w, https:\/\/bewehrungen.ch\/wp-content\/uploads\/2021\/05\/PREZINC500-300x242.jpg 300w, https:\/\/bewehrungen.ch\/wp-content\/uploads\/2021\/05\/PREZINC500-1024x827.jpg 1024w, https:\/\/bewehrungen.ch\/wp-content\/uploads\/2021\/05\/PREZINC500-1536x1241.jpg 1536w, https:\/\/bewehrungen.ch\/wp-content\/uploads\/2021\/05\/PREZINC500-436x352.jpg 436w, https:\/\/bewehrungen.ch\/wp-content\/uploads\/2021\/05\/PREZINC500-550x444.jpg 550w, https:\/\/bewehrungen.ch\/wp-content\/uploads\/2021\/05\/PREZINC500.jpg 1920w\" sizes=\"auto, (max-width: 768px) 100vw, 768px\" \/>","large":"<img width=\"1024\" height=\"827\" src=\"https:\/\/bewehrungen.ch\/wp-content\/uploads\/2021\/05\/PREZINC500-1024x827.jpg\" class=\"%s\" alt=\"Verzinkter Bewehrungsstahl PREZINC500\" decoding=\"async\" loading=\"lazy\" srcset=\"https:\/\/bewehrungen.ch\/wp-content\/uploads\/2021\/05\/PREZINC500-1024x827.jpg 1024w, https:\/\/bewehrungen.ch\/wp-content\/uploads\/2021\/05\/PREZINC500-300x242.jpg 300w, https:\/\/bewehrungen.ch\/wp-content\/uploads\/2021\/05\/PREZINC500-768x620.jpg 768w, https:\/\/bewehrungen.ch\/wp-content\/uploads\/2021\/05\/PREZINC500-1536x1241.jpg 1536w, https:\/\/bewehrungen.ch\/wp-content\/uploads\/2021\/05\/PREZINC500-436x352.jpg 436w, https:\/\/bewehrungen.ch\/wp-content\/uploads\/2021\/05\/PREZINC500-550x444.jpg 550w, https:\/\/bewehrungen.ch\/wp-content\/uploads\/2021\/05\/PREZINC500.jpg 1920w\" sizes=\"auto, (max-width: 1024px) 100vw, 1024px\" \/>","full":"<img width=\"1920\" height=\"1551\" src=\"https:\/\/bewehrungen.ch\/wp-content\/uploads\/2021\/05\/PREZINC500.jpg\" class=\"%s\" alt=\"Verzinkter Bewehrungsstahl PREZINC500\" decoding=\"async\" loading=\"lazy\" srcset=\"https:\/\/bewehrungen.ch\/wp-content\/uploads\/2021\/05\/PREZINC500.jpg 1920w, https:\/\/bewehrungen.ch\/wp-content\/uploads\/2021\/05\/PREZINC500-300x242.jpg 300w, https:\/\/bewehrungen.ch\/wp-content\/uploads\/2021\/05\/PREZINC500-1024x827.jpg 1024w, https:\/\/bewehrungen.ch\/wp-content\/uploads\/2021\/05\/PREZINC500-768x620.jpg 768w, https:\/\/bewehrungen.ch\/wp-content\/uploads\/2021\/05\/PREZINC500-1536x1241.jpg 1536w, https:\/\/bewehrungen.ch\/wp-content\/uploads\/2021\/05\/PREZINC500-436x352.jpg 436w, https:\/\/bewehrungen.ch\/wp-content\/uploads\/2021\/05\/PREZINC500-550x444.jpg 550w\" sizes=\"auto, (max-width: 1920px) 100vw, 1920px\" \/>"},"_links":{"self":[{"href":"https:\/\/bewehrungen.ch\/it\/wp-json\/wp\/v2\/product\/71177","targetHints":{"allow":["GET"]}}],"collection":[{"href":"https:\/\/bewehrungen.ch\/it\/wp-json\/wp\/v2\/product"}],"about":[{"href":"https:\/\/bewehrungen.ch\/it\/wp-json\/wp\/v2\/types\/product"}],"wp:featuredmedia":[{"embeddable":true,"href":"https:\/\/bewehrungen.ch\/it\/wp-json\/wp\/v2\/media\/1945"}],"wp:attachment":[{"href":"https:\/\/bewehrungen.ch\/it\/wp-json\/wp\/v2\/media?parent=71177"}],"wp:term":[{"taxonomy":"product_category","embeddable":true,"href":"https:\/\/bewehrungen.ch\/it\/wp-json\/wp\/v2\/product_category?post=71177"}],"curies":[{"name":"wp","href":"https:\/\/api.w.org\/{rel}","templated":true}]}}