{"id":71127,"date":"2026-03-27T09:26:49","date_gmt":"2026-03-27T09:26:49","guid":{"rendered":"https:\/\/bewehrungen.ch\/?post_type=product&#038;p=71127"},"modified":"2026-03-27T13:08:17","modified_gmt":"2026-03-27T13:08:17","slug":"bamtec-tecnologia-darmatura","status":"publish","type":"product","link":"https:\/\/bewehrungen.ch\/it\/product\/bamtec-tecnologia-darmatura\/","title":{"rendered":"BAMTEC\u00ae Tecnologia d\u2019armatura"},"featured_media":71198,"menu_order":0,"template":"","product_category":[5884],"class_list":["post-71127","product","type-product","status-publish","has-post-thumbnail","","product_category-acciai-per-cemento-armato"],"acf":[],"yoast_head":"<!-- This site is optimized with the Yoast SEO plugin v27.3 - https:\/\/yoast.com\/product\/yoast-seo-wordpress\/ -->\n<title>BAMTEC\u00ae Tecnologia d\u2019armatura - Bewehrungen<\/title>\n<meta name=\"robots\" content=\"index, follow, max-snippet:-1, max-image-preview:large, max-video-preview:-1\" \/>\n<link rel=\"canonical\" href=\"https:\/\/bewehrungen.ch\/it\/product\/bamtec-tecnologia-darmatura\/\" \/>\n<meta property=\"og:locale\" content=\"it_IT\" \/>\n<meta property=\"og:type\" content=\"article\" \/>\n<meta property=\"og:title\" content=\"BAMTEC\u00ae Tecnologia d\u2019armatura - Bewehrungen\" \/>\n<meta property=\"og:url\" content=\"https:\/\/bewehrungen.ch\/it\/product\/bamtec-tecnologia-darmatura\/\" \/>\n<meta property=\"og:site_name\" content=\"Bewehrungen\" \/>\n<meta property=\"article:modified_time\" content=\"2026-03-27T13:08:17+00:00\" \/>\n<meta property=\"og:image\" content=\"https:\/\/bewehrungen.ch\/wp-content\/uploads\/2026\/03\/Pfaehle-1536x864-1-1024x580-1.jpg\" \/>\n\t<meta property=\"og:image:width\" content=\"1024\" \/>\n\t<meta property=\"og:image:height\" content=\"580\" \/>\n\t<meta property=\"og:image:type\" content=\"image\/jpeg\" \/>\n<meta name=\"twitter:card\" content=\"summary_large_image\" \/>\n<script type=\"application\/ld+json\" class=\"yoast-schema-graph\">{\"@context\":\"https:\\\/\\\/schema.org\",\"@graph\":[{\"@type\":\"WebPage\",\"@id\":\"https:\\\/\\\/bewehrungen.ch\\\/it\\\/product\\\/bamtec-tecnologia-darmatura\\\/\",\"url\":\"https:\\\/\\\/bewehrungen.ch\\\/it\\\/product\\\/bamtec-tecnologia-darmatura\\\/\",\"name\":\"BAMTEC\u00ae Tecnologia d\u2019armatura - Bewehrungen\",\"isPartOf\":{\"@id\":\"https:\\\/\\\/bewehrungen.ch\\\/it\\\/#website\"},\"primaryImageOfPage\":{\"@id\":\"https:\\\/\\\/bewehrungen.ch\\\/it\\\/product\\\/bamtec-tecnologia-darmatura\\\/#primaryimage\"},\"image\":{\"@id\":\"https:\\\/\\\/bewehrungen.ch\\\/it\\\/product\\\/bamtec-tecnologia-darmatura\\\/#primaryimage\"},\"thumbnailUrl\":\"https:\\\/\\\/bewehrungen.ch\\\/wp-content\\\/uploads\\\/2026\\\/03\\\/Pfaehle-1536x864-1-1024x580-1.jpg\",\"datePublished\":\"2026-03-27T09:26:49+00:00\",\"dateModified\":\"2026-03-27T13:08:17+00:00\",\"breadcrumb\":{\"@id\":\"https:\\\/\\\/bewehrungen.ch\\\/it\\\/product\\\/bamtec-tecnologia-darmatura\\\/#breadcrumb\"},\"inLanguage\":\"it-IT\",\"potentialAction\":[{\"@type\":\"ReadAction\",\"target\":[\"https:\\\/\\\/bewehrungen.ch\\\/it\\\/product\\\/bamtec-tecnologia-darmatura\\\/\"]}]},{\"@type\":\"ImageObject\",\"inLanguage\":\"it-IT\",\"@id\":\"https:\\\/\\\/bewehrungen.ch\\\/it\\\/product\\\/bamtec-tecnologia-darmatura\\\/#primaryimage\",\"url\":\"https:\\\/\\\/bewehrungen.ch\\\/wp-content\\\/uploads\\\/2026\\\/03\\\/Pfaehle-1536x864-1-1024x580-1.jpg\",\"contentUrl\":\"https:\\\/\\\/bewehrungen.ch\\\/wp-content\\\/uploads\\\/2026\\\/03\\\/Pfaehle-1536x864-1-1024x580-1.jpg\",\"width\":1024,\"height\":580},{\"@type\":\"BreadcrumbList\",\"@id\":\"https:\\\/\\\/bewehrungen.ch\\\/it\\\/product\\\/bamtec-tecnologia-darmatura\\\/#breadcrumb\",\"itemListElement\":[{\"@type\":\"ListItem\",\"position\":1,\"name\":\"Home\",\"item\":\"https:\\\/\\\/bewehrungen.ch\\\/it\\\/\"},{\"@type\":\"ListItem\",\"position\":2,\"name\":\"Products\",\"item\":\"https:\\\/\\\/bewehrungen.ch\\\/it\\\/products\\\/\"},{\"@type\":\"ListItem\",\"position\":3,\"name\":\"BAMTEC\u00ae Tecnologia d\u2019armatura\"}]},{\"@type\":\"WebSite\",\"@id\":\"https:\\\/\\\/bewehrungen.ch\\\/it\\\/#website\",\"url\":\"https:\\\/\\\/bewehrungen.ch\\\/it\\\/\",\"name\":\"Bewehrungen\",\"description\":\"Just another WordPress site\",\"publisher\":{\"@id\":\"https:\\\/\\\/bewehrungen.ch\\\/it\\\/#organization\"},\"potentialAction\":[{\"@type\":\"SearchAction\",\"target\":{\"@type\":\"EntryPoint\",\"urlTemplate\":\"https:\\\/\\\/bewehrungen.ch\\\/it\\\/?s={search_term_string}\"},\"query-input\":{\"@type\":\"PropertyValueSpecification\",\"valueRequired\":true,\"valueName\":\"search_term_string\"}}],\"inLanguage\":\"it-IT\"},{\"@type\":\"Organization\",\"@id\":\"https:\\\/\\\/bewehrungen.ch\\\/it\\\/#organization\",\"name\":\"Bewehrungen\",\"url\":\"https:\\\/\\\/bewehrungen.ch\\\/it\\\/\",\"logo\":{\"@type\":\"ImageObject\",\"inLanguage\":\"it-IT\",\"@id\":\"https:\\\/\\\/bewehrungen.ch\\\/it\\\/#\\\/schema\\\/logo\\\/image\\\/\",\"url\":\"https:\\\/\\\/bewehrungen.ch\\\/wp-content\\\/uploads\\\/2025\\\/12\\\/DE_DebrunnerBewetec_RGB.png\",\"contentUrl\":\"https:\\\/\\\/bewehrungen.ch\\\/wp-content\\\/uploads\\\/2025\\\/12\\\/DE_DebrunnerBewetec_RGB.png\",\"width\":2389,\"height\":542,\"caption\":\"Bewehrungen\"},\"image\":{\"@id\":\"https:\\\/\\\/bewehrungen.ch\\\/it\\\/#\\\/schema\\\/logo\\\/image\\\/\"}}]}<\/script>\n<!-- \/ Yoast SEO plugin. -->","yoast_head_json":{"title":"BAMTEC\u00ae Tecnologia d\u2019armatura - Bewehrungen","robots":{"index":"index","follow":"follow","max-snippet":"max-snippet:-1","max-image-preview":"max-image-preview:large","max-video-preview":"max-video-preview:-1"},"canonical":"https:\/\/bewehrungen.ch\/it\/product\/bamtec-tecnologia-darmatura\/","og_locale":"it_IT","og_type":"article","og_title":"BAMTEC\u00ae Tecnologia d\u2019armatura - Bewehrungen","og_url":"https:\/\/bewehrungen.ch\/it\/product\/bamtec-tecnologia-darmatura\/","og_site_name":"Bewehrungen","article_modified_time":"2026-03-27T13:08:17+00:00","og_image":[{"width":1024,"height":580,"url":"https:\/\/bewehrungen.ch\/wp-content\/uploads\/2026\/03\/Pfaehle-1536x864-1-1024x580-1.jpg","type":"image\/jpeg"}],"twitter_card":"summary_large_image","schema":{"@context":"https:\/\/schema.org","@graph":[{"@type":"WebPage","@id":"https:\/\/bewehrungen.ch\/it\/product\/bamtec-tecnologia-darmatura\/","url":"https:\/\/bewehrungen.ch\/it\/product\/bamtec-tecnologia-darmatura\/","name":"BAMTEC\u00ae Tecnologia d\u2019armatura - Bewehrungen","isPartOf":{"@id":"https:\/\/bewehrungen.ch\/it\/#website"},"primaryImageOfPage":{"@id":"https:\/\/bewehrungen.ch\/it\/product\/bamtec-tecnologia-darmatura\/#primaryimage"},"image":{"@id":"https:\/\/bewehrungen.ch\/it\/product\/bamtec-tecnologia-darmatura\/#primaryimage"},"thumbnailUrl":"https:\/\/bewehrungen.ch\/wp-content\/uploads\/2026\/03\/Pfaehle-1536x864-1-1024x580-1.jpg","datePublished":"2026-03-27T09:26:49+00:00","dateModified":"2026-03-27T13:08:17+00:00","breadcrumb":{"@id":"https:\/\/bewehrungen.ch\/it\/product\/bamtec-tecnologia-darmatura\/#breadcrumb"},"inLanguage":"it-IT","potentialAction":[{"@type":"ReadAction","target":["https:\/\/bewehrungen.ch\/it\/product\/bamtec-tecnologia-darmatura\/"]}]},{"@type":"ImageObject","inLanguage":"it-IT","@id":"https:\/\/bewehrungen.ch\/it\/product\/bamtec-tecnologia-darmatura\/#primaryimage","url":"https:\/\/bewehrungen.ch\/wp-content\/uploads\/2026\/03\/Pfaehle-1536x864-1-1024x580-1.jpg","contentUrl":"https:\/\/bewehrungen.ch\/wp-content\/uploads\/2026\/03\/Pfaehle-1536x864-1-1024x580-1.jpg","width":1024,"height":580},{"@type":"BreadcrumbList","@id":"https:\/\/bewehrungen.ch\/it\/product\/bamtec-tecnologia-darmatura\/#breadcrumb","itemListElement":[{"@type":"ListItem","position":1,"name":"Home","item":"https:\/\/bewehrungen.ch\/it\/"},{"@type":"ListItem","position":2,"name":"Products","item":"https:\/\/bewehrungen.ch\/it\/products\/"},{"@type":"ListItem","position":3,"name":"BAMTEC\u00ae Tecnologia d\u2019armatura"}]},{"@type":"WebSite","@id":"https:\/\/bewehrungen.ch\/it\/#website","url":"https:\/\/bewehrungen.ch\/it\/","name":"Bewehrungen","description":"Just another WordPress site","publisher":{"@id":"https:\/\/bewehrungen.ch\/it\/#organization"},"potentialAction":[{"@type":"SearchAction","target":{"@type":"EntryPoint","urlTemplate":"https:\/\/bewehrungen.ch\/it\/?s={search_term_string}"},"query-input":{"@type":"PropertyValueSpecification","valueRequired":true,"valueName":"search_term_string"}}],"inLanguage":"it-IT"},{"@type":"Organization","@id":"https:\/\/bewehrungen.ch\/it\/#organization","name":"Bewehrungen","url":"https:\/\/bewehrungen.ch\/it\/","logo":{"@type":"ImageObject","inLanguage":"it-IT","@id":"https:\/\/bewehrungen.ch\/it\/#\/schema\/logo\/image\/","url":"https:\/\/bewehrungen.ch\/wp-content\/uploads\/2025\/12\/DE_DebrunnerBewetec_RGB.png","contentUrl":"https:\/\/bewehrungen.ch\/wp-content\/uploads\/2025\/12\/DE_DebrunnerBewetec_RGB.png","width":2389,"height":542,"caption":"Bewehrungen"},"image":{"@id":"https:\/\/bewehrungen.ch\/it\/#\/schema\/logo\/image\/"}}]}},"deac_custom_fields":{"page_color_variation":"default","product":{"brand":"BAMTEC\u00ae","name":"Tecnologia d'armatura"},"highlight_box":{"title":"Risparmio di tempo nella posa","subtitle":"Rapidi progressi nella costruzione grazie alla posa ottimizzata: \u00e8 possibile risparmiare fino al 70% di tempo per ogni elemento costruttivo con la met\u00e0 del personale.","text":"<ul>\n<li><strong>Risparmio di tempo<\/strong> nella posa grazie a processi ottimizzati<\/li>\n<li><strong>Elevata flessibilit\u00e0<\/strong> nella progettazione e nell&#8217;esecuzione<\/li>\n<li><strong>Economicit\u00e0<\/strong> grazie al risparmio di materiale, tempi di costruzione pi\u00f9 brevi e costi ridotti<\/li>\n<li><strong>Maggiore sicurezza<\/strong> sul lavoro grazie alla facilit\u00e0 di posa<\/li>\n<li><strong>Sostenibilit\u00e0<\/strong> grazie al risparmio di risorse e alla riduzione delle emissioni di CO\u2082<\/li>\n<\/ul>\n","media_type":"video","image":{"medium":"<img width=\"300\" height=\"218\" src=\"https:\/\/bewehrungen.ch\/wp-content\/uploads\/2025\/11\/BAMTEC_Low_1-2048x1488-1-300x218.jpg\" class=\"%s\" alt=\"\" decoding=\"async\" loading=\"lazy\" srcset=\"https:\/\/bewehrungen.ch\/wp-content\/uploads\/2025\/11\/BAMTEC_Low_1-2048x1488-1-300x218.jpg 300w, https:\/\/bewehrungen.ch\/wp-content\/uploads\/2025\/11\/BAMTEC_Low_1-2048x1488-1-1024x744.jpg 1024w, https:\/\/bewehrungen.ch\/wp-content\/uploads\/2025\/11\/BAMTEC_Low_1-2048x1488-1-768x558.jpg 768w, https:\/\/bewehrungen.ch\/wp-content\/uploads\/2025\/11\/BAMTEC_Low_1-2048x1488-1-1536x1116.jpg 1536w, https:\/\/bewehrungen.ch\/wp-content\/uploads\/2025\/11\/BAMTEC_Low_1-2048x1488-1-436x317.jpg 436w, https:\/\/bewehrungen.ch\/wp-content\/uploads\/2025\/11\/BAMTEC_Low_1-2048x1488-1-550x400.jpg 550w, https:\/\/bewehrungen.ch\/wp-content\/uploads\/2025\/11\/BAMTEC_Low_1-2048x1488-1.jpg 2048w\" sizes=\"auto, (max-width: 300px) 100vw, 300px\" \/>","medium_large":"<img width=\"768\" height=\"558\" src=\"https:\/\/bewehrungen.ch\/wp-content\/uploads\/2025\/11\/BAMTEC_Low_1-2048x1488-1-768x558.jpg\" class=\"%s\" alt=\"\" decoding=\"async\" loading=\"lazy\" srcset=\"https:\/\/bewehrungen.ch\/wp-content\/uploads\/2025\/11\/BAMTEC_Low_1-2048x1488-1-768x558.jpg 768w, https:\/\/bewehrungen.ch\/wp-content\/uploads\/2025\/11\/BAMTEC_Low_1-2048x1488-1-300x218.jpg 300w, https:\/\/bewehrungen.ch\/wp-content\/uploads\/2025\/11\/BAMTEC_Low_1-2048x1488-1-1024x744.jpg 1024w, https:\/\/bewehrungen.ch\/wp-content\/uploads\/2025\/11\/BAMTEC_Low_1-2048x1488-1-1536x1116.jpg 1536w, https:\/\/bewehrungen.ch\/wp-content\/uploads\/2025\/11\/BAMTEC_Low_1-2048x1488-1-436x317.jpg 436w, https:\/\/bewehrungen.ch\/wp-content\/uploads\/2025\/11\/BAMTEC_Low_1-2048x1488-1-550x400.jpg 550w, https:\/\/bewehrungen.ch\/wp-content\/uploads\/2025\/11\/BAMTEC_Low_1-2048x1488-1.jpg 2048w\" sizes=\"auto, (max-width: 768px) 100vw, 768px\" \/>","large":"<img width=\"1024\" height=\"744\" src=\"https:\/\/bewehrungen.ch\/wp-content\/uploads\/2025\/11\/BAMTEC_Low_1-2048x1488-1-1024x744.jpg\" class=\"%s\" alt=\"\" decoding=\"async\" loading=\"lazy\" srcset=\"https:\/\/bewehrungen.ch\/wp-content\/uploads\/2025\/11\/BAMTEC_Low_1-2048x1488-1-1024x744.jpg 1024w, https:\/\/bewehrungen.ch\/wp-content\/uploads\/2025\/11\/BAMTEC_Low_1-2048x1488-1-300x218.jpg 300w, https:\/\/bewehrungen.ch\/wp-content\/uploads\/2025\/11\/BAMTEC_Low_1-2048x1488-1-768x558.jpg 768w, https:\/\/bewehrungen.ch\/wp-content\/uploads\/2025\/11\/BAMTEC_Low_1-2048x1488-1-1536x1116.jpg 1536w, https:\/\/bewehrungen.ch\/wp-content\/uploads\/2025\/11\/BAMTEC_Low_1-2048x1488-1-436x317.jpg 436w, https:\/\/bewehrungen.ch\/wp-content\/uploads\/2025\/11\/BAMTEC_Low_1-2048x1488-1-550x400.jpg 550w, https:\/\/bewehrungen.ch\/wp-content\/uploads\/2025\/11\/BAMTEC_Low_1-2048x1488-1.jpg 2048w\" sizes=\"auto, (max-width: 1024px) 100vw, 1024px\" \/>","full":"<img width=\"2048\" height=\"1488\" src=\"https:\/\/bewehrungen.ch\/wp-content\/uploads\/2025\/11\/BAMTEC_Low_1-2048x1488-1.jpg\" class=\"%s\" alt=\"\" decoding=\"async\" loading=\"lazy\" srcset=\"https:\/\/bewehrungen.ch\/wp-content\/uploads\/2025\/11\/BAMTEC_Low_1-2048x1488-1.jpg 2048w, https:\/\/bewehrungen.ch\/wp-content\/uploads\/2025\/11\/BAMTEC_Low_1-2048x1488-1-300x218.jpg 300w, https:\/\/bewehrungen.ch\/wp-content\/uploads\/2025\/11\/BAMTEC_Low_1-2048x1488-1-1024x744.jpg 1024w, https:\/\/bewehrungen.ch\/wp-content\/uploads\/2025\/11\/BAMTEC_Low_1-2048x1488-1-768x558.jpg 768w, https:\/\/bewehrungen.ch\/wp-content\/uploads\/2025\/11\/BAMTEC_Low_1-2048x1488-1-1536x1116.jpg 1536w, https:\/\/bewehrungen.ch\/wp-content\/uploads\/2025\/11\/BAMTEC_Low_1-2048x1488-1-436x317.jpg 436w, https:\/\/bewehrungen.ch\/wp-content\/uploads\/2025\/11\/BAMTEC_Low_1-2048x1488-1-550x400.jpg 550w\" sizes=\"auto, (max-width: 2048px) 100vw, 2048px\" \/>"},"video_list":[{"video_poster":71128,"youtube_link":"https:\/\/www.youtube.com\/watch?v=G7HRz4z7pKg","_video_poster_meta":["https:\/\/bewehrungen.ch\/wp-content\/uploads\/2025\/10\/bamtec-ausrollen_18-7.jpg",2514,2136,false]}]},"downloads":[66415],"description":[{"title":"Economicit\u00e0","text":"<p>Il sistema BAMTEC\u00ae consente una posa dell&#8217;acciaio per cemento armato fino al 70% pi\u00f9 veloce, riduce i tempi di costruzione grezza e abbassa i costi di posa. Richiede meno personale e aumenta la sicurezza sul lavoro.<\/p>\n"},{"title":"Processo","text":"<div class=\"js-collapse__target hidden md:block\">\n<div class=\"border-l md:border-0 border-primary pl-4 md:pl-0 mt-4 \">\n<p>A seconda dello stato di avanzamento del progetto, sulla base dei piani della carpenteria e degli schemi di armatura o dei piani di armatura, effettuiamo una verifica di fattibilit\u00e0 e redigiamo la documentazione esecutiva BAMTEC necessaria. Per la progettazione o la riprogettazione BAMTEC, contattate il vostro ingegnere tecnico di riferimento o il consulente di vendita.<\/p>\n<p>Un ordine BAMTEC pu\u00f2 quindi essere effettuato come di consueto via e-mail all&#8217;indirizzo <a id=\"menur4mo\" class=\"fui-Link ___1q1shib f2hkw1w f3rmtva f1ewtqcl fyind8e f1k6fduh f1w7gpdv fk6fouc fjoy568 figsok6 f1s184ao f1mk8lai fnbmjn9 f1o700av f13mvf36 f1cmlufx f9n3di6 f1ids18y f1tx3yz7 f1deo86v f1eh06m1 f1iescvh fhgqx19 f1olyrje f1p93eir f1nev41a f1h8hb77 f1lqvz6u f10aw75t fsle3fq f17ae5zn\" title=\"mailto:sales@bewehrungen.ch\" href=\"mailto:sales@bewehrungen.ch\" target=\"_blank\" rel=\"noreferrer noopener\" aria-label=\"Link sales@bewehrungen.ch\">sales@bewehrungen.ch<\/a><\/p>\n<\/div>\n<\/div>\n"},{"title":"Riprogettazione su BAMTEC\u00ae","text":"<p>La riprogettazione dall&#8217;armatura con barre classica in BAMTEC\u00ae \u00e8 semplice e offre vantaggi in termini di tempo e costi. I progetti possono essere convertiti rapidamente senza ottimizzare l&#8217;armatura. \u00c8 possibile ottenere un risparmio di acciaio fino al 15% rispetto alle reti. Saremo lieti di consigliarvi per una realizzazione ottimale.<\/p>\n"},{"title":"Trasporto","text":"<div class=\"js-collapse__target hidden md:block\">\n<div class=\"border-l md:border-0 border-primary pl-4 md:pl-0 mt-4 \">\n<p>Il trasporto degli elementi al cantiere avviene con autocarri convenzionali a pieno carico. Lo scarico viene effettuato in loco dal cliente con un dispositivo di sollevamento con una forza di sollevamento di circa 2,5 t. \u00c8 possibile la consegna con camion gru, ma \u00e8 necessaria una pianificazione preliminare da parte di BAMTEC con rotoli non pi\u00f9 lunghi di 6 m. Le cinghie in dotazione per il carico\/scarico rimangono in cantiere o vengono parzialmente rimborsate al momento della restituzione.<\/p>\n<p>La consegna \u00e8 possibile dopo la pianificazione BAMTEC (il tempo di preavviso per la ripianificazione \u00e8 di 4 settimane) entro 10 giorni lavorativi dalla data di richiesta.<\/p>\n<\/div>\n<\/div>\n"},{"title":"Vorteile ","text":"<div class=\"js-collapse__target hidden md:block\">\n<div class=\"border-l md:border-0 border-primary pl-4 md:pl-0 mt-4 \">\n<ul>\n<li><strong>Rapido<\/strong><br \/>\nGrazie allo srotolamento\/stesura, anzich\u00e9 alla posa del ferro classica, il tempo di posa si riduce fino al 70% per ogni elemento costruttivo, con solo la met\u00e0 della manodopera.<\/li>\n<li><strong>Flessibile<\/strong><br \/>\nBAMTEC\u00ae consente la disposizione personalizzata di barre con diametri da 8 a 20 mm e lunghezze comprese tra 1,7 m e 14 m. La distanza tra le barre \u00e8 liberamente selezionabile, consentendo di realizzare praticamente qualsiasi superficie. Particolarmente vantaggioso in caso di luci molto estese e piante con geometria complessa.<\/li>\n<li><strong>Economico<\/strong><br \/>\nLa riduzione dei tempi di costruzione grezza e il risparmio di materiale consentono di abbassare i costi di costruzione, aumentando la competitivit\u00e0 e favorendo l&#8217;assunzione di personale.<\/li>\n<\/ul>\n<\/div>\n<\/div>\n"},{"title":"Vantaggi","text":"<div class=\"js-collapse__target hidden md:block\">\n<div class=\"border-l md:border-0 border-primary pl-4 md:pl-0 mt-4 \">\n<ul>\n<li><strong>Innovativo<\/strong><br \/>\nBAMTEC\u00ae \u00e8 particolarmente innovativo per grandi superfici, pareti molto alte, edifici con un esercizio operativo e costruzioni ibride. Consente una progettazione e una posa efficienti, riducendo i tempi di costruzione e aumentando al contempo la sicurezza sul lavoro.<\/li>\n<li><strong>Collaudato<\/strong><br \/>\nBAMTEC\u00ae viene utilizzato con successo da anni in tutto il mondo. Il calcolo statico viene effettuato in modo standard come progettando con il B500B senza misure supplementari. La precisione nella progettazione e nel posizionamento dell&#8217;armatura garantisce un&#8217;elevata qualit\u00e0 di esecuzione e posa.<\/li>\n<li><strong>Sostenibile<\/strong><br \/>\nLa progettazioneottimizzata garantisce la scelta del migliore diamtero delle barre d&#8217;armatura e riduce cos\u00ec il consumo di materiale. Lo srotolamento riduce il lavoro fisico pesante e protegge i dipendenti. Inoltre, il minor fabbisogno di personale, riduce al minimo il rischio di lavori di posa di scarsa qualit\u00e0.<\/li>\n<\/ul>\n<\/div>\n<\/div>\n"}]},"deac_featured_media":{"medium":"<img width=\"300\" height=\"170\" src=\"https:\/\/bewehrungen.ch\/wp-content\/uploads\/2026\/03\/Pfaehle-1536x864-1-1024x580-1-300x170.jpg\" class=\"%s\" alt=\"\" decoding=\"async\" loading=\"lazy\" srcset=\"https:\/\/bewehrungen.ch\/wp-content\/uploads\/2026\/03\/Pfaehle-1536x864-1-1024x580-1-300x170.jpg 300w, https:\/\/bewehrungen.ch\/wp-content\/uploads\/2026\/03\/Pfaehle-1536x864-1-1024x580-1-768x435.jpg 768w, https:\/\/bewehrungen.ch\/wp-content\/uploads\/2026\/03\/Pfaehle-1536x864-1-1024x580-1-436x247.jpg 436w, https:\/\/bewehrungen.ch\/wp-content\/uploads\/2026\/03\/Pfaehle-1536x864-1-1024x580-1-550x312.jpg 550w, https:\/\/bewehrungen.ch\/wp-content\/uploads\/2026\/03\/Pfaehle-1536x864-1-1024x580-1.jpg 1024w\" sizes=\"auto, (max-width: 300px) 100vw, 300px\" \/>","medium_large":"<img width=\"768\" height=\"435\" src=\"https:\/\/bewehrungen.ch\/wp-content\/uploads\/2026\/03\/Pfaehle-1536x864-1-1024x580-1-768x435.jpg\" class=\"%s\" alt=\"\" decoding=\"async\" loading=\"lazy\" srcset=\"https:\/\/bewehrungen.ch\/wp-content\/uploads\/2026\/03\/Pfaehle-1536x864-1-1024x580-1-768x435.jpg 768w, https:\/\/bewehrungen.ch\/wp-content\/uploads\/2026\/03\/Pfaehle-1536x864-1-1024x580-1-300x170.jpg 300w, https:\/\/bewehrungen.ch\/wp-content\/uploads\/2026\/03\/Pfaehle-1536x864-1-1024x580-1-436x247.jpg 436w, https:\/\/bewehrungen.ch\/wp-content\/uploads\/2026\/03\/Pfaehle-1536x864-1-1024x580-1-550x312.jpg 550w, https:\/\/bewehrungen.ch\/wp-content\/uploads\/2026\/03\/Pfaehle-1536x864-1-1024x580-1.jpg 1024w\" sizes=\"auto, (max-width: 768px) 100vw, 768px\" \/>","large":"<img width=\"1024\" height=\"580\" src=\"https:\/\/bewehrungen.ch\/wp-content\/uploads\/2026\/03\/Pfaehle-1536x864-1-1024x580-1.jpg\" class=\"%s\" alt=\"\" decoding=\"async\" loading=\"lazy\" srcset=\"https:\/\/bewehrungen.ch\/wp-content\/uploads\/2026\/03\/Pfaehle-1536x864-1-1024x580-1.jpg 1024w, https:\/\/bewehrungen.ch\/wp-content\/uploads\/2026\/03\/Pfaehle-1536x864-1-1024x580-1-300x170.jpg 300w, https:\/\/bewehrungen.ch\/wp-content\/uploads\/2026\/03\/Pfaehle-1536x864-1-1024x580-1-768x435.jpg 768w, https:\/\/bewehrungen.ch\/wp-content\/uploads\/2026\/03\/Pfaehle-1536x864-1-1024x580-1-436x247.jpg 436w, https:\/\/bewehrungen.ch\/wp-content\/uploads\/2026\/03\/Pfaehle-1536x864-1-1024x580-1-550x312.jpg 550w\" sizes=\"auto, (max-width: 1024px) 100vw, 1024px\" \/>","full":"<img width=\"1024\" height=\"580\" src=\"https:\/\/bewehrungen.ch\/wp-content\/uploads\/2026\/03\/Pfaehle-1536x864-1-1024x580-1.jpg\" class=\"%s\" alt=\"\" decoding=\"async\" loading=\"lazy\" srcset=\"https:\/\/bewehrungen.ch\/wp-content\/uploads\/2026\/03\/Pfaehle-1536x864-1-1024x580-1.jpg 1024w, https:\/\/bewehrungen.ch\/wp-content\/uploads\/2026\/03\/Pfaehle-1536x864-1-1024x580-1-300x170.jpg 300w, https:\/\/bewehrungen.ch\/wp-content\/uploads\/2026\/03\/Pfaehle-1536x864-1-1024x580-1-768x435.jpg 768w, https:\/\/bewehrungen.ch\/wp-content\/uploads\/2026\/03\/Pfaehle-1536x864-1-1024x580-1-436x247.jpg 436w, https:\/\/bewehrungen.ch\/wp-content\/uploads\/2026\/03\/Pfaehle-1536x864-1-1024x580-1-550x312.jpg 550w\" sizes=\"auto, (max-width: 1024px) 100vw, 1024px\" \/>"},"_links":{"self":[{"href":"https:\/\/bewehrungen.ch\/it\/wp-json\/wp\/v2\/product\/71127","targetHints":{"allow":["GET"]}}],"collection":[{"href":"https:\/\/bewehrungen.ch\/it\/wp-json\/wp\/v2\/product"}],"about":[{"href":"https:\/\/bewehrungen.ch\/it\/wp-json\/wp\/v2\/types\/product"}],"wp:featuredmedia":[{"embeddable":true,"href":"https:\/\/bewehrungen.ch\/it\/wp-json\/wp\/v2\/media\/71198"}],"wp:attachment":[{"href":"https:\/\/bewehrungen.ch\/it\/wp-json\/wp\/v2\/media?parent=71127"}],"wp:term":[{"taxonomy":"product_category","embeddable":true,"href":"https:\/\/bewehrungen.ch\/it\/wp-json\/wp\/v2\/product_category?post=71127"}],"curies":[{"name":"wp","href":"https:\/\/api.w.org\/{rel}","templated":true}]}}