{"id":71213,"date":"2026-03-31T09:13:59","date_gmt":"2026-03-31T09:13:59","guid":{"rendered":"https:\/\/bewehrungen.ch\/?page_id=71213"},"modified":"2026-03-31T09:14:00","modified_gmt":"2026-03-31T09:14:00","slug":"storia","status":"publish","type":"page","link":"https:\/\/bewehrungen.ch\/it\/storia\/","title":{"rendered":"Storia"},"content":{"rendered":"\n      <h1 id=\"block_4eed3f95ee0ab2e7305cd781d302ee4a\" class=\"c-title mt-0 mb-6 lg:mb-17 alignwidetext-left l-block\"  >\n  \n  Storia<\/h1>\n\n\n      <div id=\"block_b1c620b8c58587b475dcf285a337c0ad\" class=\"deac-highlight-box mb-10 md:mb-19 lg:mb-28 alignwide l-block\"  >\n  \n  <div class=\"md:flow-root\">\n\t<div class=\"highlight-box-slider md:bg-faded-coils md:bg-cover md:mb-6 lg:mb-7 md:grid md:grid-cols-2 md:gap-6 lg:gap-16 xl:gap-24 md:min-h-136\">\n\t\t<div class=\"relative md:order-2 md:h-full  md:pr-6 lg:pr-9  md:py-0 \">\n\t\t\t\t\t\t\t\t\t\t<div class=\"left-0 right-0 -mx-4 md:absolute  md:top-0 md:h-full  border-b-6 md:border-0 border-primary h-72  sm:-mx-6 md:mx-0 overflow-hidden max-h-full\">\n\t\t\t\t\t<img loading=\"lazy\" decoding=\"async\" width=\"900\" height=\"700\" src=\"https:\/\/bewehrungen.ch\/wp-content\/uploads\/2025\/11\/Geschichte.jpg\" class=\"block w-full h-full object-cover md:absolute\" alt=\"\" srcset=\"https:\/\/bewehrungen.ch\/wp-content\/uploads\/2025\/11\/Geschichte.jpg 900w, https:\/\/bewehrungen.ch\/wp-content\/uploads\/2025\/11\/Geschichte-300x233.jpg 300w, https:\/\/bewehrungen.ch\/wp-content\/uploads\/2025\/11\/Geschichte-768x597.jpg 768w, https:\/\/bewehrungen.ch\/wp-content\/uploads\/2025\/11\/Geschichte-436x339.jpg 436w, https:\/\/bewehrungen.ch\/wp-content\/uploads\/2025\/11\/Geschichte-550x428.jpg 550w\" sizes=\"auto, (max-width: 900px) 100vw, 900px\" \/>\t\t\t\t\t\t\t\t\t<\/div>\n\t\t\t\t\t\t\t\t<\/div>\n\t\t<div class=\"relative py-6 bg-white md:order-1 md:bg-transparent sm:py-7 md:py-10 lg:py-14 md:px-6 lg:px-9\">\n\t\t\t<div class=\"absolute bottom-0 md:hidden -inset-x-4 sm:-inset-x-6 top-15 bg-gradient-to-b from-white to-gray-light\"><\/div>\n\t\t\t\t\t\t\t\t\t\t<div class=\"relative text-18 lg:text-32 leading-tight font-bold lg:font-semibold text-black mb-3.5 lg:mb-6\">\n\t\t\t\t\tAl cuore del settore\t\t\t\t<\/div>\n\t\t\t\t\t\t\t\t\t\t\t\t\t<div class=\"relative text-black\">\n\t\t\t\t\t<div class=\"elementor-element elementor-element-0adcc18 e-flex e-con-boxed e-con e-child\" data-id=\"0adcc18\" data-element_type=\"container\">\n<div class=\"e-con-inner\">\n<div class=\"elementor-element elementor-element-b7e694b elementor-widget elementor-widget-text-editor\" data-id=\"b7e694b\" data-element_type=\"widget\" data-widget_type=\"text-editor.default\">\n<div class=\"elementor-widget-container\">\n<div class=\"elementor-element elementor-element-0adcc18 e-flex e-con-boxed e-con e-child\" data-id=\"0adcc18\" data-element_type=\"container\">\n<div class=\"e-con-inner\">\n<div class=\"elementor-element elementor-element-b7e694b elementor-widget elementor-widget-text-editor\" data-id=\"b7e694b\" data-element_type=\"widget\" data-widget_type=\"text-editor.default\">\n<div class=\"elementor-widget-container\">\n<p class=\"lg:mb-8\"><span style=\"font-weight: 400;\">Da una realt\u00e0 regionale a un&#8217;impresa nazionale: fondata nel 1999 a Heimberg, l&#8217;azienda si \u00e8 sviluppata passo dopo passo fino a diventare un punto di riferimento del settore. Oggi offre i pi\u00f9 alti standard di qualit\u00e0 e servizio in quattro sedi. Una direzione strategica che nel 2016, con il cambio di nome in BEWETEC AG, ha trovato espressione anche nella nostra identit\u00e0 e nella nostra immagine.<\/span><\/p>\n<p class=\"lg:mb-8\"><span style=\"font-weight: 400;\">Il cuore pulsante dell\u2019azienda sono i quattro moderni piegatoi a Oberbipp, Heimberg, Eschlikon e Aigle. Lo stabilimento di produzione di Oberbipp \u00e8 uno dei pi\u00f9 grandi e moderni d&#8217;Europa e funge da sede centrale.<\/span><span style=\"font-weight: 400;\"><br \/>\n<\/span><\/p>\n<\/div>\n<\/div>\n<\/div>\n<\/div>\n<\/div>\n<\/div>\n<\/div>\n<\/div>\n\t\t\t\t<\/div>\n\t\t\t\t\t\t\t\t<\/div>\n\t<\/div>\n<\/div><\/div>\n\n\n<div class=\"wp-block-columns is-layout-flex wp-container-core-columns-is-layout-9d6595d7 wp-block-columns-is-layout-flex\">\n<div class=\"wp-block-column is-layout-flow wp-block-column-is-layout-flow\"><div class=\"wp-block-image\">\n<figure class=\"aligncenter size-full\"><img decoding=\"async\" src=\"https:\/\/bewehrungen-staging2.wp2.what-sites.digital\/wp-content\/uploads\/2025\/11\/umwelt-bewetec.jpg\" alt=\"\" class=\"wp-image-66844\"\/><\/figure>\n<\/div><\/div>\n\n\n\n<div class=\"wp-block-column is-layout-flow wp-block-column-is-layout-flow\">\n<p class=\"has-heading-5-font-size\"><strong>1999<\/strong> \u2013 Fondazione dell&#8217;azienda<\/p>\n\n\n\n<p><strong>2002 <\/strong>\u2013 Introduzione del lavoro a turni, completa ristrutturazione del piegatoio a Heimberg, raddoppio della superficie produttiva<\/p>\n\n\n\n<p><strong>2003 <\/strong>\u2013 Costruzione di un nuovo magazzino a Heimberg, raddoppio dell&#8217;area di stoccaggio delle reti<\/p>\n\n\n\n<p><strong>2007 <\/strong>\u2013 Nuovo piegatoio a Oberbipp (BE) con circa 100 collaboratori<\/p>\n\n\n\n<p><strong>2008 <\/strong>\u2013 Espansione dell&#8217;area di vendita e consegna a tutta la Svizzera<\/p>\n\n\n\n<p><strong>2010 <\/strong>\u2013 Nuovo piegatoio a Eschlikon (TG)<\/p>\n\n\n\n<p><strong>2011 <\/strong>\u2013 160 collaboratori<\/p>\n\n\n\n<p><strong>2013 <\/strong>\u2013 Ampliamento del piegatoio di Heimberg<\/p>\n\n\n\n<p><strong>2014 <\/strong>\u2013 180 collaboratori<\/p>\n\n\n\n<p><strong>2015<\/strong> \u2013 Ristrutturazione del piegatoio di Oberbipp (BE) e acquisto di nuove macchine<\/p>\n\n\n\n<p><strong>2016<\/strong> \u2013 Integrazione del piegatoio di Aigle (VD)<\/p>\n\n\n\n<p><strong>2021 <\/strong>\u2013 240 collaboratori<\/p>\n\n\n\n<p class=\"has-heading-5-font-size\"><strong>2024 <\/strong>\u2013 Bewetec festeggia 25 anni<\/p>\n<\/div>\n<\/div>\n","protected":false},"excerpt":{"rendered":"<p>1999 \u2013 Fondazione dell&#8217;azienda 2002 \u2013 Introduzione del lavoro a turni, completa ristrutturazione del piegatoio a Heimberg, raddoppio della superficie produttiva 2003 \u2013 Costruzione di un nuovo magazzino a Heimberg, raddoppio dell&#8217;area di stoccaggio delle reti 2007 \u2013 Nuovo piegatoio a Oberbipp (BE) con circa 100 collaboratori 2008 \u2013 Espansione dell&#8217;area di vendita e consegna [&hellip;]<\/p>\n","protected":false},"author":10,"featured_media":0,"parent":0,"menu_order":0,"comment_status":"closed","ping_status":"closed","template":"","meta":{"_acf_changed":false,"footnotes":""},"class_list":["post-71213","page","type-page","status-publish",""],"acf":[],"yoast_head":"<!-- This site is optimized with the Yoast SEO plugin v27.3 - https:\/\/yoast.com\/product\/yoast-seo-wordpress\/ -->\n<title>Storia - Bewehrungen<\/title>\n<meta name=\"robots\" content=\"index, follow, max-snippet:-1, max-image-preview:large, max-video-preview:-1\" \/>\n<link rel=\"canonical\" href=\"https:\/\/bewehrungen.ch\/it\/storia\/\" \/>\n<meta property=\"og:locale\" content=\"it_IT\" \/>\n<meta property=\"og:type\" content=\"article\" \/>\n<meta property=\"og:title\" content=\"Storia - Bewehrungen\" \/>\n<meta property=\"og:description\" content=\"1999 \u2013 Fondazione dell&#8217;azienda 2002 \u2013 Introduzione del lavoro a turni, completa ristrutturazione del piegatoio a Heimberg, raddoppio della superficie produttiva 2003 \u2013 Costruzione di un nuovo magazzino a Heimberg, raddoppio dell&#8217;area di stoccaggio delle reti 2007 \u2013 Nuovo piegatoio a Oberbipp (BE) con circa 100 collaboratori 2008 \u2013 Espansione dell&#8217;area di vendita e consegna [&hellip;]\" \/>\n<meta property=\"og:url\" content=\"https:\/\/bewehrungen.ch\/it\/storia\/\" \/>\n<meta property=\"og:site_name\" content=\"Bewehrungen\" \/>\n<meta property=\"article:modified_time\" content=\"2026-03-31T09:14:00+00:00\" \/>\n<meta property=\"og:image\" content=\"https:\/\/bewehrungen-staging2.wp2.what-sites.digital\/wp-content\/uploads\/2025\/11\/umwelt-bewetec.jpg\" \/>\n<meta name=\"twitter:card\" content=\"summary_large_image\" \/>\n<script type=\"application\/ld+json\" class=\"yoast-schema-graph\">{\"@context\":\"https:\\\/\\\/schema.org\",\"@graph\":[{\"@type\":\"WebPage\",\"@id\":\"https:\\\/\\\/bewehrungen.ch\\\/it\\\/storia\\\/\",\"url\":\"https:\\\/\\\/bewehrungen.ch\\\/it\\\/storia\\\/\",\"name\":\"Storia - Bewehrungen\",\"isPartOf\":{\"@id\":\"https:\\\/\\\/bewehrungen.ch\\\/it\\\/#website\"},\"primaryImageOfPage\":{\"@id\":\"https:\\\/\\\/bewehrungen.ch\\\/it\\\/storia\\\/#primaryimage\"},\"image\":{\"@id\":\"https:\\\/\\\/bewehrungen.ch\\\/it\\\/storia\\\/#primaryimage\"},\"thumbnailUrl\":\"https:\\\/\\\/bewehrungen-staging2.wp2.what-sites.digital\\\/wp-content\\\/uploads\\\/2025\\\/11\\\/umwelt-bewetec.jpg\",\"datePublished\":\"2026-03-31T09:13:59+00:00\",\"dateModified\":\"2026-03-31T09:14:00+00:00\",\"breadcrumb\":{\"@id\":\"https:\\\/\\\/bewehrungen.ch\\\/it\\\/storia\\\/#breadcrumb\"},\"inLanguage\":\"it-IT\",\"potentialAction\":[{\"@type\":\"ReadAction\",\"target\":[\"https:\\\/\\\/bewehrungen.ch\\\/it\\\/storia\\\/\"]}]},{\"@type\":\"ImageObject\",\"inLanguage\":\"it-IT\",\"@id\":\"https:\\\/\\\/bewehrungen.ch\\\/it\\\/storia\\\/#primaryimage\",\"url\":\"https:\\\/\\\/bewehrungen-staging2.wp2.what-sites.digital\\\/wp-content\\\/uploads\\\/2025\\\/11\\\/umwelt-bewetec.jpg\",\"contentUrl\":\"https:\\\/\\\/bewehrungen-staging2.wp2.what-sites.digital\\\/wp-content\\\/uploads\\\/2025\\\/11\\\/umwelt-bewetec.jpg\"},{\"@type\":\"BreadcrumbList\",\"@id\":\"https:\\\/\\\/bewehrungen.ch\\\/it\\\/storia\\\/#breadcrumb\",\"itemListElement\":[{\"@type\":\"ListItem\",\"position\":1,\"name\":\"Home\",\"item\":\"https:\\\/\\\/bewehrungen.ch\\\/it\\\/\"},{\"@type\":\"ListItem\",\"position\":2,\"name\":\"Storia\"}]},{\"@type\":\"WebSite\",\"@id\":\"https:\\\/\\\/bewehrungen.ch\\\/it\\\/#website\",\"url\":\"https:\\\/\\\/bewehrungen.ch\\\/it\\\/\",\"name\":\"Bewehrungen\",\"description\":\"Just another WordPress site\",\"publisher\":{\"@id\":\"https:\\\/\\\/bewehrungen.ch\\\/it\\\/#organization\"},\"potentialAction\":[{\"@type\":\"SearchAction\",\"target\":{\"@type\":\"EntryPoint\",\"urlTemplate\":\"https:\\\/\\\/bewehrungen.ch\\\/it\\\/?s={search_term_string}\"},\"query-input\":{\"@type\":\"PropertyValueSpecification\",\"valueRequired\":true,\"valueName\":\"search_term_string\"}}],\"inLanguage\":\"it-IT\"},{\"@type\":\"Organization\",\"@id\":\"https:\\\/\\\/bewehrungen.ch\\\/it\\\/#organization\",\"name\":\"Bewehrungen\",\"url\":\"https:\\\/\\\/bewehrungen.ch\\\/it\\\/\",\"logo\":{\"@type\":\"ImageObject\",\"inLanguage\":\"it-IT\",\"@id\":\"https:\\\/\\\/bewehrungen.ch\\\/it\\\/#\\\/schema\\\/logo\\\/image\\\/\",\"url\":\"https:\\\/\\\/bewehrungen.ch\\\/wp-content\\\/uploads\\\/2025\\\/12\\\/DE_DebrunnerBewetec_RGB.png\",\"contentUrl\":\"https:\\\/\\\/bewehrungen.ch\\\/wp-content\\\/uploads\\\/2025\\\/12\\\/DE_DebrunnerBewetec_RGB.png\",\"width\":2389,\"height\":542,\"caption\":\"Bewehrungen\"},\"image\":{\"@id\":\"https:\\\/\\\/bewehrungen.ch\\\/it\\\/#\\\/schema\\\/logo\\\/image\\\/\"}}]}<\/script>\n<!-- \/ Yoast SEO plugin. -->","yoast_head_json":{"title":"Storia - Bewehrungen","robots":{"index":"index","follow":"follow","max-snippet":"max-snippet:-1","max-image-preview":"max-image-preview:large","max-video-preview":"max-video-preview:-1"},"canonical":"https:\/\/bewehrungen.ch\/it\/storia\/","og_locale":"it_IT","og_type":"article","og_title":"Storia - Bewehrungen","og_description":"1999 \u2013 Fondazione dell&#8217;azienda 2002 \u2013 Introduzione del lavoro a turni, completa ristrutturazione del piegatoio a Heimberg, raddoppio della superficie produttiva 2003 \u2013 Costruzione di un nuovo magazzino a Heimberg, raddoppio dell&#8217;area di stoccaggio delle reti 2007 \u2013 Nuovo piegatoio a Oberbipp (BE) con circa 100 collaboratori 2008 \u2013 Espansione dell&#8217;area di vendita e consegna [&hellip;]","og_url":"https:\/\/bewehrungen.ch\/it\/storia\/","og_site_name":"Bewehrungen","article_modified_time":"2026-03-31T09:14:00+00:00","og_image":[{"url":"https:\/\/bewehrungen-staging2.wp2.what-sites.digital\/wp-content\/uploads\/2025\/11\/umwelt-bewetec.jpg","type":"","width":"","height":""}],"twitter_card":"summary_large_image","schema":{"@context":"https:\/\/schema.org","@graph":[{"@type":"WebPage","@id":"https:\/\/bewehrungen.ch\/it\/storia\/","url":"https:\/\/bewehrungen.ch\/it\/storia\/","name":"Storia - Bewehrungen","isPartOf":{"@id":"https:\/\/bewehrungen.ch\/it\/#website"},"primaryImageOfPage":{"@id":"https:\/\/bewehrungen.ch\/it\/storia\/#primaryimage"},"image":{"@id":"https:\/\/bewehrungen.ch\/it\/storia\/#primaryimage"},"thumbnailUrl":"https:\/\/bewehrungen-staging2.wp2.what-sites.digital\/wp-content\/uploads\/2025\/11\/umwelt-bewetec.jpg","datePublished":"2026-03-31T09:13:59+00:00","dateModified":"2026-03-31T09:14:00+00:00","breadcrumb":{"@id":"https:\/\/bewehrungen.ch\/it\/storia\/#breadcrumb"},"inLanguage":"it-IT","potentialAction":[{"@type":"ReadAction","target":["https:\/\/bewehrungen.ch\/it\/storia\/"]}]},{"@type":"ImageObject","inLanguage":"it-IT","@id":"https:\/\/bewehrungen.ch\/it\/storia\/#primaryimage","url":"https:\/\/bewehrungen-staging2.wp2.what-sites.digital\/wp-content\/uploads\/2025\/11\/umwelt-bewetec.jpg","contentUrl":"https:\/\/bewehrungen-staging2.wp2.what-sites.digital\/wp-content\/uploads\/2025\/11\/umwelt-bewetec.jpg"},{"@type":"BreadcrumbList","@id":"https:\/\/bewehrungen.ch\/it\/storia\/#breadcrumb","itemListElement":[{"@type":"ListItem","position":1,"name":"Home","item":"https:\/\/bewehrungen.ch\/it\/"},{"@type":"ListItem","position":2,"name":"Storia"}]},{"@type":"WebSite","@id":"https:\/\/bewehrungen.ch\/it\/#website","url":"https:\/\/bewehrungen.ch\/it\/","name":"Bewehrungen","description":"Just another WordPress site","publisher":{"@id":"https:\/\/bewehrungen.ch\/it\/#organization"},"potentialAction":[{"@type":"SearchAction","target":{"@type":"EntryPoint","urlTemplate":"https:\/\/bewehrungen.ch\/it\/?s={search_term_string}"},"query-input":{"@type":"PropertyValueSpecification","valueRequired":true,"valueName":"search_term_string"}}],"inLanguage":"it-IT"},{"@type":"Organization","@id":"https:\/\/bewehrungen.ch\/it\/#organization","name":"Bewehrungen","url":"https:\/\/bewehrungen.ch\/it\/","logo":{"@type":"ImageObject","inLanguage":"it-IT","@id":"https:\/\/bewehrungen.ch\/it\/#\/schema\/logo\/image\/","url":"https:\/\/bewehrungen.ch\/wp-content\/uploads\/2025\/12\/DE_DebrunnerBewetec_RGB.png","contentUrl":"https:\/\/bewehrungen.ch\/wp-content\/uploads\/2025\/12\/DE_DebrunnerBewetec_RGB.png","width":2389,"height":542,"caption":"Bewehrungen"},"image":{"@id":"https:\/\/bewehrungen.ch\/it\/#\/schema\/logo\/image\/"}}]}},"_links":{"self":[{"href":"https:\/\/bewehrungen.ch\/it\/wp-json\/wp\/v2\/pages\/71213","targetHints":{"allow":["GET"]}}],"collection":[{"href":"https:\/\/bewehrungen.ch\/it\/wp-json\/wp\/v2\/pages"}],"about":[{"href":"https:\/\/bewehrungen.ch\/it\/wp-json\/wp\/v2\/types\/page"}],"author":[{"embeddable":true,"href":"https:\/\/bewehrungen.ch\/it\/wp-json\/wp\/v2\/users\/10"}],"replies":[{"embeddable":true,"href":"https:\/\/bewehrungen.ch\/it\/wp-json\/wp\/v2\/comments?post=71213"}],"version-history":[{"count":1,"href":"https:\/\/bewehrungen.ch\/it\/wp-json\/wp\/v2\/pages\/71213\/revisions"}],"predecessor-version":[{"id":71214,"href":"https:\/\/bewehrungen.ch\/it\/wp-json\/wp\/v2\/pages\/71213\/revisions\/71214"}],"wp:attachment":[{"href":"https:\/\/bewehrungen.ch\/it\/wp-json\/wp\/v2\/media?parent=71213"}],"curies":[{"name":"wp","href":"https:\/\/api.w.org\/{rel}","templated":true}]}}