{"id":71210,"date":"2026-03-31T09:11:52","date_gmt":"2026-03-31T09:11:52","guid":{"rendered":"https:\/\/bewehrungen.ch\/?page_id=71210"},"modified":"2026-03-31T09:12:26","modified_gmt":"2026-03-31T09:12:26","slug":"fusione-debrunner-acifer-bewehrungen-ag-e-bewetec-ag","status":"publish","type":"page","link":"https:\/\/bewehrungen.ch\/it\/fusione-debrunner-acifer-bewehrungen-ag-e-bewetec-ag\/","title":{"rendered":"Fusione di Debrunner Acifer Bewehrungen AG e BEWETEC AG"},"content":{"rendered":"\n      <p id=\"block_431a1f4b2c603b225cd2cada16749403\" class=\"c-title mt-0 mb-6 lg:mb-17 alignwidetext-left l-block\"  >\n  \n   Fusion Debrunner Acifer Bewehrungen AG und BEWETEC AG<\/p>\n\n\n<div class=\"wp-block-columns is-layout-flex wp-container-core-columns-is-layout-9d6595d7 wp-block-columns-is-layout-flex\">\n<div class=\"wp-block-column is-layout-flow wp-block-column-is-layout-flow\">\n<p>Dalla fusione di Debrunner Acifer Bewehrungen AG e BEWETEC AG il 1\u00b0 gennaio 2026 nasce Debrunner Bewetec. Entrambe le aziende sono da molti anni affermate sul mercato svizzero e sono tra i fornitori leader nel settore delle armature. La fusione consolida le loro competenze e offre una piattaforma pi\u00f9 solida per il futuro. La direzione aziendale di Debrunner Bewetec viene assunta da Andreas Wild, che ricopre questa funzione oltre al suo ruolo di responsabile del settore Armature e di membro della direzione del gruppo Debrunner Koenig AG. La direzione aziendale conta ora due nuovi membri: Michel Schafroth, responsabile della produzione e membro della direzione di BEWETEC AG, e David Felder, direttore di Debrunner Acifer Bewehrungen AG.<\/p>\n<\/div>\n\n\n\n<div class=\"wp-block-column is-layout-flow wp-block-column-is-layout-flow\">\n<figure class=\"wp-block-image size-large\"><img loading=\"lazy\" decoding=\"async\" width=\"1024\" height=\"540\" src=\"https:\/\/bewehrungen.ch\/wp-content\/uploads\/2025\/09\/4K_DBW-1024x540.jpg\" alt=\"\" class=\"wp-image-63088\" srcset=\"https:\/\/bewehrungen.ch\/wp-content\/uploads\/2025\/09\/4K_DBW-1024x540.jpg 1024w, https:\/\/bewehrungen.ch\/wp-content\/uploads\/2025\/09\/4K_DBW-300x158.jpg 300w, https:\/\/bewehrungen.ch\/wp-content\/uploads\/2025\/09\/4K_DBW-768x405.jpg 768w, https:\/\/bewehrungen.ch\/wp-content\/uploads\/2025\/09\/4K_DBW-436x230.jpg 436w, https:\/\/bewehrungen.ch\/wp-content\/uploads\/2025\/09\/4K_DBW-550x290.jpg 550w, https:\/\/bewehrungen.ch\/wp-content\/uploads\/2025\/09\/4K_DBW.jpg 1280w\" sizes=\"auto, (max-width: 1024px) 100vw, 1024px\" \/><\/figure>\n<\/div>\n<\/div>\n\n\n\n<div class=\"wp-block-columns is-layout-flex wp-container-core-columns-is-layout-9d6595d7 wp-block-columns-is-layout-flex\">\n<div class=\"wp-block-column is-layout-flow wp-block-column-is-layout-flow\">\n<figure class=\"wp-block-image size-large\"><img loading=\"lazy\" decoding=\"async\" width=\"1024\" height=\"148\" src=\"https:\/\/bewehrungen.ch\/wp-content\/uploads\/2025\/09\/DE_DebrunnerBewehrungstechnik_RGB-1024x148.png\" alt=\"\" class=\"wp-image-63090\" srcset=\"https:\/\/bewehrungen.ch\/wp-content\/uploads\/2025\/09\/DE_DebrunnerBewehrungstechnik_RGB-1024x148.png 1024w, https:\/\/bewehrungen.ch\/wp-content\/uploads\/2025\/09\/DE_DebrunnerBewehrungstechnik_RGB-300x43.png 300w, https:\/\/bewehrungen.ch\/wp-content\/uploads\/2025\/09\/DE_DebrunnerBewehrungstechnik_RGB-768x111.png 768w, https:\/\/bewehrungen.ch\/wp-content\/uploads\/2025\/09\/DE_DebrunnerBewehrungstechnik_RGB-1536x221.png 1536w, https:\/\/bewehrungen.ch\/wp-content\/uploads\/2025\/09\/DE_DebrunnerBewehrungstechnik_RGB-2048x295.png 2048w, https:\/\/bewehrungen.ch\/wp-content\/uploads\/2025\/09\/DE_DebrunnerBewehrungstechnik_RGB-436x63.png 436w, https:\/\/bewehrungen.ch\/wp-content\/uploads\/2025\/09\/DE_DebrunnerBewehrungstechnik_RGB-550x79.png 550w\" sizes=\"auto, (max-width: 1024px) 100vw, 1024px\" \/><\/figure>\n<\/div>\n\n\n\n<div class=\"wp-block-column is-layout-flow wp-block-column-is-layout-flow\">\n<p><strong>Il settore Tecnica d&#8217;armatura diventa un&#8217;azienda indipendente<\/strong><\/p>\n\n\n\n<p>Il 1\u00b0 ottobre 2025 la divisione Tecnica d&#8217;armatura, che oggi appartiene a Debrunner Acifer Bewehrungen AG, diventa un&#8217;entit\u00e0 legale indipendente.<\/p>\n\n\n\n<p>La nuova Debrunner Bewehrungstechnik AG pu\u00f2 quindi espandersi strategicamente come entit\u00e0 autonoma e ampliare il suo assortimento di alta qualit\u00e0 e le sue competenze ingegneristiche nella consulenza.<\/p>\n\n\n\n<p>Il precedente caporeparto, Pirmin Schuler, \u00e8 il direttore di Debrunner Bewehrungstechnik AG.<\/p>\n<\/div>\n<\/div>\n","protected":false},"excerpt":{"rendered":"<p>Dalla fusione di Debrunner Acifer Bewehrungen AG e BEWETEC AG il 1\u00b0 gennaio 2026 nasce Debrunner Bewetec. Entrambe le aziende sono da molti anni affermate sul mercato svizzero e sono tra i fornitori leader nel settore delle armature. La fusione consolida le loro competenze e offre una piattaforma pi\u00f9 solida per il futuro. La direzione [&hellip;]<\/p>\n","protected":false},"author":10,"featured_media":0,"parent":0,"menu_order":0,"comment_status":"closed","ping_status":"closed","template":"","meta":{"_acf_changed":false,"footnotes":""},"class_list":["post-71210","page","type-page","status-publish",""],"acf":[],"_links":{"self":[{"href":"https:\/\/bewehrungen.ch\/it\/wp-json\/wp\/v2\/pages\/71210","targetHints":{"allow":["GET"]}}],"collection":[{"href":"https:\/\/bewehrungen.ch\/it\/wp-json\/wp\/v2\/pages"}],"about":[{"href":"https:\/\/bewehrungen.ch\/it\/wp-json\/wp\/v2\/types\/page"}],"author":[{"embeddable":true,"href":"https:\/\/bewehrungen.ch\/it\/wp-json\/wp\/v2\/users\/10"}],"replies":[{"embeddable":true,"href":"https:\/\/bewehrungen.ch\/it\/wp-json\/wp\/v2\/comments?post=71210"}],"version-history":[{"count":2,"href":"https:\/\/bewehrungen.ch\/it\/wp-json\/wp\/v2\/pages\/71210\/revisions"}],"predecessor-version":[{"id":71212,"href":"https:\/\/bewehrungen.ch\/it\/wp-json\/wp\/v2\/pages\/71210\/revisions\/71212"}],"wp:attachment":[{"href":"https:\/\/bewehrungen.ch\/it\/wp-json\/wp\/v2\/media?parent=71210"}],"curies":[{"name":"wp","href":"https:\/\/api.w.org\/{rel}","templated":true}]}}