{"id":66926,"date":"2025-11-22T09:43:42","date_gmt":"2025-11-22T09:43:42","guid":{"rendered":"https:\/\/bewehrungen.ch\/?post_type=product&#038;p=66926"},"modified":"2026-01-29T14:49:34","modified_gmt":"2026-01-29T14:49:34","slug":"consoles-isolantes-acinoxplus","status":"publish","type":"product","link":"https:\/\/bewehrungen.ch\/fr\/product\/consoles-isolantes-acinoxplus\/","title":{"rendered":"Consoles isolantes ACINOXplus\u00ae"},"featured_media":66931,"menu_order":10,"template":"","product_category":[5874],"class_list":["post-66926","product","type-product","status-publish","has-post-thumbnail","","product_category-technique-darmature"],"acf":[],"yoast_head":"<!-- This site is optimized with the Yoast SEO plugin v27.3 - https:\/\/yoast.com\/product\/yoast-seo-wordpress\/ -->\n<title>Consoles isolantes ACINOXplus\u00ae - Bewehrungen<\/title>\n<meta name=\"robots\" content=\"index, follow, max-snippet:-1, max-image-preview:large, max-video-preview:-1\" \/>\n<link rel=\"canonical\" href=\"https:\/\/bewehrungen.ch\/fr\/product\/consoles-isolantes-acinoxplus\/\" \/>\n<meta property=\"og:locale\" content=\"fr_FR\" \/>\n<meta property=\"og:type\" content=\"article\" \/>\n<meta property=\"og:title\" content=\"Consoles isolantes ACINOXplus\u00ae - Bewehrungen\" \/>\n<meta property=\"og:url\" content=\"https:\/\/bewehrungen.ch\/fr\/product\/consoles-isolantes-acinoxplus\/\" \/>\n<meta property=\"og:site_name\" content=\"Bewehrungen\" \/>\n<meta property=\"article:modified_time\" content=\"2026-01-29T14:49:34+00:00\" \/>\n<meta property=\"og:image\" content=\"https:\/\/bewehrungen.ch\/wp-content\/uploads\/2021\/05\/ACINOXplus-1024x695-1.jpg\" \/>\n\t<meta property=\"og:image:width\" content=\"1024\" \/>\n\t<meta property=\"og:image:height\" content=\"695\" \/>\n\t<meta property=\"og:image:type\" content=\"image\/jpeg\" \/>\n<meta name=\"twitter:card\" content=\"summary_large_image\" \/>\n<script type=\"application\/ld+json\" class=\"yoast-schema-graph\">{\"@context\":\"https:\\\/\\\/schema.org\",\"@graph\":[{\"@type\":\"WebPage\",\"@id\":\"https:\\\/\\\/bewehrungen.ch\\\/fr\\\/product\\\/consoles-isolantes-acinoxplus\\\/\",\"url\":\"https:\\\/\\\/bewehrungen.ch\\\/fr\\\/product\\\/consoles-isolantes-acinoxplus\\\/\",\"name\":\"Consoles isolantes ACINOXplus\u00ae - Bewehrungen\",\"isPartOf\":{\"@id\":\"https:\\\/\\\/bewehrungen.ch\\\/fr\\\/#website\"},\"primaryImageOfPage\":{\"@id\":\"https:\\\/\\\/bewehrungen.ch\\\/fr\\\/product\\\/consoles-isolantes-acinoxplus\\\/#primaryimage\"},\"image\":{\"@id\":\"https:\\\/\\\/bewehrungen.ch\\\/fr\\\/product\\\/consoles-isolantes-acinoxplus\\\/#primaryimage\"},\"thumbnailUrl\":\"https:\\\/\\\/bewehrungen.ch\\\/wp-content\\\/uploads\\\/2021\\\/05\\\/ACINOXplus-1024x695-1.jpg\",\"datePublished\":\"2025-11-22T09:43:42+00:00\",\"dateModified\":\"2026-01-29T14:49:34+00:00\",\"breadcrumb\":{\"@id\":\"https:\\\/\\\/bewehrungen.ch\\\/fr\\\/product\\\/consoles-isolantes-acinoxplus\\\/#breadcrumb\"},\"inLanguage\":\"fr-FR\",\"potentialAction\":[{\"@type\":\"ReadAction\",\"target\":[\"https:\\\/\\\/bewehrungen.ch\\\/fr\\\/product\\\/consoles-isolantes-acinoxplus\\\/\"]}]},{\"@type\":\"ImageObject\",\"inLanguage\":\"fr-FR\",\"@id\":\"https:\\\/\\\/bewehrungen.ch\\\/fr\\\/product\\\/consoles-isolantes-acinoxplus\\\/#primaryimage\",\"url\":\"https:\\\/\\\/bewehrungen.ch\\\/wp-content\\\/uploads\\\/2021\\\/05\\\/ACINOXplus-1024x695-1.jpg\",\"contentUrl\":\"https:\\\/\\\/bewehrungen.ch\\\/wp-content\\\/uploads\\\/2021\\\/05\\\/ACINOXplus-1024x695-1.jpg\",\"width\":1024,\"height\":695},{\"@type\":\"BreadcrumbList\",\"@id\":\"https:\\\/\\\/bewehrungen.ch\\\/fr\\\/product\\\/consoles-isolantes-acinoxplus\\\/#breadcrumb\",\"itemListElement\":[{\"@type\":\"ListItem\",\"position\":1,\"name\":\"Home\",\"item\":\"https:\\\/\\\/bewehrungen.ch\\\/fr\\\/\"},{\"@type\":\"ListItem\",\"position\":2,\"name\":\"Produits\",\"item\":\"https:\\\/\\\/bewehrungen.ch\\\/fr\\\/products\\\/\"},{\"@type\":\"ListItem\",\"position\":3,\"name\":\"Consoles isolantes ACINOXplus\u00ae\"}]},{\"@type\":\"WebSite\",\"@id\":\"https:\\\/\\\/bewehrungen.ch\\\/fr\\\/#website\",\"url\":\"https:\\\/\\\/bewehrungen.ch\\\/fr\\\/\",\"name\":\"Bewehrungen\",\"description\":\"Just another WordPress site\",\"publisher\":{\"@id\":\"https:\\\/\\\/bewehrungen.ch\\\/fr\\\/#organization\"},\"potentialAction\":[{\"@type\":\"SearchAction\",\"target\":{\"@type\":\"EntryPoint\",\"urlTemplate\":\"https:\\\/\\\/bewehrungen.ch\\\/fr\\\/?s={search_term_string}\"},\"query-input\":{\"@type\":\"PropertyValueSpecification\",\"valueRequired\":true,\"valueName\":\"search_term_string\"}}],\"inLanguage\":\"fr-FR\"},{\"@type\":\"Organization\",\"@id\":\"https:\\\/\\\/bewehrungen.ch\\\/fr\\\/#organization\",\"name\":\"Bewehrungen\",\"url\":\"https:\\\/\\\/bewehrungen.ch\\\/fr\\\/\",\"logo\":{\"@type\":\"ImageObject\",\"inLanguage\":\"fr-FR\",\"@id\":\"https:\\\/\\\/bewehrungen.ch\\\/fr\\\/#\\\/schema\\\/logo\\\/image\\\/\",\"url\":\"https:\\\/\\\/bewehrungen.ch\\\/wp-content\\\/uploads\\\/2025\\\/12\\\/DE_DebrunnerBewetec_RGB.png\",\"contentUrl\":\"https:\\\/\\\/bewehrungen.ch\\\/wp-content\\\/uploads\\\/2025\\\/12\\\/DE_DebrunnerBewetec_RGB.png\",\"width\":2389,\"height\":542,\"caption\":\"Bewehrungen\"},\"image\":{\"@id\":\"https:\\\/\\\/bewehrungen.ch\\\/fr\\\/#\\\/schema\\\/logo\\\/image\\\/\"}}]}<\/script>\n<!-- \/ Yoast SEO plugin. -->","yoast_head_json":{"title":"Consoles isolantes ACINOXplus\u00ae - Bewehrungen","robots":{"index":"index","follow":"follow","max-snippet":"max-snippet:-1","max-image-preview":"max-image-preview:large","max-video-preview":"max-video-preview:-1"},"canonical":"https:\/\/bewehrungen.ch\/fr\/product\/consoles-isolantes-acinoxplus\/","og_locale":"fr_FR","og_type":"article","og_title":"Consoles isolantes ACINOXplus\u00ae - Bewehrungen","og_url":"https:\/\/bewehrungen.ch\/fr\/product\/consoles-isolantes-acinoxplus\/","og_site_name":"Bewehrungen","article_modified_time":"2026-01-29T14:49:34+00:00","og_image":[{"width":1024,"height":695,"url":"https:\/\/bewehrungen.ch\/wp-content\/uploads\/2021\/05\/ACINOXplus-1024x695-1.jpg","type":"image\/jpeg"}],"twitter_card":"summary_large_image","schema":{"@context":"https:\/\/schema.org","@graph":[{"@type":"WebPage","@id":"https:\/\/bewehrungen.ch\/fr\/product\/consoles-isolantes-acinoxplus\/","url":"https:\/\/bewehrungen.ch\/fr\/product\/consoles-isolantes-acinoxplus\/","name":"Consoles isolantes ACINOXplus\u00ae - Bewehrungen","isPartOf":{"@id":"https:\/\/bewehrungen.ch\/fr\/#website"},"primaryImageOfPage":{"@id":"https:\/\/bewehrungen.ch\/fr\/product\/consoles-isolantes-acinoxplus\/#primaryimage"},"image":{"@id":"https:\/\/bewehrungen.ch\/fr\/product\/consoles-isolantes-acinoxplus\/#primaryimage"},"thumbnailUrl":"https:\/\/bewehrungen.ch\/wp-content\/uploads\/2021\/05\/ACINOXplus-1024x695-1.jpg","datePublished":"2025-11-22T09:43:42+00:00","dateModified":"2026-01-29T14:49:34+00:00","breadcrumb":{"@id":"https:\/\/bewehrungen.ch\/fr\/product\/consoles-isolantes-acinoxplus\/#breadcrumb"},"inLanguage":"fr-FR","potentialAction":[{"@type":"ReadAction","target":["https:\/\/bewehrungen.ch\/fr\/product\/consoles-isolantes-acinoxplus\/"]}]},{"@type":"ImageObject","inLanguage":"fr-FR","@id":"https:\/\/bewehrungen.ch\/fr\/product\/consoles-isolantes-acinoxplus\/#primaryimage","url":"https:\/\/bewehrungen.ch\/wp-content\/uploads\/2021\/05\/ACINOXplus-1024x695-1.jpg","contentUrl":"https:\/\/bewehrungen.ch\/wp-content\/uploads\/2021\/05\/ACINOXplus-1024x695-1.jpg","width":1024,"height":695},{"@type":"BreadcrumbList","@id":"https:\/\/bewehrungen.ch\/fr\/product\/consoles-isolantes-acinoxplus\/#breadcrumb","itemListElement":[{"@type":"ListItem","position":1,"name":"Home","item":"https:\/\/bewehrungen.ch\/fr\/"},{"@type":"ListItem","position":2,"name":"Produits","item":"https:\/\/bewehrungen.ch\/fr\/products\/"},{"@type":"ListItem","position":3,"name":"Consoles isolantes ACINOXplus\u00ae"}]},{"@type":"WebSite","@id":"https:\/\/bewehrungen.ch\/fr\/#website","url":"https:\/\/bewehrungen.ch\/fr\/","name":"Bewehrungen","description":"Just another WordPress site","publisher":{"@id":"https:\/\/bewehrungen.ch\/fr\/#organization"},"potentialAction":[{"@type":"SearchAction","target":{"@type":"EntryPoint","urlTemplate":"https:\/\/bewehrungen.ch\/fr\/?s={search_term_string}"},"query-input":{"@type":"PropertyValueSpecification","valueRequired":true,"valueName":"search_term_string"}}],"inLanguage":"fr-FR"},{"@type":"Organization","@id":"https:\/\/bewehrungen.ch\/fr\/#organization","name":"Bewehrungen","url":"https:\/\/bewehrungen.ch\/fr\/","logo":{"@type":"ImageObject","inLanguage":"fr-FR","@id":"https:\/\/bewehrungen.ch\/fr\/#\/schema\/logo\/image\/","url":"https:\/\/bewehrungen.ch\/wp-content\/uploads\/2025\/12\/DE_DebrunnerBewetec_RGB.png","contentUrl":"https:\/\/bewehrungen.ch\/wp-content\/uploads\/2025\/12\/DE_DebrunnerBewetec_RGB.png","width":2389,"height":542,"caption":"Bewehrungen"},"image":{"@id":"https:\/\/bewehrungen.ch\/fr\/#\/schema\/logo\/image\/"}}]}},"deac_custom_fields":{"page_color_variation":"default","product":{"brand":"ACINOXplus\u00ae","name":"Consoles isolantes"},"highlight_box":{"title":"Construire sans ponts thermiques","subtitle":"La bonne solution pour chaque situation de connexion. ACINOXplus\u00ae - pour une s\u00e9curit\u00e9 et une durabilit\u00e9 maximales, et pas seulement pour les balcons.","text":"<ul>\n<li>Engineering et production suisse, certifi\u00e9e ISO<\/li>\n<li>Haute r\u00e9sistance \u00e0 la corrosion<\/li>\n<li>Construction tr\u00e8s rigide gr\u00e2ce aux plaques<\/li>\n<li>R\u00e9sistance au feu REI 120<\/li>\n<li>G\u00e9om\u00e9trie variable des \u00e9l\u00e9ments et r\u00e9alisations sur mesure<\/li>\n<\/ul>\n","media_type":"image","image":{"medium":"<img width=\"300\" height=\"204\" src=\"https:\/\/bewehrungen.ch\/wp-content\/uploads\/2021\/05\/ACINOXplus-1024x695-1-300x204.jpg\" class=\"%s\" alt=\"\" decoding=\"async\" loading=\"lazy\" srcset=\"https:\/\/bewehrungen.ch\/wp-content\/uploads\/2021\/05\/ACINOXplus-1024x695-1-300x204.jpg 300w, https:\/\/bewehrungen.ch\/wp-content\/uploads\/2021\/05\/ACINOXplus-1024x695-1-768x521.jpg 768w, https:\/\/bewehrungen.ch\/wp-content\/uploads\/2021\/05\/ACINOXplus-1024x695-1-436x296.jpg 436w, https:\/\/bewehrungen.ch\/wp-content\/uploads\/2021\/05\/ACINOXplus-1024x695-1-550x373.jpg 550w, https:\/\/bewehrungen.ch\/wp-content\/uploads\/2021\/05\/ACINOXplus-1024x695-1.jpg 1024w\" sizes=\"auto, (max-width: 300px) 100vw, 300px\" \/>","medium_large":"<img width=\"768\" height=\"521\" src=\"https:\/\/bewehrungen.ch\/wp-content\/uploads\/2021\/05\/ACINOXplus-1024x695-1-768x521.jpg\" class=\"%s\" alt=\"\" decoding=\"async\" loading=\"lazy\" srcset=\"https:\/\/bewehrungen.ch\/wp-content\/uploads\/2021\/05\/ACINOXplus-1024x695-1-768x521.jpg 768w, https:\/\/bewehrungen.ch\/wp-content\/uploads\/2021\/05\/ACINOXplus-1024x695-1-300x204.jpg 300w, https:\/\/bewehrungen.ch\/wp-content\/uploads\/2021\/05\/ACINOXplus-1024x695-1-436x296.jpg 436w, https:\/\/bewehrungen.ch\/wp-content\/uploads\/2021\/05\/ACINOXplus-1024x695-1-550x373.jpg 550w, https:\/\/bewehrungen.ch\/wp-content\/uploads\/2021\/05\/ACINOXplus-1024x695-1.jpg 1024w\" sizes=\"auto, (max-width: 768px) 100vw, 768px\" \/>","large":"<img width=\"1024\" height=\"695\" src=\"https:\/\/bewehrungen.ch\/wp-content\/uploads\/2021\/05\/ACINOXplus-1024x695-1.jpg\" class=\"%s\" alt=\"\" decoding=\"async\" loading=\"lazy\" srcset=\"https:\/\/bewehrungen.ch\/wp-content\/uploads\/2021\/05\/ACINOXplus-1024x695-1.jpg 1024w, https:\/\/bewehrungen.ch\/wp-content\/uploads\/2021\/05\/ACINOXplus-1024x695-1-300x204.jpg 300w, https:\/\/bewehrungen.ch\/wp-content\/uploads\/2021\/05\/ACINOXplus-1024x695-1-768x521.jpg 768w, https:\/\/bewehrungen.ch\/wp-content\/uploads\/2021\/05\/ACINOXplus-1024x695-1-436x296.jpg 436w, https:\/\/bewehrungen.ch\/wp-content\/uploads\/2021\/05\/ACINOXplus-1024x695-1-550x373.jpg 550w\" sizes=\"auto, (max-width: 1024px) 100vw, 1024px\" \/>","full":"<img width=\"1024\" height=\"695\" src=\"https:\/\/bewehrungen.ch\/wp-content\/uploads\/2021\/05\/ACINOXplus-1024x695-1.jpg\" class=\"%s\" alt=\"\" decoding=\"async\" loading=\"lazy\" srcset=\"https:\/\/bewehrungen.ch\/wp-content\/uploads\/2021\/05\/ACINOXplus-1024x695-1.jpg 1024w, https:\/\/bewehrungen.ch\/wp-content\/uploads\/2021\/05\/ACINOXplus-1024x695-1-300x204.jpg 300w, https:\/\/bewehrungen.ch\/wp-content\/uploads\/2021\/05\/ACINOXplus-1024x695-1-768x521.jpg 768w, https:\/\/bewehrungen.ch\/wp-content\/uploads\/2021\/05\/ACINOXplus-1024x695-1-436x296.jpg 436w, https:\/\/bewehrungen.ch\/wp-content\/uploads\/2021\/05\/ACINOXplus-1024x695-1-550x373.jpg 550w\" sizes=\"auto, (max-width: 1024px) 100vw, 1024px\" \/>"},"video_list":[{"video_poster":66927,"youtube_link":"https:\/\/www.youtube.com\/watch?v=c-90wkY6vSU","_video_poster_meta":["https:\/\/bewehrungen.ch\/wp-content\/uploads\/2025\/10\/ACINOXplus-7.jpg",1920,1304,false]},{"video_poster":66928,"youtube_link":"https:\/\/www.youtube.com\/watch?v=nOyABnBNA6g","_video_poster_meta":["https:\/\/bewehrungen.ch\/wp-content\/uploads\/2025\/10\/KKV-1-7.png",1280,720,false]},{"video_poster":66929,"youtube_link":"https:\/\/www.youtube.com\/watch?v=UXmLeu4Z5Ws","_video_poster_meta":["https:\/\/bewehrungen.ch\/wp-content\/uploads\/2025\/10\/QQV-1-7.png",1280,720,false]},{"video_poster":66930,"youtube_link":"https:\/\/www.youtube.com\/watch?v=qOxjrxIFPtA","_video_poster_meta":["https:\/\/bewehrungen.ch\/wp-content\/uploads\/2025\/10\/UX-7.png",1280,720,false]}]},"downloads":[67281,67499,67299,67577,67367,67508,67502,67505,67538,67644],"description":[{"title":"Engineering et production suisse, certifi\u00e9e ISO","text":"<p>La plus haute qualit\u00e9 et des d\u00e9lais de livraison courts gr\u00e2ce \u00e0 notre production en Suisse. Des ex\u00e9cutions sp\u00e9ciales sont \u00e9galement livrables \u00e0 court terme. Notre \u00e9quipe d&rsquo;ing\u00e9nieurs vous assiste avec un service de dimensionnement gratuit et des conseils comp\u00e9tents.<\/p>\n"},{"title":"Haute r\u00e9sistance \u00e0 la corrosion","text":"<p>L\u2019enti\u00e8re construction en acier inoxydable duplex garantit une haute durabilit\u00e9. La r\u00e9sistance \u00e0 la corrosion est soumise \u00e0 des contr\u00f4les internes et externes permanent.<\/p>\n"},{"title":"Construction tr\u00e8s rigide gr\u00e2ce aux plaques","text":"<p>Les \u00e9l\u00e9ments porteurs brevet\u00e9 avec plaque d\u2019effort tranchant, qui sont ancr\u00e9es dans le b\u00e9ton, offrent une des plus haute rigidit\u00e9 du march\u00e9. En particulier avec des balcons \u00e0 grand porte-\u00e0-faux, ACINOXplus\u00ae r\u00e9duit sensiblement les oscillations. Cette caract\u00e9ristique a \u00e9t\u00e9 attest\u00e9e par des essais sur site.<\/p>\n"},{"title":"La plus haute s\u00e9curit\u00e9 en cas d\u2019incendie","text":"<p>La r\u00e9sistance au feu REI 120 pour l\u2019assortiment standard avec laine de roche a \u00e9t\u00e9 confirm\u00e9e par des essais normalis\u00e9s et par l\u2019introduction au registre de l\u2019AEAI.<\/p>\n"},{"title":"G\u00e9ometrie variable ","text":"<p>ACINOXplus\u00ae est gage de flexibilit\u00e9 maximale lors de la planification. Une quasi libert\u00e9 de choix de la longueur des \u00e9l\u00e9ments, un isolant en diff\u00e9rentes mati\u00e8res et en diff\u00e9rentes \u00e9paisseurs, tout comme des sur\u00e9paisseurs d\u2019isolant sans frais permettent une solution adapt\u00e9e \u00e0 chaque chantier.<\/p>\n"}]},"deac_featured_media":{"medium":"<img width=\"300\" height=\"204\" src=\"https:\/\/bewehrungen.ch\/wp-content\/uploads\/2021\/05\/ACINOXplus-1024x695-1-300x204.jpg\" class=\"%s\" alt=\"\" decoding=\"async\" loading=\"lazy\" srcset=\"https:\/\/bewehrungen.ch\/wp-content\/uploads\/2021\/05\/ACINOXplus-1024x695-1-300x204.jpg 300w, https:\/\/bewehrungen.ch\/wp-content\/uploads\/2021\/05\/ACINOXplus-1024x695-1-768x521.jpg 768w, https:\/\/bewehrungen.ch\/wp-content\/uploads\/2021\/05\/ACINOXplus-1024x695-1-436x296.jpg 436w, https:\/\/bewehrungen.ch\/wp-content\/uploads\/2021\/05\/ACINOXplus-1024x695-1-550x373.jpg 550w, https:\/\/bewehrungen.ch\/wp-content\/uploads\/2021\/05\/ACINOXplus-1024x695-1.jpg 1024w\" sizes=\"auto, (max-width: 300px) 100vw, 300px\" \/>","medium_large":"<img width=\"768\" height=\"521\" src=\"https:\/\/bewehrungen.ch\/wp-content\/uploads\/2021\/05\/ACINOXplus-1024x695-1-768x521.jpg\" class=\"%s\" alt=\"\" decoding=\"async\" loading=\"lazy\" srcset=\"https:\/\/bewehrungen.ch\/wp-content\/uploads\/2021\/05\/ACINOXplus-1024x695-1-768x521.jpg 768w, https:\/\/bewehrungen.ch\/wp-content\/uploads\/2021\/05\/ACINOXplus-1024x695-1-300x204.jpg 300w, https:\/\/bewehrungen.ch\/wp-content\/uploads\/2021\/05\/ACINOXplus-1024x695-1-436x296.jpg 436w, https:\/\/bewehrungen.ch\/wp-content\/uploads\/2021\/05\/ACINOXplus-1024x695-1-550x373.jpg 550w, https:\/\/bewehrungen.ch\/wp-content\/uploads\/2021\/05\/ACINOXplus-1024x695-1.jpg 1024w\" sizes=\"auto, (max-width: 768px) 100vw, 768px\" \/>","large":"<img width=\"1024\" height=\"695\" src=\"https:\/\/bewehrungen.ch\/wp-content\/uploads\/2021\/05\/ACINOXplus-1024x695-1.jpg\" class=\"%s\" alt=\"\" decoding=\"async\" loading=\"lazy\" srcset=\"https:\/\/bewehrungen.ch\/wp-content\/uploads\/2021\/05\/ACINOXplus-1024x695-1.jpg 1024w, https:\/\/bewehrungen.ch\/wp-content\/uploads\/2021\/05\/ACINOXplus-1024x695-1-300x204.jpg 300w, https:\/\/bewehrungen.ch\/wp-content\/uploads\/2021\/05\/ACINOXplus-1024x695-1-768x521.jpg 768w, https:\/\/bewehrungen.ch\/wp-content\/uploads\/2021\/05\/ACINOXplus-1024x695-1-436x296.jpg 436w, https:\/\/bewehrungen.ch\/wp-content\/uploads\/2021\/05\/ACINOXplus-1024x695-1-550x373.jpg 550w\" sizes=\"auto, (max-width: 1024px) 100vw, 1024px\" \/>","full":"<img width=\"1024\" height=\"695\" src=\"https:\/\/bewehrungen.ch\/wp-content\/uploads\/2021\/05\/ACINOXplus-1024x695-1.jpg\" class=\"%s\" alt=\"\" decoding=\"async\" loading=\"lazy\" srcset=\"https:\/\/bewehrungen.ch\/wp-content\/uploads\/2021\/05\/ACINOXplus-1024x695-1.jpg 1024w, https:\/\/bewehrungen.ch\/wp-content\/uploads\/2021\/05\/ACINOXplus-1024x695-1-300x204.jpg 300w, https:\/\/bewehrungen.ch\/wp-content\/uploads\/2021\/05\/ACINOXplus-1024x695-1-768x521.jpg 768w, https:\/\/bewehrungen.ch\/wp-content\/uploads\/2021\/05\/ACINOXplus-1024x695-1-436x296.jpg 436w, https:\/\/bewehrungen.ch\/wp-content\/uploads\/2021\/05\/ACINOXplus-1024x695-1-550x373.jpg 550w\" sizes=\"auto, (max-width: 1024px) 100vw, 1024px\" \/>"},"_links":{"self":[{"href":"https:\/\/bewehrungen.ch\/fr\/wp-json\/wp\/v2\/product\/66926","targetHints":{"allow":["GET"]}}],"collection":[{"href":"https:\/\/bewehrungen.ch\/fr\/wp-json\/wp\/v2\/product"}],"about":[{"href":"https:\/\/bewehrungen.ch\/fr\/wp-json\/wp\/v2\/types\/product"}],"wp:featuredmedia":[{"embeddable":true,"href":"https:\/\/bewehrungen.ch\/fr\/wp-json\/wp\/v2\/media\/66931"}],"wp:attachment":[{"href":"https:\/\/bewehrungen.ch\/fr\/wp-json\/wp\/v2\/media?parent=66926"}],"wp:term":[{"taxonomy":"product_category","embeddable":true,"href":"https:\/\/bewehrungen.ch\/fr\/wp-json\/wp\/v2\/product_category?post=66926"}],"curies":[{"name":"wp","href":"https:\/\/api.w.org\/{rel}","templated":true}]}}