{"id":66915,"date":"2025-11-22T09:39:11","date_gmt":"2025-11-22T09:39:11","guid":{"rendered":"https:\/\/bewehrungen.ch\/?post_type=product&#038;p=66915"},"modified":"2025-11-22T19:07:20","modified_gmt":"2025-11-22T19:07:20","slug":"liaisons-darmature-par-filetage-bartec-pour-beton-arme","status":"publish","type":"product","link":"https:\/\/bewehrungen.ch\/fr\/product\/liaisons-darmature-par-filetage-bartec-pour-beton-arme\/","title":{"rendered":"Liaisons d\u2019armature par filetage BARTEC\u00ae pour b\u00e9ton arm\u00e9"},"featured_media":66919,"menu_order":20,"template":"","product_category":[5874],"class_list":["post-66915","product","type-product","status-publish","has-post-thumbnail","","product_category-technique-darmature"],"acf":[],"yoast_head":"<!-- This site is optimized with the Yoast SEO plugin v27.3 - https:\/\/yoast.com\/product\/yoast-seo-wordpress\/ -->\n<title>Liaisons d\u2019armature par filetage BARTEC\u00ae pour b\u00e9ton arm\u00e9 - Bewehrungen<\/title>\n<meta name=\"robots\" content=\"index, follow, max-snippet:-1, max-image-preview:large, max-video-preview:-1\" \/>\n<link rel=\"canonical\" href=\"https:\/\/bewehrungen.ch\/fr\/product\/liaisons-darmature-par-filetage-bartec-pour-beton-arme\/\" \/>\n<meta property=\"og:locale\" content=\"fr_FR\" \/>\n<meta property=\"og:type\" content=\"article\" \/>\n<meta property=\"og:title\" content=\"Liaisons d\u2019armature par filetage BARTEC\u00ae pour b\u00e9ton arm\u00e9 - Bewehrungen\" \/>\n<meta property=\"og:url\" content=\"https:\/\/bewehrungen.ch\/fr\/product\/liaisons-darmature-par-filetage-bartec-pour-beton-arme\/\" \/>\n<meta property=\"og:site_name\" content=\"Bewehrungen\" \/>\n<meta property=\"article:modified_time\" content=\"2025-11-22T19:07:20+00:00\" \/>\n<meta property=\"og:image\" content=\"https:\/\/bewehrungen.ch\/wp-content\/uploads\/2021\/05\/BARTEC-1024x683-1.jpg\" \/>\n\t<meta property=\"og:image:width\" content=\"1024\" \/>\n\t<meta property=\"og:image:height\" content=\"683\" \/>\n\t<meta property=\"og:image:type\" content=\"image\/jpeg\" \/>\n<meta name=\"twitter:card\" content=\"summary_large_image\" \/>\n<script type=\"application\/ld+json\" class=\"yoast-schema-graph\">{\"@context\":\"https:\\\/\\\/schema.org\",\"@graph\":[{\"@type\":\"WebPage\",\"@id\":\"https:\\\/\\\/bewehrungen.ch\\\/fr\\\/product\\\/liaisons-darmature-par-filetage-bartec-pour-beton-arme\\\/\",\"url\":\"https:\\\/\\\/bewehrungen.ch\\\/fr\\\/product\\\/liaisons-darmature-par-filetage-bartec-pour-beton-arme\\\/\",\"name\":\"Liaisons d\u2019armature par filetage BARTEC\u00ae pour b\u00e9ton arm\u00e9 - Bewehrungen\",\"isPartOf\":{\"@id\":\"https:\\\/\\\/bewehrungen.ch\\\/fr\\\/#website\"},\"primaryImageOfPage\":{\"@id\":\"https:\\\/\\\/bewehrungen.ch\\\/fr\\\/product\\\/liaisons-darmature-par-filetage-bartec-pour-beton-arme\\\/#primaryimage\"},\"image\":{\"@id\":\"https:\\\/\\\/bewehrungen.ch\\\/fr\\\/product\\\/liaisons-darmature-par-filetage-bartec-pour-beton-arme\\\/#primaryimage\"},\"thumbnailUrl\":\"https:\\\/\\\/bewehrungen.ch\\\/wp-content\\\/uploads\\\/2021\\\/05\\\/BARTEC-1024x683-1.jpg\",\"datePublished\":\"2025-11-22T09:39:11+00:00\",\"dateModified\":\"2025-11-22T19:07:20+00:00\",\"breadcrumb\":{\"@id\":\"https:\\\/\\\/bewehrungen.ch\\\/fr\\\/product\\\/liaisons-darmature-par-filetage-bartec-pour-beton-arme\\\/#breadcrumb\"},\"inLanguage\":\"fr-FR\",\"potentialAction\":[{\"@type\":\"ReadAction\",\"target\":[\"https:\\\/\\\/bewehrungen.ch\\\/fr\\\/product\\\/liaisons-darmature-par-filetage-bartec-pour-beton-arme\\\/\"]}]},{\"@type\":\"ImageObject\",\"inLanguage\":\"fr-FR\",\"@id\":\"https:\\\/\\\/bewehrungen.ch\\\/fr\\\/product\\\/liaisons-darmature-par-filetage-bartec-pour-beton-arme\\\/#primaryimage\",\"url\":\"https:\\\/\\\/bewehrungen.ch\\\/wp-content\\\/uploads\\\/2021\\\/05\\\/BARTEC-1024x683-1.jpg\",\"contentUrl\":\"https:\\\/\\\/bewehrungen.ch\\\/wp-content\\\/uploads\\\/2021\\\/05\\\/BARTEC-1024x683-1.jpg\",\"width\":1024,\"height\":683},{\"@type\":\"BreadcrumbList\",\"@id\":\"https:\\\/\\\/bewehrungen.ch\\\/fr\\\/product\\\/liaisons-darmature-par-filetage-bartec-pour-beton-arme\\\/#breadcrumb\",\"itemListElement\":[{\"@type\":\"ListItem\",\"position\":1,\"name\":\"Home\",\"item\":\"https:\\\/\\\/bewehrungen.ch\\\/fr\\\/\"},{\"@type\":\"ListItem\",\"position\":2,\"name\":\"Produits\",\"item\":\"https:\\\/\\\/bewehrungen.ch\\\/fr\\\/products\\\/\"},{\"@type\":\"ListItem\",\"position\":3,\"name\":\"Liaisons d\u2019armature par filetage BARTEC\u00ae pour b\u00e9ton arm\u00e9\"}]},{\"@type\":\"WebSite\",\"@id\":\"https:\\\/\\\/bewehrungen.ch\\\/fr\\\/#website\",\"url\":\"https:\\\/\\\/bewehrungen.ch\\\/fr\\\/\",\"name\":\"Bewehrungen\",\"description\":\"Just another WordPress site\",\"publisher\":{\"@id\":\"https:\\\/\\\/bewehrungen.ch\\\/fr\\\/#organization\"},\"potentialAction\":[{\"@type\":\"SearchAction\",\"target\":{\"@type\":\"EntryPoint\",\"urlTemplate\":\"https:\\\/\\\/bewehrungen.ch\\\/fr\\\/?s={search_term_string}\"},\"query-input\":{\"@type\":\"PropertyValueSpecification\",\"valueRequired\":true,\"valueName\":\"search_term_string\"}}],\"inLanguage\":\"fr-FR\"},{\"@type\":\"Organization\",\"@id\":\"https:\\\/\\\/bewehrungen.ch\\\/fr\\\/#organization\",\"name\":\"Bewehrungen\",\"url\":\"https:\\\/\\\/bewehrungen.ch\\\/fr\\\/\",\"logo\":{\"@type\":\"ImageObject\",\"inLanguage\":\"fr-FR\",\"@id\":\"https:\\\/\\\/bewehrungen.ch\\\/fr\\\/#\\\/schema\\\/logo\\\/image\\\/\",\"url\":\"https:\\\/\\\/bewehrungen.ch\\\/wp-content\\\/uploads\\\/2025\\\/12\\\/DE_DebrunnerBewetec_RGB.png\",\"contentUrl\":\"https:\\\/\\\/bewehrungen.ch\\\/wp-content\\\/uploads\\\/2025\\\/12\\\/DE_DebrunnerBewetec_RGB.png\",\"width\":2389,\"height\":542,\"caption\":\"Bewehrungen\"},\"image\":{\"@id\":\"https:\\\/\\\/bewehrungen.ch\\\/fr\\\/#\\\/schema\\\/logo\\\/image\\\/\"}}]}<\/script>\n<!-- \/ Yoast SEO plugin. -->","yoast_head_json":{"title":"Liaisons d\u2019armature par filetage BARTEC\u00ae pour b\u00e9ton arm\u00e9 - Bewehrungen","robots":{"index":"index","follow":"follow","max-snippet":"max-snippet:-1","max-image-preview":"max-image-preview:large","max-video-preview":"max-video-preview:-1"},"canonical":"https:\/\/bewehrungen.ch\/fr\/product\/liaisons-darmature-par-filetage-bartec-pour-beton-arme\/","og_locale":"fr_FR","og_type":"article","og_title":"Liaisons d\u2019armature par filetage BARTEC\u00ae pour b\u00e9ton arm\u00e9 - Bewehrungen","og_url":"https:\/\/bewehrungen.ch\/fr\/product\/liaisons-darmature-par-filetage-bartec-pour-beton-arme\/","og_site_name":"Bewehrungen","article_modified_time":"2025-11-22T19:07:20+00:00","og_image":[{"width":1024,"height":683,"url":"https:\/\/bewehrungen.ch\/wp-content\/uploads\/2021\/05\/BARTEC-1024x683-1.jpg","type":"image\/jpeg"}],"twitter_card":"summary_large_image","schema":{"@context":"https:\/\/schema.org","@graph":[{"@type":"WebPage","@id":"https:\/\/bewehrungen.ch\/fr\/product\/liaisons-darmature-par-filetage-bartec-pour-beton-arme\/","url":"https:\/\/bewehrungen.ch\/fr\/product\/liaisons-darmature-par-filetage-bartec-pour-beton-arme\/","name":"Liaisons d\u2019armature par filetage BARTEC\u00ae pour b\u00e9ton arm\u00e9 - Bewehrungen","isPartOf":{"@id":"https:\/\/bewehrungen.ch\/fr\/#website"},"primaryImageOfPage":{"@id":"https:\/\/bewehrungen.ch\/fr\/product\/liaisons-darmature-par-filetage-bartec-pour-beton-arme\/#primaryimage"},"image":{"@id":"https:\/\/bewehrungen.ch\/fr\/product\/liaisons-darmature-par-filetage-bartec-pour-beton-arme\/#primaryimage"},"thumbnailUrl":"https:\/\/bewehrungen.ch\/wp-content\/uploads\/2021\/05\/BARTEC-1024x683-1.jpg","datePublished":"2025-11-22T09:39:11+00:00","dateModified":"2025-11-22T19:07:20+00:00","breadcrumb":{"@id":"https:\/\/bewehrungen.ch\/fr\/product\/liaisons-darmature-par-filetage-bartec-pour-beton-arme\/#breadcrumb"},"inLanguage":"fr-FR","potentialAction":[{"@type":"ReadAction","target":["https:\/\/bewehrungen.ch\/fr\/product\/liaisons-darmature-par-filetage-bartec-pour-beton-arme\/"]}]},{"@type":"ImageObject","inLanguage":"fr-FR","@id":"https:\/\/bewehrungen.ch\/fr\/product\/liaisons-darmature-par-filetage-bartec-pour-beton-arme\/#primaryimage","url":"https:\/\/bewehrungen.ch\/wp-content\/uploads\/2021\/05\/BARTEC-1024x683-1.jpg","contentUrl":"https:\/\/bewehrungen.ch\/wp-content\/uploads\/2021\/05\/BARTEC-1024x683-1.jpg","width":1024,"height":683},{"@type":"BreadcrumbList","@id":"https:\/\/bewehrungen.ch\/fr\/product\/liaisons-darmature-par-filetage-bartec-pour-beton-arme\/#breadcrumb","itemListElement":[{"@type":"ListItem","position":1,"name":"Home","item":"https:\/\/bewehrungen.ch\/fr\/"},{"@type":"ListItem","position":2,"name":"Produits","item":"https:\/\/bewehrungen.ch\/fr\/products\/"},{"@type":"ListItem","position":3,"name":"Liaisons d\u2019armature par filetage BARTEC\u00ae pour b\u00e9ton arm\u00e9"}]},{"@type":"WebSite","@id":"https:\/\/bewehrungen.ch\/fr\/#website","url":"https:\/\/bewehrungen.ch\/fr\/","name":"Bewehrungen","description":"Just another WordPress site","publisher":{"@id":"https:\/\/bewehrungen.ch\/fr\/#organization"},"potentialAction":[{"@type":"SearchAction","target":{"@type":"EntryPoint","urlTemplate":"https:\/\/bewehrungen.ch\/fr\/?s={search_term_string}"},"query-input":{"@type":"PropertyValueSpecification","valueRequired":true,"valueName":"search_term_string"}}],"inLanguage":"fr-FR"},{"@type":"Organization","@id":"https:\/\/bewehrungen.ch\/fr\/#organization","name":"Bewehrungen","url":"https:\/\/bewehrungen.ch\/fr\/","logo":{"@type":"ImageObject","inLanguage":"fr-FR","@id":"https:\/\/bewehrungen.ch\/fr\/#\/schema\/logo\/image\/","url":"https:\/\/bewehrungen.ch\/wp-content\/uploads\/2025\/12\/DE_DebrunnerBewetec_RGB.png","contentUrl":"https:\/\/bewehrungen.ch\/wp-content\/uploads\/2025\/12\/DE_DebrunnerBewetec_RGB.png","width":2389,"height":542,"caption":"Bewehrungen"},"image":{"@id":"https:\/\/bewehrungen.ch\/fr\/#\/schema\/logo\/image\/"}}]}},"deac_custom_fields":{"page_color_variation":"default","product":{"brand":"BARTEC\u00ae","name":"Liaisons d\u2019armature par filetage"},"highlight_box":{"title":"Fabrication suisse innovante d\u2019un produit \u00e9prouv\u00e9 dans le monde entier","subtitle":"Une solution fiable et performante pour la construction en b\u00e9ton arm\u00e9","text":"<p><span style=\"font-weight: 400;\">Les liaisons d\u2019armature par filetage BARTEC\u00ae assurent un raccordement solide et durable des barres d\u2019acier dans toutes les structures en b\u00e9ton arm\u00e9. Qu\u2019il s\u2019agisse de b\u00e2timents, de ponts ou d\u2019ouvrages d\u2019infrastructure, elles garantissent une continuit\u00e9 parfaite de l\u2019armature, m\u00eame dans les zones fortement sollicit\u00e9es ou expos\u00e9es \u00e0 des conditions extr\u00eames.<\/span><\/p>\n<p><span style=\"font-weight: 400;\">Gr\u00e2ce \u00e0 une fabrication suisse certifi\u00e9e et \u00e0 un contr\u00f4le qualit\u00e9 rigoureux, les liaisons BARTEC\u00ae r\u00e9pondent aux exigences les plus \u00e9lev\u00e9es du secteur de la construction.<\/span><\/p>\n<ul>\n<li><span style=\"font-weight: 400;\">S\u00e9curit\u00e9 parasismique<\/span><\/li>\n<li><span style=\"font-weight: 400;\">R\u00e9sistance \u00e0 la fatigue<\/span><\/li>\n<li><span style=\"font-weight: 400;\">BARTEC DYN : Seule liaison par filetage reconnue par les CFF<\/span><\/li>\n<li><span style=\"font-weight: 400;\">AVEC NOUVELLES VALEURS FORTEMENT AUGMENTEES<\/span><\/li>\n<li><span style=\"font-weight: 400;\">BARTEC TOP : Seule liaison par filetage pour acier B700B<\/span><\/li>\n<li><span style=\"font-weight: 400;\">Dimensions de coupleurs tr\u00e8s r\u00e9duites<\/span><\/li>\n<\/ul>\n","media_type":"image","image":{"medium":"<img width=\"300\" height=\"200\" src=\"https:\/\/bewehrungen.ch\/wp-content\/uploads\/2021\/05\/BARTEC-1024x683-1-300x200.jpg\" class=\"%s\" alt=\"\" decoding=\"async\" loading=\"lazy\" srcset=\"https:\/\/bewehrungen.ch\/wp-content\/uploads\/2021\/05\/BARTEC-1024x683-1-300x200.jpg 300w, https:\/\/bewehrungen.ch\/wp-content\/uploads\/2021\/05\/BARTEC-1024x683-1-768x512.jpg 768w, https:\/\/bewehrungen.ch\/wp-content\/uploads\/2021\/05\/BARTEC-1024x683-1-436x291.jpg 436w, https:\/\/bewehrungen.ch\/wp-content\/uploads\/2021\/05\/BARTEC-1024x683-1-550x367.jpg 550w, https:\/\/bewehrungen.ch\/wp-content\/uploads\/2021\/05\/BARTEC-1024x683-1.jpg 1024w\" sizes=\"auto, (max-width: 300px) 100vw, 300px\" \/>","medium_large":"<img width=\"768\" height=\"512\" src=\"https:\/\/bewehrungen.ch\/wp-content\/uploads\/2021\/05\/BARTEC-1024x683-1-768x512.jpg\" class=\"%s\" alt=\"\" decoding=\"async\" loading=\"lazy\" srcset=\"https:\/\/bewehrungen.ch\/wp-content\/uploads\/2021\/05\/BARTEC-1024x683-1-768x512.jpg 768w, https:\/\/bewehrungen.ch\/wp-content\/uploads\/2021\/05\/BARTEC-1024x683-1-300x200.jpg 300w, https:\/\/bewehrungen.ch\/wp-content\/uploads\/2021\/05\/BARTEC-1024x683-1-436x291.jpg 436w, https:\/\/bewehrungen.ch\/wp-content\/uploads\/2021\/05\/BARTEC-1024x683-1-550x367.jpg 550w, https:\/\/bewehrungen.ch\/wp-content\/uploads\/2021\/05\/BARTEC-1024x683-1.jpg 1024w\" sizes=\"auto, (max-width: 768px) 100vw, 768px\" \/>","large":"<img width=\"1024\" height=\"683\" src=\"https:\/\/bewehrungen.ch\/wp-content\/uploads\/2021\/05\/BARTEC-1024x683-1.jpg\" class=\"%s\" alt=\"\" decoding=\"async\" loading=\"lazy\" srcset=\"https:\/\/bewehrungen.ch\/wp-content\/uploads\/2021\/05\/BARTEC-1024x683-1.jpg 1024w, https:\/\/bewehrungen.ch\/wp-content\/uploads\/2021\/05\/BARTEC-1024x683-1-300x200.jpg 300w, https:\/\/bewehrungen.ch\/wp-content\/uploads\/2021\/05\/BARTEC-1024x683-1-768x512.jpg 768w, https:\/\/bewehrungen.ch\/wp-content\/uploads\/2021\/05\/BARTEC-1024x683-1-436x291.jpg 436w, https:\/\/bewehrungen.ch\/wp-content\/uploads\/2021\/05\/BARTEC-1024x683-1-550x367.jpg 550w\" sizes=\"auto, (max-width: 1024px) 100vw, 1024px\" \/>","full":"<img width=\"1024\" height=\"683\" src=\"https:\/\/bewehrungen.ch\/wp-content\/uploads\/2021\/05\/BARTEC-1024x683-1.jpg\" class=\"%s\" alt=\"\" decoding=\"async\" loading=\"lazy\" srcset=\"https:\/\/bewehrungen.ch\/wp-content\/uploads\/2021\/05\/BARTEC-1024x683-1.jpg 1024w, https:\/\/bewehrungen.ch\/wp-content\/uploads\/2021\/05\/BARTEC-1024x683-1-300x200.jpg 300w, https:\/\/bewehrungen.ch\/wp-content\/uploads\/2021\/05\/BARTEC-1024x683-1-768x512.jpg 768w, https:\/\/bewehrungen.ch\/wp-content\/uploads\/2021\/05\/BARTEC-1024x683-1-436x291.jpg 436w, https:\/\/bewehrungen.ch\/wp-content\/uploads\/2021\/05\/BARTEC-1024x683-1-550x367.jpg 550w\" sizes=\"auto, (max-width: 1024px) 100vw, 1024px\" \/>"},"video_list":[{"video_poster":66916,"youtube_link":"https:\/\/www.youtube.com\/watch?v=nJejs1HMkis","_video_poster_meta":["https:\/\/bewehrungen.ch\/wp-content\/uploads\/2025\/10\/BARTEC_Q-2515x-korr-Farbe-10-0-55-7.jpg",2000,1333,false]},{"video_poster":66917,"youtube_link":"https:\/\/www.youtube.com\/watch?v=E0g9t7hQS1k","_video_poster_meta":["https:\/\/bewehrungen.ch\/wp-content\/uploads\/2025\/10\/BLS-7.png",1280,720,false]},{"video_poster":66918,"youtube_link":"https:\/\/www.youtube.com\/watch?v=B4IyGzsd26c","_video_poster_meta":["https:\/\/bewehrungen.ch\/wp-content\/uploads\/2025\/10\/LCE-7.png",1280,720,false]}]},"downloads":[67287,67335,67327,67351,67571,67574,67337,67303,67381,67457,67309],"description":[{"title":"Avantages cl\u00e9s des liaisons d\u2019armature BARTEC\u00ae pour b\u00e9ton arm\u00e9","text":"<p><span style=\"font-weight: 400;\">Syst\u00e8me de haute qualit\u00e9 capable de r\u00e9sister aux charges les plus \u00e9lev\u00e9es et de transmettre les efforts de mani\u00e8re optimale. BARTEC\u00ae a fait ses preuves avec succ\u00e8s dans le monde entier et convainc par sa qualit\u00e9 \u00e9lev\u00e9e, tant au niveau de la production que de la mise en \u0153uvre.<\/span><\/p>\n"},{"title":"Construction parasismique","text":"<p><span style=\"font-weight: 400;\">Les excellentes caract\u00e9ristiques de ductilit\u00e9 de BARTEC\u00ae permettent une construction parasismique. BARTEC\u00ae a \u00e9t\u00e9 soumis \u00e0 des essais de charges cycliques par des instituts d\u2019essais renomm\u00e9s. BARTEC\u00ae remplit les exigences \u00e9lev\u00e9es de la norme d\u2019essai europ\u00e9enne pour les liaisons d\u2019armatures parasismiques. Conformes \u00e0 la norme SIA 262 et test\u00e9es avec succ\u00e8s selon la norme europ\u00e9enne ISO 15835-1, elles offrent :<\/span><\/p>\n<ul>\n<li style=\"font-weight: 400;\" aria-level=\"1\"><span style=\"font-weight: 400;\">Un coupleur court qui pr\u00e9serve la capacit\u00e9 de d\u00e9formation du b\u00e9ton arm\u00e9.<\/span><\/li>\n<li style=\"font-weight: 400;\" aria-level=\"1\"><span style=\"font-weight: 400;\">Une mise en \u0153uvre possible m\u00eame dans les zones de d\u00e9formation plastique.<\/span><\/li>\n<li style=\"font-weight: 400;\" aria-level=\"1\"><span style=\"font-weight: 400;\">Une ductilit\u00e9 d\u00e9montr\u00e9e lors d\u2019essais en laboratoire, r\u00e9pondant aux crit\u00e8res pour les zones \u00e0 risque \u00e9lev\u00e9.\u00a0<\/span><\/li>\n<\/ul>\n"},{"title":"Liaison r\u00e9sistante \u00e0 la fatigue","text":"<p><span style=\"font-weight: 400;\">Pour les ouvrages soumis \u00e0 des sollicitations cycliques intenses (ponts ferroviaires, viaducs, infrastructures de transport), la gamme BARTEC\u00ae DYN assure une r\u00e9sistance exceptionnelle \u00e0 la fatigue. Ces liaisons qui ont fait l\u2019objet d\u2019essais par des instituts nationaux et internationaux, garantissent des raccordements durables et r\u00e9sistants \u00e0 la fatigue.<\/span><\/p>\n<ul>\n<li style=\"font-weight: 400;\" aria-level=\"1\"><span style=\"font-weight: 400;\">BARTEC\u00ae DYN est la seule liaison d\u2019armature par filetage qui r\u00e9pond aux exigences actuelles des CFF.<\/span><\/li>\n<li style=\"font-weight: 400;\" aria-level=\"1\"><span style=\"font-weight: 400;\">Filetage roul\u00e9 sp\u00e9cifique pour long\u00e9vit\u00e9 accrue et s\u00e9curit\u00e9 sur toute la dur\u00e9e de vie de l\u2019ouvrage.<\/span><\/li>\n<li style=\"font-weight: 400;\" aria-level=\"1\"><span style=\"font-weight: 400;\">R\u00e9sultats valid\u00e9s<\/span><span style=\"font-weight: 400;\"> jusqu\u2019\u00e0<\/span><span style=\"font-weight: 400;\"> 40 millions de cycles<\/span><\/li>\n<\/ul>\n<p><strong>NOUVEAU : AVEC CONTRAINTES DE DIMENSIONNEMENT CONSIDERABLEMENT AUGMENTEES POUR LA RESISTANCE A LA FATIGUE<\/strong><\/p>\n<p><strong>BARTEC DYN : <a href=\"https:\/\/bewehrungstechnik.ch\/wp-content\/uploads\/2021\/07\/2021-07-Dauerfestigkeit-Schraubverbindungen-SBB-Anhang-B1.II-Projektierungsassistent-IB.pdf\">certification CFF<\/a><\/strong><\/p>\n"},{"title":"R\u00e9sistance accrue","text":"<p><span style=\"font-weight: 400;\">Pour des projets exigeant des armatures plus performantes, BARTEC\u00ae TOP est la seule liaison par filetage compatible avec l\u2019acier Top700 (B700B) :<\/span><\/p>\n<ul>\n<li style=\"font-weight: 400;\" aria-level=\"1\"><span style=\"font-weight: 400;\">+40 % de r\u00e9sistance par rapport au B500B, conforme aux normes SIA.<\/span><\/li>\n<li style=\"font-weight: 400;\" aria-level=\"1\"><span style=\"font-weight: 400;\">Id\u00e9al pour des piliers \u00e9lanc\u00e9s, dalles \u00e0 grande port\u00e9e et structures parasismiques.<\/span><\/li>\n<li style=\"font-weight: 400;\" aria-level=\"1\"><span style=\"font-weight: 400;\">R\u00e9duit la densit\u00e9 d\u2019armature, permettant des structures plus l\u00e9g\u00e8res et plus \u00e9conomiques<\/span><\/li>\n<\/ul>\n"},{"title":"Montage simple","text":"<p><span style=\"font-weight: 400;\">L\u2019un des atouts de BARTEC\u00ae est la facilit\u00e9 de manutention et de mise en \u0153uvre. Les liaisons filet\u00e9es peuvent \u00eatre serr\u00e9es \u00e0 la main, sans cl\u00e9 dynamom\u00e9trique, avec 100 % d\u2019efficacit\u00e9.<\/span><\/p>\n<p><span style=\"font-weight: 400;\">Le filetage cylindrique garantit le raccordement correct, sans risque de confusion des diam\u00e8tres de coupleurs et de barres. Montage simple, temps de pose court et grande vari\u00e9t\u00e9 de solutions offrent des avantages concurrentiels \u00e9vidents.<\/span><\/p>\n"},{"title":"Cas particuliers","text":"<p><span style=\"font-weight: 400;\">Vos cas particuliers sont volontiers analys\u00e9s par nos conseillers techniques. N\u2019h\u00e9sitez pas, contactez nos sp\u00e9cialistes \u2013 nous sommes volontiers \u00e0 votre disposition pour un conseil personnalis\u00e9<\/span><\/p>\n"}]},"deac_featured_media":{"medium":"<img width=\"300\" height=\"200\" src=\"https:\/\/bewehrungen.ch\/wp-content\/uploads\/2021\/05\/BARTEC-1024x683-1-300x200.jpg\" class=\"%s\" alt=\"\" decoding=\"async\" loading=\"lazy\" srcset=\"https:\/\/bewehrungen.ch\/wp-content\/uploads\/2021\/05\/BARTEC-1024x683-1-300x200.jpg 300w, https:\/\/bewehrungen.ch\/wp-content\/uploads\/2021\/05\/BARTEC-1024x683-1-768x512.jpg 768w, https:\/\/bewehrungen.ch\/wp-content\/uploads\/2021\/05\/BARTEC-1024x683-1-436x291.jpg 436w, https:\/\/bewehrungen.ch\/wp-content\/uploads\/2021\/05\/BARTEC-1024x683-1-550x367.jpg 550w, https:\/\/bewehrungen.ch\/wp-content\/uploads\/2021\/05\/BARTEC-1024x683-1.jpg 1024w\" sizes=\"auto, (max-width: 300px) 100vw, 300px\" \/>","medium_large":"<img width=\"768\" height=\"512\" src=\"https:\/\/bewehrungen.ch\/wp-content\/uploads\/2021\/05\/BARTEC-1024x683-1-768x512.jpg\" class=\"%s\" alt=\"\" decoding=\"async\" loading=\"lazy\" srcset=\"https:\/\/bewehrungen.ch\/wp-content\/uploads\/2021\/05\/BARTEC-1024x683-1-768x512.jpg 768w, https:\/\/bewehrungen.ch\/wp-content\/uploads\/2021\/05\/BARTEC-1024x683-1-300x200.jpg 300w, https:\/\/bewehrungen.ch\/wp-content\/uploads\/2021\/05\/BARTEC-1024x683-1-436x291.jpg 436w, https:\/\/bewehrungen.ch\/wp-content\/uploads\/2021\/05\/BARTEC-1024x683-1-550x367.jpg 550w, https:\/\/bewehrungen.ch\/wp-content\/uploads\/2021\/05\/BARTEC-1024x683-1.jpg 1024w\" sizes=\"auto, (max-width: 768px) 100vw, 768px\" \/>","large":"<img width=\"1024\" height=\"683\" src=\"https:\/\/bewehrungen.ch\/wp-content\/uploads\/2021\/05\/BARTEC-1024x683-1.jpg\" class=\"%s\" alt=\"\" decoding=\"async\" loading=\"lazy\" srcset=\"https:\/\/bewehrungen.ch\/wp-content\/uploads\/2021\/05\/BARTEC-1024x683-1.jpg 1024w, https:\/\/bewehrungen.ch\/wp-content\/uploads\/2021\/05\/BARTEC-1024x683-1-300x200.jpg 300w, https:\/\/bewehrungen.ch\/wp-content\/uploads\/2021\/05\/BARTEC-1024x683-1-768x512.jpg 768w, https:\/\/bewehrungen.ch\/wp-content\/uploads\/2021\/05\/BARTEC-1024x683-1-436x291.jpg 436w, https:\/\/bewehrungen.ch\/wp-content\/uploads\/2021\/05\/BARTEC-1024x683-1-550x367.jpg 550w\" sizes=\"auto, (max-width: 1024px) 100vw, 1024px\" \/>","full":"<img width=\"1024\" height=\"683\" src=\"https:\/\/bewehrungen.ch\/wp-content\/uploads\/2021\/05\/BARTEC-1024x683-1.jpg\" class=\"%s\" alt=\"\" decoding=\"async\" loading=\"lazy\" srcset=\"https:\/\/bewehrungen.ch\/wp-content\/uploads\/2021\/05\/BARTEC-1024x683-1.jpg 1024w, https:\/\/bewehrungen.ch\/wp-content\/uploads\/2021\/05\/BARTEC-1024x683-1-300x200.jpg 300w, https:\/\/bewehrungen.ch\/wp-content\/uploads\/2021\/05\/BARTEC-1024x683-1-768x512.jpg 768w, https:\/\/bewehrungen.ch\/wp-content\/uploads\/2021\/05\/BARTEC-1024x683-1-436x291.jpg 436w, https:\/\/bewehrungen.ch\/wp-content\/uploads\/2021\/05\/BARTEC-1024x683-1-550x367.jpg 550w\" sizes=\"auto, (max-width: 1024px) 100vw, 1024px\" \/>"},"_links":{"self":[{"href":"https:\/\/bewehrungen.ch\/fr\/wp-json\/wp\/v2\/product\/66915","targetHints":{"allow":["GET"]}}],"collection":[{"href":"https:\/\/bewehrungen.ch\/fr\/wp-json\/wp\/v2\/product"}],"about":[{"href":"https:\/\/bewehrungen.ch\/fr\/wp-json\/wp\/v2\/types\/product"}],"wp:featuredmedia":[{"embeddable":true,"href":"https:\/\/bewehrungen.ch\/fr\/wp-json\/wp\/v2\/media\/66919"}],"wp:attachment":[{"href":"https:\/\/bewehrungen.ch\/fr\/wp-json\/wp\/v2\/media?parent=66915"}],"wp:term":[{"taxonomy":"product_category","embeddable":true,"href":"https:\/\/bewehrungen.ch\/fr\/wp-json\/wp\/v2\/product_category?post=66915"}],"curies":[{"name":"wp","href":"https:\/\/api.w.org\/{rel}","templated":true}]}}