{"id":66909,"date":"2025-11-22T09:35:10","date_gmt":"2025-11-22T09:35:10","guid":{"rendered":"https:\/\/bewehrungen.ch\/?post_type=product&#038;p=66909"},"modified":"2025-11-22T19:07:19","modified_gmt":"2025-11-22T19:07:19","slug":"fers-de-reprise-pyratop","status":"publish","type":"product","link":"https:\/\/bewehrungen.ch\/fr\/product\/fers-de-reprise-pyratop\/","title":{"rendered":"Fers de reprise PYRATOP\u00ae"},"featured_media":66911,"menu_order":60,"template":"","product_category":[5874],"class_list":["post-66909","product","type-product","status-publish","has-post-thumbnail","","product_category-technique-darmature"],"acf":[],"yoast_head":"<!-- This site is optimized with the Yoast SEO plugin v27.3 - https:\/\/yoast.com\/product\/yoast-seo-wordpress\/ -->\n<title>Fers de reprise PYRATOP\u00ae - Bewehrungen<\/title>\n<meta name=\"robots\" content=\"index, follow, max-snippet:-1, max-image-preview:large, max-video-preview:-1\" \/>\n<link rel=\"canonical\" href=\"https:\/\/bewehrungen.ch\/fr\/product\/fers-de-reprise-pyratop\/\" \/>\n<meta property=\"og:locale\" content=\"fr_FR\" \/>\n<meta property=\"og:type\" content=\"article\" \/>\n<meta property=\"og:title\" content=\"Fers de reprise PYRATOP\u00ae - Bewehrungen\" \/>\n<meta property=\"og:url\" content=\"https:\/\/bewehrungen.ch\/fr\/product\/fers-de-reprise-pyratop\/\" \/>\n<meta property=\"og:site_name\" content=\"Bewehrungen\" \/>\n<meta property=\"article:modified_time\" content=\"2025-11-22T19:07:19+00:00\" \/>\n<meta property=\"og:image\" content=\"https:\/\/bewehrungen.ch\/wp-content\/uploads\/2021\/05\/PYRATOP-1024x697-1.jpg\" \/>\n\t<meta property=\"og:image:width\" content=\"1024\" \/>\n\t<meta property=\"og:image:height\" content=\"697\" \/>\n\t<meta property=\"og:image:type\" content=\"image\/jpeg\" \/>\n<meta name=\"twitter:card\" content=\"summary_large_image\" \/>\n<script type=\"application\/ld+json\" class=\"yoast-schema-graph\">{\"@context\":\"https:\\\/\\\/schema.org\",\"@graph\":[{\"@type\":\"WebPage\",\"@id\":\"https:\\\/\\\/bewehrungen.ch\\\/fr\\\/product\\\/fers-de-reprise-pyratop\\\/\",\"url\":\"https:\\\/\\\/bewehrungen.ch\\\/fr\\\/product\\\/fers-de-reprise-pyratop\\\/\",\"name\":\"Fers de reprise PYRATOP\u00ae - Bewehrungen\",\"isPartOf\":{\"@id\":\"https:\\\/\\\/bewehrungen.ch\\\/fr\\\/#website\"},\"primaryImageOfPage\":{\"@id\":\"https:\\\/\\\/bewehrungen.ch\\\/fr\\\/product\\\/fers-de-reprise-pyratop\\\/#primaryimage\"},\"image\":{\"@id\":\"https:\\\/\\\/bewehrungen.ch\\\/fr\\\/product\\\/fers-de-reprise-pyratop\\\/#primaryimage\"},\"thumbnailUrl\":\"https:\\\/\\\/bewehrungen.ch\\\/wp-content\\\/uploads\\\/2021\\\/05\\\/PYRATOP-1024x697-1.jpg\",\"datePublished\":\"2025-11-22T09:35:10+00:00\",\"dateModified\":\"2025-11-22T19:07:19+00:00\",\"breadcrumb\":{\"@id\":\"https:\\\/\\\/bewehrungen.ch\\\/fr\\\/product\\\/fers-de-reprise-pyratop\\\/#breadcrumb\"},\"inLanguage\":\"fr-FR\",\"potentialAction\":[{\"@type\":\"ReadAction\",\"target\":[\"https:\\\/\\\/bewehrungen.ch\\\/fr\\\/product\\\/fers-de-reprise-pyratop\\\/\"]}]},{\"@type\":\"ImageObject\",\"inLanguage\":\"fr-FR\",\"@id\":\"https:\\\/\\\/bewehrungen.ch\\\/fr\\\/product\\\/fers-de-reprise-pyratop\\\/#primaryimage\",\"url\":\"https:\\\/\\\/bewehrungen.ch\\\/wp-content\\\/uploads\\\/2021\\\/05\\\/PYRATOP-1024x697-1.jpg\",\"contentUrl\":\"https:\\\/\\\/bewehrungen.ch\\\/wp-content\\\/uploads\\\/2021\\\/05\\\/PYRATOP-1024x697-1.jpg\",\"width\":1024,\"height\":697},{\"@type\":\"BreadcrumbList\",\"@id\":\"https:\\\/\\\/bewehrungen.ch\\\/fr\\\/product\\\/fers-de-reprise-pyratop\\\/#breadcrumb\",\"itemListElement\":[{\"@type\":\"ListItem\",\"position\":1,\"name\":\"Home\",\"item\":\"https:\\\/\\\/bewehrungen.ch\\\/fr\\\/\"},{\"@type\":\"ListItem\",\"position\":2,\"name\":\"Produits\",\"item\":\"https:\\\/\\\/bewehrungen.ch\\\/fr\\\/products\\\/\"},{\"@type\":\"ListItem\",\"position\":3,\"name\":\"Fers de reprise PYRATOP\u00ae\"}]},{\"@type\":\"WebSite\",\"@id\":\"https:\\\/\\\/bewehrungen.ch\\\/fr\\\/#website\",\"url\":\"https:\\\/\\\/bewehrungen.ch\\\/fr\\\/\",\"name\":\"Bewehrungen\",\"description\":\"Just another WordPress site\",\"publisher\":{\"@id\":\"https:\\\/\\\/bewehrungen.ch\\\/fr\\\/#organization\"},\"potentialAction\":[{\"@type\":\"SearchAction\",\"target\":{\"@type\":\"EntryPoint\",\"urlTemplate\":\"https:\\\/\\\/bewehrungen.ch\\\/fr\\\/?s={search_term_string}\"},\"query-input\":{\"@type\":\"PropertyValueSpecification\",\"valueRequired\":true,\"valueName\":\"search_term_string\"}}],\"inLanguage\":\"fr-FR\"},{\"@type\":\"Organization\",\"@id\":\"https:\\\/\\\/bewehrungen.ch\\\/fr\\\/#organization\",\"name\":\"Bewehrungen\",\"url\":\"https:\\\/\\\/bewehrungen.ch\\\/fr\\\/\",\"logo\":{\"@type\":\"ImageObject\",\"inLanguage\":\"fr-FR\",\"@id\":\"https:\\\/\\\/bewehrungen.ch\\\/fr\\\/#\\\/schema\\\/logo\\\/image\\\/\",\"url\":\"https:\\\/\\\/bewehrungen.ch\\\/wp-content\\\/uploads\\\/2025\\\/12\\\/DE_DebrunnerBewetec_RGB.png\",\"contentUrl\":\"https:\\\/\\\/bewehrungen.ch\\\/wp-content\\\/uploads\\\/2025\\\/12\\\/DE_DebrunnerBewetec_RGB.png\",\"width\":2389,\"height\":542,\"caption\":\"Bewehrungen\"},\"image\":{\"@id\":\"https:\\\/\\\/bewehrungen.ch\\\/fr\\\/#\\\/schema\\\/logo\\\/image\\\/\"}}]}<\/script>\n<!-- \/ Yoast SEO plugin. -->","yoast_head_json":{"title":"Fers de reprise PYRATOP\u00ae - Bewehrungen","robots":{"index":"index","follow":"follow","max-snippet":"max-snippet:-1","max-image-preview":"max-image-preview:large","max-video-preview":"max-video-preview:-1"},"canonical":"https:\/\/bewehrungen.ch\/fr\/product\/fers-de-reprise-pyratop\/","og_locale":"fr_FR","og_type":"article","og_title":"Fers de reprise PYRATOP\u00ae - Bewehrungen","og_url":"https:\/\/bewehrungen.ch\/fr\/product\/fers-de-reprise-pyratop\/","og_site_name":"Bewehrungen","article_modified_time":"2025-11-22T19:07:19+00:00","og_image":[{"width":1024,"height":697,"url":"https:\/\/bewehrungen.ch\/wp-content\/uploads\/2021\/05\/PYRATOP-1024x697-1.jpg","type":"image\/jpeg"}],"twitter_card":"summary_large_image","schema":{"@context":"https:\/\/schema.org","@graph":[{"@type":"WebPage","@id":"https:\/\/bewehrungen.ch\/fr\/product\/fers-de-reprise-pyratop\/","url":"https:\/\/bewehrungen.ch\/fr\/product\/fers-de-reprise-pyratop\/","name":"Fers de reprise PYRATOP\u00ae - Bewehrungen","isPartOf":{"@id":"https:\/\/bewehrungen.ch\/fr\/#website"},"primaryImageOfPage":{"@id":"https:\/\/bewehrungen.ch\/fr\/product\/fers-de-reprise-pyratop\/#primaryimage"},"image":{"@id":"https:\/\/bewehrungen.ch\/fr\/product\/fers-de-reprise-pyratop\/#primaryimage"},"thumbnailUrl":"https:\/\/bewehrungen.ch\/wp-content\/uploads\/2021\/05\/PYRATOP-1024x697-1.jpg","datePublished":"2025-11-22T09:35:10+00:00","dateModified":"2025-11-22T19:07:19+00:00","breadcrumb":{"@id":"https:\/\/bewehrungen.ch\/fr\/product\/fers-de-reprise-pyratop\/#breadcrumb"},"inLanguage":"fr-FR","potentialAction":[{"@type":"ReadAction","target":["https:\/\/bewehrungen.ch\/fr\/product\/fers-de-reprise-pyratop\/"]}]},{"@type":"ImageObject","inLanguage":"fr-FR","@id":"https:\/\/bewehrungen.ch\/fr\/product\/fers-de-reprise-pyratop\/#primaryimage","url":"https:\/\/bewehrungen.ch\/wp-content\/uploads\/2021\/05\/PYRATOP-1024x697-1.jpg","contentUrl":"https:\/\/bewehrungen.ch\/wp-content\/uploads\/2021\/05\/PYRATOP-1024x697-1.jpg","width":1024,"height":697},{"@type":"BreadcrumbList","@id":"https:\/\/bewehrungen.ch\/fr\/product\/fers-de-reprise-pyratop\/#breadcrumb","itemListElement":[{"@type":"ListItem","position":1,"name":"Home","item":"https:\/\/bewehrungen.ch\/fr\/"},{"@type":"ListItem","position":2,"name":"Produits","item":"https:\/\/bewehrungen.ch\/fr\/products\/"},{"@type":"ListItem","position":3,"name":"Fers de reprise PYRATOP\u00ae"}]},{"@type":"WebSite","@id":"https:\/\/bewehrungen.ch\/fr\/#website","url":"https:\/\/bewehrungen.ch\/fr\/","name":"Bewehrungen","description":"Just another WordPress site","publisher":{"@id":"https:\/\/bewehrungen.ch\/fr\/#organization"},"potentialAction":[{"@type":"SearchAction","target":{"@type":"EntryPoint","urlTemplate":"https:\/\/bewehrungen.ch\/fr\/?s={search_term_string}"},"query-input":{"@type":"PropertyValueSpecification","valueRequired":true,"valueName":"search_term_string"}}],"inLanguage":"fr-FR"},{"@type":"Organization","@id":"https:\/\/bewehrungen.ch\/fr\/#organization","name":"Bewehrungen","url":"https:\/\/bewehrungen.ch\/fr\/","logo":{"@type":"ImageObject","inLanguage":"fr-FR","@id":"https:\/\/bewehrungen.ch\/fr\/#\/schema\/logo\/image\/","url":"https:\/\/bewehrungen.ch\/wp-content\/uploads\/2025\/12\/DE_DebrunnerBewetec_RGB.png","contentUrl":"https:\/\/bewehrungen.ch\/wp-content\/uploads\/2025\/12\/DE_DebrunnerBewetec_RGB.png","width":2389,"height":542,"caption":"Bewehrungen"},"image":{"@id":"https:\/\/bewehrungen.ch\/fr\/#\/schema\/logo\/image\/"}}]}},"deac_custom_fields":{"page_color_variation":"default","product":{"brand":"PYRATOP\u00ae","name":"Fers de reprise"},"highlight_box":{"title":"Reprise maximale du cisaillement gr\u00e2ce \u00e0 des joints de reprise profil\u00e9s","subtitle":"Fers de reprise avec haute reprise du cisaillement pour joints sans travers\u00e9es des armatures","text":"<ul>\n<li>Transmission biaxiale du cisaillement brevet\u00e9e PYRAX\u00ae<\/li>\n<li>Ne n\u00e9cessite pas de rendre la surface du joint rugueuse<\/li>\n<li>Transmission du cisaillement selon SIA 262<\/li>\n<li>Pour liaisons de murs et de dalles, d\u00e8s une \u00e9paisseur de 14 cm<\/li>\n<\/ul>\n","media_type":"image","image":{"medium":"<img width=\"300\" height=\"204\" src=\"https:\/\/bewehrungen.ch\/wp-content\/uploads\/2021\/05\/PYRATOP-1024x697-1-300x204.jpg\" class=\"%s\" alt=\"\" decoding=\"async\" loading=\"lazy\" srcset=\"https:\/\/bewehrungen.ch\/wp-content\/uploads\/2021\/05\/PYRATOP-1024x697-1-300x204.jpg 300w, https:\/\/bewehrungen.ch\/wp-content\/uploads\/2021\/05\/PYRATOP-1024x697-1-768x523.jpg 768w, https:\/\/bewehrungen.ch\/wp-content\/uploads\/2021\/05\/PYRATOP-1024x697-1-436x297.jpg 436w, https:\/\/bewehrungen.ch\/wp-content\/uploads\/2021\/05\/PYRATOP-1024x697-1-550x374.jpg 550w, https:\/\/bewehrungen.ch\/wp-content\/uploads\/2021\/05\/PYRATOP-1024x697-1.jpg 1024w\" sizes=\"auto, (max-width: 300px) 100vw, 300px\" \/>","medium_large":"<img width=\"768\" height=\"523\" src=\"https:\/\/bewehrungen.ch\/wp-content\/uploads\/2021\/05\/PYRATOP-1024x697-1-768x523.jpg\" class=\"%s\" alt=\"\" decoding=\"async\" loading=\"lazy\" srcset=\"https:\/\/bewehrungen.ch\/wp-content\/uploads\/2021\/05\/PYRATOP-1024x697-1-768x523.jpg 768w, https:\/\/bewehrungen.ch\/wp-content\/uploads\/2021\/05\/PYRATOP-1024x697-1-300x204.jpg 300w, https:\/\/bewehrungen.ch\/wp-content\/uploads\/2021\/05\/PYRATOP-1024x697-1-436x297.jpg 436w, https:\/\/bewehrungen.ch\/wp-content\/uploads\/2021\/05\/PYRATOP-1024x697-1-550x374.jpg 550w, https:\/\/bewehrungen.ch\/wp-content\/uploads\/2021\/05\/PYRATOP-1024x697-1.jpg 1024w\" sizes=\"auto, (max-width: 768px) 100vw, 768px\" \/>","large":"<img width=\"1024\" height=\"697\" src=\"https:\/\/bewehrungen.ch\/wp-content\/uploads\/2021\/05\/PYRATOP-1024x697-1.jpg\" class=\"%s\" alt=\"\" decoding=\"async\" loading=\"lazy\" srcset=\"https:\/\/bewehrungen.ch\/wp-content\/uploads\/2021\/05\/PYRATOP-1024x697-1.jpg 1024w, https:\/\/bewehrungen.ch\/wp-content\/uploads\/2021\/05\/PYRATOP-1024x697-1-300x204.jpg 300w, https:\/\/bewehrungen.ch\/wp-content\/uploads\/2021\/05\/PYRATOP-1024x697-1-768x523.jpg 768w, https:\/\/bewehrungen.ch\/wp-content\/uploads\/2021\/05\/PYRATOP-1024x697-1-436x297.jpg 436w, https:\/\/bewehrungen.ch\/wp-content\/uploads\/2021\/05\/PYRATOP-1024x697-1-550x374.jpg 550w\" sizes=\"auto, (max-width: 1024px) 100vw, 1024px\" \/>","full":"<img width=\"1024\" height=\"697\" src=\"https:\/\/bewehrungen.ch\/wp-content\/uploads\/2021\/05\/PYRATOP-1024x697-1.jpg\" class=\"%s\" alt=\"\" decoding=\"async\" loading=\"lazy\" srcset=\"https:\/\/bewehrungen.ch\/wp-content\/uploads\/2021\/05\/PYRATOP-1024x697-1.jpg 1024w, https:\/\/bewehrungen.ch\/wp-content\/uploads\/2021\/05\/PYRATOP-1024x697-1-300x204.jpg 300w, https:\/\/bewehrungen.ch\/wp-content\/uploads\/2021\/05\/PYRATOP-1024x697-1-768x523.jpg 768w, https:\/\/bewehrungen.ch\/wp-content\/uploads\/2021\/05\/PYRATOP-1024x697-1-436x297.jpg 436w, https:\/\/bewehrungen.ch\/wp-content\/uploads\/2021\/05\/PYRATOP-1024x697-1-550x374.jpg 550w\" sizes=\"auto, (max-width: 1024px) 100vw, 1024px\" \/>"},"video_list":[{"video_poster":66910,"youtube_link":"https:\/\/www.youtube.com\/watch?v=RMORjGRbCqQ","_video_poster_meta":["https:\/\/bewehrungen.ch\/wp-content\/uploads\/2025\/10\/Pyratop-Kasten-edited-7.jpg",1162,868,false]}]},"downloads":[67353,67289,67305,67454,67589],"description":[{"title":"Fers de reprise PYRATOP\u00ae","text":"<p>Les fers de reprise PYRATOP\u00ae ont \u00e9t\u00e9 sp\u00e9cialement d\u00e9velopp\u00e9s pour la r\u00e9alisation de joints, soumis \u00e0 des efforts de cisaillement, sans travers\u00e9e des armatures, pour des murs ou des dalles.<br \/>\nLa t\u00f4le brevet\u00e9e PYRAX\u00ae garantit la formation d&rsquo;un joint de verrouillage positif pour la transmission des efforts de cisaillement et supprime un traitement ult\u00e9rieur de finition, par exemple rendre la surface du joint rugueuse.<\/p>\n"},{"title":"Technologie PYRAX\u00ae","text":"<p>La structure pyramidale en damier permet une reprise maximale des forces de cisaillement dans toutes les directions.<br \/>\nLa surface de b\u00e9ton d\u00e9di\u00e9e \u00e0 la reprise du cisaillement atteint 85 % de la surface totale de la zone du raccordement. Avec des volumes concaves et convexes r\u00e9partis r\u00e9guli\u00e8rement de part et d&rsquo;autre, la g\u00e9om\u00e9trie sp\u00e9ciale de la t\u00f4le assure la reprise d\u2019efforts de cisaillement cons\u00e9quents.<br \/>\nL&rsquo;efficacit\u00e9 du haut pourcentage de surface de joint de reprise contribuant \u00e0 la reprise des forces de cisaillement a \u00e9t\u00e9 confirm\u00e9e par des essais.<br \/>\nLe dimensionnement du joint PYRAX\u00ae s\u2019effectue selon les sp\u00e9cifications de la norme SIA 262 (2013) art. 4.3.2 et 4.3.3 sur la base des valeurs de flexion et de cisaillement.<\/p>\n"},{"title":"Transmission biaxiale des efforts de cisaillement","text":"<p>En plus du sens de cisaillement principal, les efforts dans une direction secondaire sont \u00e9galement repris de mani\u00e8re fiable (s\u00e9isme, vent, pouss\u00e9e des terres).<br \/>\nNe n\u00e9cessite pas de bo\u00eetes de formes diff\u00e9rentes pour la transmission des forces de cisaillement transversalement et longitudinalement par rapport au joint et r\u00e9duit de ce fait votre stock et particuli\u00e8rement le risque de confusion sur le chantier.<\/p>\n"},{"title":"Large gamme d'applications","text":"<p>La vaste gamme standard permet de trouver des solutions \u00e0 presque toutes les situations de connexion, avec une grande disponibilit\u00e9 de stock.<br \/>\nSi n\u00e9cessaire, des types sp\u00e9ciaux avec des dimensions sp\u00e9cifiques \u00e0 l&rsquo;objet sont rapidement disponibles de notre site de production de Regensdorf.<\/p>\n"},{"title":"Rapide, simple, s\u00fbr","text":"<p>Le fer de reprise PYRATOP\u00ae s\u2019installe comme les fers de reprise usuels. Les bo\u00eetes sont disponible en longueurs de 1.25 et 0.83 m.<br \/>\nFacile \u00e0 enlever, le couvercle en plastique \u00e9quipant le dos de la bo\u00eete emp\u00eache efficacement la p\u00e9n\u00e9tration de b\u00e9ton dans celle-ci lors du b\u00e9tonnage.<\/p>\n"},{"title":"D\u00e9sormais \u00e9galement disponible avec barres droites","text":"<p>Pour le raccordement de dalles et de murs continus sans coffrage co\u00fbteux avec armature traversante.<\/p>\n<ul>\n<li>Types avec une nappe de barres &#8211; s\u00e9rie type PN1<\/li>\n<li>Types avec deux nappes de barres &#8211; s\u00e9rie type PN2<\/li>\n<\/ul>\n"}]},"deac_featured_media":{"medium":"<img width=\"300\" height=\"204\" src=\"https:\/\/bewehrungen.ch\/wp-content\/uploads\/2021\/05\/PYRATOP-1024x697-1-300x204.jpg\" class=\"%s\" alt=\"\" decoding=\"async\" loading=\"lazy\" srcset=\"https:\/\/bewehrungen.ch\/wp-content\/uploads\/2021\/05\/PYRATOP-1024x697-1-300x204.jpg 300w, https:\/\/bewehrungen.ch\/wp-content\/uploads\/2021\/05\/PYRATOP-1024x697-1-768x523.jpg 768w, https:\/\/bewehrungen.ch\/wp-content\/uploads\/2021\/05\/PYRATOP-1024x697-1-436x297.jpg 436w, https:\/\/bewehrungen.ch\/wp-content\/uploads\/2021\/05\/PYRATOP-1024x697-1-550x374.jpg 550w, https:\/\/bewehrungen.ch\/wp-content\/uploads\/2021\/05\/PYRATOP-1024x697-1.jpg 1024w\" sizes=\"auto, (max-width: 300px) 100vw, 300px\" \/>","medium_large":"<img width=\"768\" height=\"523\" src=\"https:\/\/bewehrungen.ch\/wp-content\/uploads\/2021\/05\/PYRATOP-1024x697-1-768x523.jpg\" class=\"%s\" alt=\"\" decoding=\"async\" loading=\"lazy\" srcset=\"https:\/\/bewehrungen.ch\/wp-content\/uploads\/2021\/05\/PYRATOP-1024x697-1-768x523.jpg 768w, https:\/\/bewehrungen.ch\/wp-content\/uploads\/2021\/05\/PYRATOP-1024x697-1-300x204.jpg 300w, https:\/\/bewehrungen.ch\/wp-content\/uploads\/2021\/05\/PYRATOP-1024x697-1-436x297.jpg 436w, https:\/\/bewehrungen.ch\/wp-content\/uploads\/2021\/05\/PYRATOP-1024x697-1-550x374.jpg 550w, https:\/\/bewehrungen.ch\/wp-content\/uploads\/2021\/05\/PYRATOP-1024x697-1.jpg 1024w\" sizes=\"auto, (max-width: 768px) 100vw, 768px\" \/>","large":"<img width=\"1024\" height=\"697\" src=\"https:\/\/bewehrungen.ch\/wp-content\/uploads\/2021\/05\/PYRATOP-1024x697-1.jpg\" class=\"%s\" alt=\"\" decoding=\"async\" loading=\"lazy\" srcset=\"https:\/\/bewehrungen.ch\/wp-content\/uploads\/2021\/05\/PYRATOP-1024x697-1.jpg 1024w, https:\/\/bewehrungen.ch\/wp-content\/uploads\/2021\/05\/PYRATOP-1024x697-1-300x204.jpg 300w, https:\/\/bewehrungen.ch\/wp-content\/uploads\/2021\/05\/PYRATOP-1024x697-1-768x523.jpg 768w, https:\/\/bewehrungen.ch\/wp-content\/uploads\/2021\/05\/PYRATOP-1024x697-1-436x297.jpg 436w, https:\/\/bewehrungen.ch\/wp-content\/uploads\/2021\/05\/PYRATOP-1024x697-1-550x374.jpg 550w\" sizes=\"auto, (max-width: 1024px) 100vw, 1024px\" \/>","full":"<img width=\"1024\" height=\"697\" src=\"https:\/\/bewehrungen.ch\/wp-content\/uploads\/2021\/05\/PYRATOP-1024x697-1.jpg\" class=\"%s\" alt=\"\" decoding=\"async\" loading=\"lazy\" srcset=\"https:\/\/bewehrungen.ch\/wp-content\/uploads\/2021\/05\/PYRATOP-1024x697-1.jpg 1024w, https:\/\/bewehrungen.ch\/wp-content\/uploads\/2021\/05\/PYRATOP-1024x697-1-300x204.jpg 300w, https:\/\/bewehrungen.ch\/wp-content\/uploads\/2021\/05\/PYRATOP-1024x697-1-768x523.jpg 768w, https:\/\/bewehrungen.ch\/wp-content\/uploads\/2021\/05\/PYRATOP-1024x697-1-436x297.jpg 436w, https:\/\/bewehrungen.ch\/wp-content\/uploads\/2021\/05\/PYRATOP-1024x697-1-550x374.jpg 550w\" sizes=\"auto, (max-width: 1024px) 100vw, 1024px\" \/>"},"_links":{"self":[{"href":"https:\/\/bewehrungen.ch\/fr\/wp-json\/wp\/v2\/product\/66909","targetHints":{"allow":["GET"]}}],"collection":[{"href":"https:\/\/bewehrungen.ch\/fr\/wp-json\/wp\/v2\/product"}],"about":[{"href":"https:\/\/bewehrungen.ch\/fr\/wp-json\/wp\/v2\/types\/product"}],"wp:featuredmedia":[{"embeddable":true,"href":"https:\/\/bewehrungen.ch\/fr\/wp-json\/wp\/v2\/media\/66911"}],"wp:attachment":[{"href":"https:\/\/bewehrungen.ch\/fr\/wp-json\/wp\/v2\/media?parent=66909"}],"wp:term":[{"taxonomy":"product_category","embeddable":true,"href":"https:\/\/bewehrungen.ch\/fr\/wp-json\/wp\/v2\/product_category?post=66909"}],"curies":[{"name":"wp","href":"https:\/\/api.w.org\/{rel}","templated":true}]}}