{"id":66899,"date":"2025-11-22T09:31:28","date_gmt":"2025-11-22T09:31:28","guid":{"rendered":"https:\/\/bewehrungen.ch\/?post_type=product&#038;p=66899"},"modified":"2025-11-22T19:07:20","modified_gmt":"2025-11-22T19:07:20","slug":"paniers-darret-et-de-betonnage-pyrapan","status":"publish","type":"product","link":"https:\/\/bewehrungen.ch\/fr\/product\/paniers-darret-et-de-betonnage-pyrapan\/","title":{"rendered":"Paniers d\u2019arr\u00eat et de b\u00e9tonnage PYRAPAN\u00ae"},"featured_media":66901,"menu_order":80,"template":"","product_category":[5874],"class_list":["post-66899","product","type-product","status-publish","has-post-thumbnail","","product_category-technique-darmature"],"acf":[],"yoast_head":"<!-- This site is optimized with the Yoast SEO plugin v27.3 - https:\/\/yoast.com\/product\/yoast-seo-wordpress\/ -->\n<title>Paniers d\u2019arr\u00eat et de b\u00e9tonnage PYRAPAN\u00ae - Bewehrungen<\/title>\n<meta name=\"robots\" content=\"index, follow, max-snippet:-1, max-image-preview:large, max-video-preview:-1\" \/>\n<link rel=\"canonical\" href=\"https:\/\/bewehrungen.ch\/fr\/product\/paniers-darret-et-de-betonnage-pyrapan\/\" \/>\n<meta property=\"og:locale\" content=\"fr_FR\" \/>\n<meta property=\"og:type\" content=\"article\" \/>\n<meta property=\"og:title\" content=\"Paniers d\u2019arr\u00eat et de b\u00e9tonnage PYRAPAN\u00ae - Bewehrungen\" \/>\n<meta property=\"og:url\" content=\"https:\/\/bewehrungen.ch\/fr\/product\/paniers-darret-et-de-betonnage-pyrapan\/\" \/>\n<meta property=\"og:site_name\" content=\"Bewehrungen\" \/>\n<meta property=\"article:modified_time\" content=\"2025-11-22T19:07:20+00:00\" \/>\n<meta property=\"og:image\" content=\"https:\/\/bewehrungen.ch\/wp-content\/uploads\/2021\/05\/PYRAPAN-717x1024-1.jpg\" \/>\n\t<meta property=\"og:image:width\" content=\"717\" \/>\n\t<meta property=\"og:image:height\" content=\"1024\" \/>\n\t<meta property=\"og:image:type\" content=\"image\/jpeg\" \/>\n<meta name=\"twitter:card\" content=\"summary_large_image\" \/>\n<script type=\"application\/ld+json\" class=\"yoast-schema-graph\">{\"@context\":\"https:\\\/\\\/schema.org\",\"@graph\":[{\"@type\":\"WebPage\",\"@id\":\"https:\\\/\\\/bewehrungen.ch\\\/fr\\\/product\\\/paniers-darret-et-de-betonnage-pyrapan\\\/\",\"url\":\"https:\\\/\\\/bewehrungen.ch\\\/fr\\\/product\\\/paniers-darret-et-de-betonnage-pyrapan\\\/\",\"name\":\"Paniers d\u2019arr\u00eat et de b\u00e9tonnage PYRAPAN\u00ae - Bewehrungen\",\"isPartOf\":{\"@id\":\"https:\\\/\\\/bewehrungen.ch\\\/fr\\\/#website\"},\"primaryImageOfPage\":{\"@id\":\"https:\\\/\\\/bewehrungen.ch\\\/fr\\\/product\\\/paniers-darret-et-de-betonnage-pyrapan\\\/#primaryimage\"},\"image\":{\"@id\":\"https:\\\/\\\/bewehrungen.ch\\\/fr\\\/product\\\/paniers-darret-et-de-betonnage-pyrapan\\\/#primaryimage\"},\"thumbnailUrl\":\"https:\\\/\\\/bewehrungen.ch\\\/wp-content\\\/uploads\\\/2021\\\/05\\\/PYRAPAN-717x1024-1.jpg\",\"datePublished\":\"2025-11-22T09:31:28+00:00\",\"dateModified\":\"2025-11-22T19:07:20+00:00\",\"breadcrumb\":{\"@id\":\"https:\\\/\\\/bewehrungen.ch\\\/fr\\\/product\\\/paniers-darret-et-de-betonnage-pyrapan\\\/#breadcrumb\"},\"inLanguage\":\"fr-FR\",\"potentialAction\":[{\"@type\":\"ReadAction\",\"target\":[\"https:\\\/\\\/bewehrungen.ch\\\/fr\\\/product\\\/paniers-darret-et-de-betonnage-pyrapan\\\/\"]}]},{\"@type\":\"ImageObject\",\"inLanguage\":\"fr-FR\",\"@id\":\"https:\\\/\\\/bewehrungen.ch\\\/fr\\\/product\\\/paniers-darret-et-de-betonnage-pyrapan\\\/#primaryimage\",\"url\":\"https:\\\/\\\/bewehrungen.ch\\\/wp-content\\\/uploads\\\/2021\\\/05\\\/PYRAPAN-717x1024-1.jpg\",\"contentUrl\":\"https:\\\/\\\/bewehrungen.ch\\\/wp-content\\\/uploads\\\/2021\\\/05\\\/PYRAPAN-717x1024-1.jpg\",\"width\":717,\"height\":1024,\"caption\":\"ProEXR File Description =Attributes= cameraAperture (float): 36 cameraFarClip (float): 0 cameraFarRange (float): 100000 cameraFov (float): 36.3724 cameraNearClip (float): 0 cameraNearRange (float): 0 cameraProjection (int): 0 cameraTargetDistance (float): 57.1729 cameraTransform (m44f): [{-0.432371, 0.0186422, -0.901503, -43.7375}, {-0.901696, -0.00893911, 0.432279, 124.288}, {3.72529e-009, 0.999787, 0.0206746, 44.3688}, {0, 0, 0, 1}] channels (chlist) compression (compression): Zip16 dataWindow (box2i): [0, 0, 2499, 3570] displayWindow (box2i): [0, 0, 2499, 3570] gamma (float): 1 lineOrder (lineOrder): Increasing Y pixelAspectRatio (float): 1 screenWindowCenter (v2f): [0, 0] screenWindowWidth (float): 1 tiles (tiledesc): [64, 64] type (string): \\\"tiledimage\\\" =Channels= A (half) B (half) CESSENTIAL_Direct.A (half) CESSENTIAL_Direct.B (half) CESSENTIAL_Direct.G (half) CESSENTIAL_Direct.R (half) CESSENTIAL_Indirect.A (half) CESSENTIAL_Indirect.B (half) CESSENTIAL_Indirect.G (half) CESSENTIAL_Indirect.R (half) CESSENTIAL_Reflect.A (half) CESSENTIAL_Reflect.B (half) CESSENTIAL_Reflect.G (half) CESSENTIAL_Reflect.R (half) CGeometry_ZDepth.A (half) CGeometry_ZDepth.B (half) CGeometry_ZDepth.G (half) CGeometry_ZDepth.R (half) CGeometry_ZDepth001.A (half) CGeometry_ZDepth001.B (half) CGeometry_ZDepth001.G (half) CGeometry_ZDepth001.R (half) CMasking_ID.A (half) CMasking_ID.B (half) CMasking_ID.G (half) CMasking_ID.R (half) G (half) R (half)\"},{\"@type\":\"BreadcrumbList\",\"@id\":\"https:\\\/\\\/bewehrungen.ch\\\/fr\\\/product\\\/paniers-darret-et-de-betonnage-pyrapan\\\/#breadcrumb\",\"itemListElement\":[{\"@type\":\"ListItem\",\"position\":1,\"name\":\"Home\",\"item\":\"https:\\\/\\\/bewehrungen.ch\\\/fr\\\/\"},{\"@type\":\"ListItem\",\"position\":2,\"name\":\"Produits\",\"item\":\"https:\\\/\\\/bewehrungen.ch\\\/fr\\\/products\\\/\"},{\"@type\":\"ListItem\",\"position\":3,\"name\":\"Paniers d\u2019arr\u00eat et de b\u00e9tonnage PYRAPAN\u00ae\"}]},{\"@type\":\"WebSite\",\"@id\":\"https:\\\/\\\/bewehrungen.ch\\\/fr\\\/#website\",\"url\":\"https:\\\/\\\/bewehrungen.ch\\\/fr\\\/\",\"name\":\"Bewehrungen\",\"description\":\"Just another WordPress site\",\"publisher\":{\"@id\":\"https:\\\/\\\/bewehrungen.ch\\\/fr\\\/#organization\"},\"potentialAction\":[{\"@type\":\"SearchAction\",\"target\":{\"@type\":\"EntryPoint\",\"urlTemplate\":\"https:\\\/\\\/bewehrungen.ch\\\/fr\\\/?s={search_term_string}\"},\"query-input\":{\"@type\":\"PropertyValueSpecification\",\"valueRequired\":true,\"valueName\":\"search_term_string\"}}],\"inLanguage\":\"fr-FR\"},{\"@type\":\"Organization\",\"@id\":\"https:\\\/\\\/bewehrungen.ch\\\/fr\\\/#organization\",\"name\":\"Bewehrungen\",\"url\":\"https:\\\/\\\/bewehrungen.ch\\\/fr\\\/\",\"logo\":{\"@type\":\"ImageObject\",\"inLanguage\":\"fr-FR\",\"@id\":\"https:\\\/\\\/bewehrungen.ch\\\/fr\\\/#\\\/schema\\\/logo\\\/image\\\/\",\"url\":\"https:\\\/\\\/bewehrungen.ch\\\/wp-content\\\/uploads\\\/2025\\\/12\\\/DE_DebrunnerBewetec_RGB.png\",\"contentUrl\":\"https:\\\/\\\/bewehrungen.ch\\\/wp-content\\\/uploads\\\/2025\\\/12\\\/DE_DebrunnerBewetec_RGB.png\",\"width\":2389,\"height\":542,\"caption\":\"Bewehrungen\"},\"image\":{\"@id\":\"https:\\\/\\\/bewehrungen.ch\\\/fr\\\/#\\\/schema\\\/logo\\\/image\\\/\"}}]}<\/script>\n<!-- \/ Yoast SEO plugin. -->","yoast_head_json":{"title":"Paniers d\u2019arr\u00eat et de b\u00e9tonnage PYRAPAN\u00ae - Bewehrungen","robots":{"index":"index","follow":"follow","max-snippet":"max-snippet:-1","max-image-preview":"max-image-preview:large","max-video-preview":"max-video-preview:-1"},"canonical":"https:\/\/bewehrungen.ch\/fr\/product\/paniers-darret-et-de-betonnage-pyrapan\/","og_locale":"fr_FR","og_type":"article","og_title":"Paniers d\u2019arr\u00eat et de b\u00e9tonnage PYRAPAN\u00ae - Bewehrungen","og_url":"https:\/\/bewehrungen.ch\/fr\/product\/paniers-darret-et-de-betonnage-pyrapan\/","og_site_name":"Bewehrungen","article_modified_time":"2025-11-22T19:07:20+00:00","og_image":[{"width":717,"height":1024,"url":"https:\/\/bewehrungen.ch\/wp-content\/uploads\/2021\/05\/PYRAPAN-717x1024-1.jpg","type":"image\/jpeg"}],"twitter_card":"summary_large_image","schema":{"@context":"https:\/\/schema.org","@graph":[{"@type":"WebPage","@id":"https:\/\/bewehrungen.ch\/fr\/product\/paniers-darret-et-de-betonnage-pyrapan\/","url":"https:\/\/bewehrungen.ch\/fr\/product\/paniers-darret-et-de-betonnage-pyrapan\/","name":"Paniers d\u2019arr\u00eat et de b\u00e9tonnage PYRAPAN\u00ae - Bewehrungen","isPartOf":{"@id":"https:\/\/bewehrungen.ch\/fr\/#website"},"primaryImageOfPage":{"@id":"https:\/\/bewehrungen.ch\/fr\/product\/paniers-darret-et-de-betonnage-pyrapan\/#primaryimage"},"image":{"@id":"https:\/\/bewehrungen.ch\/fr\/product\/paniers-darret-et-de-betonnage-pyrapan\/#primaryimage"},"thumbnailUrl":"https:\/\/bewehrungen.ch\/wp-content\/uploads\/2021\/05\/PYRAPAN-717x1024-1.jpg","datePublished":"2025-11-22T09:31:28+00:00","dateModified":"2025-11-22T19:07:20+00:00","breadcrumb":{"@id":"https:\/\/bewehrungen.ch\/fr\/product\/paniers-darret-et-de-betonnage-pyrapan\/#breadcrumb"},"inLanguage":"fr-FR","potentialAction":[{"@type":"ReadAction","target":["https:\/\/bewehrungen.ch\/fr\/product\/paniers-darret-et-de-betonnage-pyrapan\/"]}]},{"@type":"ImageObject","inLanguage":"fr-FR","@id":"https:\/\/bewehrungen.ch\/fr\/product\/paniers-darret-et-de-betonnage-pyrapan\/#primaryimage","url":"https:\/\/bewehrungen.ch\/wp-content\/uploads\/2021\/05\/PYRAPAN-717x1024-1.jpg","contentUrl":"https:\/\/bewehrungen.ch\/wp-content\/uploads\/2021\/05\/PYRAPAN-717x1024-1.jpg","width":717,"height":1024,"caption":"ProEXR File Description =Attributes= cameraAperture (float): 36 cameraFarClip (float): 0 cameraFarRange (float): 100000 cameraFov (float): 36.3724 cameraNearClip (float): 0 cameraNearRange (float): 0 cameraProjection (int): 0 cameraTargetDistance (float): 57.1729 cameraTransform (m44f): [{-0.432371, 0.0186422, -0.901503, -43.7375}, {-0.901696, -0.00893911, 0.432279, 124.288}, {3.72529e-009, 0.999787, 0.0206746, 44.3688}, {0, 0, 0, 1}] channels (chlist) compression (compression): Zip16 dataWindow (box2i): [0, 0, 2499, 3570] displayWindow (box2i): [0, 0, 2499, 3570] gamma (float): 1 lineOrder (lineOrder): Increasing Y pixelAspectRatio (float): 1 screenWindowCenter (v2f): [0, 0] screenWindowWidth (float): 1 tiles (tiledesc): [64, 64] type (string): \"tiledimage\" =Channels= A (half) B (half) CESSENTIAL_Direct.A (half) CESSENTIAL_Direct.B (half) CESSENTIAL_Direct.G (half) CESSENTIAL_Direct.R (half) CESSENTIAL_Indirect.A (half) CESSENTIAL_Indirect.B (half) CESSENTIAL_Indirect.G (half) CESSENTIAL_Indirect.R (half) CESSENTIAL_Reflect.A (half) CESSENTIAL_Reflect.B (half) CESSENTIAL_Reflect.G (half) CESSENTIAL_Reflect.R (half) CGeometry_ZDepth.A (half) CGeometry_ZDepth.B (half) CGeometry_ZDepth.G (half) CGeometry_ZDepth.R (half) CGeometry_ZDepth001.A (half) CGeometry_ZDepth001.B (half) CGeometry_ZDepth001.G (half) CGeometry_ZDepth001.R (half) CMasking_ID.A (half) CMasking_ID.B (half) CMasking_ID.G (half) CMasking_ID.R (half) G (half) R (half)"},{"@type":"BreadcrumbList","@id":"https:\/\/bewehrungen.ch\/fr\/product\/paniers-darret-et-de-betonnage-pyrapan\/#breadcrumb","itemListElement":[{"@type":"ListItem","position":1,"name":"Home","item":"https:\/\/bewehrungen.ch\/fr\/"},{"@type":"ListItem","position":2,"name":"Produits","item":"https:\/\/bewehrungen.ch\/fr\/products\/"},{"@type":"ListItem","position":3,"name":"Paniers d\u2019arr\u00eat et de b\u00e9tonnage PYRAPAN\u00ae"}]},{"@type":"WebSite","@id":"https:\/\/bewehrungen.ch\/fr\/#website","url":"https:\/\/bewehrungen.ch\/fr\/","name":"Bewehrungen","description":"Just another WordPress site","publisher":{"@id":"https:\/\/bewehrungen.ch\/fr\/#organization"},"potentialAction":[{"@type":"SearchAction","target":{"@type":"EntryPoint","urlTemplate":"https:\/\/bewehrungen.ch\/fr\/?s={search_term_string}"},"query-input":{"@type":"PropertyValueSpecification","valueRequired":true,"valueName":"search_term_string"}}],"inLanguage":"fr-FR"},{"@type":"Organization","@id":"https:\/\/bewehrungen.ch\/fr\/#organization","name":"Bewehrungen","url":"https:\/\/bewehrungen.ch\/fr\/","logo":{"@type":"ImageObject","inLanguage":"fr-FR","@id":"https:\/\/bewehrungen.ch\/fr\/#\/schema\/logo\/image\/","url":"https:\/\/bewehrungen.ch\/wp-content\/uploads\/2025\/12\/DE_DebrunnerBewetec_RGB.png","contentUrl":"https:\/\/bewehrungen.ch\/wp-content\/uploads\/2025\/12\/DE_DebrunnerBewetec_RGB.png","width":2389,"height":542,"caption":"Bewehrungen"},"image":{"@id":"https:\/\/bewehrungen.ch\/fr\/#\/schema\/logo\/image\/"}}]}},"deac_custom_fields":{"page_color_variation":"default","product":{"brand":"PYRAPAN\u00ae","name":"Paniers d\u2019arr\u00eat et de b\u00e9tonnage"},"highlight_box":{"title":"Paniers d\u2019arr\u00eat de b\u00e9tonnage avec haute reprise du cisaillement","subtitle":"Syst\u00e8me de coffrage avec haute reprise du cisaillement pour joints avec travers\u00e9e des armature","text":"<ul>\n<li>Transmission biaxiale du cisaillement brevet\u00e9e PYRAX\u00ae<\/li>\n<li>Ne n\u00e9cessite pas de rendre la surface du joint rugueuse<\/li>\n<li>Transmission du cisaillement selon SIA 262<\/li>\n<li>Coffrage autoportant<\/li>\n<li>Pour radiers et dalles de 25 &#8211; 56 cm<\/li>\n<li>En option avec t\u00f4le d\u2019\u00e9tanch\u00e9it\u00e9 pour un joint \u00e9tanche<\/li>\n<li>Production suisse<\/li>\n<\/ul>\n","media_type":"image","image":{"medium":"<img width=\"210\" height=\"300\" src=\"https:\/\/bewehrungen.ch\/wp-content\/uploads\/2025\/11\/PYRAPAN-210x300.jpg\" class=\"%s\" alt=\"\" decoding=\"async\" loading=\"lazy\" srcset=\"https:\/\/bewehrungen.ch\/wp-content\/uploads\/2025\/11\/PYRAPAN-210x300.jpg 210w, https:\/\/bewehrungen.ch\/wp-content\/uploads\/2025\/11\/PYRAPAN-717x1024.jpg 717w, https:\/\/bewehrungen.ch\/wp-content\/uploads\/2025\/11\/PYRAPAN-768x1097.jpg 768w, https:\/\/bewehrungen.ch\/wp-content\/uploads\/2025\/11\/PYRAPAN-1075x1536.jpg 1075w, https:\/\/bewehrungen.ch\/wp-content\/uploads\/2025\/11\/PYRAPAN-1434x2048.jpg 1434w, https:\/\/bewehrungen.ch\/wp-content\/uploads\/2025\/11\/PYRAPAN-436x623.jpg 436w, https:\/\/bewehrungen.ch\/wp-content\/uploads\/2025\/11\/PYRAPAN-550x786.jpg 550w, https:\/\/bewehrungen.ch\/wp-content\/uploads\/2025\/11\/PYRAPAN-scaled.jpg 1792w\" sizes=\"auto, (max-width: 210px) 100vw, 210px\" \/>","medium_large":"<img width=\"768\" height=\"1097\" src=\"https:\/\/bewehrungen.ch\/wp-content\/uploads\/2025\/11\/PYRAPAN-768x1097.jpg\" class=\"%s\" alt=\"\" decoding=\"async\" loading=\"lazy\" srcset=\"https:\/\/bewehrungen.ch\/wp-content\/uploads\/2025\/11\/PYRAPAN-768x1097.jpg 768w, https:\/\/bewehrungen.ch\/wp-content\/uploads\/2025\/11\/PYRAPAN-210x300.jpg 210w, https:\/\/bewehrungen.ch\/wp-content\/uploads\/2025\/11\/PYRAPAN-717x1024.jpg 717w, https:\/\/bewehrungen.ch\/wp-content\/uploads\/2025\/11\/PYRAPAN-1075x1536.jpg 1075w, https:\/\/bewehrungen.ch\/wp-content\/uploads\/2025\/11\/PYRAPAN-1434x2048.jpg 1434w, https:\/\/bewehrungen.ch\/wp-content\/uploads\/2025\/11\/PYRAPAN-436x623.jpg 436w, https:\/\/bewehrungen.ch\/wp-content\/uploads\/2025\/11\/PYRAPAN-550x786.jpg 550w, https:\/\/bewehrungen.ch\/wp-content\/uploads\/2025\/11\/PYRAPAN-scaled.jpg 1792w\" sizes=\"auto, (max-width: 768px) 100vw, 768px\" \/>","large":"<img width=\"717\" height=\"1024\" src=\"https:\/\/bewehrungen.ch\/wp-content\/uploads\/2025\/11\/PYRAPAN-717x1024.jpg\" class=\"%s\" alt=\"\" decoding=\"async\" loading=\"lazy\" srcset=\"https:\/\/bewehrungen.ch\/wp-content\/uploads\/2025\/11\/PYRAPAN-717x1024.jpg 717w, https:\/\/bewehrungen.ch\/wp-content\/uploads\/2025\/11\/PYRAPAN-210x300.jpg 210w, https:\/\/bewehrungen.ch\/wp-content\/uploads\/2025\/11\/PYRAPAN-768x1097.jpg 768w, https:\/\/bewehrungen.ch\/wp-content\/uploads\/2025\/11\/PYRAPAN-1075x1536.jpg 1075w, https:\/\/bewehrungen.ch\/wp-content\/uploads\/2025\/11\/PYRAPAN-1434x2048.jpg 1434w, https:\/\/bewehrungen.ch\/wp-content\/uploads\/2025\/11\/PYRAPAN-436x623.jpg 436w, https:\/\/bewehrungen.ch\/wp-content\/uploads\/2025\/11\/PYRAPAN-550x786.jpg 550w, https:\/\/bewehrungen.ch\/wp-content\/uploads\/2025\/11\/PYRAPAN-scaled.jpg 1792w\" sizes=\"auto, (max-width: 717px) 100vw, 717px\" \/>","full":"<img width=\"1792\" height=\"2560\" src=\"https:\/\/bewehrungen.ch\/wp-content\/uploads\/2025\/11\/PYRAPAN-scaled.jpg\" class=\"%s\" alt=\"\" decoding=\"async\" loading=\"lazy\" srcset=\"https:\/\/bewehrungen.ch\/wp-content\/uploads\/2025\/11\/PYRAPAN-scaled.jpg 1792w, https:\/\/bewehrungen.ch\/wp-content\/uploads\/2025\/11\/PYRAPAN-210x300.jpg 210w, https:\/\/bewehrungen.ch\/wp-content\/uploads\/2025\/11\/PYRAPAN-717x1024.jpg 717w, https:\/\/bewehrungen.ch\/wp-content\/uploads\/2025\/11\/PYRAPAN-768x1097.jpg 768w, https:\/\/bewehrungen.ch\/wp-content\/uploads\/2025\/11\/PYRAPAN-1075x1536.jpg 1075w, https:\/\/bewehrungen.ch\/wp-content\/uploads\/2025\/11\/PYRAPAN-1434x2048.jpg 1434w, https:\/\/bewehrungen.ch\/wp-content\/uploads\/2025\/11\/PYRAPAN-436x623.jpg 436w, https:\/\/bewehrungen.ch\/wp-content\/uploads\/2025\/11\/PYRAPAN-550x786.jpg 550w\" sizes=\"auto, (max-width: 1792px) 100vw, 1792px\" \/>"},"video_list":[{"video_poster":66900,"youtube_link":"https:\/\/www.youtube.com\/watch?v=vymIs1VyQGE","_video_poster_meta":["https:\/\/bewehrungen.ch\/wp-content\/uploads\/2025\/10\/PYRAPAN-scaled-8.jpg",1792,2560,false]}]},"downloads":[67349,67377,67607,67526,67347,67580],"description":[{"title":"Paniers d\u2019arr\u00eat de b\u00e9tonnage PYRAPAN\u00ae","text":"<p>Les paniers d&rsquo;arr\u00eat de b\u00e9tonnage PYRAPAN\u00ae ont \u00e9t\u00e9 d\u00e9velopp\u00e9s pour le coffrage de joints de construction soumis \u00e0 des contraintes statiques avec travers\u00e9es des armatures dans les radiers et dalles.<br \/>\nLa structure brevet\u00e9e PYRAX\u00ae garantit une parfaite imbrication des deux parties du joint pour une transmission optimale du cisaillement.<br \/>\nLes paniers PYRAPAN\u00ae fonctionnent de la m\u00eame mani\u00e8re qu&rsquo;un panier de support et ne n\u00e9cessite aucun \u00e9tayage suppl\u00e9mentaire.<\/p>\n"},{"title":"Technologie PYRAX\u00ae","text":"<p>La structure pyramidale en damier permet une reprise maximale des forces de cisaillement dans toutes les directions.<br \/>\nLa surface de b\u00e9ton d\u00e9di\u00e9e \u00e0 la reprise du cisaillement atteint 85 % de la surface totale de la zone du raccordement. Avec des volumes concaves et convexes r\u00e9partis r\u00e9guli\u00e8rement de part et d&rsquo;autre, la g\u00e9om\u00e9trie sp\u00e9ciale de la t\u00f4le assure la reprise d\u2019efforts de cisaillement cons\u00e9quents.<br \/>\nL&rsquo;efficacit\u00e9 du haut pourcentage de surface de joint de reprise contribuant \u00e0 la reprise des forces de cisaillement a \u00e9t\u00e9 confirm\u00e9e par des essais.<br \/>\nLe dimensionnement du joint PYRAX\u00ae s\u2019effectue selon les sp\u00e9cifications de la norme SIA 262 (2013) art. 4.3.2 et 4.3.3 sur la base des valeurs de flexion et de cisaillement.<\/p>\n"},{"title":"Etanche \u00e0 l\u2019eau en combinaison avec la t\u00f4le d\u2019\u00e9tanch\u00e9it\u00e9 Cemflex-VB","text":"<p>Les paniers d\u2019arr\u00eat de b\u00e9tonnage PYRAPAN\u00ae sont disponibles en ex\u00e9cution \u00e9tanche \u00e0 l\u2019eau \u00e0 partir d\u2019une \u00e9paisseur 240 mm. Cette ex\u00e9cution PW+ int\u00e8gre une t\u00f4le d\u2019\u00e9tanch\u00e9it\u00e9 CEMflex VB. Le rev\u00eatement sp\u00e9cial cristallise activement dans le b\u00e9ton et permet la r\u00e9alisation de joints \u00e9tanches \u00e0 l\u2019eau.<\/p>\n"},{"title":"Distanceur d\u2019armature avec protection int\u00e9gr\u00e9e contre les fuites de b\u00e9ton","text":"<p>Ferrofix-peigne \u2013 un distanceur d\u2019armature avec protection int\u00e9gr\u00e9e contre les fuites de b\u00e9ton, il a \u00e9t\u00e9 sp\u00e9cialement d\u00e9velopp\u00e9 pour les joints avec travers\u00e9e des armatures afin d\u2019\u00e9viter les fuites de b\u00e9ton sur la 2\u00e8me \u00e9tape de b\u00e9tonnage.<br \/>\nPour l\u2019utilisation combin\u00e9e avec PYRAPAN\u00ae, ferrofix-peigne peut \u00eatre command\u00e9 comme accessoire.<\/p>\n"},{"title":"Rapide et simple","text":"<p>Les paniers d\u2019arr\u00eat de b\u00e9tonnage PYRAPAN\u00ae se placent, comme les paniers distanceurs sans pieds plastiques, entre les 1er et 4\u00e8me ou entre les 2\u00e8me et 3\u00e8me lits. La longueur des \u00e9l\u00e9ments est de 1.20 m et peut \u00eatre simplement adapt\u00e9e sur le chantier.<\/p>\n<p><a href=\"https:\/\/www.youtube.com\/watch?v=2RV0MX7GuAE\">Voir la vid\u00e9o de mise en oeuvre<\/a><\/p>\n"}]},"deac_featured_media":{"medium":"<img width=\"210\" height=\"300\" src=\"https:\/\/bewehrungen.ch\/wp-content\/uploads\/2021\/05\/PYRAPAN-717x1024-1-210x300.jpg\" class=\"%s\" alt=\"\" decoding=\"async\" loading=\"lazy\" srcset=\"https:\/\/bewehrungen.ch\/wp-content\/uploads\/2021\/05\/PYRAPAN-717x1024-1-210x300.jpg 210w, https:\/\/bewehrungen.ch\/wp-content\/uploads\/2021\/05\/PYRAPAN-717x1024-1-436x623.jpg 436w, https:\/\/bewehrungen.ch\/wp-content\/uploads\/2021\/05\/PYRAPAN-717x1024-1-550x785.jpg 550w, https:\/\/bewehrungen.ch\/wp-content\/uploads\/2021\/05\/PYRAPAN-717x1024-1.jpg 717w\" sizes=\"auto, (max-width: 210px) 100vw, 210px\" \/>","medium_large":"<img width=\"717\" height=\"1024\" src=\"https:\/\/bewehrungen.ch\/wp-content\/uploads\/2021\/05\/PYRAPAN-717x1024-1.jpg\" class=\"%s\" alt=\"\" decoding=\"async\" loading=\"lazy\" srcset=\"https:\/\/bewehrungen.ch\/wp-content\/uploads\/2021\/05\/PYRAPAN-717x1024-1.jpg 717w, https:\/\/bewehrungen.ch\/wp-content\/uploads\/2021\/05\/PYRAPAN-717x1024-1-210x300.jpg 210w, https:\/\/bewehrungen.ch\/wp-content\/uploads\/2021\/05\/PYRAPAN-717x1024-1-436x623.jpg 436w, https:\/\/bewehrungen.ch\/wp-content\/uploads\/2021\/05\/PYRAPAN-717x1024-1-550x785.jpg 550w\" sizes=\"auto, (max-width: 717px) 100vw, 717px\" \/>","large":"<img width=\"717\" height=\"1024\" src=\"https:\/\/bewehrungen.ch\/wp-content\/uploads\/2021\/05\/PYRAPAN-717x1024-1.jpg\" class=\"%s\" alt=\"\" decoding=\"async\" loading=\"lazy\" srcset=\"https:\/\/bewehrungen.ch\/wp-content\/uploads\/2021\/05\/PYRAPAN-717x1024-1.jpg 717w, https:\/\/bewehrungen.ch\/wp-content\/uploads\/2021\/05\/PYRAPAN-717x1024-1-210x300.jpg 210w, https:\/\/bewehrungen.ch\/wp-content\/uploads\/2021\/05\/PYRAPAN-717x1024-1-436x623.jpg 436w, https:\/\/bewehrungen.ch\/wp-content\/uploads\/2021\/05\/PYRAPAN-717x1024-1-550x785.jpg 550w\" sizes=\"auto, (max-width: 717px) 100vw, 717px\" \/>","full":"<img width=\"717\" height=\"1024\" src=\"https:\/\/bewehrungen.ch\/wp-content\/uploads\/2021\/05\/PYRAPAN-717x1024-1.jpg\" class=\"%s\" alt=\"\" decoding=\"async\" loading=\"lazy\" srcset=\"https:\/\/bewehrungen.ch\/wp-content\/uploads\/2021\/05\/PYRAPAN-717x1024-1.jpg 717w, https:\/\/bewehrungen.ch\/wp-content\/uploads\/2021\/05\/PYRAPAN-717x1024-1-210x300.jpg 210w, https:\/\/bewehrungen.ch\/wp-content\/uploads\/2021\/05\/PYRAPAN-717x1024-1-436x623.jpg 436w, https:\/\/bewehrungen.ch\/wp-content\/uploads\/2021\/05\/PYRAPAN-717x1024-1-550x785.jpg 550w\" sizes=\"auto, (max-width: 717px) 100vw, 717px\" \/>"},"_links":{"self":[{"href":"https:\/\/bewehrungen.ch\/fr\/wp-json\/wp\/v2\/product\/66899","targetHints":{"allow":["GET"]}}],"collection":[{"href":"https:\/\/bewehrungen.ch\/fr\/wp-json\/wp\/v2\/product"}],"about":[{"href":"https:\/\/bewehrungen.ch\/fr\/wp-json\/wp\/v2\/types\/product"}],"wp:featuredmedia":[{"embeddable":true,"href":"https:\/\/bewehrungen.ch\/fr\/wp-json\/wp\/v2\/media\/66901"}],"wp:attachment":[{"href":"https:\/\/bewehrungen.ch\/fr\/wp-json\/wp\/v2\/media?parent=66899"}],"wp:term":[{"taxonomy":"product_category","embeddable":true,"href":"https:\/\/bewehrungen.ch\/fr\/wp-json\/wp\/v2\/product_category?post=66899"}],"curies":[{"name":"wp","href":"https:\/\/api.w.org\/{rel}","templated":true}]}}