{"id":66892,"date":"2025-11-22T09:28:56","date_gmt":"2025-11-22T09:28:56","guid":{"rendered":"https:\/\/bewehrungen.ch\/?post_type=product&#038;p=66892"},"modified":"2025-11-22T18:23:16","modified_gmt":"2025-11-22T18:23:16","slug":"aciers-darmature-b500b-et-b500c","status":"publish","type":"product","link":"https:\/\/bewehrungen.ch\/fr\/product\/aciers-darmature-b500b-et-b500c\/","title":{"rendered":"Aciers d\u2019armature B500B et B500C"},"featured_media":66895,"menu_order":90,"template":"","product_category":[5833],"class_list":["post-66892","product","type-product","status-publish","has-post-thumbnail","","product_category-aciers-darmature"],"acf":[],"yoast_head":"<!-- This site is optimized with the Yoast SEO plugin v27.3 - https:\/\/yoast.com\/product\/yoast-seo-wordpress\/ -->\n<title>Aciers d\u2019armature B500B et B500C - Bewehrungen<\/title>\n<meta name=\"robots\" content=\"index, follow, max-snippet:-1, max-image-preview:large, max-video-preview:-1\" \/>\n<link rel=\"canonical\" href=\"https:\/\/bewehrungen.ch\/fr\/product\/aciers-darmature-b500b-et-b500c\/\" \/>\n<meta property=\"og:locale\" content=\"fr_FR\" \/>\n<meta property=\"og:type\" content=\"article\" \/>\n<meta property=\"og:title\" content=\"Aciers d\u2019armature B500B et B500C - Bewehrungen\" \/>\n<meta property=\"og:url\" content=\"https:\/\/bewehrungen.ch\/fr\/product\/aciers-darmature-b500b-et-b500c\/\" \/>\n<meta property=\"og:site_name\" content=\"Bewehrungen\" \/>\n<meta property=\"article:modified_time\" content=\"2025-11-22T18:23:16+00:00\" \/>\n<meta property=\"og:image\" content=\"https:\/\/bewehrungen.ch\/wp-content\/uploads\/2021\/05\/stack-steel-bar-texture-construction-1024x683-1.jpg\" \/>\n\t<meta property=\"og:image:width\" content=\"1024\" \/>\n\t<meta property=\"og:image:height\" content=\"683\" \/>\n\t<meta property=\"og:image:type\" content=\"image\/jpeg\" \/>\n<meta name=\"twitter:card\" content=\"summary_large_image\" \/>\n<script type=\"application\/ld+json\" class=\"yoast-schema-graph\">{\"@context\":\"https:\\\/\\\/schema.org\",\"@graph\":[{\"@type\":\"WebPage\",\"@id\":\"https:\\\/\\\/bewehrungen.ch\\\/fr\\\/product\\\/aciers-darmature-b500b-et-b500c\\\/\",\"url\":\"https:\\\/\\\/bewehrungen.ch\\\/fr\\\/product\\\/aciers-darmature-b500b-et-b500c\\\/\",\"name\":\"Aciers d\u2019armature B500B et B500C - Bewehrungen\",\"isPartOf\":{\"@id\":\"https:\\\/\\\/bewehrungen.ch\\\/fr\\\/#website\"},\"primaryImageOfPage\":{\"@id\":\"https:\\\/\\\/bewehrungen.ch\\\/fr\\\/product\\\/aciers-darmature-b500b-et-b500c\\\/#primaryimage\"},\"image\":{\"@id\":\"https:\\\/\\\/bewehrungen.ch\\\/fr\\\/product\\\/aciers-darmature-b500b-et-b500c\\\/#primaryimage\"},\"thumbnailUrl\":\"https:\\\/\\\/bewehrungen.ch\\\/wp-content\\\/uploads\\\/2021\\\/05\\\/stack-steel-bar-texture-construction-1024x683-1.jpg\",\"datePublished\":\"2025-11-22T09:28:56+00:00\",\"dateModified\":\"2025-11-22T18:23:16+00:00\",\"breadcrumb\":{\"@id\":\"https:\\\/\\\/bewehrungen.ch\\\/fr\\\/product\\\/aciers-darmature-b500b-et-b500c\\\/#breadcrumb\"},\"inLanguage\":\"fr-FR\",\"potentialAction\":[{\"@type\":\"ReadAction\",\"target\":[\"https:\\\/\\\/bewehrungen.ch\\\/fr\\\/product\\\/aciers-darmature-b500b-et-b500c\\\/\"]}]},{\"@type\":\"ImageObject\",\"inLanguage\":\"fr-FR\",\"@id\":\"https:\\\/\\\/bewehrungen.ch\\\/fr\\\/product\\\/aciers-darmature-b500b-et-b500c\\\/#primaryimage\",\"url\":\"https:\\\/\\\/bewehrungen.ch\\\/wp-content\\\/uploads\\\/2021\\\/05\\\/stack-steel-bar-texture-construction-1024x683-1.jpg\",\"contentUrl\":\"https:\\\/\\\/bewehrungen.ch\\\/wp-content\\\/uploads\\\/2021\\\/05\\\/stack-steel-bar-texture-construction-1024x683-1.jpg\",\"width\":1024,\"height\":683},{\"@type\":\"BreadcrumbList\",\"@id\":\"https:\\\/\\\/bewehrungen.ch\\\/fr\\\/product\\\/aciers-darmature-b500b-et-b500c\\\/#breadcrumb\",\"itemListElement\":[{\"@type\":\"ListItem\",\"position\":1,\"name\":\"Home\",\"item\":\"https:\\\/\\\/bewehrungen.ch\\\/fr\\\/\"},{\"@type\":\"ListItem\",\"position\":2,\"name\":\"Produits\",\"item\":\"https:\\\/\\\/bewehrungen.ch\\\/fr\\\/products\\\/\"},{\"@type\":\"ListItem\",\"position\":3,\"name\":\"Aciers d\u2019armature B500B et B500C\"}]},{\"@type\":\"WebSite\",\"@id\":\"https:\\\/\\\/bewehrungen.ch\\\/fr\\\/#website\",\"url\":\"https:\\\/\\\/bewehrungen.ch\\\/fr\\\/\",\"name\":\"Bewehrungen\",\"description\":\"Just another WordPress site\",\"publisher\":{\"@id\":\"https:\\\/\\\/bewehrungen.ch\\\/fr\\\/#organization\"},\"potentialAction\":[{\"@type\":\"SearchAction\",\"target\":{\"@type\":\"EntryPoint\",\"urlTemplate\":\"https:\\\/\\\/bewehrungen.ch\\\/fr\\\/?s={search_term_string}\"},\"query-input\":{\"@type\":\"PropertyValueSpecification\",\"valueRequired\":true,\"valueName\":\"search_term_string\"}}],\"inLanguage\":\"fr-FR\"},{\"@type\":\"Organization\",\"@id\":\"https:\\\/\\\/bewehrungen.ch\\\/fr\\\/#organization\",\"name\":\"Bewehrungen\",\"url\":\"https:\\\/\\\/bewehrungen.ch\\\/fr\\\/\",\"logo\":{\"@type\":\"ImageObject\",\"inLanguage\":\"fr-FR\",\"@id\":\"https:\\\/\\\/bewehrungen.ch\\\/fr\\\/#\\\/schema\\\/logo\\\/image\\\/\",\"url\":\"https:\\\/\\\/bewehrungen.ch\\\/wp-content\\\/uploads\\\/2025\\\/12\\\/DE_DebrunnerBewetec_RGB.png\",\"contentUrl\":\"https:\\\/\\\/bewehrungen.ch\\\/wp-content\\\/uploads\\\/2025\\\/12\\\/DE_DebrunnerBewetec_RGB.png\",\"width\":2389,\"height\":542,\"caption\":\"Bewehrungen\"},\"image\":{\"@id\":\"https:\\\/\\\/bewehrungen.ch\\\/fr\\\/#\\\/schema\\\/logo\\\/image\\\/\"}}]}<\/script>\n<!-- \/ Yoast SEO plugin. -->","yoast_head_json":{"title":"Aciers d\u2019armature B500B et B500C - Bewehrungen","robots":{"index":"index","follow":"follow","max-snippet":"max-snippet:-1","max-image-preview":"max-image-preview:large","max-video-preview":"max-video-preview:-1"},"canonical":"https:\/\/bewehrungen.ch\/fr\/product\/aciers-darmature-b500b-et-b500c\/","og_locale":"fr_FR","og_type":"article","og_title":"Aciers d\u2019armature B500B et B500C - Bewehrungen","og_url":"https:\/\/bewehrungen.ch\/fr\/product\/aciers-darmature-b500b-et-b500c\/","og_site_name":"Bewehrungen","article_modified_time":"2025-11-22T18:23:16+00:00","og_image":[{"width":1024,"height":683,"url":"https:\/\/bewehrungen.ch\/wp-content\/uploads\/2021\/05\/stack-steel-bar-texture-construction-1024x683-1.jpg","type":"image\/jpeg"}],"twitter_card":"summary_large_image","schema":{"@context":"https:\/\/schema.org","@graph":[{"@type":"WebPage","@id":"https:\/\/bewehrungen.ch\/fr\/product\/aciers-darmature-b500b-et-b500c\/","url":"https:\/\/bewehrungen.ch\/fr\/product\/aciers-darmature-b500b-et-b500c\/","name":"Aciers d\u2019armature B500B et B500C - Bewehrungen","isPartOf":{"@id":"https:\/\/bewehrungen.ch\/fr\/#website"},"primaryImageOfPage":{"@id":"https:\/\/bewehrungen.ch\/fr\/product\/aciers-darmature-b500b-et-b500c\/#primaryimage"},"image":{"@id":"https:\/\/bewehrungen.ch\/fr\/product\/aciers-darmature-b500b-et-b500c\/#primaryimage"},"thumbnailUrl":"https:\/\/bewehrungen.ch\/wp-content\/uploads\/2021\/05\/stack-steel-bar-texture-construction-1024x683-1.jpg","datePublished":"2025-11-22T09:28:56+00:00","dateModified":"2025-11-22T18:23:16+00:00","breadcrumb":{"@id":"https:\/\/bewehrungen.ch\/fr\/product\/aciers-darmature-b500b-et-b500c\/#breadcrumb"},"inLanguage":"fr-FR","potentialAction":[{"@type":"ReadAction","target":["https:\/\/bewehrungen.ch\/fr\/product\/aciers-darmature-b500b-et-b500c\/"]}]},{"@type":"ImageObject","inLanguage":"fr-FR","@id":"https:\/\/bewehrungen.ch\/fr\/product\/aciers-darmature-b500b-et-b500c\/#primaryimage","url":"https:\/\/bewehrungen.ch\/wp-content\/uploads\/2021\/05\/stack-steel-bar-texture-construction-1024x683-1.jpg","contentUrl":"https:\/\/bewehrungen.ch\/wp-content\/uploads\/2021\/05\/stack-steel-bar-texture-construction-1024x683-1.jpg","width":1024,"height":683},{"@type":"BreadcrumbList","@id":"https:\/\/bewehrungen.ch\/fr\/product\/aciers-darmature-b500b-et-b500c\/#breadcrumb","itemListElement":[{"@type":"ListItem","position":1,"name":"Home","item":"https:\/\/bewehrungen.ch\/fr\/"},{"@type":"ListItem","position":2,"name":"Produits","item":"https:\/\/bewehrungen.ch\/fr\/products\/"},{"@type":"ListItem","position":3,"name":"Aciers d\u2019armature B500B et B500C"}]},{"@type":"WebSite","@id":"https:\/\/bewehrungen.ch\/fr\/#website","url":"https:\/\/bewehrungen.ch\/fr\/","name":"Bewehrungen","description":"Just another WordPress site","publisher":{"@id":"https:\/\/bewehrungen.ch\/fr\/#organization"},"potentialAction":[{"@type":"SearchAction","target":{"@type":"EntryPoint","urlTemplate":"https:\/\/bewehrungen.ch\/fr\/?s={search_term_string}"},"query-input":{"@type":"PropertyValueSpecification","valueRequired":true,"valueName":"search_term_string"}}],"inLanguage":"fr-FR"},{"@type":"Organization","@id":"https:\/\/bewehrungen.ch\/fr\/#organization","name":"Bewehrungen","url":"https:\/\/bewehrungen.ch\/fr\/","logo":{"@type":"ImageObject","inLanguage":"fr-FR","@id":"https:\/\/bewehrungen.ch\/fr\/#\/schema\/logo\/image\/","url":"https:\/\/bewehrungen.ch\/wp-content\/uploads\/2025\/12\/DE_DebrunnerBewetec_RGB.png","contentUrl":"https:\/\/bewehrungen.ch\/wp-content\/uploads\/2025\/12\/DE_DebrunnerBewetec_RGB.png","width":2389,"height":542,"caption":"Bewehrungen"},"image":{"@id":"https:\/\/bewehrungen.ch\/fr\/#\/schema\/logo\/image\/"}}]}},"deac_custom_fields":{"page_color_variation":"default","product":{"brand":"B500B et B500C","name":"Aciers d\u2019armature"},"highlight_box":{"title":"En cas d\u2019exigences \u00e9lev\u00e9es en r\u00e9sistance et ductilit\u00e9","subtitle":"Performant, polyvalent et rapidement sur le chantier","text":"<ul>\n<li>Large assortiment<\/li>\n<li>D\u00e9lais de livraison courts<\/li>\n<li>Inscrits au registre SIA des aciers d\u2019armature conformes<\/li>\n<\/ul>\n","media_type":"image","image":{"medium":"<img width=\"300\" height=\"200\" src=\"https:\/\/bewehrungen.ch\/wp-content\/uploads\/2025\/11\/stack-steel-bar-texture-construction-300x200.jpg\" class=\"%s\" alt=\"\" decoding=\"async\" loading=\"lazy\" srcset=\"https:\/\/bewehrungen.ch\/wp-content\/uploads\/2025\/11\/stack-steel-bar-texture-construction-300x200.jpg 300w, https:\/\/bewehrungen.ch\/wp-content\/uploads\/2025\/11\/stack-steel-bar-texture-construction-1024x683.jpg 1024w, https:\/\/bewehrungen.ch\/wp-content\/uploads\/2025\/11\/stack-steel-bar-texture-construction-768x512.jpg 768w, https:\/\/bewehrungen.ch\/wp-content\/uploads\/2025\/11\/stack-steel-bar-texture-construction-436x291.jpg 436w, https:\/\/bewehrungen.ch\/wp-content\/uploads\/2025\/11\/stack-steel-bar-texture-construction-550x367.jpg 550w, https:\/\/bewehrungen.ch\/wp-content\/uploads\/2025\/11\/stack-steel-bar-texture-construction.jpg 1440w\" sizes=\"auto, (max-width: 300px) 100vw, 300px\" \/>","medium_large":"<img width=\"768\" height=\"512\" src=\"https:\/\/bewehrungen.ch\/wp-content\/uploads\/2025\/11\/stack-steel-bar-texture-construction-768x512.jpg\" class=\"%s\" alt=\"\" decoding=\"async\" loading=\"lazy\" srcset=\"https:\/\/bewehrungen.ch\/wp-content\/uploads\/2025\/11\/stack-steel-bar-texture-construction-768x512.jpg 768w, https:\/\/bewehrungen.ch\/wp-content\/uploads\/2025\/11\/stack-steel-bar-texture-construction-300x200.jpg 300w, https:\/\/bewehrungen.ch\/wp-content\/uploads\/2025\/11\/stack-steel-bar-texture-construction-1024x683.jpg 1024w, https:\/\/bewehrungen.ch\/wp-content\/uploads\/2025\/11\/stack-steel-bar-texture-construction-436x291.jpg 436w, https:\/\/bewehrungen.ch\/wp-content\/uploads\/2025\/11\/stack-steel-bar-texture-construction-550x367.jpg 550w, https:\/\/bewehrungen.ch\/wp-content\/uploads\/2025\/11\/stack-steel-bar-texture-construction.jpg 1440w\" sizes=\"auto, (max-width: 768px) 100vw, 768px\" \/>","large":"<img width=\"1024\" height=\"683\" src=\"https:\/\/bewehrungen.ch\/wp-content\/uploads\/2025\/11\/stack-steel-bar-texture-construction-1024x683.jpg\" class=\"%s\" alt=\"\" decoding=\"async\" loading=\"lazy\" srcset=\"https:\/\/bewehrungen.ch\/wp-content\/uploads\/2025\/11\/stack-steel-bar-texture-construction-1024x683.jpg 1024w, https:\/\/bewehrungen.ch\/wp-content\/uploads\/2025\/11\/stack-steel-bar-texture-construction-300x200.jpg 300w, https:\/\/bewehrungen.ch\/wp-content\/uploads\/2025\/11\/stack-steel-bar-texture-construction-768x512.jpg 768w, https:\/\/bewehrungen.ch\/wp-content\/uploads\/2025\/11\/stack-steel-bar-texture-construction-436x291.jpg 436w, https:\/\/bewehrungen.ch\/wp-content\/uploads\/2025\/11\/stack-steel-bar-texture-construction-550x367.jpg 550w, https:\/\/bewehrungen.ch\/wp-content\/uploads\/2025\/11\/stack-steel-bar-texture-construction.jpg 1440w\" sizes=\"auto, (max-width: 1024px) 100vw, 1024px\" \/>","full":"<img width=\"1440\" height=\"960\" src=\"https:\/\/bewehrungen.ch\/wp-content\/uploads\/2025\/11\/stack-steel-bar-texture-construction.jpg\" class=\"%s\" alt=\"\" decoding=\"async\" loading=\"lazy\" srcset=\"https:\/\/bewehrungen.ch\/wp-content\/uploads\/2025\/11\/stack-steel-bar-texture-construction.jpg 1440w, https:\/\/bewehrungen.ch\/wp-content\/uploads\/2025\/11\/stack-steel-bar-texture-construction-300x200.jpg 300w, https:\/\/bewehrungen.ch\/wp-content\/uploads\/2025\/11\/stack-steel-bar-texture-construction-1024x683.jpg 1024w, https:\/\/bewehrungen.ch\/wp-content\/uploads\/2025\/11\/stack-steel-bar-texture-construction-768x512.jpg 768w, https:\/\/bewehrungen.ch\/wp-content\/uploads\/2025\/11\/stack-steel-bar-texture-construction-436x291.jpg 436w, https:\/\/bewehrungen.ch\/wp-content\/uploads\/2025\/11\/stack-steel-bar-texture-construction-550x367.jpg 550w\" sizes=\"auto, (max-width: 1440px) 100vw, 1440px\" \/>"},"video_list":[{"video_poster":66893,"youtube_link":"https:\/\/www.youtube.com\/watch?v=8H2OpIzlJ1A","_video_poster_meta":["https:\/\/bewehrungen.ch\/wp-content\/uploads\/2025\/10\/stack-steel-bar-texture-construction-7.jpg",1440,960,false]},{"video_poster":66894,"youtube_link":"https:\/\/www.youtube.com\/watch?v=TBNOiM4eq6Y","_video_poster_meta":["https:\/\/bewehrungen.ch\/wp-content\/uploads\/2025\/10\/Bewehrungen-LkW-in-Halle-1024x677-1-7.jpg",1024,677,false]}]},"downloads":[67463,67544,67315,67547,67460,67484,67490,67541,67321,67319],"description":[{"title":"Large assortiment d'aciers \u00e0 b\u00e9ton","text":"<p>Avec notre assortiment d\u2019aciers d\u2019armature nervur\u00e9 B500B et B500C, nous vous offrons un large choix de produits pour vos besoins individuels dans le domaine de l&rsquo;ing\u00e9nierie structurelle, du g\u00e9nie civil et du g\u00e9nie civil sp\u00e9cial.<\/p>\n"},{"title":"Haute qualit\u00e9 logistique et de service","text":"<p>La livraison des aciers d\u2019armature B500B et B500C s\u2019effectue directement de nos sites de production suisses, en r\u00e8gle g\u00e9n\u00e9rale dans les 48 \u00e0 72 heures apr\u00e8s r\u00e9ception des listes de fer. Des livraisons express sont aussi possibles \u00e0 court terme.<\/p>\n"},{"title":"Normes","text":"<p><span style=\"font-weight: 400;\">Nous utilisons exclusivement des aciers \u00e0 b\u00e9ton r\u00e9pertori\u00e9s dans le registre SIA des aciers d\u2019armature conformes.<\/span> Aussi bien le l\u2019acier d\u2019armature B500B (ductilit\u00e9 normale) comme le B500C (ductilit\u00e9 \u00e9lev\u00e9e) correspondent au registre suisse de la SIA et remplissent ainsi les plus hautes exigences de r\u00e9sistance et de ductilit\u00e9 pour des constructions en b\u00e9ton.<\/p>\n"},{"title":"B\u00e9ton arm\u00e9 - la combinaison id\u00e9ale de r\u00e9sistance et de durabilit\u00e9","text":"<p><span style=\"font-weight: 400;\">Le b\u00e9ton arm\u00e9 associe la r\u00e9sistance \u00e0 la compression du b\u00e9ton \u00e0 la r\u00e9sistance \u00e0 la traction de l\u2019acier d\u2019armature.<\/span><\/p>\n<p><span style=\"font-weight: 400;\">Gr\u00e2ce \u00e0 la compatibilit\u00e9 thermique et chimique entre les deux mat\u00e9riaux, cette combinaison assure une coh\u00e9sion durable et une protection naturelle contre la corrosion.<\/span><\/p>\n<p><span style=\"font-weight: 400;\">Les aciers B500B et B500C garantissent une adh\u00e9rence optimale et une ductilit\u00e9 \u00e9lev\u00e9e pour des structures en b\u00e9ton arm\u00e9 fiables et p\u00e9rennes.<\/span><\/p>\n"},{"title":"Acier d\u2019armature B500B","text":"<ul>\n<li>Ductilit\u00e9 normale<\/li>\n<li>nervur\u00e9<\/li>\n<li>\u00d8 8 \u00e0 40 mm<\/li>\n<li>Fa\u00e7onn\u00e9 selon la norme SIA 262<\/li>\n<\/ul>\n"},{"title":"Acier d\u2019armature B500C","text":"<ul>\n<li>Ductilit\u00e9 \u00e9lev\u00e9e<\/li>\n<li>nervur\u00e9<\/li>\n<li>\u00d8 12 \u00e0 40 mm<\/li>\n<li>Fa\u00e7onn\u00e9 selon la norme SIA 262<\/li>\n<\/ul>\n"}]},"deac_featured_media":{"medium":"<img width=\"300\" height=\"200\" src=\"https:\/\/bewehrungen.ch\/wp-content\/uploads\/2021\/05\/stack-steel-bar-texture-construction-1024x683-1-300x200.jpg\" class=\"%s\" alt=\"\" decoding=\"async\" loading=\"lazy\" srcset=\"https:\/\/bewehrungen.ch\/wp-content\/uploads\/2021\/05\/stack-steel-bar-texture-construction-1024x683-1-300x200.jpg 300w, https:\/\/bewehrungen.ch\/wp-content\/uploads\/2021\/05\/stack-steel-bar-texture-construction-1024x683-1-768x512.jpg 768w, https:\/\/bewehrungen.ch\/wp-content\/uploads\/2021\/05\/stack-steel-bar-texture-construction-1024x683-1-436x291.jpg 436w, https:\/\/bewehrungen.ch\/wp-content\/uploads\/2021\/05\/stack-steel-bar-texture-construction-1024x683-1-550x367.jpg 550w, https:\/\/bewehrungen.ch\/wp-content\/uploads\/2021\/05\/stack-steel-bar-texture-construction-1024x683-1.jpg 1024w\" sizes=\"auto, (max-width: 300px) 100vw, 300px\" \/>","medium_large":"<img width=\"768\" height=\"512\" src=\"https:\/\/bewehrungen.ch\/wp-content\/uploads\/2021\/05\/stack-steel-bar-texture-construction-1024x683-1-768x512.jpg\" class=\"%s\" alt=\"\" decoding=\"async\" loading=\"lazy\" srcset=\"https:\/\/bewehrungen.ch\/wp-content\/uploads\/2021\/05\/stack-steel-bar-texture-construction-1024x683-1-768x512.jpg 768w, https:\/\/bewehrungen.ch\/wp-content\/uploads\/2021\/05\/stack-steel-bar-texture-construction-1024x683-1-300x200.jpg 300w, https:\/\/bewehrungen.ch\/wp-content\/uploads\/2021\/05\/stack-steel-bar-texture-construction-1024x683-1-436x291.jpg 436w, https:\/\/bewehrungen.ch\/wp-content\/uploads\/2021\/05\/stack-steel-bar-texture-construction-1024x683-1-550x367.jpg 550w, https:\/\/bewehrungen.ch\/wp-content\/uploads\/2021\/05\/stack-steel-bar-texture-construction-1024x683-1.jpg 1024w\" sizes=\"auto, (max-width: 768px) 100vw, 768px\" \/>","large":"<img width=\"1024\" height=\"683\" src=\"https:\/\/bewehrungen.ch\/wp-content\/uploads\/2021\/05\/stack-steel-bar-texture-construction-1024x683-1.jpg\" class=\"%s\" alt=\"\" decoding=\"async\" loading=\"lazy\" srcset=\"https:\/\/bewehrungen.ch\/wp-content\/uploads\/2021\/05\/stack-steel-bar-texture-construction-1024x683-1.jpg 1024w, https:\/\/bewehrungen.ch\/wp-content\/uploads\/2021\/05\/stack-steel-bar-texture-construction-1024x683-1-300x200.jpg 300w, https:\/\/bewehrungen.ch\/wp-content\/uploads\/2021\/05\/stack-steel-bar-texture-construction-1024x683-1-768x512.jpg 768w, https:\/\/bewehrungen.ch\/wp-content\/uploads\/2021\/05\/stack-steel-bar-texture-construction-1024x683-1-436x291.jpg 436w, https:\/\/bewehrungen.ch\/wp-content\/uploads\/2021\/05\/stack-steel-bar-texture-construction-1024x683-1-550x367.jpg 550w\" sizes=\"auto, (max-width: 1024px) 100vw, 1024px\" \/>","full":"<img width=\"1024\" height=\"683\" src=\"https:\/\/bewehrungen.ch\/wp-content\/uploads\/2021\/05\/stack-steel-bar-texture-construction-1024x683-1.jpg\" class=\"%s\" alt=\"\" decoding=\"async\" loading=\"lazy\" srcset=\"https:\/\/bewehrungen.ch\/wp-content\/uploads\/2021\/05\/stack-steel-bar-texture-construction-1024x683-1.jpg 1024w, https:\/\/bewehrungen.ch\/wp-content\/uploads\/2021\/05\/stack-steel-bar-texture-construction-1024x683-1-300x200.jpg 300w, https:\/\/bewehrungen.ch\/wp-content\/uploads\/2021\/05\/stack-steel-bar-texture-construction-1024x683-1-768x512.jpg 768w, https:\/\/bewehrungen.ch\/wp-content\/uploads\/2021\/05\/stack-steel-bar-texture-construction-1024x683-1-436x291.jpg 436w, https:\/\/bewehrungen.ch\/wp-content\/uploads\/2021\/05\/stack-steel-bar-texture-construction-1024x683-1-550x367.jpg 550w\" sizes=\"auto, (max-width: 1024px) 100vw, 1024px\" \/>"},"_links":{"self":[{"href":"https:\/\/bewehrungen.ch\/fr\/wp-json\/wp\/v2\/product\/66892","targetHints":{"allow":["GET"]}}],"collection":[{"href":"https:\/\/bewehrungen.ch\/fr\/wp-json\/wp\/v2\/product"}],"about":[{"href":"https:\/\/bewehrungen.ch\/fr\/wp-json\/wp\/v2\/types\/product"}],"wp:featuredmedia":[{"embeddable":true,"href":"https:\/\/bewehrungen.ch\/fr\/wp-json\/wp\/v2\/media\/66895"}],"wp:attachment":[{"href":"https:\/\/bewehrungen.ch\/fr\/wp-json\/wp\/v2\/media?parent=66892"}],"wp:term":[{"taxonomy":"product_category","embeddable":true,"href":"https:\/\/bewehrungen.ch\/fr\/wp-json\/wp\/v2\/product_category?post=66892"}],"curies":[{"name":"wp","href":"https:\/\/api.w.org\/{rel}","templated":true}]}}