{"id":66875,"date":"2025-11-22T09:18:06","date_gmt":"2025-11-22T09:18:06","guid":{"rendered":"https:\/\/bewehrungen.ch\/?post_type=product&#038;p=66875"},"modified":"2025-11-22T18:17:34","modified_gmt":"2025-11-22T18:17:34","slug":"acier-darmature-galvanise-prezinc-500","status":"publish","type":"product","link":"https:\/\/bewehrungen.ch\/fr\/product\/acier-darmature-galvanise-prezinc-500\/","title":{"rendered":"Acier d\u2019armature galvanis\u00e9 PREZINC 500\u00ae"},"featured_media":66876,"menu_order":130,"template":"","product_category":[5833],"class_list":["post-66875","product","type-product","status-publish","has-post-thumbnail","","product_category-aciers-darmature"],"acf":[],"yoast_head":"<!-- This site is optimized with the Yoast SEO plugin v27.3 - https:\/\/yoast.com\/product\/yoast-seo-wordpress\/ -->\n<title>Acier d\u2019armature galvanis\u00e9 PREZINC 500\u00ae - Bewehrungen<\/title>\n<meta name=\"robots\" content=\"index, follow, max-snippet:-1, max-image-preview:large, max-video-preview:-1\" \/>\n<link rel=\"canonical\" href=\"https:\/\/bewehrungen.ch\/fr\/product\/acier-darmature-galvanise-prezinc-500\/\" \/>\n<meta property=\"og:locale\" content=\"fr_FR\" \/>\n<meta property=\"og:type\" content=\"article\" \/>\n<meta property=\"og:title\" content=\"Acier d\u2019armature galvanis\u00e9 PREZINC 500\u00ae - Bewehrungen\" \/>\n<meta property=\"og:url\" content=\"https:\/\/bewehrungen.ch\/fr\/product\/acier-darmature-galvanise-prezinc-500\/\" \/>\n<meta property=\"og:site_name\" content=\"Bewehrungen\" \/>\n<meta property=\"article:modified_time\" content=\"2025-11-22T18:17:34+00:00\" \/>\n<meta property=\"og:image\" content=\"https:\/\/bewehrungen.ch\/wp-content\/uploads\/2021\/05\/PREZINC500-1024x827-1.jpg\" \/>\n\t<meta property=\"og:image:width\" content=\"1024\" \/>\n\t<meta property=\"og:image:height\" content=\"827\" \/>\n\t<meta property=\"og:image:type\" content=\"image\/jpeg\" \/>\n<meta name=\"twitter:card\" content=\"summary_large_image\" \/>\n<script type=\"application\/ld+json\" class=\"yoast-schema-graph\">{\"@context\":\"https:\\\/\\\/schema.org\",\"@graph\":[{\"@type\":\"WebPage\",\"@id\":\"https:\\\/\\\/bewehrungen.ch\\\/fr\\\/product\\\/acier-darmature-galvanise-prezinc-500\\\/\",\"url\":\"https:\\\/\\\/bewehrungen.ch\\\/fr\\\/product\\\/acier-darmature-galvanise-prezinc-500\\\/\",\"name\":\"Acier d\u2019armature galvanis\u00e9 PREZINC 500\u00ae - Bewehrungen\",\"isPartOf\":{\"@id\":\"https:\\\/\\\/bewehrungen.ch\\\/fr\\\/#website\"},\"primaryImageOfPage\":{\"@id\":\"https:\\\/\\\/bewehrungen.ch\\\/fr\\\/product\\\/acier-darmature-galvanise-prezinc-500\\\/#primaryimage\"},\"image\":{\"@id\":\"https:\\\/\\\/bewehrungen.ch\\\/fr\\\/product\\\/acier-darmature-galvanise-prezinc-500\\\/#primaryimage\"},\"thumbnailUrl\":\"https:\\\/\\\/bewehrungen.ch\\\/wp-content\\\/uploads\\\/2021\\\/05\\\/PREZINC500-1024x827-1.jpg\",\"datePublished\":\"2025-11-22T09:18:06+00:00\",\"dateModified\":\"2025-11-22T18:17:34+00:00\",\"breadcrumb\":{\"@id\":\"https:\\\/\\\/bewehrungen.ch\\\/fr\\\/product\\\/acier-darmature-galvanise-prezinc-500\\\/#breadcrumb\"},\"inLanguage\":\"fr-FR\",\"potentialAction\":[{\"@type\":\"ReadAction\",\"target\":[\"https:\\\/\\\/bewehrungen.ch\\\/fr\\\/product\\\/acier-darmature-galvanise-prezinc-500\\\/\"]}]},{\"@type\":\"ImageObject\",\"inLanguage\":\"fr-FR\",\"@id\":\"https:\\\/\\\/bewehrungen.ch\\\/fr\\\/product\\\/acier-darmature-galvanise-prezinc-500\\\/#primaryimage\",\"url\":\"https:\\\/\\\/bewehrungen.ch\\\/wp-content\\\/uploads\\\/2021\\\/05\\\/PREZINC500-1024x827-1.jpg\",\"contentUrl\":\"https:\\\/\\\/bewehrungen.ch\\\/wp-content\\\/uploads\\\/2021\\\/05\\\/PREZINC500-1024x827-1.jpg\",\"width\":1024,\"height\":827},{\"@type\":\"BreadcrumbList\",\"@id\":\"https:\\\/\\\/bewehrungen.ch\\\/fr\\\/product\\\/acier-darmature-galvanise-prezinc-500\\\/#breadcrumb\",\"itemListElement\":[{\"@type\":\"ListItem\",\"position\":1,\"name\":\"Home\",\"item\":\"https:\\\/\\\/bewehrungen.ch\\\/fr\\\/\"},{\"@type\":\"ListItem\",\"position\":2,\"name\":\"Produits\",\"item\":\"https:\\\/\\\/bewehrungen.ch\\\/fr\\\/products\\\/\"},{\"@type\":\"ListItem\",\"position\":3,\"name\":\"Acier d\u2019armature galvanis\u00e9 PREZINC 500\u00ae\"}]},{\"@type\":\"WebSite\",\"@id\":\"https:\\\/\\\/bewehrungen.ch\\\/fr\\\/#website\",\"url\":\"https:\\\/\\\/bewehrungen.ch\\\/fr\\\/\",\"name\":\"Bewehrungen\",\"description\":\"Just another WordPress site\",\"publisher\":{\"@id\":\"https:\\\/\\\/bewehrungen.ch\\\/fr\\\/#organization\"},\"potentialAction\":[{\"@type\":\"SearchAction\",\"target\":{\"@type\":\"EntryPoint\",\"urlTemplate\":\"https:\\\/\\\/bewehrungen.ch\\\/fr\\\/?s={search_term_string}\"},\"query-input\":{\"@type\":\"PropertyValueSpecification\",\"valueRequired\":true,\"valueName\":\"search_term_string\"}}],\"inLanguage\":\"fr-FR\"},{\"@type\":\"Organization\",\"@id\":\"https:\\\/\\\/bewehrungen.ch\\\/fr\\\/#organization\",\"name\":\"Bewehrungen\",\"url\":\"https:\\\/\\\/bewehrungen.ch\\\/fr\\\/\",\"logo\":{\"@type\":\"ImageObject\",\"inLanguage\":\"fr-FR\",\"@id\":\"https:\\\/\\\/bewehrungen.ch\\\/fr\\\/#\\\/schema\\\/logo\\\/image\\\/\",\"url\":\"https:\\\/\\\/bewehrungen.ch\\\/wp-content\\\/uploads\\\/2025\\\/12\\\/DE_DebrunnerBewetec_RGB.png\",\"contentUrl\":\"https:\\\/\\\/bewehrungen.ch\\\/wp-content\\\/uploads\\\/2025\\\/12\\\/DE_DebrunnerBewetec_RGB.png\",\"width\":2389,\"height\":542,\"caption\":\"Bewehrungen\"},\"image\":{\"@id\":\"https:\\\/\\\/bewehrungen.ch\\\/fr\\\/#\\\/schema\\\/logo\\\/image\\\/\"}}]}<\/script>\n<!-- \/ Yoast SEO plugin. -->","yoast_head_json":{"title":"Acier d\u2019armature galvanis\u00e9 PREZINC 500\u00ae - Bewehrungen","robots":{"index":"index","follow":"follow","max-snippet":"max-snippet:-1","max-image-preview":"max-image-preview:large","max-video-preview":"max-video-preview:-1"},"canonical":"https:\/\/bewehrungen.ch\/fr\/product\/acier-darmature-galvanise-prezinc-500\/","og_locale":"fr_FR","og_type":"article","og_title":"Acier d\u2019armature galvanis\u00e9 PREZINC 500\u00ae - Bewehrungen","og_url":"https:\/\/bewehrungen.ch\/fr\/product\/acier-darmature-galvanise-prezinc-500\/","og_site_name":"Bewehrungen","article_modified_time":"2025-11-22T18:17:34+00:00","og_image":[{"width":1024,"height":827,"url":"https:\/\/bewehrungen.ch\/wp-content\/uploads\/2021\/05\/PREZINC500-1024x827-1.jpg","type":"image\/jpeg"}],"twitter_card":"summary_large_image","schema":{"@context":"https:\/\/schema.org","@graph":[{"@type":"WebPage","@id":"https:\/\/bewehrungen.ch\/fr\/product\/acier-darmature-galvanise-prezinc-500\/","url":"https:\/\/bewehrungen.ch\/fr\/product\/acier-darmature-galvanise-prezinc-500\/","name":"Acier d\u2019armature galvanis\u00e9 PREZINC 500\u00ae - Bewehrungen","isPartOf":{"@id":"https:\/\/bewehrungen.ch\/fr\/#website"},"primaryImageOfPage":{"@id":"https:\/\/bewehrungen.ch\/fr\/product\/acier-darmature-galvanise-prezinc-500\/#primaryimage"},"image":{"@id":"https:\/\/bewehrungen.ch\/fr\/product\/acier-darmature-galvanise-prezinc-500\/#primaryimage"},"thumbnailUrl":"https:\/\/bewehrungen.ch\/wp-content\/uploads\/2021\/05\/PREZINC500-1024x827-1.jpg","datePublished":"2025-11-22T09:18:06+00:00","dateModified":"2025-11-22T18:17:34+00:00","breadcrumb":{"@id":"https:\/\/bewehrungen.ch\/fr\/product\/acier-darmature-galvanise-prezinc-500\/#breadcrumb"},"inLanguage":"fr-FR","potentialAction":[{"@type":"ReadAction","target":["https:\/\/bewehrungen.ch\/fr\/product\/acier-darmature-galvanise-prezinc-500\/"]}]},{"@type":"ImageObject","inLanguage":"fr-FR","@id":"https:\/\/bewehrungen.ch\/fr\/product\/acier-darmature-galvanise-prezinc-500\/#primaryimage","url":"https:\/\/bewehrungen.ch\/wp-content\/uploads\/2021\/05\/PREZINC500-1024x827-1.jpg","contentUrl":"https:\/\/bewehrungen.ch\/wp-content\/uploads\/2021\/05\/PREZINC500-1024x827-1.jpg","width":1024,"height":827},{"@type":"BreadcrumbList","@id":"https:\/\/bewehrungen.ch\/fr\/product\/acier-darmature-galvanise-prezinc-500\/#breadcrumb","itemListElement":[{"@type":"ListItem","position":1,"name":"Home","item":"https:\/\/bewehrungen.ch\/fr\/"},{"@type":"ListItem","position":2,"name":"Produits","item":"https:\/\/bewehrungen.ch\/fr\/products\/"},{"@type":"ListItem","position":3,"name":"Acier d\u2019armature galvanis\u00e9 PREZINC 500\u00ae"}]},{"@type":"WebSite","@id":"https:\/\/bewehrungen.ch\/fr\/#website","url":"https:\/\/bewehrungen.ch\/fr\/","name":"Bewehrungen","description":"Just another WordPress site","publisher":{"@id":"https:\/\/bewehrungen.ch\/fr\/#organization"},"potentialAction":[{"@type":"SearchAction","target":{"@type":"EntryPoint","urlTemplate":"https:\/\/bewehrungen.ch\/fr\/?s={search_term_string}"},"query-input":{"@type":"PropertyValueSpecification","valueRequired":true,"valueName":"search_term_string"}}],"inLanguage":"fr-FR"},{"@type":"Organization","@id":"https:\/\/bewehrungen.ch\/fr\/#organization","name":"Bewehrungen","url":"https:\/\/bewehrungen.ch\/fr\/","logo":{"@type":"ImageObject","inLanguage":"fr-FR","@id":"https:\/\/bewehrungen.ch\/fr\/#\/schema\/logo\/image\/","url":"https:\/\/bewehrungen.ch\/wp-content\/uploads\/2025\/12\/DE_DebrunnerBewetec_RGB.png","contentUrl":"https:\/\/bewehrungen.ch\/wp-content\/uploads\/2025\/12\/DE_DebrunnerBewetec_RGB.png","width":2389,"height":542,"caption":"Bewehrungen"},"image":{"@id":"https:\/\/bewehrungen.ch\/fr\/#\/schema\/logo\/image\/"}}]}},"deac_custom_fields":{"page_color_variation":"default","product":{"brand":"PREZINC 500\u00ae","name":"Acier d\u2019armature galvanis\u00e9"},"highlight_box":{"title":"Protection contre la corrosion \u00e9conomique","subtitle":"Le proc\u00e9d\u00e9 sp\u00e9cial Delot \u00e9vite l\u2019\u00e9caillage de la couche de zinc","text":"<ul>\n<li>Bonne protection anticorrosion<\/li>\n<li>Syst\u00e8me \u00e9conomique<\/li>\n<li>Mise en \u0153uvre s\u00fbre, pas de risque d\u2019\u00e9caillage<\/li>\n<li>Convient aux \u00e9l\u00e9ments de construction fins<\/li>\n<li>Appropri\u00e9 en cas de carbonatation du b\u00e9ton<\/li>\n<\/ul>\n","media_type":"image","image":{"medium":"<img width=\"300\" height=\"242\" src=\"https:\/\/bewehrungen.ch\/wp-content\/uploads\/2021\/05\/PREZINC500-1-300x242.jpg\" class=\"%s\" alt=\"\" decoding=\"async\" loading=\"lazy\" srcset=\"https:\/\/bewehrungen.ch\/wp-content\/uploads\/2021\/05\/PREZINC500-1-300x242.jpg 300w, https:\/\/bewehrungen.ch\/wp-content\/uploads\/2021\/05\/PREZINC500-1-1024x827.jpg 1024w, https:\/\/bewehrungen.ch\/wp-content\/uploads\/2021\/05\/PREZINC500-1-768x620.jpg 768w, https:\/\/bewehrungen.ch\/wp-content\/uploads\/2021\/05\/PREZINC500-1-1536x1241.jpg 1536w, https:\/\/bewehrungen.ch\/wp-content\/uploads\/2021\/05\/PREZINC500-1-436x352.jpg 436w, https:\/\/bewehrungen.ch\/wp-content\/uploads\/2021\/05\/PREZINC500-1-550x444.jpg 550w, https:\/\/bewehrungen.ch\/wp-content\/uploads\/2021\/05\/PREZINC500-1.jpg 1920w\" sizes=\"auto, (max-width: 300px) 100vw, 300px\" \/>","medium_large":"<img width=\"768\" height=\"620\" src=\"https:\/\/bewehrungen.ch\/wp-content\/uploads\/2021\/05\/PREZINC500-1-768x620.jpg\" class=\"%s\" alt=\"\" decoding=\"async\" loading=\"lazy\" srcset=\"https:\/\/bewehrungen.ch\/wp-content\/uploads\/2021\/05\/PREZINC500-1-768x620.jpg 768w, https:\/\/bewehrungen.ch\/wp-content\/uploads\/2021\/05\/PREZINC500-1-300x242.jpg 300w, https:\/\/bewehrungen.ch\/wp-content\/uploads\/2021\/05\/PREZINC500-1-1024x827.jpg 1024w, https:\/\/bewehrungen.ch\/wp-content\/uploads\/2021\/05\/PREZINC500-1-1536x1241.jpg 1536w, https:\/\/bewehrungen.ch\/wp-content\/uploads\/2021\/05\/PREZINC500-1-436x352.jpg 436w, https:\/\/bewehrungen.ch\/wp-content\/uploads\/2021\/05\/PREZINC500-1-550x444.jpg 550w, https:\/\/bewehrungen.ch\/wp-content\/uploads\/2021\/05\/PREZINC500-1.jpg 1920w\" sizes=\"auto, (max-width: 768px) 100vw, 768px\" \/>","large":"<img width=\"1024\" height=\"827\" src=\"https:\/\/bewehrungen.ch\/wp-content\/uploads\/2021\/05\/PREZINC500-1-1024x827.jpg\" class=\"%s\" alt=\"\" decoding=\"async\" loading=\"lazy\" srcset=\"https:\/\/bewehrungen.ch\/wp-content\/uploads\/2021\/05\/PREZINC500-1-1024x827.jpg 1024w, https:\/\/bewehrungen.ch\/wp-content\/uploads\/2021\/05\/PREZINC500-1-300x242.jpg 300w, https:\/\/bewehrungen.ch\/wp-content\/uploads\/2021\/05\/PREZINC500-1-768x620.jpg 768w, https:\/\/bewehrungen.ch\/wp-content\/uploads\/2021\/05\/PREZINC500-1-1536x1241.jpg 1536w, https:\/\/bewehrungen.ch\/wp-content\/uploads\/2021\/05\/PREZINC500-1-436x352.jpg 436w, https:\/\/bewehrungen.ch\/wp-content\/uploads\/2021\/05\/PREZINC500-1-550x444.jpg 550w, https:\/\/bewehrungen.ch\/wp-content\/uploads\/2021\/05\/PREZINC500-1.jpg 1920w\" sizes=\"auto, (max-width: 1024px) 100vw, 1024px\" \/>","full":"<img width=\"1920\" height=\"1551\" src=\"https:\/\/bewehrungen.ch\/wp-content\/uploads\/2021\/05\/PREZINC500-1.jpg\" class=\"%s\" alt=\"\" decoding=\"async\" loading=\"lazy\" srcset=\"https:\/\/bewehrungen.ch\/wp-content\/uploads\/2021\/05\/PREZINC500-1.jpg 1920w, https:\/\/bewehrungen.ch\/wp-content\/uploads\/2021\/05\/PREZINC500-1-300x242.jpg 300w, https:\/\/bewehrungen.ch\/wp-content\/uploads\/2021\/05\/PREZINC500-1-1024x827.jpg 1024w, https:\/\/bewehrungen.ch\/wp-content\/uploads\/2021\/05\/PREZINC500-1-768x620.jpg 768w, https:\/\/bewehrungen.ch\/wp-content\/uploads\/2021\/05\/PREZINC500-1-1536x1241.jpg 1536w, https:\/\/bewehrungen.ch\/wp-content\/uploads\/2021\/05\/PREZINC500-1-436x352.jpg 436w, https:\/\/bewehrungen.ch\/wp-content\/uploads\/2021\/05\/PREZINC500-1-550x444.jpg 550w\" sizes=\"auto, (max-width: 1920px) 100vw, 1920px\" \/>"},"video_list":false},"downloads":[67269,67481,67265,67263,67463,67583,67541,67321],"description":[{"title":"Protection contre la corrosion \u00e9conomique","text":"<p>Haute protection anticorrosion, mise en \u0153uvre simple et co\u00fbt abordable : l\u2019acier d\u2019armature B500 galvanis\u00e9 PREZINC 500\u00ae offre de nombreux avantages. Il est produit gr\u00e2ce \u00e0 un proc\u00e9d\u00e9 de zingage sp\u00e9cial permettant de d\u00e9poser sur l\u2019acier une couche d\u2019alliage fer-zinc tr\u00e8s fine et r\u00e9sistante. Ce proc\u00e9d\u00e9 permet au PREZINC 500\u00ae de conserver une bonne aptitude au fa\u00e7onnage et ne requiert pas de manutention sp\u00e9ciale sur le chantier.<\/p>\n"},{"title":"Mise en oeuvre ais\u00e9e","text":"<p>La mise en \u0153uvre de cet acier d\u2019armature galvanis\u00e9 est particuli\u00e8rement s\u00fbre : il n\u2019y a pas de risque d\u2019\u00e9caillage de la couche de zinc, que ce soit lors du passage dans les machines de fa\u00e7onnage ou de la pose sur le chantier.<\/p>\n"},{"title":"Id\u00e9al pour des \u00e9l\u00e9ments de construction fins","text":"<p>Der PREZINC 500\u00ae eignet sich besonders f\u00fcr schlanke Bauteile wie Br\u00fcstungen oder f\u00fcr Teile mit geringen Bewehrungs\u00fcberdeckungen im Hochbau. Das Produkt bietet auch w\u00e4hrend der Bauphasen Korrosionsschutz. Der PREZINC 500\u00ae verzinkte Bewehrungsstahl B500 entspricht einem B500A gem\u00e4ss SIA-Norm 262. F\u00fcr verzinkte Bewehrungen gibt es keine explizite Norm.<\/p>\n"},{"title":"Protection cathodique de l\u2019acier d\u2019armature","text":"<p>Gr\u00e2ce \u00e0 sa couche de zinc, PREZINC 500\u00ae offre une double protection contre la corrosion. D\u2019une part, une protection physique, la couche de zinc emp\u00eachant le contact direct entre l\u2019acier et les agents agressifs; d\u2019autre part une protection \u00e9lectrochimique, cette couche prot\u00e9geant cathodiquement l\u2019acier situ\u00e9 en-dessous, car le zinc poss\u00e8de un potentiel plus n\u00e9gatif que celui de l\u2019acier normal. L\u2019utilisation de l\u2019acier d\u2019armature B500 zingu\u00e9 PREZINC 500\u00ae apporte une protection \u00e9conomique contre la corrosion pour toutes les parties d\u2019ouvrages en b\u00e9ton arm\u00e9.<\/p>\n"}]},"deac_featured_media":{"medium":"<img width=\"300\" height=\"242\" src=\"https:\/\/bewehrungen.ch\/wp-content\/uploads\/2021\/05\/PREZINC500-1024x827-1-300x242.jpg\" class=\"%s\" alt=\"\" decoding=\"async\" loading=\"lazy\" srcset=\"https:\/\/bewehrungen.ch\/wp-content\/uploads\/2021\/05\/PREZINC500-1024x827-1-300x242.jpg 300w, https:\/\/bewehrungen.ch\/wp-content\/uploads\/2021\/05\/PREZINC500-1024x827-1-768x620.jpg 768w, https:\/\/bewehrungen.ch\/wp-content\/uploads\/2021\/05\/PREZINC500-1024x827-1-436x352.jpg 436w, https:\/\/bewehrungen.ch\/wp-content\/uploads\/2021\/05\/PREZINC500-1024x827-1-550x444.jpg 550w, https:\/\/bewehrungen.ch\/wp-content\/uploads\/2021\/05\/PREZINC500-1024x827-1.jpg 1024w\" sizes=\"auto, (max-width: 300px) 100vw, 300px\" \/>","medium_large":"<img width=\"768\" height=\"620\" src=\"https:\/\/bewehrungen.ch\/wp-content\/uploads\/2021\/05\/PREZINC500-1024x827-1-768x620.jpg\" class=\"%s\" alt=\"\" decoding=\"async\" loading=\"lazy\" srcset=\"https:\/\/bewehrungen.ch\/wp-content\/uploads\/2021\/05\/PREZINC500-1024x827-1-768x620.jpg 768w, https:\/\/bewehrungen.ch\/wp-content\/uploads\/2021\/05\/PREZINC500-1024x827-1-300x242.jpg 300w, https:\/\/bewehrungen.ch\/wp-content\/uploads\/2021\/05\/PREZINC500-1024x827-1-436x352.jpg 436w, https:\/\/bewehrungen.ch\/wp-content\/uploads\/2021\/05\/PREZINC500-1024x827-1-550x444.jpg 550w, https:\/\/bewehrungen.ch\/wp-content\/uploads\/2021\/05\/PREZINC500-1024x827-1.jpg 1024w\" sizes=\"auto, (max-width: 768px) 100vw, 768px\" \/>","large":"<img width=\"1024\" height=\"827\" src=\"https:\/\/bewehrungen.ch\/wp-content\/uploads\/2021\/05\/PREZINC500-1024x827-1.jpg\" class=\"%s\" alt=\"\" decoding=\"async\" loading=\"lazy\" srcset=\"https:\/\/bewehrungen.ch\/wp-content\/uploads\/2021\/05\/PREZINC500-1024x827-1.jpg 1024w, https:\/\/bewehrungen.ch\/wp-content\/uploads\/2021\/05\/PREZINC500-1024x827-1-300x242.jpg 300w, https:\/\/bewehrungen.ch\/wp-content\/uploads\/2021\/05\/PREZINC500-1024x827-1-768x620.jpg 768w, https:\/\/bewehrungen.ch\/wp-content\/uploads\/2021\/05\/PREZINC500-1024x827-1-436x352.jpg 436w, https:\/\/bewehrungen.ch\/wp-content\/uploads\/2021\/05\/PREZINC500-1024x827-1-550x444.jpg 550w\" sizes=\"auto, (max-width: 1024px) 100vw, 1024px\" \/>","full":"<img width=\"1024\" height=\"827\" src=\"https:\/\/bewehrungen.ch\/wp-content\/uploads\/2021\/05\/PREZINC500-1024x827-1.jpg\" class=\"%s\" alt=\"\" decoding=\"async\" loading=\"lazy\" srcset=\"https:\/\/bewehrungen.ch\/wp-content\/uploads\/2021\/05\/PREZINC500-1024x827-1.jpg 1024w, https:\/\/bewehrungen.ch\/wp-content\/uploads\/2021\/05\/PREZINC500-1024x827-1-300x242.jpg 300w, https:\/\/bewehrungen.ch\/wp-content\/uploads\/2021\/05\/PREZINC500-1024x827-1-768x620.jpg 768w, https:\/\/bewehrungen.ch\/wp-content\/uploads\/2021\/05\/PREZINC500-1024x827-1-436x352.jpg 436w, https:\/\/bewehrungen.ch\/wp-content\/uploads\/2021\/05\/PREZINC500-1024x827-1-550x444.jpg 550w\" sizes=\"auto, (max-width: 1024px) 100vw, 1024px\" \/>"},"_links":{"self":[{"href":"https:\/\/bewehrungen.ch\/fr\/wp-json\/wp\/v2\/product\/66875","targetHints":{"allow":["GET"]}}],"collection":[{"href":"https:\/\/bewehrungen.ch\/fr\/wp-json\/wp\/v2\/product"}],"about":[{"href":"https:\/\/bewehrungen.ch\/fr\/wp-json\/wp\/v2\/types\/product"}],"wp:featuredmedia":[{"embeddable":true,"href":"https:\/\/bewehrungen.ch\/fr\/wp-json\/wp\/v2\/media\/66876"}],"wp:attachment":[{"href":"https:\/\/bewehrungen.ch\/fr\/wp-json\/wp\/v2\/media?parent=66875"}],"wp:term":[{"taxonomy":"product_category","embeddable":true,"href":"https:\/\/bewehrungen.ch\/fr\/wp-json\/wp\/v2\/product_category?post=66875"}],"curies":[{"name":"wp","href":"https:\/\/api.w.org\/{rel}","templated":true}]}}