{"id":66872,"date":"2025-11-22T18:15:55","date_gmt":"2025-11-22T18:15:55","guid":{"rendered":"https:\/\/bewehrungen.ch\/?post_type=product&#038;p=66872"},"modified":"2025-11-22T19:13:45","modified_gmt":"2025-11-22T19:13:45","slug":"acier-darmature-galvanise-prezinc-500-2","status":"publish","type":"product","link":"https:\/\/bewehrungen.ch\/fr\/product\/acier-darmature-galvanise-prezinc-500-2\/","title":{"rendered":"Acier d\u2019armature d\u00e9magn\u00e9tis\u00e9 MAGEX\u00ae"},"featured_media":66873,"menu_order":140,"template":"","product_category":[5833],"class_list":["post-66872","product","type-product","status-publish","has-post-thumbnail","","product_category-aciers-darmature"],"acf":[],"yoast_head":"<!-- This site is optimized with the Yoast SEO plugin v27.3 - https:\/\/yoast.com\/product\/yoast-seo-wordpress\/ -->\n<title>Acier d\u2019armature d\u00e9magn\u00e9tis\u00e9 MAGEX\u00ae - Bewehrungen<\/title>\n<meta name=\"robots\" content=\"index, follow, max-snippet:-1, max-image-preview:large, max-video-preview:-1\" \/>\n<link rel=\"canonical\" href=\"https:\/\/bewehrungen.ch\/fr\/product\/acier-darmature-galvanise-prezinc-500-2\/\" \/>\n<meta property=\"og:locale\" content=\"fr_FR\" \/>\n<meta property=\"og:type\" content=\"article\" \/>\n<meta property=\"og:title\" content=\"Acier d\u2019armature d\u00e9magn\u00e9tis\u00e9 MAGEX\u00ae - Bewehrungen\" \/>\n<meta property=\"og:url\" content=\"https:\/\/bewehrungen.ch\/fr\/product\/acier-darmature-galvanise-prezinc-500-2\/\" \/>\n<meta property=\"og:site_name\" content=\"Bewehrungen\" \/>\n<meta property=\"article:modified_time\" content=\"2025-11-22T19:13:45+00:00\" \/>\n<meta property=\"og:image\" content=\"https:\/\/bewehrungen.ch\/wp-content\/uploads\/2021\/05\/MAGEX-Etikette-1024x683-1.jpg\" \/>\n\t<meta property=\"og:image:width\" content=\"1024\" \/>\n\t<meta property=\"og:image:height\" content=\"683\" \/>\n\t<meta property=\"og:image:type\" content=\"image\/jpeg\" \/>\n<meta name=\"twitter:card\" content=\"summary_large_image\" \/>\n<script type=\"application\/ld+json\" class=\"yoast-schema-graph\">{\"@context\":\"https:\\\/\\\/schema.org\",\"@graph\":[{\"@type\":\"WebPage\",\"@id\":\"https:\\\/\\\/bewehrungen.ch\\\/fr\\\/product\\\/acier-darmature-galvanise-prezinc-500-2\\\/\",\"url\":\"https:\\\/\\\/bewehrungen.ch\\\/fr\\\/product\\\/acier-darmature-galvanise-prezinc-500-2\\\/\",\"name\":\"Acier d\u2019armature d\u00e9magn\u00e9tis\u00e9 MAGEX\u00ae - Bewehrungen\",\"isPartOf\":{\"@id\":\"https:\\\/\\\/bewehrungen.ch\\\/fr\\\/#website\"},\"primaryImageOfPage\":{\"@id\":\"https:\\\/\\\/bewehrungen.ch\\\/fr\\\/product\\\/acier-darmature-galvanise-prezinc-500-2\\\/#primaryimage\"},\"image\":{\"@id\":\"https:\\\/\\\/bewehrungen.ch\\\/fr\\\/product\\\/acier-darmature-galvanise-prezinc-500-2\\\/#primaryimage\"},\"thumbnailUrl\":\"https:\\\/\\\/bewehrungen.ch\\\/wp-content\\\/uploads\\\/2021\\\/05\\\/MAGEX-Etikette-1024x683-1.jpg\",\"datePublished\":\"2025-11-22T18:15:55+00:00\",\"dateModified\":\"2025-11-22T19:13:45+00:00\",\"breadcrumb\":{\"@id\":\"https:\\\/\\\/bewehrungen.ch\\\/fr\\\/product\\\/acier-darmature-galvanise-prezinc-500-2\\\/#breadcrumb\"},\"inLanguage\":\"fr-FR\",\"potentialAction\":[{\"@type\":\"ReadAction\",\"target\":[\"https:\\\/\\\/bewehrungen.ch\\\/fr\\\/product\\\/acier-darmature-galvanise-prezinc-500-2\\\/\"]}]},{\"@type\":\"ImageObject\",\"inLanguage\":\"fr-FR\",\"@id\":\"https:\\\/\\\/bewehrungen.ch\\\/fr\\\/product\\\/acier-darmature-galvanise-prezinc-500-2\\\/#primaryimage\",\"url\":\"https:\\\/\\\/bewehrungen.ch\\\/wp-content\\\/uploads\\\/2021\\\/05\\\/MAGEX-Etikette-1024x683-1.jpg\",\"contentUrl\":\"https:\\\/\\\/bewehrungen.ch\\\/wp-content\\\/uploads\\\/2021\\\/05\\\/MAGEX-Etikette-1024x683-1.jpg\",\"width\":1024,\"height\":683},{\"@type\":\"BreadcrumbList\",\"@id\":\"https:\\\/\\\/bewehrungen.ch\\\/fr\\\/product\\\/acier-darmature-galvanise-prezinc-500-2\\\/#breadcrumb\",\"itemListElement\":[{\"@type\":\"ListItem\",\"position\":1,\"name\":\"Home\",\"item\":\"https:\\\/\\\/bewehrungen.ch\\\/fr\\\/\"},{\"@type\":\"ListItem\",\"position\":2,\"name\":\"Produits\",\"item\":\"https:\\\/\\\/bewehrungen.ch\\\/fr\\\/products\\\/\"},{\"@type\":\"ListItem\",\"position\":3,\"name\":\"Acier d\u2019armature d\u00e9magn\u00e9tis\u00e9 MAGEX\u00ae\"}]},{\"@type\":\"WebSite\",\"@id\":\"https:\\\/\\\/bewehrungen.ch\\\/fr\\\/#website\",\"url\":\"https:\\\/\\\/bewehrungen.ch\\\/fr\\\/\",\"name\":\"Bewehrungen\",\"description\":\"Just another WordPress site\",\"publisher\":{\"@id\":\"https:\\\/\\\/bewehrungen.ch\\\/fr\\\/#organization\"},\"potentialAction\":[{\"@type\":\"SearchAction\",\"target\":{\"@type\":\"EntryPoint\",\"urlTemplate\":\"https:\\\/\\\/bewehrungen.ch\\\/fr\\\/?s={search_term_string}\"},\"query-input\":{\"@type\":\"PropertyValueSpecification\",\"valueRequired\":true,\"valueName\":\"search_term_string\"}}],\"inLanguage\":\"fr-FR\"},{\"@type\":\"Organization\",\"@id\":\"https:\\\/\\\/bewehrungen.ch\\\/fr\\\/#organization\",\"name\":\"Bewehrungen\",\"url\":\"https:\\\/\\\/bewehrungen.ch\\\/fr\\\/\",\"logo\":{\"@type\":\"ImageObject\",\"inLanguage\":\"fr-FR\",\"@id\":\"https:\\\/\\\/bewehrungen.ch\\\/fr\\\/#\\\/schema\\\/logo\\\/image\\\/\",\"url\":\"https:\\\/\\\/bewehrungen.ch\\\/wp-content\\\/uploads\\\/2025\\\/12\\\/DE_DebrunnerBewetec_RGB.png\",\"contentUrl\":\"https:\\\/\\\/bewehrungen.ch\\\/wp-content\\\/uploads\\\/2025\\\/12\\\/DE_DebrunnerBewetec_RGB.png\",\"width\":2389,\"height\":542,\"caption\":\"Bewehrungen\"},\"image\":{\"@id\":\"https:\\\/\\\/bewehrungen.ch\\\/fr\\\/#\\\/schema\\\/logo\\\/image\\\/\"}}]}<\/script>\n<!-- \/ Yoast SEO plugin. -->","yoast_head_json":{"title":"Acier d\u2019armature d\u00e9magn\u00e9tis\u00e9 MAGEX\u00ae - Bewehrungen","robots":{"index":"index","follow":"follow","max-snippet":"max-snippet:-1","max-image-preview":"max-image-preview:large","max-video-preview":"max-video-preview:-1"},"canonical":"https:\/\/bewehrungen.ch\/fr\/product\/acier-darmature-galvanise-prezinc-500-2\/","og_locale":"fr_FR","og_type":"article","og_title":"Acier d\u2019armature d\u00e9magn\u00e9tis\u00e9 MAGEX\u00ae - Bewehrungen","og_url":"https:\/\/bewehrungen.ch\/fr\/product\/acier-darmature-galvanise-prezinc-500-2\/","og_site_name":"Bewehrungen","article_modified_time":"2025-11-22T19:13:45+00:00","og_image":[{"width":1024,"height":683,"url":"https:\/\/bewehrungen.ch\/wp-content\/uploads\/2021\/05\/MAGEX-Etikette-1024x683-1.jpg","type":"image\/jpeg"}],"twitter_card":"summary_large_image","schema":{"@context":"https:\/\/schema.org","@graph":[{"@type":"WebPage","@id":"https:\/\/bewehrungen.ch\/fr\/product\/acier-darmature-galvanise-prezinc-500-2\/","url":"https:\/\/bewehrungen.ch\/fr\/product\/acier-darmature-galvanise-prezinc-500-2\/","name":"Acier d\u2019armature d\u00e9magn\u00e9tis\u00e9 MAGEX\u00ae - Bewehrungen","isPartOf":{"@id":"https:\/\/bewehrungen.ch\/fr\/#website"},"primaryImageOfPage":{"@id":"https:\/\/bewehrungen.ch\/fr\/product\/acier-darmature-galvanise-prezinc-500-2\/#primaryimage"},"image":{"@id":"https:\/\/bewehrungen.ch\/fr\/product\/acier-darmature-galvanise-prezinc-500-2\/#primaryimage"},"thumbnailUrl":"https:\/\/bewehrungen.ch\/wp-content\/uploads\/2021\/05\/MAGEX-Etikette-1024x683-1.jpg","datePublished":"2025-11-22T18:15:55+00:00","dateModified":"2025-11-22T19:13:45+00:00","breadcrumb":{"@id":"https:\/\/bewehrungen.ch\/fr\/product\/acier-darmature-galvanise-prezinc-500-2\/#breadcrumb"},"inLanguage":"fr-FR","potentialAction":[{"@type":"ReadAction","target":["https:\/\/bewehrungen.ch\/fr\/product\/acier-darmature-galvanise-prezinc-500-2\/"]}]},{"@type":"ImageObject","inLanguage":"fr-FR","@id":"https:\/\/bewehrungen.ch\/fr\/product\/acier-darmature-galvanise-prezinc-500-2\/#primaryimage","url":"https:\/\/bewehrungen.ch\/wp-content\/uploads\/2021\/05\/MAGEX-Etikette-1024x683-1.jpg","contentUrl":"https:\/\/bewehrungen.ch\/wp-content\/uploads\/2021\/05\/MAGEX-Etikette-1024x683-1.jpg","width":1024,"height":683},{"@type":"BreadcrumbList","@id":"https:\/\/bewehrungen.ch\/fr\/product\/acier-darmature-galvanise-prezinc-500-2\/#breadcrumb","itemListElement":[{"@type":"ListItem","position":1,"name":"Home","item":"https:\/\/bewehrungen.ch\/fr\/"},{"@type":"ListItem","position":2,"name":"Produits","item":"https:\/\/bewehrungen.ch\/fr\/products\/"},{"@type":"ListItem","position":3,"name":"Acier d\u2019armature d\u00e9magn\u00e9tis\u00e9 MAGEX\u00ae"}]},{"@type":"WebSite","@id":"https:\/\/bewehrungen.ch\/fr\/#website","url":"https:\/\/bewehrungen.ch\/fr\/","name":"Bewehrungen","description":"Just another WordPress site","publisher":{"@id":"https:\/\/bewehrungen.ch\/fr\/#organization"},"potentialAction":[{"@type":"SearchAction","target":{"@type":"EntryPoint","urlTemplate":"https:\/\/bewehrungen.ch\/fr\/?s={search_term_string}"},"query-input":{"@type":"PropertyValueSpecification","valueRequired":true,"valueName":"search_term_string"}}],"inLanguage":"fr-FR"},{"@type":"Organization","@id":"https:\/\/bewehrungen.ch\/fr\/#organization","name":"Bewehrungen","url":"https:\/\/bewehrungen.ch\/fr\/","logo":{"@type":"ImageObject","inLanguage":"fr-FR","@id":"https:\/\/bewehrungen.ch\/fr\/#\/schema\/logo\/image\/","url":"https:\/\/bewehrungen.ch\/wp-content\/uploads\/2025\/12\/DE_DebrunnerBewetec_RGB.png","contentUrl":"https:\/\/bewehrungen.ch\/wp-content\/uploads\/2025\/12\/DE_DebrunnerBewetec_RGB.png","width":2389,"height":542,"caption":"Bewehrungen"},"image":{"@id":"https:\/\/bewehrungen.ch\/fr\/#\/schema\/logo\/image\/"}}]}},"deac_custom_fields":{"page_color_variation":"default","product":{"brand":"MAGEX\u00ae","name":"Acier d\u2019armature d\u00e9magn\u00e9tis\u00e9"},"highlight_box":{"title":"Proc\u00e9d\u00e9 de d\u00e9magn\u00e9tisation brevet\u00e9 pour l\u2019acier d\u2019armature et la technique d\u2019armature ","subtitle":" Pour une construction saine ","text":"<div class=\"relative text-black\">\n<ul class=\"font-bold\">\n<li class=\"leading-snug text-15 before:bottom-0\">Garantit un champ magn\u00e9tique terrestre stable<\/li>\n<li class=\"leading-snug text-15 before:bottom-0\">Cr\u00e9ation de valeur pour des g\u00e9n\u00e9rations<\/li>\n<li class=\"leading-snug text-15 before:bottom-0\">Assurance qualit\u00e9 par des mesures<\/li>\n<li class=\"leading-snug text-15 before:bottom-0\">Certificat pour le ma\u00eetre d\u2019oeuvre<\/li>\n<li class=\"leading-snug text-15 before:bottom-0\">Alternative \u00e9conomique \u00e0 des aciers aust\u00e9nitiques ou des armatures en fibres de verre<\/li>\n<\/ul>\n<\/div>\n","media_type":"image","image":{"medium":"<img width=\"300\" height=\"224\" src=\"https:\/\/bewehrungen.ch\/wp-content\/uploads\/2021\/05\/MAGEX-1-300x224.jpg\" class=\"%s\" alt=\"\" decoding=\"async\" loading=\"lazy\" srcset=\"https:\/\/bewehrungen.ch\/wp-content\/uploads\/2021\/05\/MAGEX-1-300x224.jpg 300w, https:\/\/bewehrungen.ch\/wp-content\/uploads\/2021\/05\/MAGEX-1-1024x765.jpg 1024w, https:\/\/bewehrungen.ch\/wp-content\/uploads\/2021\/05\/MAGEX-1-768x574.jpg 768w, https:\/\/bewehrungen.ch\/wp-content\/uploads\/2021\/05\/MAGEX-1-1536x1147.jpg 1536w, https:\/\/bewehrungen.ch\/wp-content\/uploads\/2021\/05\/MAGEX-1-436x326.jpg 436w, https:\/\/bewehrungen.ch\/wp-content\/uploads\/2021\/05\/MAGEX-1-550x411.jpg 550w, https:\/\/bewehrungen.ch\/wp-content\/uploads\/2021\/05\/MAGEX-1.jpg 1920w\" sizes=\"auto, (max-width: 300px) 100vw, 300px\" \/>","medium_large":"<img width=\"768\" height=\"574\" src=\"https:\/\/bewehrungen.ch\/wp-content\/uploads\/2021\/05\/MAGEX-1-768x574.jpg\" class=\"%s\" alt=\"\" decoding=\"async\" loading=\"lazy\" srcset=\"https:\/\/bewehrungen.ch\/wp-content\/uploads\/2021\/05\/MAGEX-1-768x574.jpg 768w, https:\/\/bewehrungen.ch\/wp-content\/uploads\/2021\/05\/MAGEX-1-300x224.jpg 300w, https:\/\/bewehrungen.ch\/wp-content\/uploads\/2021\/05\/MAGEX-1-1024x765.jpg 1024w, https:\/\/bewehrungen.ch\/wp-content\/uploads\/2021\/05\/MAGEX-1-1536x1147.jpg 1536w, https:\/\/bewehrungen.ch\/wp-content\/uploads\/2021\/05\/MAGEX-1-436x326.jpg 436w, https:\/\/bewehrungen.ch\/wp-content\/uploads\/2021\/05\/MAGEX-1-550x411.jpg 550w, https:\/\/bewehrungen.ch\/wp-content\/uploads\/2021\/05\/MAGEX-1.jpg 1920w\" sizes=\"auto, (max-width: 768px) 100vw, 768px\" \/>","large":"<img width=\"1024\" height=\"765\" src=\"https:\/\/bewehrungen.ch\/wp-content\/uploads\/2021\/05\/MAGEX-1-1024x765.jpg\" class=\"%s\" alt=\"\" decoding=\"async\" loading=\"lazy\" srcset=\"https:\/\/bewehrungen.ch\/wp-content\/uploads\/2021\/05\/MAGEX-1-1024x765.jpg 1024w, https:\/\/bewehrungen.ch\/wp-content\/uploads\/2021\/05\/MAGEX-1-300x224.jpg 300w, https:\/\/bewehrungen.ch\/wp-content\/uploads\/2021\/05\/MAGEX-1-768x574.jpg 768w, https:\/\/bewehrungen.ch\/wp-content\/uploads\/2021\/05\/MAGEX-1-1536x1147.jpg 1536w, https:\/\/bewehrungen.ch\/wp-content\/uploads\/2021\/05\/MAGEX-1-436x326.jpg 436w, https:\/\/bewehrungen.ch\/wp-content\/uploads\/2021\/05\/MAGEX-1-550x411.jpg 550w, https:\/\/bewehrungen.ch\/wp-content\/uploads\/2021\/05\/MAGEX-1.jpg 1920w\" sizes=\"auto, (max-width: 1024px) 100vw, 1024px\" \/>","full":"<img width=\"1920\" height=\"1434\" src=\"https:\/\/bewehrungen.ch\/wp-content\/uploads\/2021\/05\/MAGEX-1.jpg\" class=\"%s\" alt=\"\" decoding=\"async\" loading=\"lazy\" srcset=\"https:\/\/bewehrungen.ch\/wp-content\/uploads\/2021\/05\/MAGEX-1.jpg 1920w, https:\/\/bewehrungen.ch\/wp-content\/uploads\/2021\/05\/MAGEX-1-300x224.jpg 300w, https:\/\/bewehrungen.ch\/wp-content\/uploads\/2021\/05\/MAGEX-1-1024x765.jpg 1024w, https:\/\/bewehrungen.ch\/wp-content\/uploads\/2021\/05\/MAGEX-1-768x574.jpg 768w, https:\/\/bewehrungen.ch\/wp-content\/uploads\/2021\/05\/MAGEX-1-1536x1147.jpg 1536w, https:\/\/bewehrungen.ch\/wp-content\/uploads\/2021\/05\/MAGEX-1-436x326.jpg 436w, https:\/\/bewehrungen.ch\/wp-content\/uploads\/2021\/05\/MAGEX-1-550x411.jpg 550w\" sizes=\"auto, (max-width: 1920px) 100vw, 1920px\" \/>"},"video_list":false},"downloads":[67496,67301,67285,67341,67371,67568,67283],"description":[{"title":"Acier d\u00e9magn\u00e9tis\u00e9 directement d\u2019usine ","text":"<p>Les architectes, ing\u00e9nieurs, ma\u00eetres d\u2019oeuvre et d\u00e9cideurs peuvent commander directement d\u2019usine l\u2019acier d\u2019armature et la technique d\u2019armature d\u00e9magn\u00e9tis\u00e9s par un processus r\u00e9volutionnaire.<\/p>\n"},{"title":"Environnement exempt de rayonnement ","text":"<p>Les zones dans lesquelles les gens passent fr\u00e9quemment du temps, par exemple les salons et les chambres \u00e0 coucher, mais aussi les laboratoires ou les h\u00f4pitaux o\u00f9 se trouvent des appareils de mesure sensibles, devraient avoir un champ magn\u00e9tique terrestre non perturb\u00e9.<br \/>\nLes parties d\u2019ouvrages adjacents \u00e0 ces zones devraient \u00eatre construits avec des armatures MAGEX\u00ae.<\/p>\n"},{"title":" Domaines d\u2019utilisation ","text":"<div class=\"js-collapse__target hidden md:block\">\n<div class=\"border-l md:border-0 border-primary pl-4 md:pl-0 mt-4 \">\n<p>MAGEX\u00ae est particuli\u00e8rement adapt\u00e9 aux domaines d\u2019utilisation suivants:<\/p>\n<ul>\n<li>B\u00e2timents r\u00e9sidentiels priv\u00e9s<\/li>\n<li>Immeubles d\u2019appartements<\/li>\n<li>Locaux commerciaux<\/li>\n<li>H\u00f4pitaux<\/li>\n<li>Laboratoires<\/li>\n<li>Ecoles<\/li>\n<li>Installations a\u00e9riennes (tour, hangar)<\/li>\n<li>Centres de calcul<\/li>\n<\/ul>\n<\/div>\n<\/div>\n"}]},"deac_featured_media":{"medium":"<img width=\"300\" height=\"200\" src=\"https:\/\/bewehrungen.ch\/wp-content\/uploads\/2021\/05\/MAGEX-Etikette-1024x683-1-300x200.jpg\" class=\"%s\" alt=\"\" decoding=\"async\" loading=\"lazy\" srcset=\"https:\/\/bewehrungen.ch\/wp-content\/uploads\/2021\/05\/MAGEX-Etikette-1024x683-1-300x200.jpg 300w, https:\/\/bewehrungen.ch\/wp-content\/uploads\/2021\/05\/MAGEX-Etikette-1024x683-1-768x512.jpg 768w, https:\/\/bewehrungen.ch\/wp-content\/uploads\/2021\/05\/MAGEX-Etikette-1024x683-1-436x291.jpg 436w, https:\/\/bewehrungen.ch\/wp-content\/uploads\/2021\/05\/MAGEX-Etikette-1024x683-1-550x367.jpg 550w, https:\/\/bewehrungen.ch\/wp-content\/uploads\/2021\/05\/MAGEX-Etikette-1024x683-1.jpg 1024w\" sizes=\"auto, (max-width: 300px) 100vw, 300px\" \/>","medium_large":"<img width=\"768\" height=\"512\" src=\"https:\/\/bewehrungen.ch\/wp-content\/uploads\/2021\/05\/MAGEX-Etikette-1024x683-1-768x512.jpg\" class=\"%s\" alt=\"\" decoding=\"async\" loading=\"lazy\" srcset=\"https:\/\/bewehrungen.ch\/wp-content\/uploads\/2021\/05\/MAGEX-Etikette-1024x683-1-768x512.jpg 768w, https:\/\/bewehrungen.ch\/wp-content\/uploads\/2021\/05\/MAGEX-Etikette-1024x683-1-300x200.jpg 300w, https:\/\/bewehrungen.ch\/wp-content\/uploads\/2021\/05\/MAGEX-Etikette-1024x683-1-436x291.jpg 436w, https:\/\/bewehrungen.ch\/wp-content\/uploads\/2021\/05\/MAGEX-Etikette-1024x683-1-550x367.jpg 550w, https:\/\/bewehrungen.ch\/wp-content\/uploads\/2021\/05\/MAGEX-Etikette-1024x683-1.jpg 1024w\" sizes=\"auto, (max-width: 768px) 100vw, 768px\" \/>","large":"<img width=\"1024\" height=\"683\" src=\"https:\/\/bewehrungen.ch\/wp-content\/uploads\/2021\/05\/MAGEX-Etikette-1024x683-1.jpg\" class=\"%s\" alt=\"\" decoding=\"async\" loading=\"lazy\" srcset=\"https:\/\/bewehrungen.ch\/wp-content\/uploads\/2021\/05\/MAGEX-Etikette-1024x683-1.jpg 1024w, https:\/\/bewehrungen.ch\/wp-content\/uploads\/2021\/05\/MAGEX-Etikette-1024x683-1-300x200.jpg 300w, https:\/\/bewehrungen.ch\/wp-content\/uploads\/2021\/05\/MAGEX-Etikette-1024x683-1-768x512.jpg 768w, https:\/\/bewehrungen.ch\/wp-content\/uploads\/2021\/05\/MAGEX-Etikette-1024x683-1-436x291.jpg 436w, https:\/\/bewehrungen.ch\/wp-content\/uploads\/2021\/05\/MAGEX-Etikette-1024x683-1-550x367.jpg 550w\" sizes=\"auto, (max-width: 1024px) 100vw, 1024px\" \/>","full":"<img width=\"1024\" height=\"683\" src=\"https:\/\/bewehrungen.ch\/wp-content\/uploads\/2021\/05\/MAGEX-Etikette-1024x683-1.jpg\" class=\"%s\" alt=\"\" decoding=\"async\" loading=\"lazy\" srcset=\"https:\/\/bewehrungen.ch\/wp-content\/uploads\/2021\/05\/MAGEX-Etikette-1024x683-1.jpg 1024w, https:\/\/bewehrungen.ch\/wp-content\/uploads\/2021\/05\/MAGEX-Etikette-1024x683-1-300x200.jpg 300w, https:\/\/bewehrungen.ch\/wp-content\/uploads\/2021\/05\/MAGEX-Etikette-1024x683-1-768x512.jpg 768w, https:\/\/bewehrungen.ch\/wp-content\/uploads\/2021\/05\/MAGEX-Etikette-1024x683-1-436x291.jpg 436w, https:\/\/bewehrungen.ch\/wp-content\/uploads\/2021\/05\/MAGEX-Etikette-1024x683-1-550x367.jpg 550w\" sizes=\"auto, (max-width: 1024px) 100vw, 1024px\" \/>"},"_links":{"self":[{"href":"https:\/\/bewehrungen.ch\/fr\/wp-json\/wp\/v2\/product\/66872","targetHints":{"allow":["GET"]}}],"collection":[{"href":"https:\/\/bewehrungen.ch\/fr\/wp-json\/wp\/v2\/product"}],"about":[{"href":"https:\/\/bewehrungen.ch\/fr\/wp-json\/wp\/v2\/types\/product"}],"wp:featuredmedia":[{"embeddable":true,"href":"https:\/\/bewehrungen.ch\/fr\/wp-json\/wp\/v2\/media\/66873"}],"wp:attachment":[{"href":"https:\/\/bewehrungen.ch\/fr\/wp-json\/wp\/v2\/media?parent=66872"}],"wp:term":[{"taxonomy":"product_category","embeddable":true,"href":"https:\/\/bewehrungen.ch\/fr\/wp-json\/wp\/v2\/product_category?post=66872"}],"curies":[{"name":"wp","href":"https:\/\/api.w.org\/{rel}","templated":true}]}}