{"id":66868,"date":"2025-11-22T09:12:41","date_gmt":"2025-11-22T09:12:41","guid":{"rendered":"https:\/\/bewehrungen.ch\/?post_type=product&#038;p=66868"},"modified":"2025-11-22T19:06:06","modified_gmt":"2025-11-22T19:06:06","slug":"treillis-de-stock-zingues-prezinc-500","status":"publish","type":"product","link":"https:\/\/bewehrungen.ch\/fr\/product\/treillis-de-stock-zingues-prezinc-500\/","title":{"rendered":"Treillis de stock zingu\u00e9s PREZINC 500\u00ae"},"featured_media":66869,"menu_order":160,"template":"","product_category":[5875],"class_list":["post-66868","product","type-product","status-publish","has-post-thumbnail","","product_category-treillis-et-accessoires"],"acf":[],"yoast_head":"<!-- This site is optimized with the Yoast SEO plugin v27.3 - https:\/\/yoast.com\/product\/yoast-seo-wordpress\/ -->\n<title>Treillis de stock zingu\u00e9s PREZINC 500\u00ae - Bewehrungen<\/title>\n<meta name=\"robots\" content=\"index, follow, max-snippet:-1, max-image-preview:large, max-video-preview:-1\" \/>\n<link rel=\"canonical\" href=\"https:\/\/bewehrungen.ch\/fr\/product\/treillis-de-stock-zingues-prezinc-500\/\" \/>\n<meta property=\"og:locale\" content=\"fr_FR\" \/>\n<meta property=\"og:type\" content=\"article\" \/>\n<meta property=\"og:title\" content=\"Treillis de stock zingu\u00e9s PREZINC 500\u00ae - Bewehrungen\" \/>\n<meta property=\"og:url\" content=\"https:\/\/bewehrungen.ch\/fr\/product\/treillis-de-stock-zingues-prezinc-500\/\" \/>\n<meta property=\"og:site_name\" content=\"Bewehrungen\" \/>\n<meta property=\"article:modified_time\" content=\"2025-11-22T19:06:06+00:00\" \/>\n<meta property=\"og:image\" content=\"https:\/\/bewehrungen.ch\/wp-content\/uploads\/2021\/05\/steel-bars.jpg\" \/>\n\t<meta property=\"og:image:width\" content=\"720\" \/>\n\t<meta property=\"og:image:height\" content=\"865\" \/>\n\t<meta property=\"og:image:type\" content=\"image\/jpeg\" \/>\n<meta name=\"twitter:card\" content=\"summary_large_image\" \/>\n<script type=\"application\/ld+json\" class=\"yoast-schema-graph\">{\"@context\":\"https:\\\/\\\/schema.org\",\"@graph\":[{\"@type\":\"WebPage\",\"@id\":\"https:\\\/\\\/bewehrungen.ch\\\/fr\\\/product\\\/treillis-de-stock-zingues-prezinc-500\\\/\",\"url\":\"https:\\\/\\\/bewehrungen.ch\\\/fr\\\/product\\\/treillis-de-stock-zingues-prezinc-500\\\/\",\"name\":\"Treillis de stock zingu\u00e9s PREZINC 500\u00ae - Bewehrungen\",\"isPartOf\":{\"@id\":\"https:\\\/\\\/bewehrungen.ch\\\/fr\\\/#website\"},\"primaryImageOfPage\":{\"@id\":\"https:\\\/\\\/bewehrungen.ch\\\/fr\\\/product\\\/treillis-de-stock-zingues-prezinc-500\\\/#primaryimage\"},\"image\":{\"@id\":\"https:\\\/\\\/bewehrungen.ch\\\/fr\\\/product\\\/treillis-de-stock-zingues-prezinc-500\\\/#primaryimage\"},\"thumbnailUrl\":\"https:\\\/\\\/bewehrungen.ch\\\/wp-content\\\/uploads\\\/2021\\\/05\\\/steel-bars.jpg\",\"datePublished\":\"2025-11-22T09:12:41+00:00\",\"dateModified\":\"2025-11-22T19:06:06+00:00\",\"breadcrumb\":{\"@id\":\"https:\\\/\\\/bewehrungen.ch\\\/fr\\\/product\\\/treillis-de-stock-zingues-prezinc-500\\\/#breadcrumb\"},\"inLanguage\":\"fr-FR\",\"potentialAction\":[{\"@type\":\"ReadAction\",\"target\":[\"https:\\\/\\\/bewehrungen.ch\\\/fr\\\/product\\\/treillis-de-stock-zingues-prezinc-500\\\/\"]}]},{\"@type\":\"ImageObject\",\"inLanguage\":\"fr-FR\",\"@id\":\"https:\\\/\\\/bewehrungen.ch\\\/fr\\\/product\\\/treillis-de-stock-zingues-prezinc-500\\\/#primaryimage\",\"url\":\"https:\\\/\\\/bewehrungen.ch\\\/wp-content\\\/uploads\\\/2021\\\/05\\\/steel-bars.jpg\",\"contentUrl\":\"https:\\\/\\\/bewehrungen.ch\\\/wp-content\\\/uploads\\\/2021\\\/05\\\/steel-bars.jpg\",\"width\":720,\"height\":865},{\"@type\":\"BreadcrumbList\",\"@id\":\"https:\\\/\\\/bewehrungen.ch\\\/fr\\\/product\\\/treillis-de-stock-zingues-prezinc-500\\\/#breadcrumb\",\"itemListElement\":[{\"@type\":\"ListItem\",\"position\":1,\"name\":\"Home\",\"item\":\"https:\\\/\\\/bewehrungen.ch\\\/fr\\\/\"},{\"@type\":\"ListItem\",\"position\":2,\"name\":\"Produits\",\"item\":\"https:\\\/\\\/bewehrungen.ch\\\/fr\\\/products\\\/\"},{\"@type\":\"ListItem\",\"position\":3,\"name\":\"Treillis de stock zingu\u00e9s PREZINC 500\u00ae\"}]},{\"@type\":\"WebSite\",\"@id\":\"https:\\\/\\\/bewehrungen.ch\\\/fr\\\/#website\",\"url\":\"https:\\\/\\\/bewehrungen.ch\\\/fr\\\/\",\"name\":\"Bewehrungen\",\"description\":\"Just another WordPress site\",\"publisher\":{\"@id\":\"https:\\\/\\\/bewehrungen.ch\\\/fr\\\/#organization\"},\"potentialAction\":[{\"@type\":\"SearchAction\",\"target\":{\"@type\":\"EntryPoint\",\"urlTemplate\":\"https:\\\/\\\/bewehrungen.ch\\\/fr\\\/?s={search_term_string}\"},\"query-input\":{\"@type\":\"PropertyValueSpecification\",\"valueRequired\":true,\"valueName\":\"search_term_string\"}}],\"inLanguage\":\"fr-FR\"},{\"@type\":\"Organization\",\"@id\":\"https:\\\/\\\/bewehrungen.ch\\\/fr\\\/#organization\",\"name\":\"Bewehrungen\",\"url\":\"https:\\\/\\\/bewehrungen.ch\\\/fr\\\/\",\"logo\":{\"@type\":\"ImageObject\",\"inLanguage\":\"fr-FR\",\"@id\":\"https:\\\/\\\/bewehrungen.ch\\\/fr\\\/#\\\/schema\\\/logo\\\/image\\\/\",\"url\":\"https:\\\/\\\/bewehrungen.ch\\\/wp-content\\\/uploads\\\/2025\\\/12\\\/DE_DebrunnerBewetec_RGB.png\",\"contentUrl\":\"https:\\\/\\\/bewehrungen.ch\\\/wp-content\\\/uploads\\\/2025\\\/12\\\/DE_DebrunnerBewetec_RGB.png\",\"width\":2389,\"height\":542,\"caption\":\"Bewehrungen\"},\"image\":{\"@id\":\"https:\\\/\\\/bewehrungen.ch\\\/fr\\\/#\\\/schema\\\/logo\\\/image\\\/\"}}]}<\/script>\n<!-- \/ Yoast SEO plugin. -->","yoast_head_json":{"title":"Treillis de stock zingu\u00e9s PREZINC 500\u00ae - Bewehrungen","robots":{"index":"index","follow":"follow","max-snippet":"max-snippet:-1","max-image-preview":"max-image-preview:large","max-video-preview":"max-video-preview:-1"},"canonical":"https:\/\/bewehrungen.ch\/fr\/product\/treillis-de-stock-zingues-prezinc-500\/","og_locale":"fr_FR","og_type":"article","og_title":"Treillis de stock zingu\u00e9s PREZINC 500\u00ae - Bewehrungen","og_url":"https:\/\/bewehrungen.ch\/fr\/product\/treillis-de-stock-zingues-prezinc-500\/","og_site_name":"Bewehrungen","article_modified_time":"2025-11-22T19:06:06+00:00","og_image":[{"width":720,"height":865,"url":"https:\/\/bewehrungen.ch\/wp-content\/uploads\/2021\/05\/steel-bars.jpg","type":"image\/jpeg"}],"twitter_card":"summary_large_image","schema":{"@context":"https:\/\/schema.org","@graph":[{"@type":"WebPage","@id":"https:\/\/bewehrungen.ch\/fr\/product\/treillis-de-stock-zingues-prezinc-500\/","url":"https:\/\/bewehrungen.ch\/fr\/product\/treillis-de-stock-zingues-prezinc-500\/","name":"Treillis de stock zingu\u00e9s PREZINC 500\u00ae - Bewehrungen","isPartOf":{"@id":"https:\/\/bewehrungen.ch\/fr\/#website"},"primaryImageOfPage":{"@id":"https:\/\/bewehrungen.ch\/fr\/product\/treillis-de-stock-zingues-prezinc-500\/#primaryimage"},"image":{"@id":"https:\/\/bewehrungen.ch\/fr\/product\/treillis-de-stock-zingues-prezinc-500\/#primaryimage"},"thumbnailUrl":"https:\/\/bewehrungen.ch\/wp-content\/uploads\/2021\/05\/steel-bars.jpg","datePublished":"2025-11-22T09:12:41+00:00","dateModified":"2025-11-22T19:06:06+00:00","breadcrumb":{"@id":"https:\/\/bewehrungen.ch\/fr\/product\/treillis-de-stock-zingues-prezinc-500\/#breadcrumb"},"inLanguage":"fr-FR","potentialAction":[{"@type":"ReadAction","target":["https:\/\/bewehrungen.ch\/fr\/product\/treillis-de-stock-zingues-prezinc-500\/"]}]},{"@type":"ImageObject","inLanguage":"fr-FR","@id":"https:\/\/bewehrungen.ch\/fr\/product\/treillis-de-stock-zingues-prezinc-500\/#primaryimage","url":"https:\/\/bewehrungen.ch\/wp-content\/uploads\/2021\/05\/steel-bars.jpg","contentUrl":"https:\/\/bewehrungen.ch\/wp-content\/uploads\/2021\/05\/steel-bars.jpg","width":720,"height":865},{"@type":"BreadcrumbList","@id":"https:\/\/bewehrungen.ch\/fr\/product\/treillis-de-stock-zingues-prezinc-500\/#breadcrumb","itemListElement":[{"@type":"ListItem","position":1,"name":"Home","item":"https:\/\/bewehrungen.ch\/fr\/"},{"@type":"ListItem","position":2,"name":"Produits","item":"https:\/\/bewehrungen.ch\/fr\/products\/"},{"@type":"ListItem","position":3,"name":"Treillis de stock zingu\u00e9s PREZINC 500\u00ae"}]},{"@type":"WebSite","@id":"https:\/\/bewehrungen.ch\/fr\/#website","url":"https:\/\/bewehrungen.ch\/fr\/","name":"Bewehrungen","description":"Just another WordPress site","publisher":{"@id":"https:\/\/bewehrungen.ch\/fr\/#organization"},"potentialAction":[{"@type":"SearchAction","target":{"@type":"EntryPoint","urlTemplate":"https:\/\/bewehrungen.ch\/fr\/?s={search_term_string}"},"query-input":{"@type":"PropertyValueSpecification","valueRequired":true,"valueName":"search_term_string"}}],"inLanguage":"fr-FR"},{"@type":"Organization","@id":"https:\/\/bewehrungen.ch\/fr\/#organization","name":"Bewehrungen","url":"https:\/\/bewehrungen.ch\/fr\/","logo":{"@type":"ImageObject","inLanguage":"fr-FR","@id":"https:\/\/bewehrungen.ch\/fr\/#\/schema\/logo\/image\/","url":"https:\/\/bewehrungen.ch\/wp-content\/uploads\/2025\/12\/DE_DebrunnerBewetec_RGB.png","contentUrl":"https:\/\/bewehrungen.ch\/wp-content\/uploads\/2025\/12\/DE_DebrunnerBewetec_RGB.png","width":2389,"height":542,"caption":"Bewehrungen"},"image":{"@id":"https:\/\/bewehrungen.ch\/fr\/#\/schema\/logo\/image\/"}}]}},"deac_custom_fields":{"page_color_variation":"default","product":{"brand":"PREZINC 500\u00ae","name":"Treillis de stock zingu\u00e9s"},"highlight_box":{"title":"Protection contre la corrosion \u00e9conomique","subtitle":"Le proc\u00e9d\u00e9 sp\u00e9cial Delot \u00e9vite l\u2019\u00e9caillage de la couche de zinc","text":"<ul>\n<li>Bonne protection anticorrosion<\/li>\n<li>Syst\u00e8me \u00e9conomique<\/li>\n<li>Mise en \u0153uvre s\u00fbre, pas de risque d\u2019\u00e9caillage<\/li>\n<li>Convient aux \u00e9l\u00e9ments de construction fins<\/li>\n<li>Appropri\u00e9 en cas de carbonatation du b\u00e9ton<\/li>\n<\/ul>\n","media_type":"image","image":{"medium":"<img width=\"250\" height=\"300\" src=\"https:\/\/bewehrungen.ch\/wp-content\/uploads\/2021\/05\/steel-bars-2-250x300.jpg\" class=\"%s\" alt=\"\" decoding=\"async\" loading=\"lazy\" srcset=\"https:\/\/bewehrungen.ch\/wp-content\/uploads\/2021\/05\/steel-bars-2-250x300.jpg 250w, https:\/\/bewehrungen.ch\/wp-content\/uploads\/2021\/05\/steel-bars-2-436x524.jpg 436w, https:\/\/bewehrungen.ch\/wp-content\/uploads\/2021\/05\/steel-bars-2-550x661.jpg 550w, https:\/\/bewehrungen.ch\/wp-content\/uploads\/2021\/05\/steel-bars-2.jpg 720w\" sizes=\"auto, (max-width: 250px) 100vw, 250px\" \/>","medium_large":"<img width=\"720\" height=\"865\" src=\"https:\/\/bewehrungen.ch\/wp-content\/uploads\/2021\/05\/steel-bars-2-e1773127199985.jpg\" class=\"%s\" alt=\"\" decoding=\"async\" loading=\"lazy\" \/>","large":"<img width=\"720\" height=\"865\" src=\"https:\/\/bewehrungen.ch\/wp-content\/uploads\/2021\/05\/steel-bars-2-e1773127199985.jpg\" class=\"%s\" alt=\"\" decoding=\"async\" loading=\"lazy\" \/>","full":"<img width=\"720\" height=\"865\" src=\"https:\/\/bewehrungen.ch\/wp-content\/uploads\/2021\/05\/steel-bars-2-e1773127199985.jpg\" class=\"%s\" alt=\"\" decoding=\"async\" loading=\"lazy\" \/>"},"video_list":false},"downloads":[67269,67265,67511,67553],"description":[{"title":"Protection contre la corrosion \u00e9conomique","text":"<p>L&rsquo;acier d&rsquo;armature ne peut pas toujours \u00eatre pourvu d\u2019un enrobage de b\u00e9ton suffisant sur toutes ses faces. Il en r\u00e9sulte des dommages dus \u00e0 la corrosion et une remise en \u00e9tat co\u00fbteuse. Avec notre acier d&rsquo;armature galvanis\u00e9 B500 PREZINC 500\u00ae, de nombreux probl\u00e8mes de corrosion peuvent \u00eatre r\u00e9solus de mani\u00e8re \u00e9conomique et la dur\u00e9e de vie de l\u2019ouvrage peut \u00eatre consid\u00e9rablement augment\u00e9e. C&rsquo;est pourquoi nous recommandons nos treillis d\u2019armature galvanis\u00e9 en acier B500A pour les structures de grande surface.<\/p>\n"},{"title":"Mise en oeuvre ais\u00e9e","text":"<p>Nos treillis de stock galvanis\u00e9s en PREZINC 500\u00ae r\u00e9pondent \u00e0 toutes les exigences de la norme SIA 262 pour l&rsquo;acier d&rsquo;armature B500. Ils sont recouverts d&rsquo;une fine couche d&rsquo;alliage fer-zinc qui ne s&rsquo;\u00e9caille pas lors du fa\u00e7onnage ou de la pose sur le chantier. Ainsi, les treillis galvanis\u00e9s r\u00e9pondent \u00e0 toutes les exigences en mati\u00e8re d&rsquo;adh\u00e9rence dans le b\u00e9ton. Nos experts se feront un plaisir de vous conseiller.<\/p>\n"},{"title":"Domaines d\u2019application du treillis galvanis\u00e9 PREZINC 500\u00ae","text":"<p><span style=\"font-weight: 400;\">Le treillis galvanis\u00e9 PREZINC 500\u00ae est con\u00e7u pour offrir une protection durable et fiable, aussi bien dans les applications structurelles que dans les travaux de finition. Gr\u00e2ce \u00e0 sa couche de zinc r\u00e9sistante et uniforme, il garantit une excellente tenue contre la corrosion, m\u00eame dans les environnements expos\u00e9s \u00e0 l\u2019humidit\u00e9.<\/span><\/p>\n<p><span style=\"font-weight: 400;\">Domaines d\u2019utilisation typiques :<\/span><\/p>\n<ul>\n<li style=\"font-weight: 400;\" aria-level=\"1\"><span style=\"font-weight: 400;\">Travaux de ma\u00e7onnerie et enduits min\u00e9raux<\/span><\/li>\n<li style=\"font-weight: 400;\" aria-level=\"1\"><span style=\"font-weight: 400;\">R\u00e9parations et renforcements localis\u00e9s du b\u00e9ton<\/span><\/li>\n<li style=\"font-weight: 400;\" aria-level=\"1\"><span style=\"font-weight: 400;\">Constructions fines ou fortement sollicit\u00e9es (balcons, fa\u00e7ades, dalles minces)<\/span><\/li>\n<li style=\"font-weight: 400;\" aria-level=\"1\"><span style=\"font-weight: 400;\">Projets de pr\u00e9fabrication et \u00e9l\u00e9ments architecturaux expos\u00e9s<\/span><\/li>\n<li style=\"font-weight: 400;\" aria-level=\"1\"><span style=\"font-weight: 400;\">Cl\u00f4tures techniques, protections temporaires et usages ext\u00e9rieurs sp\u00e9cifiques<\/span><\/li>\n<\/ul>\n<p><span style=\"font-weight: 400;\">Le treillis galvanis\u00e9 PREZINC 500\u00ae combine performance technique et durabilit\u00e9, ce qui en fait une solution \u00e9conomique pour les projets exigeant une longue dur\u00e9e de vie sans entretien important.<\/span><\/p>\n"}]},"deac_featured_media":{"medium":"<img width=\"250\" height=\"300\" src=\"https:\/\/bewehrungen.ch\/wp-content\/uploads\/2021\/05\/steel-bars-250x300.jpg\" class=\"%s\" alt=\"\" decoding=\"async\" loading=\"lazy\" srcset=\"https:\/\/bewehrungen.ch\/wp-content\/uploads\/2021\/05\/steel-bars-250x300.jpg 250w, https:\/\/bewehrungen.ch\/wp-content\/uploads\/2021\/05\/steel-bars-436x524.jpg 436w, https:\/\/bewehrungen.ch\/wp-content\/uploads\/2021\/05\/steel-bars-550x661.jpg 550w, https:\/\/bewehrungen.ch\/wp-content\/uploads\/2021\/05\/steel-bars.jpg 720w\" sizes=\"auto, (max-width: 250px) 100vw, 250px\" \/>","medium_large":"<img width=\"720\" height=\"865\" src=\"https:\/\/bewehrungen.ch\/wp-content\/uploads\/2021\/05\/steel-bars.jpg\" class=\"%s\" alt=\"\" decoding=\"async\" loading=\"lazy\" srcset=\"https:\/\/bewehrungen.ch\/wp-content\/uploads\/2021\/05\/steel-bars.jpg 720w, https:\/\/bewehrungen.ch\/wp-content\/uploads\/2021\/05\/steel-bars-250x300.jpg 250w, https:\/\/bewehrungen.ch\/wp-content\/uploads\/2021\/05\/steel-bars-436x524.jpg 436w, https:\/\/bewehrungen.ch\/wp-content\/uploads\/2021\/05\/steel-bars-550x661.jpg 550w\" sizes=\"auto, (max-width: 720px) 100vw, 720px\" \/>","large":"<img width=\"720\" height=\"865\" src=\"https:\/\/bewehrungen.ch\/wp-content\/uploads\/2021\/05\/steel-bars.jpg\" class=\"%s\" alt=\"\" decoding=\"async\" loading=\"lazy\" srcset=\"https:\/\/bewehrungen.ch\/wp-content\/uploads\/2021\/05\/steel-bars.jpg 720w, https:\/\/bewehrungen.ch\/wp-content\/uploads\/2021\/05\/steel-bars-250x300.jpg 250w, https:\/\/bewehrungen.ch\/wp-content\/uploads\/2021\/05\/steel-bars-436x524.jpg 436w, https:\/\/bewehrungen.ch\/wp-content\/uploads\/2021\/05\/steel-bars-550x661.jpg 550w\" sizes=\"auto, (max-width: 720px) 100vw, 720px\" \/>","full":"<img width=\"720\" height=\"865\" src=\"https:\/\/bewehrungen.ch\/wp-content\/uploads\/2021\/05\/steel-bars.jpg\" class=\"%s\" alt=\"\" decoding=\"async\" loading=\"lazy\" srcset=\"https:\/\/bewehrungen.ch\/wp-content\/uploads\/2021\/05\/steel-bars.jpg 720w, https:\/\/bewehrungen.ch\/wp-content\/uploads\/2021\/05\/steel-bars-250x300.jpg 250w, https:\/\/bewehrungen.ch\/wp-content\/uploads\/2021\/05\/steel-bars-436x524.jpg 436w, https:\/\/bewehrungen.ch\/wp-content\/uploads\/2021\/05\/steel-bars-550x661.jpg 550w\" sizes=\"auto, (max-width: 720px) 100vw, 720px\" \/>"},"_links":{"self":[{"href":"https:\/\/bewehrungen.ch\/fr\/wp-json\/wp\/v2\/product\/66868","targetHints":{"allow":["GET"]}}],"collection":[{"href":"https:\/\/bewehrungen.ch\/fr\/wp-json\/wp\/v2\/product"}],"about":[{"href":"https:\/\/bewehrungen.ch\/fr\/wp-json\/wp\/v2\/types\/product"}],"wp:featuredmedia":[{"embeddable":true,"href":"https:\/\/bewehrungen.ch\/fr\/wp-json\/wp\/v2\/media\/66869"}],"wp:attachment":[{"href":"https:\/\/bewehrungen.ch\/fr\/wp-json\/wp\/v2\/media?parent=66868"}],"wp:term":[{"taxonomy":"product_category","embeddable":true,"href":"https:\/\/bewehrungen.ch\/fr\/wp-json\/wp\/v2\/product_category?post=66868"}],"curies":[{"name":"wp","href":"https:\/\/api.w.org\/{rel}","templated":true}]}}