{"id":66862,"date":"2025-11-22T09:07:00","date_gmt":"2025-11-22T09:07:00","guid":{"rendered":"https:\/\/bewehrungen.ch\/?post_type=product&#038;p=66862"},"modified":"2025-11-22T19:06:06","modified_gmt":"2025-11-22T19:06:06","slug":"forwa-2000-systemes-de-raccordement","status":"publish","type":"product","link":"https:\/\/bewehrungen.ch\/fr\/product\/forwa-2000-systemes-de-raccordement\/","title":{"rendered":"forwa 2000 syst\u00e8mes de raccordement"},"featured_media":66863,"menu_order":180,"template":"","product_category":[5875],"class_list":["post-66862","product","type-product","status-publish","has-post-thumbnail","","product_category-treillis-et-accessoires"],"acf":[],"yoast_head":"<!-- This site is optimized with the Yoast SEO plugin v27.3 - https:\/\/yoast.com\/product\/yoast-seo-wordpress\/ -->\n<title>forwa 2000 syst\u00e8mes de raccordement - Bewehrungen<\/title>\n<meta name=\"robots\" content=\"index, follow, max-snippet:-1, max-image-preview:large, max-video-preview:-1\" \/>\n<link rel=\"canonical\" href=\"https:\/\/bewehrungen.ch\/fr\/product\/forwa-2000-systemes-de-raccordement\/\" \/>\n<meta property=\"og:locale\" content=\"fr_FR\" \/>\n<meta property=\"og:type\" content=\"article\" \/>\n<meta property=\"og:title\" content=\"forwa 2000 syst\u00e8mes de raccordement - Bewehrungen\" \/>\n<meta property=\"og:url\" content=\"https:\/\/bewehrungen.ch\/fr\/product\/forwa-2000-systemes-de-raccordement\/\" \/>\n<meta property=\"og:site_name\" content=\"Bewehrungen\" \/>\n<meta property=\"article:modified_time\" content=\"2025-11-22T19:06:06+00:00\" \/>\n<meta property=\"og:image\" content=\"https:\/\/bewehrungen.ch\/wp-content\/uploads\/2021\/07\/P1010062-forwa-e1625237733368-1024x764-1.jpg\" \/>\n\t<meta property=\"og:image:width\" content=\"1024\" \/>\n\t<meta property=\"og:image:height\" content=\"764\" \/>\n\t<meta property=\"og:image:type\" content=\"image\/jpeg\" \/>\n<meta name=\"twitter:card\" content=\"summary_large_image\" \/>\n<script type=\"application\/ld+json\" class=\"yoast-schema-graph\">{\"@context\":\"https:\\\/\\\/schema.org\",\"@graph\":[{\"@type\":\"WebPage\",\"@id\":\"https:\\\/\\\/bewehrungen.ch\\\/fr\\\/product\\\/forwa-2000-systemes-de-raccordement\\\/\",\"url\":\"https:\\\/\\\/bewehrungen.ch\\\/fr\\\/product\\\/forwa-2000-systemes-de-raccordement\\\/\",\"name\":\"forwa 2000 syst\u00e8mes de raccordement - Bewehrungen\",\"isPartOf\":{\"@id\":\"https:\\\/\\\/bewehrungen.ch\\\/fr\\\/#website\"},\"primaryImageOfPage\":{\"@id\":\"https:\\\/\\\/bewehrungen.ch\\\/fr\\\/product\\\/forwa-2000-systemes-de-raccordement\\\/#primaryimage\"},\"image\":{\"@id\":\"https:\\\/\\\/bewehrungen.ch\\\/fr\\\/product\\\/forwa-2000-systemes-de-raccordement\\\/#primaryimage\"},\"thumbnailUrl\":\"https:\\\/\\\/bewehrungen.ch\\\/wp-content\\\/uploads\\\/2021\\\/07\\\/P1010062-forwa-e1625237733368-1024x764-1.jpg\",\"datePublished\":\"2025-11-22T09:07:00+00:00\",\"dateModified\":\"2025-11-22T19:06:06+00:00\",\"breadcrumb\":{\"@id\":\"https:\\\/\\\/bewehrungen.ch\\\/fr\\\/product\\\/forwa-2000-systemes-de-raccordement\\\/#breadcrumb\"},\"inLanguage\":\"fr-FR\",\"potentialAction\":[{\"@type\":\"ReadAction\",\"target\":[\"https:\\\/\\\/bewehrungen.ch\\\/fr\\\/product\\\/forwa-2000-systemes-de-raccordement\\\/\"]}]},{\"@type\":\"ImageObject\",\"inLanguage\":\"fr-FR\",\"@id\":\"https:\\\/\\\/bewehrungen.ch\\\/fr\\\/product\\\/forwa-2000-systemes-de-raccordement\\\/#primaryimage\",\"url\":\"https:\\\/\\\/bewehrungen.ch\\\/wp-content\\\/uploads\\\/2021\\\/07\\\/P1010062-forwa-e1625237733368-1024x764-1.jpg\",\"contentUrl\":\"https:\\\/\\\/bewehrungen.ch\\\/wp-content\\\/uploads\\\/2021\\\/07\\\/P1010062-forwa-e1625237733368-1024x764-1.jpg\",\"width\":1024,\"height\":764},{\"@type\":\"BreadcrumbList\",\"@id\":\"https:\\\/\\\/bewehrungen.ch\\\/fr\\\/product\\\/forwa-2000-systemes-de-raccordement\\\/#breadcrumb\",\"itemListElement\":[{\"@type\":\"ListItem\",\"position\":1,\"name\":\"Home\",\"item\":\"https:\\\/\\\/bewehrungen.ch\\\/fr\\\/\"},{\"@type\":\"ListItem\",\"position\":2,\"name\":\"Produits\",\"item\":\"https:\\\/\\\/bewehrungen.ch\\\/fr\\\/products\\\/\"},{\"@type\":\"ListItem\",\"position\":3,\"name\":\"forwa 2000 syst\u00e8mes de raccordement\"}]},{\"@type\":\"WebSite\",\"@id\":\"https:\\\/\\\/bewehrungen.ch\\\/fr\\\/#website\",\"url\":\"https:\\\/\\\/bewehrungen.ch\\\/fr\\\/\",\"name\":\"Bewehrungen\",\"description\":\"Just another WordPress site\",\"publisher\":{\"@id\":\"https:\\\/\\\/bewehrungen.ch\\\/fr\\\/#organization\"},\"potentialAction\":[{\"@type\":\"SearchAction\",\"target\":{\"@type\":\"EntryPoint\",\"urlTemplate\":\"https:\\\/\\\/bewehrungen.ch\\\/fr\\\/?s={search_term_string}\"},\"query-input\":{\"@type\":\"PropertyValueSpecification\",\"valueRequired\":true,\"valueName\":\"search_term_string\"}}],\"inLanguage\":\"fr-FR\"},{\"@type\":\"Organization\",\"@id\":\"https:\\\/\\\/bewehrungen.ch\\\/fr\\\/#organization\",\"name\":\"Bewehrungen\",\"url\":\"https:\\\/\\\/bewehrungen.ch\\\/fr\\\/\",\"logo\":{\"@type\":\"ImageObject\",\"inLanguage\":\"fr-FR\",\"@id\":\"https:\\\/\\\/bewehrungen.ch\\\/fr\\\/#\\\/schema\\\/logo\\\/image\\\/\",\"url\":\"https:\\\/\\\/bewehrungen.ch\\\/wp-content\\\/uploads\\\/2025\\\/12\\\/DE_DebrunnerBewetec_RGB.png\",\"contentUrl\":\"https:\\\/\\\/bewehrungen.ch\\\/wp-content\\\/uploads\\\/2025\\\/12\\\/DE_DebrunnerBewetec_RGB.png\",\"width\":2389,\"height\":542,\"caption\":\"Bewehrungen\"},\"image\":{\"@id\":\"https:\\\/\\\/bewehrungen.ch\\\/fr\\\/#\\\/schema\\\/logo\\\/image\\\/\"}}]}<\/script>\n<!-- \/ Yoast SEO plugin. -->","yoast_head_json":{"title":"forwa 2000 syst\u00e8mes de raccordement - Bewehrungen","robots":{"index":"index","follow":"follow","max-snippet":"max-snippet:-1","max-image-preview":"max-image-preview:large","max-video-preview":"max-video-preview:-1"},"canonical":"https:\/\/bewehrungen.ch\/fr\/product\/forwa-2000-systemes-de-raccordement\/","og_locale":"fr_FR","og_type":"article","og_title":"forwa 2000 syst\u00e8mes de raccordement - Bewehrungen","og_url":"https:\/\/bewehrungen.ch\/fr\/product\/forwa-2000-systemes-de-raccordement\/","og_site_name":"Bewehrungen","article_modified_time":"2025-11-22T19:06:06+00:00","og_image":[{"width":1024,"height":764,"url":"https:\/\/bewehrungen.ch\/wp-content\/uploads\/2021\/07\/P1010062-forwa-e1625237733368-1024x764-1.jpg","type":"image\/jpeg"}],"twitter_card":"summary_large_image","schema":{"@context":"https:\/\/schema.org","@graph":[{"@type":"WebPage","@id":"https:\/\/bewehrungen.ch\/fr\/product\/forwa-2000-systemes-de-raccordement\/","url":"https:\/\/bewehrungen.ch\/fr\/product\/forwa-2000-systemes-de-raccordement\/","name":"forwa 2000 syst\u00e8mes de raccordement - Bewehrungen","isPartOf":{"@id":"https:\/\/bewehrungen.ch\/fr\/#website"},"primaryImageOfPage":{"@id":"https:\/\/bewehrungen.ch\/fr\/product\/forwa-2000-systemes-de-raccordement\/#primaryimage"},"image":{"@id":"https:\/\/bewehrungen.ch\/fr\/product\/forwa-2000-systemes-de-raccordement\/#primaryimage"},"thumbnailUrl":"https:\/\/bewehrungen.ch\/wp-content\/uploads\/2021\/07\/P1010062-forwa-e1625237733368-1024x764-1.jpg","datePublished":"2025-11-22T09:07:00+00:00","dateModified":"2025-11-22T19:06:06+00:00","breadcrumb":{"@id":"https:\/\/bewehrungen.ch\/fr\/product\/forwa-2000-systemes-de-raccordement\/#breadcrumb"},"inLanguage":"fr-FR","potentialAction":[{"@type":"ReadAction","target":["https:\/\/bewehrungen.ch\/fr\/product\/forwa-2000-systemes-de-raccordement\/"]}]},{"@type":"ImageObject","inLanguage":"fr-FR","@id":"https:\/\/bewehrungen.ch\/fr\/product\/forwa-2000-systemes-de-raccordement\/#primaryimage","url":"https:\/\/bewehrungen.ch\/wp-content\/uploads\/2021\/07\/P1010062-forwa-e1625237733368-1024x764-1.jpg","contentUrl":"https:\/\/bewehrungen.ch\/wp-content\/uploads\/2021\/07\/P1010062-forwa-e1625237733368-1024x764-1.jpg","width":1024,"height":764},{"@type":"BreadcrumbList","@id":"https:\/\/bewehrungen.ch\/fr\/product\/forwa-2000-systemes-de-raccordement\/#breadcrumb","itemListElement":[{"@type":"ListItem","position":1,"name":"Home","item":"https:\/\/bewehrungen.ch\/fr\/"},{"@type":"ListItem","position":2,"name":"Produits","item":"https:\/\/bewehrungen.ch\/fr\/products\/"},{"@type":"ListItem","position":3,"name":"forwa 2000 syst\u00e8mes de raccordement"}]},{"@type":"WebSite","@id":"https:\/\/bewehrungen.ch\/fr\/#website","url":"https:\/\/bewehrungen.ch\/fr\/","name":"Bewehrungen","description":"Just another WordPress site","publisher":{"@id":"https:\/\/bewehrungen.ch\/fr\/#organization"},"potentialAction":[{"@type":"SearchAction","target":{"@type":"EntryPoint","urlTemplate":"https:\/\/bewehrungen.ch\/fr\/?s={search_term_string}"},"query-input":{"@type":"PropertyValueSpecification","valueRequired":true,"valueName":"search_term_string"}}],"inLanguage":"fr-FR"},{"@type":"Organization","@id":"https:\/\/bewehrungen.ch\/fr\/#organization","name":"Bewehrungen","url":"https:\/\/bewehrungen.ch\/fr\/","logo":{"@type":"ImageObject","inLanguage":"fr-FR","@id":"https:\/\/bewehrungen.ch\/fr\/#\/schema\/logo\/image\/","url":"https:\/\/bewehrungen.ch\/wp-content\/uploads\/2025\/12\/DE_DebrunnerBewetec_RGB.png","contentUrl":"https:\/\/bewehrungen.ch\/wp-content\/uploads\/2025\/12\/DE_DebrunnerBewetec_RGB.png","width":2389,"height":542,"caption":"Bewehrungen"},"image":{"@id":"https:\/\/bewehrungen.ch\/fr\/#\/schema\/logo\/image\/"}}]}},"deac_custom_fields":{"page_color_variation":"default","product":{"brand":"","name":""},"highlight_box":{"title":"Augmenter la productivit\u00e9 lors de la pose!","subtitle":"Polyvalents et utilisables \u00e0 court terme","text":"<ul>\n<li>Large assortiment<\/li>\n<li>D\u00e9lais de livraison courts<\/li>\n<\/ul>\n","media_type":"image","image":{"medium":"<img width=\"300\" height=\"224\" src=\"https:\/\/bewehrungen.ch\/wp-content\/uploads\/2021\/07\/P1010062-forwa-e1625237733368-1024x764-1-300x224.jpg\" class=\"%s\" alt=\"\" decoding=\"async\" loading=\"lazy\" srcset=\"https:\/\/bewehrungen.ch\/wp-content\/uploads\/2021\/07\/P1010062-forwa-e1625237733368-1024x764-1-300x224.jpg 300w, https:\/\/bewehrungen.ch\/wp-content\/uploads\/2021\/07\/P1010062-forwa-e1625237733368-1024x764-1-768x573.jpg 768w, https:\/\/bewehrungen.ch\/wp-content\/uploads\/2021\/07\/P1010062-forwa-e1625237733368-1024x764-1-436x325.jpg 436w, https:\/\/bewehrungen.ch\/wp-content\/uploads\/2021\/07\/P1010062-forwa-e1625237733368-1024x764-1-550x410.jpg 550w, https:\/\/bewehrungen.ch\/wp-content\/uploads\/2021\/07\/P1010062-forwa-e1625237733368-1024x764-1.jpg 1024w\" sizes=\"auto, (max-width: 300px) 100vw, 300px\" \/>","medium_large":"<img width=\"768\" height=\"573\" src=\"https:\/\/bewehrungen.ch\/wp-content\/uploads\/2021\/07\/P1010062-forwa-e1625237733368-1024x764-1-768x573.jpg\" class=\"%s\" alt=\"\" decoding=\"async\" loading=\"lazy\" srcset=\"https:\/\/bewehrungen.ch\/wp-content\/uploads\/2021\/07\/P1010062-forwa-e1625237733368-1024x764-1-768x573.jpg 768w, https:\/\/bewehrungen.ch\/wp-content\/uploads\/2021\/07\/P1010062-forwa-e1625237733368-1024x764-1-300x224.jpg 300w, https:\/\/bewehrungen.ch\/wp-content\/uploads\/2021\/07\/P1010062-forwa-e1625237733368-1024x764-1-436x325.jpg 436w, https:\/\/bewehrungen.ch\/wp-content\/uploads\/2021\/07\/P1010062-forwa-e1625237733368-1024x764-1-550x410.jpg 550w, https:\/\/bewehrungen.ch\/wp-content\/uploads\/2021\/07\/P1010062-forwa-e1625237733368-1024x764-1.jpg 1024w\" sizes=\"auto, (max-width: 768px) 100vw, 768px\" \/>","large":"<img width=\"1024\" height=\"764\" src=\"https:\/\/bewehrungen.ch\/wp-content\/uploads\/2021\/07\/P1010062-forwa-e1625237733368-1024x764-1.jpg\" class=\"%s\" alt=\"\" decoding=\"async\" loading=\"lazy\" srcset=\"https:\/\/bewehrungen.ch\/wp-content\/uploads\/2021\/07\/P1010062-forwa-e1625237733368-1024x764-1.jpg 1024w, https:\/\/bewehrungen.ch\/wp-content\/uploads\/2021\/07\/P1010062-forwa-e1625237733368-1024x764-1-300x224.jpg 300w, https:\/\/bewehrungen.ch\/wp-content\/uploads\/2021\/07\/P1010062-forwa-e1625237733368-1024x764-1-768x573.jpg 768w, https:\/\/bewehrungen.ch\/wp-content\/uploads\/2021\/07\/P1010062-forwa-e1625237733368-1024x764-1-436x325.jpg 436w, https:\/\/bewehrungen.ch\/wp-content\/uploads\/2021\/07\/P1010062-forwa-e1625237733368-1024x764-1-550x410.jpg 550w\" sizes=\"auto, (max-width: 1024px) 100vw, 1024px\" \/>","full":"<img width=\"1024\" height=\"764\" src=\"https:\/\/bewehrungen.ch\/wp-content\/uploads\/2021\/07\/P1010062-forwa-e1625237733368-1024x764-1.jpg\" class=\"%s\" alt=\"\" decoding=\"async\" loading=\"lazy\" srcset=\"https:\/\/bewehrungen.ch\/wp-content\/uploads\/2021\/07\/P1010062-forwa-e1625237733368-1024x764-1.jpg 1024w, https:\/\/bewehrungen.ch\/wp-content\/uploads\/2021\/07\/P1010062-forwa-e1625237733368-1024x764-1-300x224.jpg 300w, https:\/\/bewehrungen.ch\/wp-content\/uploads\/2021\/07\/P1010062-forwa-e1625237733368-1024x764-1-768x573.jpg 768w, https:\/\/bewehrungen.ch\/wp-content\/uploads\/2021\/07\/P1010062-forwa-e1625237733368-1024x764-1-436x325.jpg 436w, https:\/\/bewehrungen.ch\/wp-content\/uploads\/2021\/07\/P1010062-forwa-e1625237733368-1024x764-1-550x410.jpg 550w\" sizes=\"auto, (max-width: 1024px) 100vw, 1024px\" \/>"},"video_list":false},"downloads":[67535,67532,67529,67598],"description":[{"title":"Large assortiment","text":"<p>Les syst\u00e8mes de raccordement forwa 2000 sont la bonne solution pour des semelles filantes ou des radiers, des armatures de bord de dalles ou angles de murs.<\/p>\n"},{"title":"Haut gain de temps","text":"<p>Les syst\u00e8mes de raccordement forwa 2000 s\u2019utilisent rapidement et facilement. Gr\u00e2ce \u00e0 l\u2019\u00e9conomie de temps vous augmenter la productivit\u00e9 lors de la pose et ce avec une qualit\u00e9 \u00e9quivalente.<\/p>\n"}]},"deac_featured_media":{"medium":"<img width=\"300\" height=\"224\" src=\"https:\/\/bewehrungen.ch\/wp-content\/uploads\/2021\/07\/P1010062-forwa-e1625237733368-1024x764-1-300x224.jpg\" class=\"%s\" alt=\"\" decoding=\"async\" loading=\"lazy\" srcset=\"https:\/\/bewehrungen.ch\/wp-content\/uploads\/2021\/07\/P1010062-forwa-e1625237733368-1024x764-1-300x224.jpg 300w, https:\/\/bewehrungen.ch\/wp-content\/uploads\/2021\/07\/P1010062-forwa-e1625237733368-1024x764-1-768x573.jpg 768w, https:\/\/bewehrungen.ch\/wp-content\/uploads\/2021\/07\/P1010062-forwa-e1625237733368-1024x764-1-436x325.jpg 436w, https:\/\/bewehrungen.ch\/wp-content\/uploads\/2021\/07\/P1010062-forwa-e1625237733368-1024x764-1-550x410.jpg 550w, https:\/\/bewehrungen.ch\/wp-content\/uploads\/2021\/07\/P1010062-forwa-e1625237733368-1024x764-1.jpg 1024w\" sizes=\"auto, (max-width: 300px) 100vw, 300px\" \/>","medium_large":"<img width=\"768\" height=\"573\" src=\"https:\/\/bewehrungen.ch\/wp-content\/uploads\/2021\/07\/P1010062-forwa-e1625237733368-1024x764-1-768x573.jpg\" class=\"%s\" alt=\"\" decoding=\"async\" loading=\"lazy\" srcset=\"https:\/\/bewehrungen.ch\/wp-content\/uploads\/2021\/07\/P1010062-forwa-e1625237733368-1024x764-1-768x573.jpg 768w, https:\/\/bewehrungen.ch\/wp-content\/uploads\/2021\/07\/P1010062-forwa-e1625237733368-1024x764-1-300x224.jpg 300w, https:\/\/bewehrungen.ch\/wp-content\/uploads\/2021\/07\/P1010062-forwa-e1625237733368-1024x764-1-436x325.jpg 436w, https:\/\/bewehrungen.ch\/wp-content\/uploads\/2021\/07\/P1010062-forwa-e1625237733368-1024x764-1-550x410.jpg 550w, https:\/\/bewehrungen.ch\/wp-content\/uploads\/2021\/07\/P1010062-forwa-e1625237733368-1024x764-1.jpg 1024w\" sizes=\"auto, (max-width: 768px) 100vw, 768px\" \/>","large":"<img width=\"1024\" height=\"764\" src=\"https:\/\/bewehrungen.ch\/wp-content\/uploads\/2021\/07\/P1010062-forwa-e1625237733368-1024x764-1.jpg\" class=\"%s\" alt=\"\" decoding=\"async\" loading=\"lazy\" srcset=\"https:\/\/bewehrungen.ch\/wp-content\/uploads\/2021\/07\/P1010062-forwa-e1625237733368-1024x764-1.jpg 1024w, https:\/\/bewehrungen.ch\/wp-content\/uploads\/2021\/07\/P1010062-forwa-e1625237733368-1024x764-1-300x224.jpg 300w, https:\/\/bewehrungen.ch\/wp-content\/uploads\/2021\/07\/P1010062-forwa-e1625237733368-1024x764-1-768x573.jpg 768w, https:\/\/bewehrungen.ch\/wp-content\/uploads\/2021\/07\/P1010062-forwa-e1625237733368-1024x764-1-436x325.jpg 436w, https:\/\/bewehrungen.ch\/wp-content\/uploads\/2021\/07\/P1010062-forwa-e1625237733368-1024x764-1-550x410.jpg 550w\" sizes=\"auto, (max-width: 1024px) 100vw, 1024px\" \/>","full":"<img width=\"1024\" height=\"764\" src=\"https:\/\/bewehrungen.ch\/wp-content\/uploads\/2021\/07\/P1010062-forwa-e1625237733368-1024x764-1.jpg\" class=\"%s\" alt=\"\" decoding=\"async\" loading=\"lazy\" srcset=\"https:\/\/bewehrungen.ch\/wp-content\/uploads\/2021\/07\/P1010062-forwa-e1625237733368-1024x764-1.jpg 1024w, https:\/\/bewehrungen.ch\/wp-content\/uploads\/2021\/07\/P1010062-forwa-e1625237733368-1024x764-1-300x224.jpg 300w, https:\/\/bewehrungen.ch\/wp-content\/uploads\/2021\/07\/P1010062-forwa-e1625237733368-1024x764-1-768x573.jpg 768w, https:\/\/bewehrungen.ch\/wp-content\/uploads\/2021\/07\/P1010062-forwa-e1625237733368-1024x764-1-436x325.jpg 436w, https:\/\/bewehrungen.ch\/wp-content\/uploads\/2021\/07\/P1010062-forwa-e1625237733368-1024x764-1-550x410.jpg 550w\" sizes=\"auto, (max-width: 1024px) 100vw, 1024px\" \/>"},"_links":{"self":[{"href":"https:\/\/bewehrungen.ch\/fr\/wp-json\/wp\/v2\/product\/66862","targetHints":{"allow":["GET"]}}],"collection":[{"href":"https:\/\/bewehrungen.ch\/fr\/wp-json\/wp\/v2\/product"}],"about":[{"href":"https:\/\/bewehrungen.ch\/fr\/wp-json\/wp\/v2\/types\/product"}],"wp:featuredmedia":[{"embeddable":true,"href":"https:\/\/bewehrungen.ch\/fr\/wp-json\/wp\/v2\/media\/66863"}],"wp:attachment":[{"href":"https:\/\/bewehrungen.ch\/fr\/wp-json\/wp\/v2\/media?parent=66862"}],"wp:term":[{"taxonomy":"product_category","embeddable":true,"href":"https:\/\/bewehrungen.ch\/fr\/wp-json\/wp\/v2\/product_category?post=66862"}],"curies":[{"name":"wp","href":"https:\/\/api.w.org\/{rel}","templated":true}]}}