{"id":67833,"date":"2025-11-23T10:25:48","date_gmt":"2025-11-23T10:25:48","guid":{"rendered":"https:\/\/bewehrungen.ch\/?page_id=67833"},"modified":"2026-01-28T10:39:37","modified_gmt":"2026-01-28T10:39:37","slug":"histoire","status":"publish","type":"page","link":"https:\/\/bewehrungen.ch\/fr\/histoire\/","title":{"rendered":"Historique"},"content":{"rendered":"\n      <h1 id=\"block_54818fde205876b034db1aaa21055894\" class=\"c-title mt-0 mb-6 lg:mb-17 alignwidetext-left l-block\"  >\n  \n  Historique<\/h1>\n\n\n      <div id=\"block_35b53096d89476f85ee87ba0103e2c8b\" class=\"deac-highlight-box mb-10 md:mb-19 lg:mb-28 alignwide l-block\"  >\n  \n  <div class=\"md:flow-root\">\n\t<div class=\"highlight-box-slider md:bg-faded-coils md:bg-cover md:mb-6 lg:mb-7 md:grid md:grid-cols-2 md:gap-6 lg:gap-16 xl:gap-24 md:min-h-136\">\n\t\t<div class=\"relative md:order-2 md:h-full  md:pr-6 lg:pr-9  md:py-0 \">\n\t\t\t\t\t\t\t\t\t\t<div class=\"left-0 right-0 -mx-4 md:absolute  md:top-0 md:h-full  border-b-6 md:border-0 border-primary h-72  sm:-mx-6 md:mx-0 overflow-hidden max-h-full\">\n\t\t\t\t\t<img loading=\"lazy\" decoding=\"async\" width=\"900\" height=\"700\" src=\"https:\/\/bewehrungen.ch\/wp-content\/uploads\/2025\/11\/Geschichte.jpg\" class=\"block w-full h-full object-cover md:absolute\" alt=\"\" srcset=\"https:\/\/bewehrungen.ch\/wp-content\/uploads\/2025\/11\/Geschichte.jpg 900w, https:\/\/bewehrungen.ch\/wp-content\/uploads\/2025\/11\/Geschichte-300x233.jpg 300w, https:\/\/bewehrungen.ch\/wp-content\/uploads\/2025\/11\/Geschichte-768x597.jpg 768w, https:\/\/bewehrungen.ch\/wp-content\/uploads\/2025\/11\/Geschichte-436x339.jpg 436w, https:\/\/bewehrungen.ch\/wp-content\/uploads\/2025\/11\/Geschichte-550x428.jpg 550w\" sizes=\"auto, (max-width: 900px) 100vw, 900px\" \/>\t\t\t\t\t\t\t\t\t<\/div>\n\t\t\t\t\t\t\t\t<\/div>\n\t\t<div class=\"relative py-6 bg-white md:order-1 md:bg-transparent sm:py-7 md:py-10 lg:py-14 md:px-6 lg:px-9\">\n\t\t\t<div class=\"absolute bottom-0 md:hidden -inset-x-4 sm:-inset-x-6 top-15 bg-gradient-to-b from-white to-gray-light\"><\/div>\n\t\t\t\t\t\t\t\t\t\t<div class=\"relative text-18 lg:text-32 leading-tight font-bold lg:font-semibold text-black mb-3.5 lg:mb-6\">\n\t\t\t\t\tAu c\u0153ur de la branche\t\t\t\t<\/div>\n\t\t\t\t\t\t\t\t\t\t\t\t\t<div class=\"relative text-black\">\n\t\t\t\t\t<div class=\"elementor-element elementor-element-0adcc18 e-flex e-con-boxed e-con e-child\" data-id=\"0adcc18\" data-element_type=\"container\">\n<div class=\"e-con-inner\">\n<div class=\"elementor-element elementor-element-b7e694b elementor-widget elementor-widget-text-editor\" data-id=\"b7e694b\" data-element_type=\"widget\" data-widget_type=\"text-editor.default\">\n<div class=\"elementor-widget-container\">\n<div class=\"elementor-element elementor-element-0adcc18 e-flex e-con-boxed e-con e-child\" data-id=\"0adcc18\" data-element_type=\"container\">\n<div class=\"e-con-inner\">\n<div class=\"elementor-element elementor-element-b7e694b elementor-widget elementor-widget-text-editor\" data-id=\"b7e694b\" data-element_type=\"widget\" data-widget_type=\"text-editor.default\">\n<div class=\"elementor-widget-container\">\n<div class=\"elementor-element elementor-element-0adcc18 e-flex e-con-boxed e-con e-child\" data-id=\"0adcc18\" data-element_type=\"container\">\n<div class=\"e-con-inner\">\n<div class=\"elementor-element elementor-element-b7e694b elementor-widget elementor-widget-text-editor\" data-id=\"b7e694b\" data-element_type=\"widget\" data-widget_type=\"text-editor.default\">\n<div class=\"elementor-widget-container\">\n<p class=\"lg:mb-8\">Issue d\u2019une initiative r\u00e9gionale, notre entreprise s&rsquo;est d\u00e9velopp\u00e9e jusqu\u2019\u00e0 \u00e9tendre ses activit\u00e9s \u00e0 l\u2019ensemble de la Suisse. Apr\u00e8s nos d\u00e9buts en 1999 \u00e0 Heimberg, nous sommes petit \u00e0 petit devenus un acteur majeur du secteur avec quatre sites de production r\u00e9pondant au plus hauts standards de qualit\u00e9 et de service.\u00a0 Une orientation qui s&rsquo;est \u00e9galement traduite en 2016 par un changement d&rsquo;identit\u00e9 et d&rsquo;image avec l\u2019adoption de notre nouvelle raison sociale BEWETEC SA.<\/p>\n<p class=\"lg:mb-8\">Les quatre ateliers de cintrage ultramodernes situ\u00e9s \u00e0 Oberbipp, Heimberg, Eschlikon et Aigle constituent le c\u0153ur de l&rsquo;entreprise. Le site de production d&rsquo;Oberbipp est consid\u00e9r\u00e9 comme l&rsquo;un des ateliers de ceintrage les plus grands et les plus modernes d&rsquo;Europe et abrite notre si\u00e8ge social.<\/p>\n<\/div>\n<\/div>\n<\/div>\n<\/div>\n<\/div>\n<\/div>\n<\/div>\n<\/div>\n<\/div>\n<\/div>\n<\/div>\n<\/div>\n\t\t\t\t<\/div>\n\t\t\t\t\t\t\t\t<\/div>\n\t<\/div>\n<\/div><\/div>\n\n\n<div class=\"wp-block-columns is-layout-flex wp-container-core-columns-is-layout-9d6595d7 wp-block-columns-is-layout-flex\">\n<div class=\"wp-block-column is-layout-flow wp-block-column-is-layout-flow\"><div class=\"wp-block-image\">\n<figure class=\"aligncenter size-full\"><img decoding=\"async\" src=\"https:\/\/bewehrungen-staging2.wp2.what-sites.digital\/wp-content\/uploads\/2025\/11\/umwelt-bewetec.jpg\" alt=\"\" class=\"wp-image-66844\"\/><\/figure>\n<\/div><\/div>\n\n\n\n<div class=\"wp-block-column is-layout-flow wp-block-column-is-layout-flow\">\n<p class=\"has-heading-5-font-size\"><strong>1999<\/strong> &#8211; Cr\u00e9ation de l\u2019entreprise<\/p>\n\n\n\n<p class=\"has-heading-5-font-size\"><strong>2002<\/strong> &#8211; Introduction du travail en \u00e9quipe Transformation compl\u00e8te de l&rsquo;atelier de fa\u00e7onnage d\u2019Heimberg. Doublement de la surface de production.<\/p>\n\n\n\n<p class=\"has-heading-5-font-size\"><strong>2003<\/strong> &#8211; Construction d&rsquo;un nouvel entrep\u00f4t \u00e0 Heimberg. Doublement de la surface de stockage des treillis.<\/p>\n\n\n\n<p class=\"has-heading-5-font-size\"><strong>2007<\/strong> &#8211; Construction d&rsquo;un nouvel atelier de cintrage \u00e0 Oberbipp BE, environ 100 collaborateurs.<\/p>\n\n\n\n<p class=\"has-heading-5-font-size\"><strong>2008<\/strong> &#8211; Extension de la zone de vente et de livraison \u00e0 toute la Suisse.<\/p>\n\n\n\n<p><strong>2010<\/strong> &#8211; Construction d&rsquo;un nouvel atelier de cintrage \u00e0 Eschlikon TG. <\/p>\n\n\n\n<p><strong>2011<\/strong> &#8211; 160 collaborateurs.<\/p>\n\n\n\n<p><strong>2013<\/strong> &#8211; Extension de l&rsquo;atelier de cintrage \u00e0 Heimberg.<\/p>\n\n\n\n<p><strong>2014<\/strong> &#8211; 180 collaborateurs.<\/p>\n\n\n\n<p><strong>2015<\/strong> &#8211; Transformation de l&rsquo;atelier de cintrage d&rsquo;Oberbipp BE et acquisition de nouvelles machines.<\/p>\n\n\n\n<p><strong>2016<\/strong> &#8211; Int\u00e9gration de l&rsquo;atelier de cintrage de l&rsquo;acier d\u2019Aigle (VD).<\/p>\n\n\n\n<p><strong>2021<\/strong> &#8211; 240 collaborateurs.<\/p>\n\n\n\n<p><strong>2024<\/strong> &#8211; 25 ans de Bewetec.<\/p>\n<\/div>\n<\/div>\n","protected":false},"excerpt":{"rendered":"<p>1999 &#8211; Cr\u00e9ation de l\u2019entreprise 2002 &#8211; Introduction du travail en \u00e9quipe Transformation compl\u00e8te de l&rsquo;atelier de fa\u00e7onnage d\u2019Heimberg. Doublement de la surface de production. 2003 &#8211; Construction d&rsquo;un nouvel entrep\u00f4t \u00e0 Heimberg. Doublement de la surface de stockage des treillis. 2007 &#8211; Construction d&rsquo;un nouvel atelier de cintrage \u00e0 Oberbipp BE, environ 100 collaborateurs. [&hellip;]<\/p>\n","protected":false},"author":10,"featured_media":0,"parent":0,"menu_order":0,"comment_status":"closed","ping_status":"closed","template":"","meta":{"_acf_changed":false,"footnotes":""},"class_list":["post-67833","page","type-page","status-publish",""],"acf":[],"yoast_head":"<!-- This site is optimized with the Yoast SEO plugin v27.3 - https:\/\/yoast.com\/product\/yoast-seo-wordpress\/ -->\n<title>Historique - Bewehrungen<\/title>\n<meta name=\"robots\" content=\"index, follow, max-snippet:-1, max-image-preview:large, max-video-preview:-1\" \/>\n<link rel=\"canonical\" href=\"https:\/\/bewehrungen.ch\/fr\/histoire\/\" \/>\n<meta property=\"og:locale\" content=\"fr_FR\" \/>\n<meta property=\"og:type\" content=\"article\" \/>\n<meta property=\"og:title\" content=\"Historique - Bewehrungen\" \/>\n<meta property=\"og:description\" content=\"1999 &#8211; Cr\u00e9ation de l\u2019entreprise 2002 &#8211; Introduction du travail en \u00e9quipe Transformation compl\u00e8te de l&rsquo;atelier de fa\u00e7onnage d\u2019Heimberg. Doublement de la surface de production. 2003 &#8211; Construction d&rsquo;un nouvel entrep\u00f4t \u00e0 Heimberg. Doublement de la surface de stockage des treillis. 2007 &#8211; Construction d&rsquo;un nouvel atelier de cintrage \u00e0 Oberbipp BE, environ 100 collaborateurs. [&hellip;]\" \/>\n<meta property=\"og:url\" content=\"https:\/\/bewehrungen.ch\/fr\/histoire\/\" \/>\n<meta property=\"og:site_name\" content=\"Bewehrungen\" \/>\n<meta property=\"article:modified_time\" content=\"2026-01-28T10:39:37+00:00\" \/>\n<meta property=\"og:image\" content=\"https:\/\/bewehrungen-staging2.wp2.what-sites.digital\/wp-content\/uploads\/2025\/11\/umwelt-bewetec.jpg\" \/>\n<meta name=\"twitter:card\" content=\"summary_large_image\" \/>\n<script type=\"application\/ld+json\" class=\"yoast-schema-graph\">{\"@context\":\"https:\\\/\\\/schema.org\",\"@graph\":[{\"@type\":\"WebPage\",\"@id\":\"https:\\\/\\\/bewehrungen.ch\\\/fr\\\/histoire\\\/\",\"url\":\"https:\\\/\\\/bewehrungen.ch\\\/fr\\\/histoire\\\/\",\"name\":\"Historique - Bewehrungen\",\"isPartOf\":{\"@id\":\"https:\\\/\\\/bewehrungen.ch\\\/fr\\\/#website\"},\"primaryImageOfPage\":{\"@id\":\"https:\\\/\\\/bewehrungen.ch\\\/fr\\\/histoire\\\/#primaryimage\"},\"image\":{\"@id\":\"https:\\\/\\\/bewehrungen.ch\\\/fr\\\/histoire\\\/#primaryimage\"},\"thumbnailUrl\":\"https:\\\/\\\/bewehrungen-staging2.wp2.what-sites.digital\\\/wp-content\\\/uploads\\\/2025\\\/11\\\/umwelt-bewetec.jpg\",\"datePublished\":\"2025-11-23T10:25:48+00:00\",\"dateModified\":\"2026-01-28T10:39:37+00:00\",\"breadcrumb\":{\"@id\":\"https:\\\/\\\/bewehrungen.ch\\\/fr\\\/histoire\\\/#breadcrumb\"},\"inLanguage\":\"fr-FR\",\"potentialAction\":[{\"@type\":\"ReadAction\",\"target\":[\"https:\\\/\\\/bewehrungen.ch\\\/fr\\\/histoire\\\/\"]}]},{\"@type\":\"ImageObject\",\"inLanguage\":\"fr-FR\",\"@id\":\"https:\\\/\\\/bewehrungen.ch\\\/fr\\\/histoire\\\/#primaryimage\",\"url\":\"https:\\\/\\\/bewehrungen-staging2.wp2.what-sites.digital\\\/wp-content\\\/uploads\\\/2025\\\/11\\\/umwelt-bewetec.jpg\",\"contentUrl\":\"https:\\\/\\\/bewehrungen-staging2.wp2.what-sites.digital\\\/wp-content\\\/uploads\\\/2025\\\/11\\\/umwelt-bewetec.jpg\"},{\"@type\":\"BreadcrumbList\",\"@id\":\"https:\\\/\\\/bewehrungen.ch\\\/fr\\\/histoire\\\/#breadcrumb\",\"itemListElement\":[{\"@type\":\"ListItem\",\"position\":1,\"name\":\"Home\",\"item\":\"https:\\\/\\\/bewehrungen.ch\\\/fr\\\/\"},{\"@type\":\"ListItem\",\"position\":2,\"name\":\"Historique\"}]},{\"@type\":\"WebSite\",\"@id\":\"https:\\\/\\\/bewehrungen.ch\\\/fr\\\/#website\",\"url\":\"https:\\\/\\\/bewehrungen.ch\\\/fr\\\/\",\"name\":\"Bewehrungen\",\"description\":\"Just another WordPress site\",\"publisher\":{\"@id\":\"https:\\\/\\\/bewehrungen.ch\\\/fr\\\/#organization\"},\"potentialAction\":[{\"@type\":\"SearchAction\",\"target\":{\"@type\":\"EntryPoint\",\"urlTemplate\":\"https:\\\/\\\/bewehrungen.ch\\\/fr\\\/?s={search_term_string}\"},\"query-input\":{\"@type\":\"PropertyValueSpecification\",\"valueRequired\":true,\"valueName\":\"search_term_string\"}}],\"inLanguage\":\"fr-FR\"},{\"@type\":\"Organization\",\"@id\":\"https:\\\/\\\/bewehrungen.ch\\\/fr\\\/#organization\",\"name\":\"Bewehrungen\",\"url\":\"https:\\\/\\\/bewehrungen.ch\\\/fr\\\/\",\"logo\":{\"@type\":\"ImageObject\",\"inLanguage\":\"fr-FR\",\"@id\":\"https:\\\/\\\/bewehrungen.ch\\\/fr\\\/#\\\/schema\\\/logo\\\/image\\\/\",\"url\":\"https:\\\/\\\/bewehrungen.ch\\\/wp-content\\\/uploads\\\/2025\\\/12\\\/DE_DebrunnerBewetec_RGB.png\",\"contentUrl\":\"https:\\\/\\\/bewehrungen.ch\\\/wp-content\\\/uploads\\\/2025\\\/12\\\/DE_DebrunnerBewetec_RGB.png\",\"width\":2389,\"height\":542,\"caption\":\"Bewehrungen\"},\"image\":{\"@id\":\"https:\\\/\\\/bewehrungen.ch\\\/fr\\\/#\\\/schema\\\/logo\\\/image\\\/\"}}]}<\/script>\n<!-- \/ Yoast SEO plugin. -->","yoast_head_json":{"title":"Historique - Bewehrungen","robots":{"index":"index","follow":"follow","max-snippet":"max-snippet:-1","max-image-preview":"max-image-preview:large","max-video-preview":"max-video-preview:-1"},"canonical":"https:\/\/bewehrungen.ch\/fr\/histoire\/","og_locale":"fr_FR","og_type":"article","og_title":"Historique - Bewehrungen","og_description":"1999 &#8211; Cr\u00e9ation de l\u2019entreprise 2002 &#8211; Introduction du travail en \u00e9quipe Transformation compl\u00e8te de l&rsquo;atelier de fa\u00e7onnage d\u2019Heimberg. Doublement de la surface de production. 2003 &#8211; Construction d&rsquo;un nouvel entrep\u00f4t \u00e0 Heimberg. Doublement de la surface de stockage des treillis. 2007 &#8211; Construction d&rsquo;un nouvel atelier de cintrage \u00e0 Oberbipp BE, environ 100 collaborateurs. [&hellip;]","og_url":"https:\/\/bewehrungen.ch\/fr\/histoire\/","og_site_name":"Bewehrungen","article_modified_time":"2026-01-28T10:39:37+00:00","og_image":[{"url":"https:\/\/bewehrungen-staging2.wp2.what-sites.digital\/wp-content\/uploads\/2025\/11\/umwelt-bewetec.jpg","type":"","width":"","height":""}],"twitter_card":"summary_large_image","schema":{"@context":"https:\/\/schema.org","@graph":[{"@type":"WebPage","@id":"https:\/\/bewehrungen.ch\/fr\/histoire\/","url":"https:\/\/bewehrungen.ch\/fr\/histoire\/","name":"Historique - Bewehrungen","isPartOf":{"@id":"https:\/\/bewehrungen.ch\/fr\/#website"},"primaryImageOfPage":{"@id":"https:\/\/bewehrungen.ch\/fr\/histoire\/#primaryimage"},"image":{"@id":"https:\/\/bewehrungen.ch\/fr\/histoire\/#primaryimage"},"thumbnailUrl":"https:\/\/bewehrungen-staging2.wp2.what-sites.digital\/wp-content\/uploads\/2025\/11\/umwelt-bewetec.jpg","datePublished":"2025-11-23T10:25:48+00:00","dateModified":"2026-01-28T10:39:37+00:00","breadcrumb":{"@id":"https:\/\/bewehrungen.ch\/fr\/histoire\/#breadcrumb"},"inLanguage":"fr-FR","potentialAction":[{"@type":"ReadAction","target":["https:\/\/bewehrungen.ch\/fr\/histoire\/"]}]},{"@type":"ImageObject","inLanguage":"fr-FR","@id":"https:\/\/bewehrungen.ch\/fr\/histoire\/#primaryimage","url":"https:\/\/bewehrungen-staging2.wp2.what-sites.digital\/wp-content\/uploads\/2025\/11\/umwelt-bewetec.jpg","contentUrl":"https:\/\/bewehrungen-staging2.wp2.what-sites.digital\/wp-content\/uploads\/2025\/11\/umwelt-bewetec.jpg"},{"@type":"BreadcrumbList","@id":"https:\/\/bewehrungen.ch\/fr\/histoire\/#breadcrumb","itemListElement":[{"@type":"ListItem","position":1,"name":"Home","item":"https:\/\/bewehrungen.ch\/fr\/"},{"@type":"ListItem","position":2,"name":"Historique"}]},{"@type":"WebSite","@id":"https:\/\/bewehrungen.ch\/fr\/#website","url":"https:\/\/bewehrungen.ch\/fr\/","name":"Bewehrungen","description":"Just another WordPress site","publisher":{"@id":"https:\/\/bewehrungen.ch\/fr\/#organization"},"potentialAction":[{"@type":"SearchAction","target":{"@type":"EntryPoint","urlTemplate":"https:\/\/bewehrungen.ch\/fr\/?s={search_term_string}"},"query-input":{"@type":"PropertyValueSpecification","valueRequired":true,"valueName":"search_term_string"}}],"inLanguage":"fr-FR"},{"@type":"Organization","@id":"https:\/\/bewehrungen.ch\/fr\/#organization","name":"Bewehrungen","url":"https:\/\/bewehrungen.ch\/fr\/","logo":{"@type":"ImageObject","inLanguage":"fr-FR","@id":"https:\/\/bewehrungen.ch\/fr\/#\/schema\/logo\/image\/","url":"https:\/\/bewehrungen.ch\/wp-content\/uploads\/2025\/12\/DE_DebrunnerBewetec_RGB.png","contentUrl":"https:\/\/bewehrungen.ch\/wp-content\/uploads\/2025\/12\/DE_DebrunnerBewetec_RGB.png","width":2389,"height":542,"caption":"Bewehrungen"},"image":{"@id":"https:\/\/bewehrungen.ch\/fr\/#\/schema\/logo\/image\/"}}]}},"_links":{"self":[{"href":"https:\/\/bewehrungen.ch\/fr\/wp-json\/wp\/v2\/pages\/67833","targetHints":{"allow":["GET"]}}],"collection":[{"href":"https:\/\/bewehrungen.ch\/fr\/wp-json\/wp\/v2\/pages"}],"about":[{"href":"https:\/\/bewehrungen.ch\/fr\/wp-json\/wp\/v2\/types\/page"}],"author":[{"embeddable":true,"href":"https:\/\/bewehrungen.ch\/fr\/wp-json\/wp\/v2\/users\/10"}],"replies":[{"embeddable":true,"href":"https:\/\/bewehrungen.ch\/fr\/wp-json\/wp\/v2\/comments?post=67833"}],"version-history":[{"count":3,"href":"https:\/\/bewehrungen.ch\/fr\/wp-json\/wp\/v2\/pages\/67833\/revisions"}],"predecessor-version":[{"id":68111,"href":"https:\/\/bewehrungen.ch\/fr\/wp-json\/wp\/v2\/pages\/67833\/revisions\/68111"}],"wp:attachment":[{"href":"https:\/\/bewehrungen.ch\/fr\/wp-json\/wp\/v2\/media?parent=67833"}],"curies":[{"name":"wp","href":"https:\/\/api.w.org\/{rel}","templated":true}]}}