{"id":66730,"date":"2025-11-10T15:20:58","date_gmt":"2025-11-10T15:20:58","guid":{"rendered":"https:\/\/bewehrungen.ch\/services\/portail-client\/"},"modified":"2026-01-28T09:42:29","modified_gmt":"2026-01-28T09:42:29","slug":"portail-client","status":"publish","type":"page","link":"https:\/\/bewehrungen.ch\/fr\/services\/portail-client\/","title":{"rendered":"Portail clients"},"content":{"rendered":"\n      <div id=\"block_9b76287f68f03b2ed9ea99fd95990489\" class=\"deac-highlight-box mb-10 md:mb-19 lg:mb-28 alignwide l-block\"  >\n  \n  <div class=\"md:flow-root\">\n\t<div class=\"highlight-box-slider md:bg-faded-coils md:bg-cover md:mb-6 lg:mb-7 md:grid md:grid-cols-2 md:gap-6 lg:gap-16 xl:gap-24 md:min-h-136\">\n\t\t<div class=\"relative md:order-2 md:h-full  md:pr-6 lg:pr-9  md:py-0 \">\n\t\t\t\t\t\t\t\t\t\t<div class=\"left-0 right-0 -mx-4 md:absolute  md:top-0 md:h-full  border-b-6 md:border-0 border-primary h-72  sm:-mx-6 md:mx-0 overflow-hidden max-h-full\">\n\t\t\t\t\t<img loading=\"lazy\" decoding=\"async\" width=\"1024\" height=\"683\" src=\"https:\/\/bewehrungen.ch\/wp-content\/uploads\/2021\/06\/D-A_20210408-135246-1024x683.jpg\" class=\"block w-full h-full object-cover md:absolute\" alt=\"\" srcset=\"https:\/\/bewehrungen.ch\/wp-content\/uploads\/2021\/06\/D-A_20210408-135246-1024x683.jpg 1024w, https:\/\/bewehrungen.ch\/wp-content\/uploads\/2021\/06\/D-A_20210408-135246-300x200.jpg 300w, https:\/\/bewehrungen.ch\/wp-content\/uploads\/2021\/06\/D-A_20210408-135246-768x512.jpg 768w, https:\/\/bewehrungen.ch\/wp-content\/uploads\/2021\/06\/D-A_20210408-135246-1536x1025.jpg 1536w, https:\/\/bewehrungen.ch\/wp-content\/uploads\/2021\/06\/D-A_20210408-135246-2048x1366.jpg 2048w, https:\/\/bewehrungen.ch\/wp-content\/uploads\/2021\/06\/D-A_20210408-135246-436x291.jpg 436w, https:\/\/bewehrungen.ch\/wp-content\/uploads\/2021\/06\/D-A_20210408-135246-550x367.jpg 550w\" sizes=\"auto, (max-width: 1024px) 100vw, 1024px\" \/>\t\t\t\t\t\t\t\t\t<\/div>\n\t\t\t\t\t\t\t\t<\/div>\n\t\t<div class=\"relative py-6 bg-white md:order-1 md:bg-transparent sm:py-7 md:py-10 lg:py-14 md:px-6 lg:px-9\">\n\t\t\t<div class=\"absolute bottom-0 md:hidden -inset-x-4 sm:-inset-x-6 top-15 bg-gradient-to-b from-white to-gray-light\"><\/div>\n\t\t\t\t\t\t\t\t\t\t<div class=\"relative text-18 lg:text-32 leading-tight font-bold lg:font-semibold text-black mb-3.5 lg:mb-6\">\n\t\t\t\t\tCommandez vos produits via notre portail clients \t\t\t\t<\/div>\n\t\t\t\t\t\t\t\t\t\t<div class=\"relative text-primary lg:text-18 font-bold leading-snug mb-4.5 lg:mb-6\">\n\t\t\t\t\tVotre principal outil pour g\u00e9rer facilement les diff\u00e9rentes t\u00e2ches li\u00e9es au traitement des commandes.\t\t\t\t<\/div>\n\t\t\t\t\t\t\t\t\t\t<div class=\"relative text-black\">\n\t\t\t\t\t<p class=\"lg:mb-8\">Gr\u00e2ce au portail clients, vous \u00eates toujours \u00e0 jour. Vous pouvez y consulter et suivre les commandes, mais aussi \u00e9tablir vous-m\u00eame les d\u00e9comptes relatifs aux chantiers en cours. Tous les documents tels que les bulletins de livraison et les factures peuvent \u00eatre consult\u00e9s \u00e0 tout moment.<\/p>\n<p class=\"lg:mb-8\">Essayez-le !\u00a0 Pour vous enregistrer et acc\u00e9der au portail clients, adressez-vous \u00e0 votre conseiller de vente.<\/p>\n<p class=\"lg:mb-8\"><a href=\"https:\/\/bewehrungen.ch\/fr\/contact\/\">Trouvez votre conseiller de vente<\/a><\/p>\n<p class=\"lg:mb-8\"><a href=\"https:\/\/portal.bewehrungen.ch\/\" target=\"_blank\" rel=\"noopener\">Portail clients<\/a><\/p>\n\t\t\t\t<\/div>\n\t\t\t\t\t\t\t\t<\/div>\n\t<\/div>\n<\/div><\/div>\n\n\n      <div id=\"block_1840b960a934fbf97a1c76af23be6767\" class=\"deac-block-global-banner my-10 md:my-19 lg:my-28 alignwide l-block\"  >\n  \n  \n\t<div class=\"flex flex-col lg:flex-row items-start md:items-center justify-center sm:justify-between relative mb-9 md:mb-18 lg:mb-27 px-8 lg:px-0 py-5.5 lg:py-0 border-b-10 border-primary\">\n\n\t\t<div class=\"relative z-10 flex-1 w-full p-4 lg:w-1\/2 lg:px-8 lg:py-0 lg:max-w-1\/2\">\n\t\t\t\t\t\t\t<h2 class=\"text-32 text-white font-bold mb-2.5\">\n\t\t\t\t\tDes questions ?\t\t\t\t<\/h2>\n\t\t\t\t\t\t\t\t\t\t<div class=\"text-21 text-white leading-tight  border-l-10 border-primary pl-3 ml-0.5 mb-4.5 md:mb-2\">\n\t\t\t\t\tNotre <strong data-start=\"6\" data-end=\"26\">\u00e9quipe d\u2019experts<\/strong> se tient volontiers \u00e0 votre disposition.\n\t\t\t\t<\/div>\n\t\t\t\t\t\t<a href=\"https:\/\/bewehrungen.ch\/fr\/contact\/\" class=\"c-btn c-btn--primary c-btn--icon flex-shrink-0 relative mt-4\"  target=\"\" role=\"button\">Contact<\/a>\t\t<\/div>\n\n\t\t<img loading=\"lazy\" decoding=\"async\" width=\"1440\" height=\"515\" src=\"https:\/\/bewehrungen.ch\/wp-content\/uploads\/2025\/11\/business-man-engineer-desktop2.jpg\" class=\"max-w-1\/2 w-1\/2 flex-1 hidden lg:block  inset-0 h-full w-full object-cover relative z-10\" alt=\"\" srcset=\"https:\/\/bewehrungen.ch\/wp-content\/uploads\/2025\/11\/business-man-engineer-desktop2.jpg 1440w, https:\/\/bewehrungen.ch\/wp-content\/uploads\/2025\/11\/business-man-engineer-desktop2-300x107.jpg 300w, https:\/\/bewehrungen.ch\/wp-content\/uploads\/2025\/11\/business-man-engineer-desktop2-1024x366.jpg 1024w, https:\/\/bewehrungen.ch\/wp-content\/uploads\/2025\/11\/business-man-engineer-desktop2-768x275.jpg 768w, https:\/\/bewehrungen.ch\/wp-content\/uploads\/2025\/11\/business-man-engineer-desktop2-436x156.jpg 436w, https:\/\/bewehrungen.ch\/wp-content\/uploads\/2025\/11\/business-man-engineer-desktop2-550x197.jpg 550w\" sizes=\"auto, (max-width: 1440px) 100vw, 1440px\" \/><img loading=\"lazy\" decoding=\"async\" width=\"800\" height=\"420\" src=\"https:\/\/bewehrungen.ch\/wp-content\/uploads\/2025\/11\/business-man-engineer-mobile.jpg\" class=\"block lg:hidden absolute inset-0 h-full w-full object-cover\" alt=\"\" srcset=\"https:\/\/bewehrungen.ch\/wp-content\/uploads\/2025\/11\/business-man-engineer-mobile.jpg 800w, https:\/\/bewehrungen.ch\/wp-content\/uploads\/2025\/11\/business-man-engineer-mobile-300x158.jpg 300w, https:\/\/bewehrungen.ch\/wp-content\/uploads\/2025\/11\/business-man-engineer-mobile-768x403.jpg 768w, https:\/\/bewehrungen.ch\/wp-content\/uploads\/2025\/11\/business-man-engineer-mobile-436x229.jpg 436w, https:\/\/bewehrungen.ch\/wp-content\/uploads\/2025\/11\/business-man-engineer-mobile-550x289.jpg 550w\" sizes=\"auto, (max-width: 800px) 100vw, 800px\" \/>\t\t<div class=\"absolute inset-y-0 z-0 hidden bg-left bg-no-repeat bg-cover lg:block left-7 bg-logo-cover opacity-60 w-120\"><\/div>\n\t\t<div class=\"absolute inset-0 z-0 bg-gray-shuttle bg-opacity-80\"><\/div>\n\n\t<\/div>\n<\/div>","protected":false},"excerpt":{"rendered":"","protected":false},"author":10,"featured_media":0,"parent":66645,"menu_order":0,"comment_status":"closed","ping_status":"closed","template":"","meta":{"_acf_changed":false,"footnotes":""},"class_list":["post-66730","page","type-page","status-publish",""],"acf":[],"yoast_head":"<!-- This site is optimized with the Yoast SEO plugin v27.3 - https:\/\/yoast.com\/product\/yoast-seo-wordpress\/ -->\n<title>Armatures \u2013 Portail client | Debrunner Acifer Armatures<\/title>\n<meta name=\"description\" content=\"Chez Debrunner Acifer, commandez facilement vos marchandises via le portail client. Tous les documents, tels que les bons de livraison et les factures, sont accessibles \u00e0 tout moment.\" \/>\n<meta name=\"robots\" content=\"index, follow, max-snippet:-1, max-image-preview:large, max-video-preview:-1\" \/>\n<link rel=\"canonical\" href=\"https:\/\/bewehrungen.ch\/fr\/services\/portail-client\/\" \/>\n<meta property=\"og:locale\" content=\"fr_FR\" \/>\n<meta property=\"og:type\" content=\"article\" \/>\n<meta property=\"og:title\" content=\"Armatures \u2013 Portail client | Debrunner Acifer Armatures\" \/>\n<meta property=\"og:description\" content=\"Chez Debrunner Acifer, commandez facilement vos marchandises via le portail client. Tous les documents, tels que les bons de livraison et les factures, sont accessibles \u00e0 tout moment.\" \/>\n<meta property=\"og:url\" content=\"https:\/\/bewehrungen.ch\/fr\/services\/portail-client\/\" \/>\n<meta property=\"og:site_name\" content=\"Bewehrungen\" \/>\n<meta property=\"article:modified_time\" content=\"2026-01-28T09:42:29+00:00\" \/>\n<meta name=\"twitter:card\" content=\"summary_large_image\" \/>\n<script type=\"application\/ld+json\" class=\"yoast-schema-graph\">{\"@context\":\"https:\\\/\\\/schema.org\",\"@graph\":[{\"@type\":\"WebPage\",\"@id\":\"https:\\\/\\\/bewehrungen.ch\\\/fr\\\/services\\\/portail-client\\\/\",\"url\":\"https:\\\/\\\/bewehrungen.ch\\\/fr\\\/services\\\/portail-client\\\/\",\"name\":\"Armatures \u2013 Portail client | Debrunner Acifer Armatures\",\"isPartOf\":{\"@id\":\"https:\\\/\\\/bewehrungen.ch\\\/fr\\\/#website\"},\"datePublished\":\"2025-11-10T15:20:58+00:00\",\"dateModified\":\"2026-01-28T09:42:29+00:00\",\"description\":\"Chez Debrunner Acifer, commandez facilement vos marchandises via le portail client. Tous les documents, tels que les bons de livraison et les factures, sont accessibles \u00e0 tout moment.\",\"breadcrumb\":{\"@id\":\"https:\\\/\\\/bewehrungen.ch\\\/fr\\\/services\\\/portail-client\\\/#breadcrumb\"},\"inLanguage\":\"fr-FR\",\"potentialAction\":[{\"@type\":\"ReadAction\",\"target\":[\"https:\\\/\\\/bewehrungen.ch\\\/fr\\\/services\\\/portail-client\\\/\"]}]},{\"@type\":\"BreadcrumbList\",\"@id\":\"https:\\\/\\\/bewehrungen.ch\\\/fr\\\/services\\\/portail-client\\\/#breadcrumb\",\"itemListElement\":[{\"@type\":\"ListItem\",\"position\":1,\"name\":\"Home\",\"item\":\"https:\\\/\\\/bewehrungen.ch\\\/fr\\\/\"},{\"@type\":\"ListItem\",\"position\":2,\"name\":\"Services\",\"item\":\"https:\\\/\\\/bewehrungen.ch\\\/fr\\\/services\\\/\"},{\"@type\":\"ListItem\",\"position\":3,\"name\":\"Portail clients\"}]},{\"@type\":\"WebSite\",\"@id\":\"https:\\\/\\\/bewehrungen.ch\\\/fr\\\/#website\",\"url\":\"https:\\\/\\\/bewehrungen.ch\\\/fr\\\/\",\"name\":\"Bewehrungen\",\"description\":\"Just another WordPress site\",\"publisher\":{\"@id\":\"https:\\\/\\\/bewehrungen.ch\\\/fr\\\/#organization\"},\"potentialAction\":[{\"@type\":\"SearchAction\",\"target\":{\"@type\":\"EntryPoint\",\"urlTemplate\":\"https:\\\/\\\/bewehrungen.ch\\\/fr\\\/?s={search_term_string}\"},\"query-input\":{\"@type\":\"PropertyValueSpecification\",\"valueRequired\":true,\"valueName\":\"search_term_string\"}}],\"inLanguage\":\"fr-FR\"},{\"@type\":\"Organization\",\"@id\":\"https:\\\/\\\/bewehrungen.ch\\\/fr\\\/#organization\",\"name\":\"Bewehrungen\",\"url\":\"https:\\\/\\\/bewehrungen.ch\\\/fr\\\/\",\"logo\":{\"@type\":\"ImageObject\",\"inLanguage\":\"fr-FR\",\"@id\":\"https:\\\/\\\/bewehrungen.ch\\\/fr\\\/#\\\/schema\\\/logo\\\/image\\\/\",\"url\":\"https:\\\/\\\/bewehrungen.ch\\\/wp-content\\\/uploads\\\/2025\\\/12\\\/DE_DebrunnerBewetec_RGB.png\",\"contentUrl\":\"https:\\\/\\\/bewehrungen.ch\\\/wp-content\\\/uploads\\\/2025\\\/12\\\/DE_DebrunnerBewetec_RGB.png\",\"width\":2389,\"height\":542,\"caption\":\"Bewehrungen\"},\"image\":{\"@id\":\"https:\\\/\\\/bewehrungen.ch\\\/fr\\\/#\\\/schema\\\/logo\\\/image\\\/\"}}]}<\/script>\n<!-- \/ Yoast SEO plugin. -->","yoast_head_json":{"title":"Armatures \u2013 Portail client | Debrunner Acifer Armatures","description":"Chez Debrunner Acifer, commandez facilement vos marchandises via le portail client. Tous les documents, tels que les bons de livraison et les factures, sont accessibles \u00e0 tout moment.","robots":{"index":"index","follow":"follow","max-snippet":"max-snippet:-1","max-image-preview":"max-image-preview:large","max-video-preview":"max-video-preview:-1"},"canonical":"https:\/\/bewehrungen.ch\/fr\/services\/portail-client\/","og_locale":"fr_FR","og_type":"article","og_title":"Armatures \u2013 Portail client | Debrunner Acifer Armatures","og_description":"Chez Debrunner Acifer, commandez facilement vos marchandises via le portail client. Tous les documents, tels que les bons de livraison et les factures, sont accessibles \u00e0 tout moment.","og_url":"https:\/\/bewehrungen.ch\/fr\/services\/portail-client\/","og_site_name":"Bewehrungen","article_modified_time":"2026-01-28T09:42:29+00:00","twitter_card":"summary_large_image","schema":{"@context":"https:\/\/schema.org","@graph":[{"@type":"WebPage","@id":"https:\/\/bewehrungen.ch\/fr\/services\/portail-client\/","url":"https:\/\/bewehrungen.ch\/fr\/services\/portail-client\/","name":"Armatures \u2013 Portail client | Debrunner Acifer Armatures","isPartOf":{"@id":"https:\/\/bewehrungen.ch\/fr\/#website"},"datePublished":"2025-11-10T15:20:58+00:00","dateModified":"2026-01-28T09:42:29+00:00","description":"Chez Debrunner Acifer, commandez facilement vos marchandises via le portail client. Tous les documents, tels que les bons de livraison et les factures, sont accessibles \u00e0 tout moment.","breadcrumb":{"@id":"https:\/\/bewehrungen.ch\/fr\/services\/portail-client\/#breadcrumb"},"inLanguage":"fr-FR","potentialAction":[{"@type":"ReadAction","target":["https:\/\/bewehrungen.ch\/fr\/services\/portail-client\/"]}]},{"@type":"BreadcrumbList","@id":"https:\/\/bewehrungen.ch\/fr\/services\/portail-client\/#breadcrumb","itemListElement":[{"@type":"ListItem","position":1,"name":"Home","item":"https:\/\/bewehrungen.ch\/fr\/"},{"@type":"ListItem","position":2,"name":"Services","item":"https:\/\/bewehrungen.ch\/fr\/services\/"},{"@type":"ListItem","position":3,"name":"Portail clients"}]},{"@type":"WebSite","@id":"https:\/\/bewehrungen.ch\/fr\/#website","url":"https:\/\/bewehrungen.ch\/fr\/","name":"Bewehrungen","description":"Just another WordPress site","publisher":{"@id":"https:\/\/bewehrungen.ch\/fr\/#organization"},"potentialAction":[{"@type":"SearchAction","target":{"@type":"EntryPoint","urlTemplate":"https:\/\/bewehrungen.ch\/fr\/?s={search_term_string}"},"query-input":{"@type":"PropertyValueSpecification","valueRequired":true,"valueName":"search_term_string"}}],"inLanguage":"fr-FR"},{"@type":"Organization","@id":"https:\/\/bewehrungen.ch\/fr\/#organization","name":"Bewehrungen","url":"https:\/\/bewehrungen.ch\/fr\/","logo":{"@type":"ImageObject","inLanguage":"fr-FR","@id":"https:\/\/bewehrungen.ch\/fr\/#\/schema\/logo\/image\/","url":"https:\/\/bewehrungen.ch\/wp-content\/uploads\/2025\/12\/DE_DebrunnerBewetec_RGB.png","contentUrl":"https:\/\/bewehrungen.ch\/wp-content\/uploads\/2025\/12\/DE_DebrunnerBewetec_RGB.png","width":2389,"height":542,"caption":"Bewehrungen"},"image":{"@id":"https:\/\/bewehrungen.ch\/fr\/#\/schema\/logo\/image\/"}}]}},"_links":{"self":[{"href":"https:\/\/bewehrungen.ch\/fr\/wp-json\/wp\/v2\/pages\/66730","targetHints":{"allow":["GET"]}}],"collection":[{"href":"https:\/\/bewehrungen.ch\/fr\/wp-json\/wp\/v2\/pages"}],"about":[{"href":"https:\/\/bewehrungen.ch\/fr\/wp-json\/wp\/v2\/types\/page"}],"author":[{"embeddable":true,"href":"https:\/\/bewehrungen.ch\/fr\/wp-json\/wp\/v2\/users\/10"}],"replies":[{"embeddable":true,"href":"https:\/\/bewehrungen.ch\/fr\/wp-json\/wp\/v2\/comments?post=66730"}],"version-history":[{"count":3,"href":"https:\/\/bewehrungen.ch\/fr\/wp-json\/wp\/v2\/pages\/66730\/revisions"}],"predecessor-version":[{"id":68087,"href":"https:\/\/bewehrungen.ch\/fr\/wp-json\/wp\/v2\/pages\/66730\/revisions\/68087"}],"up":[{"embeddable":true,"href":"https:\/\/bewehrungen.ch\/fr\/wp-json\/wp\/v2\/pages\/66645"}],"wp:attachment":[{"href":"https:\/\/bewehrungen.ch\/fr\/wp-json\/wp\/v2\/media?parent=66730"}],"curies":[{"name":"wp","href":"https:\/\/api.w.org\/{rel}","templated":true}]}}