{"id":66713,"date":"2025-11-10T15:20:27","date_gmt":"2025-11-10T15:20:27","guid":{"rendered":"https:\/\/bewehrungen.ch\/services\/livraisons-express-subito\/"},"modified":"2026-01-28T09:54:02","modified_gmt":"2026-01-28T09:54:02","slug":"livraisons-express-subito","status":"publish","type":"page","link":"https:\/\/bewehrungen.ch\/fr\/services\/livraisons-express-subito\/","title":{"rendered":"Livraisons express (SUBITO)"},"content":{"rendered":"\n      <h1 id=\"block_f8f51b76414217c4cb30ee6f1d7cd421\" class=\"c-title mt-0 mb-6 lg:mb-17 alignwidetext-left l-block\"  >\n  \n  Livraisons express (SUBITO)<\/h1><style>@media (min-width: 768px) { #block_f8f51b76414217c4cb30ee6f1d7cd421 { margin-bottom: 36px;  }} @media (min-width: 1024px) { #block_f8f51b76414217c4cb30ee6f1d7cd421 { margin-bottom: 48px;  }} <\/style>\n\n\n      <div id=\"block_3e26b2e934568c5602cf518dab386069\" class=\"deac-highlight-box mb-10 md:mb-19 lg:mb-28 alignwide l-block\"  >\n  \n  <div class=\"md:flow-root\">\n\t<div class=\"highlight-box-slider md:bg-faded-coils md:bg-cover md:mb-6 lg:mb-7 md:grid md:grid-cols-2 md:gap-6 lg:gap-16 xl:gap-24 md:min-h-136\">\n\t\t<div class=\"relative md:order-2 md:h-full  md:pr-6 lg:pr-9  md:py-0 \">\n\t\t\t\t\t\t\t\t\t\t<div class=\"left-0 right-0 -mx-4 md:absolute  md:top-0 md:h-full  border-b-6 md:border-0 border-primary h-72  sm:-mx-6 md:mx-0 overflow-hidden max-h-full\">\n\t\t\t\t\t<img loading=\"lazy\" decoding=\"async\" width=\"1024\" height=\"862\" src=\"https:\/\/bewehrungen.ch\/wp-content\/uploads\/2021\/06\/D-A_20210410-162945-scaled-e1623251095369-1024x862.jpg\" class=\"block w-full h-full object-cover md:absolute\" alt=\"\" srcset=\"https:\/\/bewehrungen.ch\/wp-content\/uploads\/2021\/06\/D-A_20210410-162945-scaled-e1623251095369-1024x862.jpg 1024w, https:\/\/bewehrungen.ch\/wp-content\/uploads\/2021\/06\/D-A_20210410-162945-scaled-e1623251095369-300x253.jpg 300w, https:\/\/bewehrungen.ch\/wp-content\/uploads\/2021\/06\/D-A_20210410-162945-scaled-e1623251095369-768x647.jpg 768w, https:\/\/bewehrungen.ch\/wp-content\/uploads\/2021\/06\/D-A_20210410-162945-scaled-e1623251095369-1536x1293.jpg 1536w, https:\/\/bewehrungen.ch\/wp-content\/uploads\/2021\/06\/D-A_20210410-162945-scaled-e1623251095369-436x367.jpg 436w, https:\/\/bewehrungen.ch\/wp-content\/uploads\/2021\/06\/D-A_20210410-162945-scaled-e1623251095369-550x463.jpg 550w, https:\/\/bewehrungen.ch\/wp-content\/uploads\/2021\/06\/D-A_20210410-162945-scaled-e1623251095369.jpg 1663w\" sizes=\"auto, (max-width: 1024px) 100vw, 1024px\" \/>\t\t\t\t\t\t\t\t\t<\/div>\n\t\t\t\t\t\t\t\t<\/div>\n\t\t<div class=\"relative py-6 bg-white md:order-1 md:bg-transparent sm:py-7 md:py-10 lg:py-14 md:px-6 lg:px-9\">\n\t\t\t<div class=\"absolute bottom-0 md:hidden -inset-x-4 sm:-inset-x-6 top-15 bg-gradient-to-b from-white to-gray-light\"><\/div>\n\t\t\t\t\t\t\t\t\t\t<div class=\"relative text-18 lg:text-32 leading-tight font-bold lg:font-semibold text-black mb-3.5 lg:mb-6\">\n\t\t\t\t\tLivraisons express en 1 \u00e0 2 jours ouvrables : SUBITO et SUBITO LIGHT\t\t\t\t<\/div>\n\t\t\t\t\t\t\t\t\t\t<div class=\"relative text-primary lg:text-18 font-bold leading-snug mb-4.5 lg:mb-6\">\n\t\t\t\t\tAvec SUBITO et SUBITO LIGHT, profitez d\u00e8s maintenant de livraisons express.\t\t\t\t<\/div>\n\t\t\t\t\t\t\t\t\t\t<div class=\"relative text-black\">\n\t\t\t\t\t<p class=\"lg:mb-8\">Avec SUBITO et SUBITO LIGHT, nous sommes \u00e0 pr\u00e9sent en mesure de garantir la livraison d\u2019acier d\u2019armature (maximum 3 tonnes par chantier et par jour) 1 \u00e0 2 jours apr\u00e8s r\u00e9ception de la liste de fers.<\/p>\n\t\t\t\t<\/div>\n\t\t\t\t\t\t\t\t<\/div>\n\t<\/div>\n<\/div><\/div>\n\n\n      <div id=\"block_f60835fda2439cfbfa85c9e9be7c8112\" class=\"deac-block-images-text mb-10 md:mb-19 lg:mb-28 alignwide l-block\"  >\n  \n  <div class=\"md:grid md:grid-cols-2 md:gap-6 lg:gap-16 xl:gap-24\">\n\t<div class=\"mb-6 md:mb-0  order-2\">\n\t\t\n\n<h2 class=\"wp-block-heading has-heading-4-font-size\">Veuillez noter :<\/h2>\n\n\n\n<ul class=\"wp-block-list\">\n<li><strong>SUBITO LIGHT <\/strong>et <strong>SUBITO<\/strong> autorisent des commandes de max. 3 tonnes par chantier et par jour.<\/li>\n\n\n\n<li>Le poids de commande et les d\u00e9lais doivent \u00eatre respect\u00e9s. \u00c0 d\u00e9faut, la garantie de livraison ne s\u2019applique pas.<\/li>\n\n\n\n<li>Les livraisons s\u2019effectuent toujours dans la journ\u00e9e.<\/li>\n\n\n\n<li>D\u2019autres facteurs (par ex. d\u00e9faillance de machine, probl\u00e8mes de production ou influences ext\u00e9rieures) sont exclus.<\/li>\n<\/ul>\n\n\n\n<h2 class=\"wp-block-heading has-heading-4-font-size\">Voici comment cela fonctionne :<\/h2>\n\n\n\n<ul class=\"wp-block-list\">\n<li>R\u00e9servez la capacit\u00e9 de production avec <strong>SUBITO <\/strong>ou <strong>SUBITO LIGHT<\/strong> par e-mail \u00e0 <a href=\"mailto:sales@bewehrungen.ch\">sales@armatures.ch<\/a> en indiquant le chantier, la partie d\u2019ouvrage et le poids.<\/li>\n<\/ul>\n\n\t<\/div>\n\t\t\t<div>\n\t\t\t<div class=\" md:sticky md:top-6\">\n\t\t\t\t\t\t\t\t\t<div class=\"mb-5 md:mb-8 lg:mb-13 last:mb-0\">\n\t\t\t\t\t\t<img loading=\"lazy\" decoding=\"async\" width=\"1269\" height=\"336\" src=\"https:\/\/bewehrungen.ch\/wp-content\/uploads\/2022\/03\/SUBITO-Beispiel.png\" class=\"\" alt=\"\" srcset=\"https:\/\/bewehrungen.ch\/wp-content\/uploads\/2022\/03\/SUBITO-Beispiel.png 1269w, https:\/\/bewehrungen.ch\/wp-content\/uploads\/2022\/03\/SUBITO-Beispiel-300x79.png 300w, https:\/\/bewehrungen.ch\/wp-content\/uploads\/2022\/03\/SUBITO-Beispiel-1024x271.png 1024w, https:\/\/bewehrungen.ch\/wp-content\/uploads\/2022\/03\/SUBITO-Beispiel-768x203.png 768w, https:\/\/bewehrungen.ch\/wp-content\/uploads\/2022\/03\/SUBITO-Beispiel-436x115.png 436w, https:\/\/bewehrungen.ch\/wp-content\/uploads\/2022\/03\/SUBITO-Beispiel-550x146.png 550w\" sizes=\"auto, (max-width: 1269px) 100vw, 1269px\" \/>\t\t\t\t\t\t\t\t\t\t\t\t\t<div class=\"text-15 mt-4.5\">\n\t\t\t\t\t\t\t\t<p>Exemple des d\u00e9lais de commande et de livraison avec SUBITO ou SUBITO LIGHT<\/p>\n\t\t\t\t\t\t\t<\/div>\n\t\t\t\t\t\t\t\t\t\t\t<\/div>\n\t\t\t\t\t\t\t\t\t<div class=\"mb-5 md:mb-8 lg:mb-13 last:mb-0\">\n\t\t\t\t\t\t<img loading=\"lazy\" decoding=\"async\" width=\"1793\" height=\"547\" src=\"https:\/\/bewehrungen.ch\/wp-content\/uploads\/2024\/11\/subito-bewehrungen-1.png\" class=\"\" alt=\"\" srcset=\"https:\/\/bewehrungen.ch\/wp-content\/uploads\/2024\/11\/subito-bewehrungen-1.png 1793w, https:\/\/bewehrungen.ch\/wp-content\/uploads\/2024\/11\/subito-bewehrungen-1-300x92.png 300w, https:\/\/bewehrungen.ch\/wp-content\/uploads\/2024\/11\/subito-bewehrungen-1-1024x312.png 1024w, https:\/\/bewehrungen.ch\/wp-content\/uploads\/2024\/11\/subito-bewehrungen-1-768x234.png 768w, https:\/\/bewehrungen.ch\/wp-content\/uploads\/2024\/11\/subito-bewehrungen-1-1536x469.png 1536w, https:\/\/bewehrungen.ch\/wp-content\/uploads\/2024\/11\/subito-bewehrungen-1-436x133.png 436w, https:\/\/bewehrungen.ch\/wp-content\/uploads\/2024\/11\/subito-bewehrungen-1-550x168.png 550w\" sizes=\"auto, (max-width: 1793px) 100vw, 1793px\" \/>\t\t\t\t\t\t\t\t\t\t\t\t\t<div class=\"text-15 mt-4.5\">\n\t\t\t\t\t\t\t\t<p>*La r\u00e9servation est d\u00e9finitive et ne peut pas \u00eatre report\u00e9e.<\/p>\n\t\t\t\t\t\t\t<\/div>\n\t\t\t\t\t\t\t\t\t\t\t<\/div>\n\t\t\t\t\t\t\t<\/div>\n\t\t<\/div>\n\t<\/div>\n<\/div>\n\n\n      <div id=\"block_5f4c6bf449bee4c0977bcb593a2fc232\" class=\"deac-block-global-banner my-10 md:my-19 lg:my-28 alignwide l-block\"  >\n  \n  \n\t<div class=\"flex flex-col lg:flex-row items-start md:items-center justify-center sm:justify-between relative mb-9 md:mb-18 lg:mb-27 px-8 lg:px-0 py-5.5 lg:py-0 border-b-10 border-primary\">\n\n\t\t<div class=\"relative z-10 flex-1 w-full p-4 lg:w-1\/2 lg:px-8 lg:py-0 lg:max-w-1\/2\">\n\t\t\t\t\t\t\t<h2 class=\"text-32 text-white font-bold mb-2.5\">\n\t\t\t\t\tDes questions ?\t\t\t\t<\/h2>\n\t\t\t\t\t\t\t\t\t\t<div class=\"text-21 text-white leading-tight  border-l-10 border-primary pl-3 ml-0.5 mb-4.5 md:mb-2\">\n\t\t\t\t\tNotre <strong data-start=\"6\" data-end=\"26\">\u00e9quipe d\u2019experts<\/strong> se tient volontiers \u00e0 votre disposition.\n\t\t\t\t<\/div>\n\t\t\t\t\t\t<a href=\"https:\/\/bewehrungen.ch\/fr\/contact\/\" class=\"c-btn c-btn--primary c-btn--icon flex-shrink-0 relative mt-4\"  target=\"\" role=\"button\">Contact<\/a>\t\t<\/div>\n\n\t\t<img loading=\"lazy\" decoding=\"async\" width=\"1440\" height=\"515\" src=\"https:\/\/bewehrungen.ch\/wp-content\/uploads\/2025\/11\/business-man-engineer-desktop2.jpg\" class=\"max-w-1\/2 w-1\/2 flex-1 hidden lg:block  inset-0 h-full w-full object-cover relative z-10\" alt=\"\" srcset=\"https:\/\/bewehrungen.ch\/wp-content\/uploads\/2025\/11\/business-man-engineer-desktop2.jpg 1440w, https:\/\/bewehrungen.ch\/wp-content\/uploads\/2025\/11\/business-man-engineer-desktop2-300x107.jpg 300w, https:\/\/bewehrungen.ch\/wp-content\/uploads\/2025\/11\/business-man-engineer-desktop2-1024x366.jpg 1024w, https:\/\/bewehrungen.ch\/wp-content\/uploads\/2025\/11\/business-man-engineer-desktop2-768x275.jpg 768w, https:\/\/bewehrungen.ch\/wp-content\/uploads\/2025\/11\/business-man-engineer-desktop2-436x156.jpg 436w, https:\/\/bewehrungen.ch\/wp-content\/uploads\/2025\/11\/business-man-engineer-desktop2-550x197.jpg 550w\" sizes=\"auto, (max-width: 1440px) 100vw, 1440px\" \/><img loading=\"lazy\" decoding=\"async\" width=\"800\" height=\"420\" src=\"https:\/\/bewehrungen.ch\/wp-content\/uploads\/2025\/11\/business-man-engineer-mobile.jpg\" class=\"block lg:hidden absolute inset-0 h-full w-full object-cover\" alt=\"\" srcset=\"https:\/\/bewehrungen.ch\/wp-content\/uploads\/2025\/11\/business-man-engineer-mobile.jpg 800w, https:\/\/bewehrungen.ch\/wp-content\/uploads\/2025\/11\/business-man-engineer-mobile-300x158.jpg 300w, https:\/\/bewehrungen.ch\/wp-content\/uploads\/2025\/11\/business-man-engineer-mobile-768x403.jpg 768w, https:\/\/bewehrungen.ch\/wp-content\/uploads\/2025\/11\/business-man-engineer-mobile-436x229.jpg 436w, https:\/\/bewehrungen.ch\/wp-content\/uploads\/2025\/11\/business-man-engineer-mobile-550x289.jpg 550w\" sizes=\"auto, (max-width: 800px) 100vw, 800px\" \/>\t\t<div class=\"absolute inset-y-0 z-0 hidden bg-left bg-no-repeat bg-cover lg:block left-7 bg-logo-cover opacity-60 w-120\"><\/div>\n\t\t<div class=\"absolute inset-0 z-0 bg-gray-shuttle bg-opacity-80\"><\/div>\n\n\t<\/div>\n<\/div>","protected":false},"excerpt":{"rendered":"","protected":false},"author":10,"featured_media":0,"parent":66645,"menu_order":0,"comment_status":"closed","ping_status":"closed","template":"","meta":{"_acf_changed":false,"footnotes":""},"class_list":["post-66713","page","type-page","status-publish",""],"acf":[],"yoast_head":"<!-- This site is optimized with the Yoast SEO plugin v27.3 - https:\/\/yoast.com\/product\/yoast-seo-wordpress\/ -->\n<title>Armatures - Livraisons express | Debrunner Acifer Armatures<\/title>\n<meta name=\"description\" content=\"Pour les commandes jusqu\u2019\u00e0 3\u202ft\/jour, un d\u00e9lai de livraison de 1 \u00e0 2 jours ouvrables apr\u00e8s r\u00e9ception de la liste d\u2019acier est garanti ! Livraisons express par Debrunner Acifer Armatures.\" \/>\n<meta name=\"robots\" content=\"index, follow, max-snippet:-1, max-image-preview:large, max-video-preview:-1\" \/>\n<link rel=\"canonical\" href=\"https:\/\/bewehrungen.ch\/fr\/services\/livraisons-express-subito\/\" \/>\n<meta property=\"og:locale\" content=\"fr_FR\" \/>\n<meta property=\"og:type\" content=\"article\" \/>\n<meta property=\"og:title\" content=\"Armatures - Livraisons express | Debrunner Acifer Armatures\" \/>\n<meta property=\"og:description\" content=\"Pour les commandes jusqu\u2019\u00e0 3\u202ft\/jour, un d\u00e9lai de livraison de 1 \u00e0 2 jours ouvrables apr\u00e8s r\u00e9ception de la liste d\u2019acier est garanti ! Livraisons express par Debrunner Acifer Armatures.\" \/>\n<meta property=\"og:url\" content=\"https:\/\/bewehrungen.ch\/fr\/services\/livraisons-express-subito\/\" \/>\n<meta property=\"og:site_name\" content=\"Bewehrungen\" \/>\n<meta property=\"article:modified_time\" content=\"2026-01-28T09:54:02+00:00\" \/>\n<meta name=\"twitter:card\" content=\"summary_large_image\" \/>\n<script type=\"application\/ld+json\" class=\"yoast-schema-graph\">{\"@context\":\"https:\\\/\\\/schema.org\",\"@graph\":[{\"@type\":\"WebPage\",\"@id\":\"https:\\\/\\\/bewehrungen.ch\\\/fr\\\/services\\\/livraisons-express-subito\\\/\",\"url\":\"https:\\\/\\\/bewehrungen.ch\\\/fr\\\/services\\\/livraisons-express-subito\\\/\",\"name\":\"Armatures - Livraisons express | Debrunner Acifer Armatures\",\"isPartOf\":{\"@id\":\"https:\\\/\\\/bewehrungen.ch\\\/fr\\\/#website\"},\"datePublished\":\"2025-11-10T15:20:27+00:00\",\"dateModified\":\"2026-01-28T09:54:02+00:00\",\"description\":\"Pour les commandes jusqu\u2019\u00e0 3\u202ft\\\/jour, un d\u00e9lai de livraison de 1 \u00e0 2 jours ouvrables apr\u00e8s r\u00e9ception de la liste d\u2019acier est garanti ! Livraisons express par Debrunner Acifer Armatures.\",\"breadcrumb\":{\"@id\":\"https:\\\/\\\/bewehrungen.ch\\\/fr\\\/services\\\/livraisons-express-subito\\\/#breadcrumb\"},\"inLanguage\":\"fr-FR\",\"potentialAction\":[{\"@type\":\"ReadAction\",\"target\":[\"https:\\\/\\\/bewehrungen.ch\\\/fr\\\/services\\\/livraisons-express-subito\\\/\"]}]},{\"@type\":\"BreadcrumbList\",\"@id\":\"https:\\\/\\\/bewehrungen.ch\\\/fr\\\/services\\\/livraisons-express-subito\\\/#breadcrumb\",\"itemListElement\":[{\"@type\":\"ListItem\",\"position\":1,\"name\":\"Home\",\"item\":\"https:\\\/\\\/bewehrungen.ch\\\/fr\\\/\"},{\"@type\":\"ListItem\",\"position\":2,\"name\":\"Services\",\"item\":\"https:\\\/\\\/bewehrungen.ch\\\/fr\\\/services\\\/\"},{\"@type\":\"ListItem\",\"position\":3,\"name\":\"Livraisons express (SUBITO)\"}]},{\"@type\":\"WebSite\",\"@id\":\"https:\\\/\\\/bewehrungen.ch\\\/fr\\\/#website\",\"url\":\"https:\\\/\\\/bewehrungen.ch\\\/fr\\\/\",\"name\":\"Bewehrungen\",\"description\":\"Just another WordPress site\",\"publisher\":{\"@id\":\"https:\\\/\\\/bewehrungen.ch\\\/fr\\\/#organization\"},\"potentialAction\":[{\"@type\":\"SearchAction\",\"target\":{\"@type\":\"EntryPoint\",\"urlTemplate\":\"https:\\\/\\\/bewehrungen.ch\\\/fr\\\/?s={search_term_string}\"},\"query-input\":{\"@type\":\"PropertyValueSpecification\",\"valueRequired\":true,\"valueName\":\"search_term_string\"}}],\"inLanguage\":\"fr-FR\"},{\"@type\":\"Organization\",\"@id\":\"https:\\\/\\\/bewehrungen.ch\\\/fr\\\/#organization\",\"name\":\"Bewehrungen\",\"url\":\"https:\\\/\\\/bewehrungen.ch\\\/fr\\\/\",\"logo\":{\"@type\":\"ImageObject\",\"inLanguage\":\"fr-FR\",\"@id\":\"https:\\\/\\\/bewehrungen.ch\\\/fr\\\/#\\\/schema\\\/logo\\\/image\\\/\",\"url\":\"https:\\\/\\\/bewehrungen.ch\\\/wp-content\\\/uploads\\\/2025\\\/12\\\/DE_DebrunnerBewetec_RGB.png\",\"contentUrl\":\"https:\\\/\\\/bewehrungen.ch\\\/wp-content\\\/uploads\\\/2025\\\/12\\\/DE_DebrunnerBewetec_RGB.png\",\"width\":2389,\"height\":542,\"caption\":\"Bewehrungen\"},\"image\":{\"@id\":\"https:\\\/\\\/bewehrungen.ch\\\/fr\\\/#\\\/schema\\\/logo\\\/image\\\/\"}}]}<\/script>\n<!-- \/ Yoast SEO plugin. -->","yoast_head_json":{"title":"Armatures - Livraisons express | Debrunner Acifer Armatures","description":"Pour les commandes jusqu\u2019\u00e0 3\u202ft\/jour, un d\u00e9lai de livraison de 1 \u00e0 2 jours ouvrables apr\u00e8s r\u00e9ception de la liste d\u2019acier est garanti ! Livraisons express par Debrunner Acifer Armatures.","robots":{"index":"index","follow":"follow","max-snippet":"max-snippet:-1","max-image-preview":"max-image-preview:large","max-video-preview":"max-video-preview:-1"},"canonical":"https:\/\/bewehrungen.ch\/fr\/services\/livraisons-express-subito\/","og_locale":"fr_FR","og_type":"article","og_title":"Armatures - Livraisons express | Debrunner Acifer Armatures","og_description":"Pour les commandes jusqu\u2019\u00e0 3\u202ft\/jour, un d\u00e9lai de livraison de 1 \u00e0 2 jours ouvrables apr\u00e8s r\u00e9ception de la liste d\u2019acier est garanti ! Livraisons express par Debrunner Acifer Armatures.","og_url":"https:\/\/bewehrungen.ch\/fr\/services\/livraisons-express-subito\/","og_site_name":"Bewehrungen","article_modified_time":"2026-01-28T09:54:02+00:00","twitter_card":"summary_large_image","schema":{"@context":"https:\/\/schema.org","@graph":[{"@type":"WebPage","@id":"https:\/\/bewehrungen.ch\/fr\/services\/livraisons-express-subito\/","url":"https:\/\/bewehrungen.ch\/fr\/services\/livraisons-express-subito\/","name":"Armatures - Livraisons express | Debrunner Acifer Armatures","isPartOf":{"@id":"https:\/\/bewehrungen.ch\/fr\/#website"},"datePublished":"2025-11-10T15:20:27+00:00","dateModified":"2026-01-28T09:54:02+00:00","description":"Pour les commandes jusqu\u2019\u00e0 3\u202ft\/jour, un d\u00e9lai de livraison de 1 \u00e0 2 jours ouvrables apr\u00e8s r\u00e9ception de la liste d\u2019acier est garanti ! Livraisons express par Debrunner Acifer Armatures.","breadcrumb":{"@id":"https:\/\/bewehrungen.ch\/fr\/services\/livraisons-express-subito\/#breadcrumb"},"inLanguage":"fr-FR","potentialAction":[{"@type":"ReadAction","target":["https:\/\/bewehrungen.ch\/fr\/services\/livraisons-express-subito\/"]}]},{"@type":"BreadcrumbList","@id":"https:\/\/bewehrungen.ch\/fr\/services\/livraisons-express-subito\/#breadcrumb","itemListElement":[{"@type":"ListItem","position":1,"name":"Home","item":"https:\/\/bewehrungen.ch\/fr\/"},{"@type":"ListItem","position":2,"name":"Services","item":"https:\/\/bewehrungen.ch\/fr\/services\/"},{"@type":"ListItem","position":3,"name":"Livraisons express (SUBITO)"}]},{"@type":"WebSite","@id":"https:\/\/bewehrungen.ch\/fr\/#website","url":"https:\/\/bewehrungen.ch\/fr\/","name":"Bewehrungen","description":"Just another WordPress site","publisher":{"@id":"https:\/\/bewehrungen.ch\/fr\/#organization"},"potentialAction":[{"@type":"SearchAction","target":{"@type":"EntryPoint","urlTemplate":"https:\/\/bewehrungen.ch\/fr\/?s={search_term_string}"},"query-input":{"@type":"PropertyValueSpecification","valueRequired":true,"valueName":"search_term_string"}}],"inLanguage":"fr-FR"},{"@type":"Organization","@id":"https:\/\/bewehrungen.ch\/fr\/#organization","name":"Bewehrungen","url":"https:\/\/bewehrungen.ch\/fr\/","logo":{"@type":"ImageObject","inLanguage":"fr-FR","@id":"https:\/\/bewehrungen.ch\/fr\/#\/schema\/logo\/image\/","url":"https:\/\/bewehrungen.ch\/wp-content\/uploads\/2025\/12\/DE_DebrunnerBewetec_RGB.png","contentUrl":"https:\/\/bewehrungen.ch\/wp-content\/uploads\/2025\/12\/DE_DebrunnerBewetec_RGB.png","width":2389,"height":542,"caption":"Bewehrungen"},"image":{"@id":"https:\/\/bewehrungen.ch\/fr\/#\/schema\/logo\/image\/"}}]}},"_links":{"self":[{"href":"https:\/\/bewehrungen.ch\/fr\/wp-json\/wp\/v2\/pages\/66713","targetHints":{"allow":["GET"]}}],"collection":[{"href":"https:\/\/bewehrungen.ch\/fr\/wp-json\/wp\/v2\/pages"}],"about":[{"href":"https:\/\/bewehrungen.ch\/fr\/wp-json\/wp\/v2\/types\/page"}],"author":[{"embeddable":true,"href":"https:\/\/bewehrungen.ch\/fr\/wp-json\/wp\/v2\/users\/10"}],"replies":[{"embeddable":true,"href":"https:\/\/bewehrungen.ch\/fr\/wp-json\/wp\/v2\/comments?post=66713"}],"version-history":[{"count":2,"href":"https:\/\/bewehrungen.ch\/fr\/wp-json\/wp\/v2\/pages\/66713\/revisions"}],"predecessor-version":[{"id":68089,"href":"https:\/\/bewehrungen.ch\/fr\/wp-json\/wp\/v2\/pages\/66713\/revisions\/68089"}],"up":[{"embeddable":true,"href":"https:\/\/bewehrungen.ch\/fr\/wp-json\/wp\/v2\/pages\/66645"}],"wp:attachment":[{"href":"https:\/\/bewehrungen.ch\/fr\/wp-json\/wp\/v2\/media?parent=66713"}],"curies":[{"name":"wp","href":"https:\/\/api.w.org\/{rel}","templated":true}]}}