{"id":66690,"date":"2025-11-10T15:19:13","date_gmt":"2025-11-10T15:19:13","guid":{"rendered":"https:\/\/bewehrungen.ch\/pyrax-solutions-brevetees\/"},"modified":"2026-01-28T13:09:33","modified_gmt":"2026-01-28T13:09:33","slug":"pyrax-solutions-brevetees","status":"publish","type":"page","link":"https:\/\/bewehrungen.ch\/fr\/pyrax-solutions-brevetees\/","title":{"rendered":"PYRAX\u00ae Solutions brevet\u00e9es"},"content":{"rendered":"\n      <p id=\"block_fc708c0a078849f3f7e077d2918e21e8\" class=\"c-title mt-0 mb-6 lg:mb-17 alignwidetext-left l-block\"  >\n  \n  PYRAX\u00ae &#8211; Pour une capacit\u00e9 de reprise maximale des forces de cisaillement dans les joints en b\u00e9ton<\/p>\n\n\n      <div id=\"block_3889447a745cc57ffbd76adb75dcc261\" class=\"deac-highlight-box mb-10 md:mb-19 lg:mb-28 alignwide l-block\"  >\n  \n  <div class=\"md:flow-root\">\n\t<div class=\"highlight-box-slider md:bg-faded-coils md:bg-cover md:mb-6 lg:mb-7 md:grid md:grid-cols-2 md:gap-6 lg:gap-16 xl:gap-24 md:min-h-136\">\n\t\t<div class=\"relative md:order-2 md:h-full  md:pr-6 lg:pr-9  md:py-0 \">\n\t\t\t\t\t\t\t\t\t\t<div class=\"left-0 right-0 -mx-4 md:absolute  md:top-0 md:h-full  border-b-6 md:border-0 border-primary h-72  sm:-mx-6 md:mx-0 overflow-hidden max-h-full\">\n\t\t\t\t\t<img loading=\"lazy\" decoding=\"async\" width=\"1024\" height=\"838\" src=\"https:\/\/bewehrungen.ch\/wp-content\/uploads\/2023\/06\/PYRAX-Kampagne-Aendu_1.2-2-1024x838.jpg\" class=\"block w-full h-full object-cover md:absolute\" alt=\"\" srcset=\"https:\/\/bewehrungen.ch\/wp-content\/uploads\/2023\/06\/PYRAX-Kampagne-Aendu_1.2-2-1024x838.jpg 1024w, https:\/\/bewehrungen.ch\/wp-content\/uploads\/2023\/06\/PYRAX-Kampagne-Aendu_1.2-2-300x245.jpg 300w, https:\/\/bewehrungen.ch\/wp-content\/uploads\/2023\/06\/PYRAX-Kampagne-Aendu_1.2-2-768x628.jpg 768w, https:\/\/bewehrungen.ch\/wp-content\/uploads\/2023\/06\/PYRAX-Kampagne-Aendu_1.2-2-436x357.jpg 436w, https:\/\/bewehrungen.ch\/wp-content\/uploads\/2023\/06\/PYRAX-Kampagne-Aendu_1.2-2-550x450.jpg 550w, https:\/\/bewehrungen.ch\/wp-content\/uploads\/2023\/06\/PYRAX-Kampagne-Aendu_1.2-2.jpg 1238w\" sizes=\"auto, (max-width: 1024px) 100vw, 1024px\" \/>\t\t\t\t\t\t\t\t\t<\/div>\n\t\t\t\t\t\t\t\t<\/div>\n\t\t<div class=\"relative py-6 bg-white md:order-1 md:bg-transparent sm:py-7 md:py-10 lg:py-14 md:px-6 lg:px-9\">\n\t\t\t<div class=\"absolute bottom-0 md:hidden -inset-x-4 sm:-inset-x-6 top-15 bg-gradient-to-b from-white to-gray-light\"><\/div>\n\t\t\t\t\t\t\t\t\t\t<div class=\"relative text-18 lg:text-32 leading-tight font-bold lg:font-semibold text-black mb-3.5 lg:mb-6\">\n\t\t\t\t\tFacilitez-vous la vie\u2026\t\t\t\t<\/div>\n\t\t\t\t\t\t\t\t\t\t\t\t\t<div class=\"relative text-black\">\n\t\t\t\t\t<p class=\"lg:mb-8\">La t\u00f4le brevet\u00e9e PYRAX\u00ae avec sa structure pyramidale\u00a0 dispos\u00e9e en damier conf\u00e8re au joint une capacit\u00e9 de reprise maximale du cisaillement dans toutes les directions. En plus du sens de cisaillement principal, les efforts dans une direction secondaire sont \u00e9galement repris de mani\u00e8re fiable (s\u00e9isme, vent, pouss\u00e9e des terres). L&rsquo;utilisation de la t\u00f4le PYRAX\u00ae permet d&rsquo;augmenter l&rsquo;efficacit\u00e9 du montage en raison de la r\u00e9duction de la charge de travail.<\/p>\n<p class=\"lg:mb-8\">La t\u00f4le PYRAX\u00ae est polyvalente et constitue la base de quatre variantes de produits dans notre famille PYRAX\u00ae.<\/p>\n\t\t\t\t<\/div>\n\t\t\t\t\t\t\t\t<\/div>\n\t<\/div>\n<\/div><\/div>\n\n\n      <p id=\"block_23a592b3960e75151734f587e171ed47\" class=\"c-title mt-0 mb-6 lg:mb-17 alignwidetext-left l-block\"  >\n  \n  Vos avantages<\/p>\n\n\n<div class=\"wp-block-columns is-layout-flex wp-container-core-columns-is-layout-9d6595d7 wp-block-columns-is-layout-flex\">\n<div class=\"wp-block-column is-layout-flow wp-block-column-is-layout-flow\">\n<div class=\"wp-block-columns is-layout-flex wp-container-core-columns-is-layout-9d6595d7 wp-block-columns-is-layout-flex\">\n<div class=\"wp-block-column is-layout-flow wp-block-column-is-layout-flow\">\n<h3 class=\"wp-block-heading has-text-align-center\">Montage <br>efficient<\/h3>\n\n\n<div class=\"wp-block-image\">\n<figure class=\"aligncenter size-full\"><img loading=\"lazy\" decoding=\"async\" width=\"472\" height=\"472\" src=\"https:\/\/bewehrungen.ch\/wp-content\/uploads\/2023\/06\/DEKG-6932_Produktbroschuere_Bewehrungen_Icons_Effizient-removebg-preview.png\" alt=\"\" class=\"wp-image-35909\" srcset=\"https:\/\/bewehrungen.ch\/wp-content\/uploads\/2023\/06\/DEKG-6932_Produktbroschuere_Bewehrungen_Icons_Effizient-removebg-preview.png 472w, https:\/\/bewehrungen.ch\/wp-content\/uploads\/2023\/06\/DEKG-6932_Produktbroschuere_Bewehrungen_Icons_Effizient-removebg-preview-300x300.png 300w, https:\/\/bewehrungen.ch\/wp-content\/uploads\/2023\/06\/DEKG-6932_Produktbroschuere_Bewehrungen_Icons_Effizient-removebg-preview-150x150.png 150w, https:\/\/bewehrungen.ch\/wp-content\/uploads\/2023\/06\/DEKG-6932_Produktbroschuere_Bewehrungen_Icons_Effizient-removebg-preview-436x436.png 436w\" sizes=\"auto, (max-width: 472px) 100vw, 472px\" \/><\/figure>\n<\/div>\n\n\n<p><strong><mark style=\"background-color:rgba(0, 0, 0, 0)\" class=\"has-inline-color has-primary-color\">&#8211; <\/mark><\/strong>\u00c9vite le pon\u00e7age des joints de reprise<\/p>\n\n\n\n<p><strong><mark style=\"background-color:rgba(0, 0, 0, 0)\" class=\"has-inline-color has-primary-color\">&#8211;<\/mark> <\/strong>Pas de mandrins suppl\u00e9mentaires n\u00e9cessaires<\/p>\n\n\n\n<p><strong><mark style=\"background-color:rgba(0, 0, 0, 0)\" class=\"has-inline-color has-primary-color\">&#8211;<\/mark><\/strong> Pas de risque de confusion gr\u00e2ce \u00e0 une denture ind\u00e9pendante du sens de rotation<\/p>\n\n\n\n<p><strong><mark style=\"background-color:rgba(0, 0, 0, 0)\" class=\"has-inline-color has-primary-color\">&#8211;<\/mark><\/strong> D\u00e9coffrage efficient gr\u00e2ce au couvercle en plastique perfor\u00e9<\/p>\n<\/div>\n\n\n\n<div class=\"wp-block-column is-layout-flow wp-block-column-is-layout-flow\">\n<h3 class=\"wp-block-heading has-text-align-center\">Transmission maximale de la force<\/h3>\n\n\n<div class=\"wp-block-image\">\n<figure class=\"aligncenter size-full\"><img loading=\"lazy\" decoding=\"async\" width=\"472\" height=\"472\" src=\"https:\/\/bewehrungen.ch\/wp-content\/uploads\/2023\/06\/DEKG-6932_Produktbroschuere_Bewehrungen_Icons_Kraftuebertragung-removebg-preview.png\" alt=\"\" class=\"wp-image-35910\" srcset=\"https:\/\/bewehrungen.ch\/wp-content\/uploads\/2023\/06\/DEKG-6932_Produktbroschuere_Bewehrungen_Icons_Kraftuebertragung-removebg-preview.png 472w, https:\/\/bewehrungen.ch\/wp-content\/uploads\/2023\/06\/DEKG-6932_Produktbroschuere_Bewehrungen_Icons_Kraftuebertragung-removebg-preview-300x300.png 300w, https:\/\/bewehrungen.ch\/wp-content\/uploads\/2023\/06\/DEKG-6932_Produktbroschuere_Bewehrungen_Icons_Kraftuebertragung-removebg-preview-150x150.png 150w, https:\/\/bewehrungen.ch\/wp-content\/uploads\/2023\/06\/DEKG-6932_Produktbroschuere_Bewehrungen_Icons_Kraftuebertragung-removebg-preview-436x436.png 436w\" sizes=\"auto, (max-width: 472px) 100vw, 472px\" \/><\/figure>\n<\/div>\n\n\n<p><strong><mark style=\"background-color:rgba(0, 0, 0, 0)\" class=\"has-inline-color has-primary-color\">&#8211;<\/mark><\/strong> Fers de reprise avec les valeurs de r\u00e9sistance les plus \u00e9lev\u00e9es<\/p>\n\n\n\n<p><strong><mark style=\"background-color:rgba(0, 0, 0, 0)\" class=\"has-inline-color has-primary-color\">&#8211;<\/mark><\/strong> Joint de reprise dent\u00e9<\/p>\n\n\n\n<p><strong><mark style=\"background-color:rgba(0, 0, 0, 0)\" class=\"has-inline-color has-primary-color\">&#8211;<\/mark><\/strong> Reprise biaxiale du cisaillement, parall\u00e8lement et perpendiculairement au joint de reprise<\/p>\n\n\n\n<p><strong><mark style=\"background-color:rgba(0, 0, 0, 0)\" class=\"has-inline-color has-primary-color\">&#8211; <\/mark><\/strong>Transmission des forces de cisaillement conforme aux normes SIA<\/p>\n<\/div>\n<\/div>\n<\/div>\n\n\n\n<div class=\"wp-block-column is-layout-flow wp-block-column-is-layout-flow\">\n<div class=\"wp-block-columns is-layout-flex wp-container-core-columns-is-layout-9d6595d7 wp-block-columns-is-layout-flex\">\n<div class=\"wp-block-column is-layout-flow wp-block-column-is-layout-flow\">\n<h3 class=\"wp-block-heading has-text-align-center\">D\u00e9lais de livraison courts <br><\/h3>\n\n\n<div class=\"wp-block-image\">\n<figure class=\"aligncenter size-full\"><img loading=\"lazy\" decoding=\"async\" width=\"472\" height=\"472\" src=\"https:\/\/bewehrungen.ch\/wp-content\/uploads\/2023\/06\/DEKG-6932_Produktbroschuere_Bewehrungen_Icons_Swissmade-removebg-preview.png\" alt=\"\" class=\"wp-image-35911\" srcset=\"https:\/\/bewehrungen.ch\/wp-content\/uploads\/2023\/06\/DEKG-6932_Produktbroschuere_Bewehrungen_Icons_Swissmade-removebg-preview.png 472w, https:\/\/bewehrungen.ch\/wp-content\/uploads\/2023\/06\/DEKG-6932_Produktbroschuere_Bewehrungen_Icons_Swissmade-removebg-preview-300x300.png 300w, https:\/\/bewehrungen.ch\/wp-content\/uploads\/2023\/06\/DEKG-6932_Produktbroschuere_Bewehrungen_Icons_Swissmade-removebg-preview-150x150.png 150w, https:\/\/bewehrungen.ch\/wp-content\/uploads\/2023\/06\/DEKG-6932_Produktbroschuere_Bewehrungen_Icons_Swissmade-removebg-preview-436x436.png 436w\" sizes=\"auto, (max-width: 472px) 100vw, 472px\" \/><\/figure>\n<\/div>\n\n\n<p><strong><mark style=\"background-color:rgba(0, 0, 0, 0)\" class=\"has-inline-color has-primary-color\">&#8211;<\/mark><\/strong> Site de production suisse<\/p>\n\n\n\n<p><strong><mark style=\"background-color:rgba(0, 0, 0, 0)\" class=\"has-inline-color has-primary-color\">&#8211;<\/mark><\/strong> Disponibilit\u00e9 rapidet<\/p>\n\n\n\n<p><strong><mark style=\"background-color:rgba(0, 0, 0, 0)\" class=\"has-inline-color has-primary-color\">&#8211;<\/mark><\/strong> Disponibilit\u00e9 rapide, m\u00eame pour les types sp\u00e9ciaux<\/p>\n<\/div>\n\n\n\n<div class=\"wp-block-column is-layout-flow wp-block-column-is-layout-flow\">\n<h3 class=\"wp-block-heading has-text-align-center\">Champs d&rsquo;application larges <br><\/h3>\n\n\n<div class=\"wp-block-image\">\n<figure class=\"aligncenter size-full\"><img loading=\"lazy\" decoding=\"async\" width=\"472\" height=\"472\" src=\"https:\/\/bewehrungen.ch\/wp-content\/uploads\/2023\/06\/DEKG-6932_Produktbroschuere_Bewehrungen_Icons_Kundenspezifisch-removebg-preview.png\" alt=\"\" class=\"wp-image-35912\" srcset=\"https:\/\/bewehrungen.ch\/wp-content\/uploads\/2023\/06\/DEKG-6932_Produktbroschuere_Bewehrungen_Icons_Kundenspezifisch-removebg-preview.png 472w, https:\/\/bewehrungen.ch\/wp-content\/uploads\/2023\/06\/DEKG-6932_Produktbroschuere_Bewehrungen_Icons_Kundenspezifisch-removebg-preview-300x300.png 300w, https:\/\/bewehrungen.ch\/wp-content\/uploads\/2023\/06\/DEKG-6932_Produktbroschuere_Bewehrungen_Icons_Kundenspezifisch-removebg-preview-150x150.png 150w, https:\/\/bewehrungen.ch\/wp-content\/uploads\/2023\/06\/DEKG-6932_Produktbroschuere_Bewehrungen_Icons_Kundenspezifisch-removebg-preview-436x436.png 436w\" sizes=\"auto, (max-width: 472px) 100vw, 472px\" \/><\/figure>\n<\/div>\n\n\n<p><strong><mark style=\"background-color:rgba(0, 0, 0, 0)\" class=\"has-inline-color has-primary-color\">&#8211; <\/mark><\/strong>Utilisation \u00e0 la place d&rsquo;un coffrage classique avec armature traversante<\/p>\n\n\n\n<p><strong><mark style=\"background-color:rgba(0, 0, 0, 0)\" class=\"has-inline-color has-primary-color\">&#8211;<\/mark><\/strong> \u00c9tanche avec CEMflex VB\u00ae (en option)<\/p>\n\n\n\n<p><strong><mark style=\"background-color:rgba(0, 0, 0, 0)\" class=\"has-inline-color has-primary-color\">&#8211;<\/mark><\/strong> Utilisable pour diff\u00e9rentes hauteurs<\/p>\n\n\n\n<p><strong><mark style=\"background-color:rgba(0, 0, 0, 0)\" class=\"has-inline-color has-primary-color\">&#8211;<\/mark><\/strong> Utilisable, selon le produit, pour tous les diam\u00e8tres de barre<\/p>\n<\/div>\n<\/div>\n<\/div>\n<\/div>\n\n\n\n      <h1 id=\"block_7179576edd5949ccc681ce27ad8252b3\" class=\"c-title mt-0 mb-6 lg:mb-17 alignwidetext-left l-block\"  >\n  \n  Famille PYRAX\u00ae <\/h1>\n\n\n      <div id=\"https:\/\/bewehrungstechnik.ch\/\" class=\"deac-block-image-text mb-10 md:mb-19 lg:mb-28 alignwide l-block\"  >\n  \n  <div class=\"md:grid md:grid-cols-2 md:gap-6 lg:gap-16 xl:gap-24 space-y-6 md:space-y-0\">\n\t\t\t<div class=\"flex-1 md:order-last\">\n\t\t\t<img loading=\"lazy\" decoding=\"async\" width=\"970\" height=\"695\" src=\"https:\/\/bewehrungen.ch\/wp-content\/uploads\/2023\/06\/PYRATOP_DBW_coil-1.png\" class=\"w-full object-cover object-center h-72 md:h-80 lg:h-90\" alt=\"\" srcset=\"https:\/\/bewehrungen.ch\/wp-content\/uploads\/2023\/06\/PYRATOP_DBW_coil-1.png 970w, https:\/\/bewehrungen.ch\/wp-content\/uploads\/2023\/06\/PYRATOP_DBW_coil-1-300x215.png 300w, https:\/\/bewehrungen.ch\/wp-content\/uploads\/2023\/06\/PYRATOP_DBW_coil-1-768x550.png 768w, https:\/\/bewehrungen.ch\/wp-content\/uploads\/2023\/06\/PYRATOP_DBW_coil-1-436x312.png 436w, https:\/\/bewehrungen.ch\/wp-content\/uploads\/2023\/06\/PYRATOP_DBW_coil-1-550x394.png 550w\" sizes=\"auto, (max-width: 970px) 100vw, 970px\" \/>\t\t\t\t\t<\/div>\n\t\t<div class=\"flex-1 self-start\">\n\t\t\n\n<h3 class=\"wp-block-heading\"><mark style=\"background-color:rgba(0, 0, 0, 0)\" class=\"has-inline-color has-gray-dark-color\">PYRATOP<strong><sup>\u00ae<\/sup><\/strong> fers de reprise<\/mark><\/h3>\n\n\n\n<p><strong>Pour tous les joints de reprise sans travers\u00e9e de l&rsquo;armature dans les radiers et les dalles<\/strong> un coffrage facile, un cintrage facile, une efficacit\u00e9 maximale<\/p>\n\n\n\n<p><strong>Pour une transmission biaxiale \u00e9lev\u00e9e des forces de cisaillement entre les \u00e9l\u00e9ments de construction<\/strong><br>pas n\u00e9cessaire de rendre le joint de reprise rugueux<\/p>\n\n\n\n<p><strong>D\u00e9lai de livraison types standard :&nbsp; 2 jours ouvrables<\/strong><br>disponibilit\u00e9 rapide, \u00e9galement dans des dimensions sp\u00e9ciales, \u00e0 partir de notre site de production en Suisse<br><br><a href=\"https:\/\/bewehrungen.ch\/product\/bewehrungsanschluesse-pyratop\/\"><strong>En savoir plus sur PYRATOP<sup>\u00ae<\/sup>  <\/strong><\/a><\/p>\n\n\t<\/div>\n<\/div>\n<\/div>\n\n\n      <div id=\"block_dbeae70f71cccac2ca5c6c325d474878\" class=\"deac-block-image-text mb-10 md:mb-19 lg:mb-28 alignwide l-block\"  >\n  \n  <div class=\"md:grid md:grid-cols-2 md:gap-6 lg:gap-16 xl:gap-24 space-y-6 md:space-y-0\">\n\t\t\t<div class=\"flex-1 \">\n\t\t\t<img loading=\"lazy\" decoding=\"async\" width=\"970\" height=\"695\" src=\"https:\/\/bewehrungen.ch\/wp-content\/uploads\/2023\/06\/PYRABAR_DBW_coil-1.png\" class=\"w-full object-cover object-center h-72 md:h-80 lg:h-90\" alt=\"\" srcset=\"https:\/\/bewehrungen.ch\/wp-content\/uploads\/2023\/06\/PYRABAR_DBW_coil-1.png 970w, https:\/\/bewehrungen.ch\/wp-content\/uploads\/2023\/06\/PYRABAR_DBW_coil-1-300x215.png 300w, https:\/\/bewehrungen.ch\/wp-content\/uploads\/2023\/06\/PYRABAR_DBW_coil-1-768x550.png 768w, https:\/\/bewehrungen.ch\/wp-content\/uploads\/2023\/06\/PYRABAR_DBW_coil-1-436x312.png 436w, https:\/\/bewehrungen.ch\/wp-content\/uploads\/2023\/06\/PYRABAR_DBW_coil-1-550x394.png 550w\" sizes=\"auto, (max-width: 970px) 100vw, 970px\" \/>\t\t\t\t\t<\/div>\n\t\t<div class=\"flex-1 self-start\">\n\t\t\n\n<h3 class=\"wp-block-heading\"><mark style=\"background-color:rgba(0, 0, 0, 0)\" class=\"has-inline-color has-gray-dark-color\">PYRABAR<strong><sup>\u00ae<\/sup><\/strong> <strong>fers de reprise vissables<\/strong><\/mark><\/h3>\n\n\n\n<p><strong>Pour tous les joints de reprise sans sans travers\u00e9e de l&rsquo;armature dans les radiers et les dalles<\/strong><br>un coffrage facile, un cintrage facile, une efficacit\u00e9 maximale<\/p>\n\n\n\n<p><strong>Pour une transmission biaxiale \u00e9lev\u00e9e des forces de cisaillement entre les \u00e9l\u00e9ments de construction<\/strong><br>pas n\u00e9cessaire de rendre le joint de reprise rugueux, r\u00e9sistance maximale \u00e0 la traction et aux forces de cisaillement<\/p>\n\n\n\n<p><strong>D\u00e9lai de livraison types standard :&nbsp; 5 &#8211; 7 jours ouvrables<\/strong><br>disponibilit\u00e9 rapide, \u00e9galement dans des dimensions sp\u00e9ciales, \u00e0 partir de notre site de production en Suisse<br><br><strong><a href=\"https:\/\/bewehrungen.ch\/product\/schraubbare-bewehrungsanschluesse-pyrabar\/\">En savoir plus sur PYRABAR<sup>\u00ae<\/sup>  <\/a><\/strong><\/p>\n\n\t<\/div>\n<\/div>\n<\/div>\n\n\n      <div id=\"block_f6a54da17ecd1e44a18188d1e1122cff\" class=\"deac-block-image-text mb-10 md:mb-19 lg:mb-28 alignwide l-block\"  >\n  \n  <div class=\"md:grid md:grid-cols-2 md:gap-6 lg:gap-16 xl:gap-24 space-y-6 md:space-y-0\">\n\t\t\t<div class=\"flex-1 md:order-last\">\n\t\t\t<img loading=\"lazy\" decoding=\"async\" width=\"970\" height=\"695\" src=\"https:\/\/bewehrungen.ch\/wp-content\/uploads\/2023\/06\/PYRAPAN_DBW_coil.png\" class=\"w-full object-cover object-center h-72 md:h-80 lg:h-90\" alt=\"\" srcset=\"https:\/\/bewehrungen.ch\/wp-content\/uploads\/2023\/06\/PYRAPAN_DBW_coil.png 970w, https:\/\/bewehrungen.ch\/wp-content\/uploads\/2023\/06\/PYRAPAN_DBW_coil-300x215.png 300w, https:\/\/bewehrungen.ch\/wp-content\/uploads\/2023\/06\/PYRAPAN_DBW_coil-768x550.png 768w, https:\/\/bewehrungen.ch\/wp-content\/uploads\/2023\/06\/PYRAPAN_DBW_coil-436x312.png 436w, https:\/\/bewehrungen.ch\/wp-content\/uploads\/2023\/06\/PYRAPAN_DBW_coil-550x394.png 550w\" sizes=\"auto, (max-width: 970px) 100vw, 970px\" \/>\t\t\t\t\t<\/div>\n\t\t<div class=\"flex-1 self-start\">\n\t\t\n\n<h3 class=\"wp-block-heading\"><mark style=\"background-color:rgba(0, 0, 0, 0)\" class=\"has-inline-color has-gray-dark-color\">PYRAPAN<strong><sup>\u00ae<\/sup><\/strong> <strong>paniers d\u2019arr\u00eat de b\u00e9tonnage<\/strong><\/mark><\/h3>\n\n\n\n<p><strong>Pour tous les joints de reprise avec travers\u00e9e de l&rsquo;armature dans les radiers et les dalles<\/strong> Coffrage autostable, montage facile, efficacit\u00e9 maximale<\/p>\n\n\n\n<p><strong>Pour une transmission biaxiale \u00e9lev\u00e9e des forces de cisaillement entre les \u00e9l\u00e9ments de construction<\/strong><br>pas n\u00e9cessaire de rendre le joint de reprisel rugueux<\/p>\n\n\n\n<p><strong>Peut \u00e9galement \u00eatre utilis\u00e9 pour les joints de reprise \u00e9tanches \u00e0 l&rsquo;eau<\/strong><br>peut \u00eatre combin\u00e9 avec une t\u00f4le d&rsquo;\u00e9tanch\u00e9it\u00e9<\/p>\n\n\n\n<p><strong>D\u00e9lai de livraison types standard :\u00a0 4 &#8211; 5 jours ouvrables<\/strong><br>disponibilit\u00e9 rapide, \u00e9galement dans des dimensions sp\u00e9ciales, \u00e0 partir de notre site de production en Suisse<br><br><strong><a href=\"https:\/\/bewehrungen.ch\/product\/abschalkoerbe-pyrapan\/\">En savoir plus sur PYRAPAN<sup>\u00ae<\/sup>  <\/a><\/strong><\/p>\n\n\t<\/div>\n<\/div>\n<\/div>\n\n\n      <div id=\"block_99811e3deec7b6a5be5ef076705e0f17\" class=\"deac-block-image-text mb-10 md:mb-19 lg:mb-28 alignwide l-block\"  >\n  \n  <div class=\"md:grid md:grid-cols-2 md:gap-6 lg:gap-16 xl:gap-24 space-y-6 md:space-y-0\">\n\t\t\t<div class=\"flex-1 \">\n\t\t\t<img loading=\"lazy\" decoding=\"async\" width=\"970\" height=\"695\" src=\"https:\/\/bewehrungen.ch\/wp-content\/uploads\/2023\/06\/PYRAFLEX_DBW_coil.png\" class=\"w-full object-cover object-center h-72 md:h-80 lg:h-90\" alt=\"\" srcset=\"https:\/\/bewehrungen.ch\/wp-content\/uploads\/2023\/06\/PYRAFLEX_DBW_coil.png 970w, https:\/\/bewehrungen.ch\/wp-content\/uploads\/2023\/06\/PYRAFLEX_DBW_coil-300x215.png 300w, https:\/\/bewehrungen.ch\/wp-content\/uploads\/2023\/06\/PYRAFLEX_DBW_coil-768x550.png 768w, https:\/\/bewehrungen.ch\/wp-content\/uploads\/2023\/06\/PYRAFLEX_DBW_coil-436x312.png 436w, https:\/\/bewehrungen.ch\/wp-content\/uploads\/2023\/06\/PYRAFLEX_DBW_coil-550x394.png 550w\" sizes=\"auto, (max-width: 970px) 100vw, 970px\" \/>\t\t\t\t\t<\/div>\n\t\t<div class=\"flex-1 self-start\">\n\t\t\n\n<h3 class=\"wp-block-heading\"><mark style=\"background-color:rgba(0, 0, 0, 0)\" class=\"has-inline-color has-gray-dark-color\">PYRAFLEX<strong><sup>\u00ae<\/sup><\/strong> <strong>t\u00f4les d\u2019arr\u00eat de b\u00e9tonnage<\/strong><\/mark><\/h3>\n\n\n\n<p><strong>Pour tous les joints de reprise avec travers\u00e9e de l&rsquo;armature dans les radiers et les dalles<\/strong><br>Coffrage avec adaptation flexible de la hauteur, montage simple, efficacit\u00e9 maximale<\/p>\n\n\n\n<p><strong>Pour la transmission biaxiale des forces de cisaillement entre les \u00e9l\u00e9ments de construction<\/strong> pas besoin de rendre le joint de reprise rugueux<\/p>\n\n\n\n<p><\/p>\n\n\n\n<p><strong>Peut \u00e9galement \u00eatre utilis\u00e9 pour les joints de reprise \u00e9tanches \u00e0 l&rsquo;eau<\/strong><br>Peut \u00eatre combin\u00e9 avec une t\u00f4le d&rsquo;\u00e9tanch\u00e9it\u00e9<\/p>\n\n\n\n<p><strong>D\u00e9lais de livraison \u00a0: 2 jours ouvrables<\/strong><br>disponibilit\u00e9 rapide \u00e0 partir de notre site de production en Suisse<\/p>\n\n\n\n<p><br><strong><a href=\"https:\/\/bewehrungen.ch\/product\/abschalbleche-pyraflex\/\">En savoir plus sur PYRAFLEX<sup>\u00ae<\/sup>  <\/a><\/strong><\/p>\n\n\t<\/div>\n<\/div>\n<\/div>\n\n\n      <div id=\"block_4ac934f251f95820b80740240a1a5551\" class=\"deac-block-column-content-slider mb-10 md:mb-19 lg:mb-28 alignwide l-block\"  >\n  \n  <\/div>\n\n\n      <p id=\"block_64e6fe52d772862b2fca7c8c81a6319a\" class=\"c-title mt-0 mb-6 lg:mb-17 alignwidetext-left l-block\"  >\n  \n  Famille PYRAX\u00ae <\/p>\n\n\n<div class=\"wp-block-columns is-layout-flex wp-container-core-columns-is-layout-9d6595d7 wp-block-columns-is-layout-flex\">\n<div class=\"wp-block-column is-layout-flow wp-block-column-is-layout-flow\">\n<div class=\"wp-block-columns is-layout-flex wp-container-core-columns-is-layout-9d6595d7 wp-block-columns-is-layout-flex\">\n<div class=\"wp-block-column is-layout-flow wp-block-column-is-layout-flow\">\n<h2 class=\"wp-block-heading has-text-align-center\" id=\"pyarpan\">PYRATOP<sup>\u00ae<\/sup><\/h2>\n\n\n\n<figure class=\"wp-block-image size-large\"><a href=\"https:\/\/bewehrungstechnik.ch\/product\/bewehrungsanschluesse-pyratop\/\"><img decoding=\"async\" src=\"https:\/\/bewehrungstechnik.ch\/wp-content\/uploads\/2022\/02\/PYRATOP-Coil-768x1024.png\" alt=\"\" class=\"wp-image-5362\"\/><\/a><figcaption class=\"wp-element-caption\">Fers de reprise avec absorption \u00e9lev\u00e9e des forces de cisaillement pour les joints de reprise sans travers\u00e9e de l&rsquo;armature.<\/figcaption><\/figure>\n<\/div>\n\n\n\n<div class=\"wp-block-column is-layout-flow wp-block-column-is-layout-flow\">\n<h2 class=\"wp-block-heading has-text-align-center\" id=\"pyrabar\">PYRABAR<sup>\u00ae<\/sup><\/h2>\n\n\n\n<figure class=\"wp-block-image size-large\"><a href=\"https:\/\/bewehrungstechnik.ch\/product\/schraubbare-bewehrungsanschluesse-pyrabar\/\"><img decoding=\"async\" src=\"https:\/\/bewehrungstechnik.ch\/wp-content\/uploads\/2022\/02\/PYRABAR-Coil-768x1024.png\" alt=\"\" class=\"wp-image-5364\"\/><\/a><figcaption class=\"wp-element-caption\">Fers de reprise vissables pour une absorption \u00e9lev\u00e9e des forces de cisaillement avec les raccords viss\u00e9s BARTEC\u00ae \u00e9prouv\u00e9s.<\/figcaption><\/figure>\n<\/div>\n<\/div>\n<\/div>\n\n\n\n<div class=\"wp-block-column is-layout-flow wp-block-column-is-layout-flow\">\n<div class=\"wp-block-columns is-layout-flex wp-container-core-columns-is-layout-9d6595d7 wp-block-columns-is-layout-flex\">\n<div class=\"wp-block-column is-layout-flow wp-block-column-is-layout-flow\">\n<h2 class=\"wp-block-heading has-text-align-center\" id=\"pyrapan\">PYRAPAN<sup>\u00ae<\/sup><\/h2>\n\n\n\n<figure class=\"wp-block-image size-large\"><a href=\"https:\/\/bewehrungstechnik.ch\/product\/abschalkoerbe-pyrapan\/\"><img decoding=\"async\" src=\"https:\/\/bewehrungstechnik.ch\/wp-content\/uploads\/2022\/02\/PYRAPAN-Coil-768x1024.png\" alt=\"\" class=\"wp-image-5366\"\/><\/a><figcaption class=\"wp-element-caption\">Syst\u00e8me de coffrage avec une transmission maximale des forces de cisaillement pour les joints de reprise avec travers\u00e9e de l&rsquo;armature.<\/figcaption><\/figure>\n<\/div>\n\n\n\n<div class=\"wp-block-column is-layout-flow wp-block-column-is-layout-flow\">\n<h2 class=\"wp-block-heading has-text-align-center\" id=\"pyraflex\">PYRAFLEX<sup>\u00ae<\/sup><\/h2>\n\n\n\n<figure class=\"wp-block-image size-large\"><a href=\"https:\/\/bewehrungstechnik.ch\/product\/abschalbleche-pyraflex\/\"><img decoding=\"async\" src=\"https:\/\/bewehrungstechnik.ch\/wp-content\/uploads\/2022\/02\/PYRAFLEX-Coil-768x1024.png\" alt=\"\" class=\"wp-image-5368\"\/><\/a><figcaption class=\"wp-element-caption\">T\u00f4le d\u2019arr\u00eat de b\u00e9tonnage PYRAFLEX\u00ae &#8211; pour des joints de reprise\u00a0 avec travers\u00e9e de l\u2019armature.<\/figcaption><\/figure>\n<\/div>\n<\/div>\n<\/div>\n<\/div>\n","protected":false},"excerpt":{"rendered":"<p>Montage efficient &#8211; \u00c9vite le pon\u00e7age des joints de reprise &#8211; Pas de mandrins suppl\u00e9mentaires n\u00e9cessaires &#8211; Pas de risque de confusion gr\u00e2ce \u00e0 une denture ind\u00e9pendante du sens de rotation &#8211; D\u00e9coffrage efficient gr\u00e2ce au couvercle en plastique perfor\u00e9 Transmission maximale de la force &#8211; Fers de reprise avec les valeurs de r\u00e9sistance les [&hellip;]<\/p>\n","protected":false},"author":11,"featured_media":0,"parent":0,"menu_order":0,"comment_status":"closed","ping_status":"closed","template":"","meta":{"_acf_changed":false,"footnotes":""},"class_list":["post-66690","page","type-page","status-publish",""],"acf":[],"_links":{"self":[{"href":"https:\/\/bewehrungen.ch\/fr\/wp-json\/wp\/v2\/pages\/66690","targetHints":{"allow":["GET"]}}],"collection":[{"href":"https:\/\/bewehrungen.ch\/fr\/wp-json\/wp\/v2\/pages"}],"about":[{"href":"https:\/\/bewehrungen.ch\/fr\/wp-json\/wp\/v2\/types\/page"}],"author":[{"embeddable":true,"href":"https:\/\/bewehrungen.ch\/fr\/wp-json\/wp\/v2\/users\/11"}],"replies":[{"embeddable":true,"href":"https:\/\/bewehrungen.ch\/fr\/wp-json\/wp\/v2\/comments?post=66690"}],"version-history":[{"count":18,"href":"https:\/\/bewehrungen.ch\/fr\/wp-json\/wp\/v2\/pages\/66690\/revisions"}],"predecessor-version":[{"id":68164,"href":"https:\/\/bewehrungen.ch\/fr\/wp-json\/wp\/v2\/pages\/66690\/revisions\/68164"}],"wp:attachment":[{"href":"https:\/\/bewehrungen.ch\/fr\/wp-json\/wp\/v2\/media?parent=66690"}],"curies":[{"name":"wp","href":"https:\/\/api.w.org\/{rel}","templated":true}]}}