{"id":66645,"date":"2025-11-10T15:02:13","date_gmt":"2025-11-10T15:02:13","guid":{"rendered":"https:\/\/bewehrungen.ch\/services\/"},"modified":"2026-01-29T16:09:06","modified_gmt":"2026-01-29T16:09:06","slug":"services","status":"publish","type":"page","link":"https:\/\/bewehrungen.ch\/fr\/services\/","title":{"rendered":"Services"},"content":{"rendered":"\n      <h1 id=\"block_4bdb3f8d86bde501f47b2144fd90762f\" class=\"c-title mt-0 mb-6 lg:mb-17 alignwidetext-left l-block\"  >\n  \n  Services<\/h1><style>@media (min-width: 768px) { #block_4bdb3f8d86bde501f47b2144fd90762f { margin-bottom: 36px;  }} @media (min-width: 1024px) { #block_4bdb3f8d86bde501f47b2144fd90762f { margin-bottom: 48px;  }} <\/style>\n\n\n      <div id=\"block_e8a94bffd2f509891c6f706fbe53dc77\" class=\"deac-highlight-box mb-10 md:mb-19 lg:mb-28 alignwide l-block\"  >\n  \n  <div class=\"md:flow-root\">\n\t<div class=\"highlight-box-slider md:bg-faded-coils md:bg-cover md:mb-6 lg:mb-7 md:grid md:grid-cols-2 md:gap-6 lg:gap-16 xl:gap-24 md:min-h-136\">\n\t\t<div class=\"relative md:order-2 md:h-full  md:pr-6 lg:pr-9  md:py-0 \">\n\t\t\t\t\t\t\t\t\t\t<div class=\"left-0 right-0 -mx-4 md:absolute  md:top-0 md:h-full  border-b-6 md:border-0 border-primary h-72  sm:-mx-6 md:mx-0 overflow-hidden max-h-full\">\n\t\t\t\t\t<img loading=\"lazy\" decoding=\"async\" width=\"1024\" height=\"683\" src=\"https:\/\/bewehrungen.ch\/wp-content\/uploads\/2021\/06\/D-A_20210408-113309-1024x683.jpg\" class=\"block w-full h-full object-cover md:absolute\" alt=\"\" srcset=\"https:\/\/bewehrungen.ch\/wp-content\/uploads\/2021\/06\/D-A_20210408-113309-1024x683.jpg 1024w, https:\/\/bewehrungen.ch\/wp-content\/uploads\/2021\/06\/D-A_20210408-113309-300x200.jpg 300w, https:\/\/bewehrungen.ch\/wp-content\/uploads\/2021\/06\/D-A_20210408-113309-768x512.jpg 768w, https:\/\/bewehrungen.ch\/wp-content\/uploads\/2021\/06\/D-A_20210408-113309-1536x1025.jpg 1536w, https:\/\/bewehrungen.ch\/wp-content\/uploads\/2021\/06\/D-A_20210408-113309-2048x1366.jpg 2048w, https:\/\/bewehrungen.ch\/wp-content\/uploads\/2021\/06\/D-A_20210408-113309-436x291.jpg 436w, https:\/\/bewehrungen.ch\/wp-content\/uploads\/2021\/06\/D-A_20210408-113309-550x367.jpg 550w\" sizes=\"auto, (max-width: 1024px) 100vw, 1024px\" \/>\t\t\t\t\t\t\t\t\t<\/div>\n\t\t\t\t\t\t\t\t<\/div>\n\t\t<div class=\"relative py-6 bg-white md:order-1 md:bg-transparent sm:py-7 md:py-10 lg:py-14 md:px-6 lg:px-9\">\n\t\t\t<div class=\"absolute bottom-0 md:hidden -inset-x-4 sm:-inset-x-6 top-15 bg-gradient-to-b from-white to-gray-light\"><\/div>\n\t\t\t\t\t\t\t\t\t\t<div class=\"relative text-18 lg:text-32 leading-tight font-bold lg:font-semibold text-black mb-3.5 lg:mb-6\">\n\t\t\t\t\tNos services\t\t\t\t<\/div>\n\t\t\t\t\t\t\t\t\t\t<div class=\"relative text-primary lg:text-18 font-bold leading-snug mb-4.5 lg:mb-6\">\n\t\t\t\t\tProfitez de nos outils pour optimiser vos processus de commande.\t\t\t\t<\/div>\n\t\t\t\t\t\t\t\t\t\t<div class=\"relative text-black\">\n\t\t\t\t\t<p class=\"lg:mb-8\">Nous adaptons tous nos processus aux besoins sans cesse croissants de nos clients. Les d\u00e9lais de livraison courts et fiables sont notre priorit\u00e9 absolue. Fid\u00e8les \u00e0 notre devise \u00ab\u00a0L\u2019armature et bien plus\u00a0\u00bb, nous proposons diff\u00e9rents services afin d\u2019offrir \u00e0 nos clients les meilleures prestations possibles :<\/p>\n<ul class=\"font-bold\">\n<li class=\"leading-snug text-15 before:bottom-0\">Livraisons express (SUBITO)<\/li>\n<li class=\"leading-snug text-15 before:bottom-0\">Portail clients<\/li>\n<li class=\"leading-snug text-15 before:bottom-0\">Conseils techniques<\/li>\n<li class=\"leading-snug text-15 before:bottom-0\">Envoi \u00e9lectronique des factures<\/li>\n<\/ul>\n\t\t\t\t<\/div>\n\t\t\t\t\t\t\t\t<\/div>\n\t<\/div>\n<\/div><\/div>\n\n\n      <div id=\"block_88076e7172edc35c11c92799caeb4567\" class=\"deac-topic-blocks mb-10 md:mb-19 lg:mb-28 alignwide l-block\"  >\n  \n  \t<div class=\"md:grid md:grid-cols-2 md:gap-6 lg:gap-16 xl:gap-24\">\n\t\t\t\t\t<div class=\"md:flex md:flex-col mb-6 last:mb-0 md:mb-0\">\n\t\t\t\t\t\t\t\t\t<div class=\"p-2 border border-gray mb-4 md:mb-6.5\">\n\t\t\t\t\t\t<img loading=\"lazy\" decoding=\"async\" width=\"1663\" height=\"1400\" src=\"https:\/\/bewehrungen.ch\/wp-content\/uploads\/2021\/06\/D-A_20210410-162945-scaled-e1623251095369.jpg\" class=\"block w-full h-75 object-cover\" alt=\"\" srcset=\"https:\/\/bewehrungen.ch\/wp-content\/uploads\/2021\/06\/D-A_20210410-162945-scaled-e1623251095369.jpg 1663w, https:\/\/bewehrungen.ch\/wp-content\/uploads\/2021\/06\/D-A_20210410-162945-scaled-e1623251095369-300x253.jpg 300w, https:\/\/bewehrungen.ch\/wp-content\/uploads\/2021\/06\/D-A_20210410-162945-scaled-e1623251095369-1024x862.jpg 1024w, https:\/\/bewehrungen.ch\/wp-content\/uploads\/2021\/06\/D-A_20210410-162945-scaled-e1623251095369-768x647.jpg 768w, https:\/\/bewehrungen.ch\/wp-content\/uploads\/2021\/06\/D-A_20210410-162945-scaled-e1623251095369-1536x1293.jpg 1536w, https:\/\/bewehrungen.ch\/wp-content\/uploads\/2021\/06\/D-A_20210410-162945-scaled-e1623251095369-436x367.jpg 436w, https:\/\/bewehrungen.ch\/wp-content\/uploads\/2021\/06\/D-A_20210410-162945-scaled-e1623251095369-550x463.jpg 550w\" sizes=\"auto, (max-width: 1663px) 100vw, 1663px\" \/>\t\t\t\t\t<\/div>\n\t\t\t\t\t\t\t\t\t\t\t\t\t<div class=\"text-primary font-bold uppercase mb-3 md:mb-5\">Livraisons express (SUBITO)<\/div>\n\t\t\t\t\t\t\t\t\t\t\t\t\t\t\t\t\t<div class=\"mb-6.5 md:mb-8\">\n\t\t\t\t\t\t<p>Livraisons express en 1 \u00e0 2 jours ouvrables : SUBITO et SUBITO LIGHT<\/p>\n\t\t\t\t\t<\/div>\n\t\t\t\t\t\t\t\t<a href=\"https:\/\/bewehrungen.ch\/fr\/services\/livraisons-express-subito\/%20\" class=\"c-btn c-btn--outline-primary c-btn--icon w-full justify-center mt-auto\"  target=\"\" role=\"button\">En savoir plus<i class=\"c-icon c-icon--chevron-right text-10 ml-4\"><\/i><\/a>\t\t\t<\/div>\n\t\t\t\t\t<div class=\"md:flex md:flex-col mb-6 last:mb-0 md:mb-0\">\n\t\t\t\t\t\t\t\t\t<div class=\"p-2 border border-gray mb-4 md:mb-6.5\">\n\t\t\t\t\t\t<img loading=\"lazy\" decoding=\"async\" width=\"2560\" height=\"1708\" src=\"https:\/\/bewehrungen.ch\/wp-content\/uploads\/2021\/06\/D-A_20210408-135246-scaled.jpg\" class=\"block w-full h-75 object-cover\" alt=\"\" srcset=\"https:\/\/bewehrungen.ch\/wp-content\/uploads\/2021\/06\/D-A_20210408-135246-scaled.jpg 2560w, https:\/\/bewehrungen.ch\/wp-content\/uploads\/2021\/06\/D-A_20210408-135246-300x200.jpg 300w, https:\/\/bewehrungen.ch\/wp-content\/uploads\/2021\/06\/D-A_20210408-135246-1024x683.jpg 1024w, https:\/\/bewehrungen.ch\/wp-content\/uploads\/2021\/06\/D-A_20210408-135246-768x512.jpg 768w, https:\/\/bewehrungen.ch\/wp-content\/uploads\/2021\/06\/D-A_20210408-135246-1536x1025.jpg 1536w, https:\/\/bewehrungen.ch\/wp-content\/uploads\/2021\/06\/D-A_20210408-135246-2048x1366.jpg 2048w, https:\/\/bewehrungen.ch\/wp-content\/uploads\/2021\/06\/D-A_20210408-135246-436x291.jpg 436w, https:\/\/bewehrungen.ch\/wp-content\/uploads\/2021\/06\/D-A_20210408-135246-550x367.jpg 550w\" sizes=\"auto, (max-width: 2560px) 100vw, 2560px\" \/>\t\t\t\t\t<\/div>\n\t\t\t\t\t\t\t\t\t\t\t\t\t<div class=\"text-primary font-bold uppercase mb-3 md:mb-5\">Portail Clients<\/div>\n\t\t\t\t\t\t\t\t\t\t\t\t\t\t\t\t\t<div class=\"mb-6.5 md:mb-8\">\n\t\t\t\t\t\t<p>Contactez votre conseiller r\u00e9gional et profitez de notre service de conseils techniques gratuit<\/p>\n\t\t\t\t\t<\/div>\n\t\t\t\t\t\t\t\t<a href=\"https:\/\/bewehrungen.ch\/services\/kundenportal\/\" class=\"c-btn c-btn--outline-primary c-btn--icon w-full justify-center mt-auto\"  target=\"\" role=\"button\">En savoir plus<i class=\"c-icon c-icon--chevron-right text-10 ml-4\"><\/i><\/a>\t\t\t<\/div>\n\t\t\t\t\t<div class=\"md:flex md:flex-col mb-6 last:mb-0 md:mb-0\">\n\t\t\t\t\t\t\t\t\t<div class=\"p-2 border border-gray mb-4 md:mb-6.5\">\n\t\t\t\t\t\t<img loading=\"lazy\" decoding=\"async\" width=\"2560\" height=\"1682\" src=\"https:\/\/bewehrungen.ch\/wp-content\/uploads\/2021\/06\/D-A_20210407-153258-1-1-scaled.jpg\" class=\"block w-full h-75 object-cover\" alt=\"\" srcset=\"https:\/\/bewehrungen.ch\/wp-content\/uploads\/2021\/06\/D-A_20210407-153258-1-1-scaled.jpg 2560w, https:\/\/bewehrungen.ch\/wp-content\/uploads\/2021\/06\/D-A_20210407-153258-1-1-300x197.jpg 300w, https:\/\/bewehrungen.ch\/wp-content\/uploads\/2021\/06\/D-A_20210407-153258-1-1-1024x673.jpg 1024w, https:\/\/bewehrungen.ch\/wp-content\/uploads\/2021\/06\/D-A_20210407-153258-1-1-768x505.jpg 768w, https:\/\/bewehrungen.ch\/wp-content\/uploads\/2021\/06\/D-A_20210407-153258-1-1-1536x1009.jpg 1536w, https:\/\/bewehrungen.ch\/wp-content\/uploads\/2021\/06\/D-A_20210407-153258-1-1-2048x1346.jpg 2048w, https:\/\/bewehrungen.ch\/wp-content\/uploads\/2021\/06\/D-A_20210407-153258-1-1-436x287.jpg 436w, https:\/\/bewehrungen.ch\/wp-content\/uploads\/2021\/06\/D-A_20210407-153258-1-1-550x361.jpg 550w\" sizes=\"auto, (max-width: 2560px) 100vw, 2560px\" \/>\t\t\t\t\t<\/div>\n\t\t\t\t\t\t\t\t\t\t\t\t\t<div class=\"text-primary font-bold uppercase mb-3 md:mb-5\">Conseils en technique d\u2019armature<\/div>\n\t\t\t\t\t\t\t\t\t\t\t\t\t\t\t\t\t<div class=\"mb-6.5 md:mb-8\">\n\t\t\t\t\t\t<p>Contactez votre conseiller r\u00e9gional et profitez de notre service de conseils techniques gratuit.<\/p>\n\t\t\t\t\t<\/div>\n\t\t\t\t\t\t\t\t<a href=\"https:\/\/bewehrungstechnik.ch\/engineering\/technische-beratung\/\" class=\"c-btn c-btn--outline-primary c-btn--icon w-full justify-center mt-auto\"  target=\"\" role=\"button\">En savoir plus sur bewehrungstechnik.ch<i class=\"c-icon c-icon--chevron-right text-10 ml-4\"><\/i><\/a>\t\t\t<\/div>\n\t\t\t\t\t<div class=\"md:flex md:flex-col mb-6 last:mb-0 md:mb-0\">\n\t\t\t\t\t\t\t\t\t<div class=\"p-2 border border-gray mb-4 md:mb-6.5\">\n\t\t\t\t\t\t<img loading=\"lazy\" decoding=\"async\" width=\"652\" height=\"521\" src=\"https:\/\/bewehrungen.ch\/wp-content\/uploads\/2023\/10\/Rechnungen-PDF.png\" class=\"block w-full h-75 object-cover\" alt=\"\" srcset=\"https:\/\/bewehrungen.ch\/wp-content\/uploads\/2023\/10\/Rechnungen-PDF.png 652w, https:\/\/bewehrungen.ch\/wp-content\/uploads\/2023\/10\/Rechnungen-PDF-300x240.png 300w, https:\/\/bewehrungen.ch\/wp-content\/uploads\/2023\/10\/Rechnungen-PDF-436x348.png 436w, https:\/\/bewehrungen.ch\/wp-content\/uploads\/2023\/10\/Rechnungen-PDF-550x439.png 550w\" sizes=\"auto, (max-width: 652px) 100vw, 652px\" \/>\t\t\t\t\t<\/div>\n\t\t\t\t\t\t\t\t\t\t\t\t\t<div class=\"text-primary font-bold uppercase mb-3 md:mb-5\">Facturation \u00e9lectronique<\/div>\n\t\t\t\t\t\t\t\t\t\t\t\t\t\t\t\t\t<div class=\"mb-6.5 md:mb-8\">\n\t\t\t\t\t\t<p>Recevez vos factures au format PDF par e-mail, gagnez du temps et r\u00e9duisez votre consommation de papier gr\u00e2ce \u00e0 un processus administratif plus efficace.<\/p>\n\t\t\t\t\t<\/div>\n\t\t\t\t\t\t\t\t<a href=\"https:\/\/bewehrungstechnik.ch\/umstellung-auf-elektronischen-rechnungsversand-per-e-mail\/\" class=\"c-btn c-btn--outline-primary c-btn--icon w-full justify-center mt-auto\"  target=\"\" role=\"button\">En savoir plus<i class=\"c-icon c-icon--chevron-right text-10 ml-4\"><\/i><\/a>\t\t\t<\/div>\n\t\t\t<\/div>\n<style>@media (min-width: 768px) { #block_88076e7172edc35c11c92799caeb4567 { margin-bottom: 59px;  }} @media (min-width: 1024px) { #block_88076e7172edc35c11c92799caeb4567 { margin-bottom: 78px;  }} <\/style><\/div>","protected":false},"excerpt":{"rendered":"","protected":false},"author":10,"featured_media":0,"parent":0,"menu_order":0,"comment_status":"closed","ping_status":"closed","template":"","meta":{"_acf_changed":false,"footnotes":""},"class_list":["post-66645","page","type-page","status-publish",""],"acf":[],"yoast_head":"<!-- This site is optimized with the Yoast SEO plugin v27.3 - https:\/\/yoast.com\/product\/yoast-seo-wordpress\/ -->\n<title>Armatures - nos services | Debrunner Acifer Armatures<\/title>\n<meta name=\"description\" content=\"Debrunner Acifer Armatures propose une s\u00e9lection de services uniques tels que la livraison express, le conseil technique et bien plus encore. En savoir plus !\" \/>\n<meta name=\"robots\" content=\"index, follow, max-snippet:-1, max-image-preview:large, max-video-preview:-1\" \/>\n<link rel=\"canonical\" href=\"https:\/\/bewehrungen.ch\/fr\/services\/\" \/>\n<meta property=\"og:locale\" content=\"fr_FR\" \/>\n<meta property=\"og:type\" content=\"article\" \/>\n<meta property=\"og:title\" content=\"Armatures - nos services | Debrunner Acifer Armatures\" \/>\n<meta property=\"og:description\" content=\"Debrunner Acifer Armatures propose une s\u00e9lection de services uniques tels que la livraison express, le conseil technique et bien plus encore. En savoir plus !\" \/>\n<meta property=\"og:url\" content=\"https:\/\/bewehrungen.ch\/fr\/services\/\" \/>\n<meta property=\"og:site_name\" content=\"Bewehrungen\" \/>\n<meta property=\"article:modified_time\" content=\"2026-01-29T16:09:06+00:00\" \/>\n<meta name=\"twitter:card\" content=\"summary_large_image\" \/>\n<script type=\"application\/ld+json\" class=\"yoast-schema-graph\">{\"@context\":\"https:\\\/\\\/schema.org\",\"@graph\":[{\"@type\":\"WebPage\",\"@id\":\"https:\\\/\\\/bewehrungen.ch\\\/fr\\\/services\\\/\",\"url\":\"https:\\\/\\\/bewehrungen.ch\\\/fr\\\/services\\\/\",\"name\":\"Armatures - nos services | Debrunner Acifer Armatures\",\"isPartOf\":{\"@id\":\"https:\\\/\\\/bewehrungen.ch\\\/fr\\\/#website\"},\"datePublished\":\"2025-11-10T15:02:13+00:00\",\"dateModified\":\"2026-01-29T16:09:06+00:00\",\"description\":\"Debrunner Acifer Armatures propose une s\u00e9lection de services uniques tels que la livraison express, le conseil technique et bien plus encore. En savoir plus !\",\"breadcrumb\":{\"@id\":\"https:\\\/\\\/bewehrungen.ch\\\/fr\\\/services\\\/#breadcrumb\"},\"inLanguage\":\"fr-FR\",\"potentialAction\":[{\"@type\":\"ReadAction\",\"target\":[\"https:\\\/\\\/bewehrungen.ch\\\/fr\\\/services\\\/\"]}]},{\"@type\":\"BreadcrumbList\",\"@id\":\"https:\\\/\\\/bewehrungen.ch\\\/fr\\\/services\\\/#breadcrumb\",\"itemListElement\":[{\"@type\":\"ListItem\",\"position\":1,\"name\":\"Home\",\"item\":\"https:\\\/\\\/bewehrungen.ch\\\/fr\\\/\"},{\"@type\":\"ListItem\",\"position\":2,\"name\":\"Services\"}]},{\"@type\":\"WebSite\",\"@id\":\"https:\\\/\\\/bewehrungen.ch\\\/fr\\\/#website\",\"url\":\"https:\\\/\\\/bewehrungen.ch\\\/fr\\\/\",\"name\":\"Bewehrungen\",\"description\":\"Just another WordPress site\",\"publisher\":{\"@id\":\"https:\\\/\\\/bewehrungen.ch\\\/fr\\\/#organization\"},\"potentialAction\":[{\"@type\":\"SearchAction\",\"target\":{\"@type\":\"EntryPoint\",\"urlTemplate\":\"https:\\\/\\\/bewehrungen.ch\\\/fr\\\/?s={search_term_string}\"},\"query-input\":{\"@type\":\"PropertyValueSpecification\",\"valueRequired\":true,\"valueName\":\"search_term_string\"}}],\"inLanguage\":\"fr-FR\"},{\"@type\":\"Organization\",\"@id\":\"https:\\\/\\\/bewehrungen.ch\\\/fr\\\/#organization\",\"name\":\"Bewehrungen\",\"url\":\"https:\\\/\\\/bewehrungen.ch\\\/fr\\\/\",\"logo\":{\"@type\":\"ImageObject\",\"inLanguage\":\"fr-FR\",\"@id\":\"https:\\\/\\\/bewehrungen.ch\\\/fr\\\/#\\\/schema\\\/logo\\\/image\\\/\",\"url\":\"https:\\\/\\\/bewehrungen.ch\\\/wp-content\\\/uploads\\\/2025\\\/12\\\/DE_DebrunnerBewetec_RGB.png\",\"contentUrl\":\"https:\\\/\\\/bewehrungen.ch\\\/wp-content\\\/uploads\\\/2025\\\/12\\\/DE_DebrunnerBewetec_RGB.png\",\"width\":2389,\"height\":542,\"caption\":\"Bewehrungen\"},\"image\":{\"@id\":\"https:\\\/\\\/bewehrungen.ch\\\/fr\\\/#\\\/schema\\\/logo\\\/image\\\/\"}}]}<\/script>\n<!-- \/ Yoast SEO plugin. -->","yoast_head_json":{"title":"Armatures - nos services | Debrunner Acifer Armatures","description":"Debrunner Acifer Armatures propose une s\u00e9lection de services uniques tels que la livraison express, le conseil technique et bien plus encore. En savoir plus !","robots":{"index":"index","follow":"follow","max-snippet":"max-snippet:-1","max-image-preview":"max-image-preview:large","max-video-preview":"max-video-preview:-1"},"canonical":"https:\/\/bewehrungen.ch\/fr\/services\/","og_locale":"fr_FR","og_type":"article","og_title":"Armatures - nos services | Debrunner Acifer Armatures","og_description":"Debrunner Acifer Armatures propose une s\u00e9lection de services uniques tels que la livraison express, le conseil technique et bien plus encore. En savoir plus !","og_url":"https:\/\/bewehrungen.ch\/fr\/services\/","og_site_name":"Bewehrungen","article_modified_time":"2026-01-29T16:09:06+00:00","twitter_card":"summary_large_image","schema":{"@context":"https:\/\/schema.org","@graph":[{"@type":"WebPage","@id":"https:\/\/bewehrungen.ch\/fr\/services\/","url":"https:\/\/bewehrungen.ch\/fr\/services\/","name":"Armatures - nos services | Debrunner Acifer Armatures","isPartOf":{"@id":"https:\/\/bewehrungen.ch\/fr\/#website"},"datePublished":"2025-11-10T15:02:13+00:00","dateModified":"2026-01-29T16:09:06+00:00","description":"Debrunner Acifer Armatures propose une s\u00e9lection de services uniques tels que la livraison express, le conseil technique et bien plus encore. En savoir plus !","breadcrumb":{"@id":"https:\/\/bewehrungen.ch\/fr\/services\/#breadcrumb"},"inLanguage":"fr-FR","potentialAction":[{"@type":"ReadAction","target":["https:\/\/bewehrungen.ch\/fr\/services\/"]}]},{"@type":"BreadcrumbList","@id":"https:\/\/bewehrungen.ch\/fr\/services\/#breadcrumb","itemListElement":[{"@type":"ListItem","position":1,"name":"Home","item":"https:\/\/bewehrungen.ch\/fr\/"},{"@type":"ListItem","position":2,"name":"Services"}]},{"@type":"WebSite","@id":"https:\/\/bewehrungen.ch\/fr\/#website","url":"https:\/\/bewehrungen.ch\/fr\/","name":"Bewehrungen","description":"Just another WordPress site","publisher":{"@id":"https:\/\/bewehrungen.ch\/fr\/#organization"},"potentialAction":[{"@type":"SearchAction","target":{"@type":"EntryPoint","urlTemplate":"https:\/\/bewehrungen.ch\/fr\/?s={search_term_string}"},"query-input":{"@type":"PropertyValueSpecification","valueRequired":true,"valueName":"search_term_string"}}],"inLanguage":"fr-FR"},{"@type":"Organization","@id":"https:\/\/bewehrungen.ch\/fr\/#organization","name":"Bewehrungen","url":"https:\/\/bewehrungen.ch\/fr\/","logo":{"@type":"ImageObject","inLanguage":"fr-FR","@id":"https:\/\/bewehrungen.ch\/fr\/#\/schema\/logo\/image\/","url":"https:\/\/bewehrungen.ch\/wp-content\/uploads\/2025\/12\/DE_DebrunnerBewetec_RGB.png","contentUrl":"https:\/\/bewehrungen.ch\/wp-content\/uploads\/2025\/12\/DE_DebrunnerBewetec_RGB.png","width":2389,"height":542,"caption":"Bewehrungen"},"image":{"@id":"https:\/\/bewehrungen.ch\/fr\/#\/schema\/logo\/image\/"}}]}},"_links":{"self":[{"href":"https:\/\/bewehrungen.ch\/fr\/wp-json\/wp\/v2\/pages\/66645","targetHints":{"allow":["GET"]}}],"collection":[{"href":"https:\/\/bewehrungen.ch\/fr\/wp-json\/wp\/v2\/pages"}],"about":[{"href":"https:\/\/bewehrungen.ch\/fr\/wp-json\/wp\/v2\/types\/page"}],"author":[{"embeddable":true,"href":"https:\/\/bewehrungen.ch\/fr\/wp-json\/wp\/v2\/users\/10"}],"replies":[{"embeddable":true,"href":"https:\/\/bewehrungen.ch\/fr\/wp-json\/wp\/v2\/comments?post=66645"}],"version-history":[{"count":9,"href":"https:\/\/bewehrungen.ch\/fr\/wp-json\/wp\/v2\/pages\/66645\/revisions"}],"predecessor-version":[{"id":68189,"href":"https:\/\/bewehrungen.ch\/fr\/wp-json\/wp\/v2\/pages\/66645\/revisions\/68189"}],"wp:attachment":[{"href":"https:\/\/bewehrungen.ch\/fr\/wp-json\/wp\/v2\/media?parent=66645"}],"curies":[{"name":"wp","href":"https:\/\/api.w.org\/{rel}","templated":true}]}}